{"id":2922,"date":"2024-10-25T04:36:58","date_gmt":"2024-10-24T23:06:58","guid":{"rendered":"https:\/\/dolphinshowpattaya.com\/?post_type=product&#038;p=2922"},"modified":"2025-09-25T04:35:00","modified_gmt":"2025-09-24T23:05:00","slug":"ve-ghe-thuong-cua-vinh-ca-heo-phuket-cho-nguoi-nuoc-ngoai","status":"publish","type":"product","link":"https:\/\/dolphinshowpattaya.com\/vi\/ve\/ve-ghe-thuong-cua-vinh-ca-heo-phuket-cho-nguoi-nuoc-ngoai\/","title":{"rendered":"Dolphins Bay Phuket \u2013 V\u00e9 gh\u1ebf th\u01b0\u1eddng (Ng\u01b0\u1eddi n\u01b0\u1edbc ngo\u00e0i)"},"content":{"rendered":"<h2>V\u1ec1 Dolphins Bay Phuket \u2013 V\u00e9 gh\u1ebf th\u01b0\u1eddng (Ng\u01b0\u1eddi n\u01b0\u1edbc ngo\u00e0i)<\/h2>\n<p>Tr\u1ea3i nghi\u1ec7m th\u1ebf gi\u1edbi k\u1ef3 di\u1ec7u c\u1ee7a <a href=\"https:\/\/dolphinshowpattaya.com\/vi\">Bi\u1ec3u di\u1ec5n c\u00e1 heo Phuket<\/a>, nh\u00e0 c\u1ee7a <a href=\"https:\/\/dolphinshowpattaya.com\/vi\">V\u1ecbnh C\u00e1 Heo Phuket<\/a>, n\u01a1i c\u00e1 heo v\u00e0 h\u1ea3i c\u1ea9u tr\u00ecnh di\u1ec5n m\u1ed9t ch\u01b0\u01a1ng tr\u00ecnh kh\u00f3 qu\u00ean cho kh\u00e1n gi\u1ea3 \u1edf m\u1ecdi l\u1ee9a tu\u1ed5i. \u0110\u1eb7t v\u00e9 cho c\u00e1c l\u1ef1a ch\u1ecdn ch\u1ed7 ng\u1ed3i th\u00f4ng th\u01b0\u1eddng (Ng\u01b0\u1eddi n\u01b0\u1edbc ngo\u00e0i) v\u00e0 th\u01b0\u1edfng th\u1ee9c c\u00e1c bu\u1ed5i bi\u1ec3u di\u1ec5n h\u1ea5p d\u1eabn t\u1ea1i m\u1ed9t c\u01a1 s\u1edf h\u00e0ng h\u1ea3i \u0111\u1eb3ng c\u1ea5p th\u1ebf gi\u1edbi. Cho d\u00f9 b\u1ea1n \u0111ang t\u00ecm ki\u1ebfm ni\u1ec1m vui cho gia \u0111\u00ecnh hay tr\u1ea3i nghi\u1ec7m \u0111\u1ed9c \u0111\u00e1o, Dolphins Bay Phuket cung c\u1ea5p gi\u1ea3i tr\u00ed k\u1ebft h\u1ee3p gi\u00e1o d\u1ee5c v\u1edbi c\u1ea3m gi\u00e1c h\u1ed3i h\u1ed9p.<\/p>\n<h3>Hi\u1ec3n th\u1ecb th\u1eddi gian<\/h3>\n<p>Dolphins Bay Phuket cung c\u1ea5p ba su\u1ea5t chi\u1ebfu m\u1ed7i ng\u00e0y, \u0111\u1ea3m b\u1ea3o t\u00ednh linh ho\u1ea1t v\u00e0 ti\u1ec7n l\u1ee3i cho du kh\u00e1ch:<\/p>\n<ul>\n<li><strong>11:00 s\u00e1ng<\/strong> (C\u1ed5ng m\u1edf l\u00fac 10:45 s\u00e1ng)<\/li>\n<li><strong>2:00 Chi\u1ec1u<\/strong> (C\u1ed5ng m\u1edf l\u00fac 1:45 chi\u1ec1u)<\/li>\n<li><strong>5:00 chi\u1ec1u<\/strong> (C\u1ed5ng m\u1edf l\u00fac 4:45 chi\u1ec1u)<\/li>\n<\/ul>\n<p>M\u1ed7i ch\u01b0\u01a1ng tr\u00ecnh \u0111\u1ec1u c\u00f3 m\u00e0n bi\u1ec3u di\u1ec5n h\u1ea3i c\u1ea9u k\u00e9o d\u00e0i 15 ph\u00fat, ti\u1ebfp theo l\u00e0 m\u00e0n bi\u1ec3u di\u1ec5n c\u00e1 heo h\u1ea5p d\u1eabn, t\u1ea1o n\u00ean m\u1ed9t gi\u1edd k\u1ef3 di\u1ec7u c\u1ee7a bi\u1ec3n c\u1ea3.<\/p>\n<h3>Ch\u00ednh s\u00e1ch tr\u1ebb em<\/h3>\n<ul>\n<li>Tr\u1ebb em d\u01b0\u1edbi <strong>90cm<\/strong> \u1edf \u0111\u1ed9 cao \u0111\u01b0\u1ee3c ch\u1ea5p nh\u1eadn <strong>mi\u1ec5n ph\u00ed<\/strong> nh\u01b0ng kh\u00f4ng c\u00f3 ch\u1ed7 ng\u1ed3i.<\/li>\n<li>Tr\u1ebb em gi\u1eefa <strong>90cm \u2013 130cm<\/strong> c\u00f3 \u0111\u1ee7 \u0111i\u1ec1u ki\u1ec7n \u0111\u1ec3 <strong>v\u00e9 gi\u00e1 tr\u1ebb em<\/strong>.<\/li>\n<li>Tr\u1ebb em d\u01b0\u1edbi <strong>6 n\u0103m<\/strong> Ng\u01b0\u1eddi l\u1edbn c\u00f3 th\u1ec3 b\u01a1i c\u00f9ng c\u00e1 heo nh\u01b0ng ph\u1ea3i c\u00f3 cha m\u1eb9 \u0111i c\u00f9ng (ph\u1ea3i tr\u1ea3 th\u00eam ph\u00ed).<\/li>\n<\/ul>\n<h3>Nh\u1eefng g\u00ec bao g\u1ed3m<\/h3>\n<ul>\n<li>Nh\u1eadp h\u1ecdc v\u00e0o <strong>ch\u01b0\u01a1ng tr\u00ecnh bi\u1ec3u di\u1ec5n h\u1ea3i c\u1ea9u<\/strong> v\u00e0 <strong>ch\u01b0\u01a1ng tr\u00ecnh bi\u1ec3u di\u1ec5n c\u00e1 heo<\/strong>.<\/li>\n<li>Ch\u1ed7 ng\u1ed3i th\u01b0\u1eddng xuy\u00ean cho <strong>Ng\u01b0\u1eddi n\u01b0\u1edbc ngo\u00e0i<\/strong> TRONG <strong>H\u00e0ng E, F v\u00e0 G<\/strong>.<\/li>\n<li>Truy c\u1eadp v\u00e0o c\u00e1c \u0111i\u1ec3m tham quan kh\u00e1c, ch\u1eb3ng h\u1ea1n nh\u01b0 b\u01a1i c\u00f9ng c\u00e1 heo v\u00e0 ch\u1ee5p \u1ea3nh (c\u00f3 t\u00ednh ph\u00ed b\u1ed5 sung).<\/li>\n<\/ul>\n<h3>\u0110i\u1ec3m n\u1ed5i b\u1eadt<\/h3>\n<ul>\n<li><strong>Tri\u1ec3n l\u00e3m h\u00e0ng h\u1ea3i \u0111\u1eb3ng c\u1ea5p th\u1ebf gi\u1edbi<\/strong>: Xem c\u00e1 heo bi\u1ec3u di\u1ec5n nh\u1eefng m\u00e0n nh\u00e0o l\u1ed9n ngo\u1ea1n m\u1ee5c v\u00e0 t\u01b0\u01a1ng t\u00e1c v\u1edbi ng\u01b0\u1eddi hu\u1ea5n luy\u1ec7n ch\u00fang.<\/li>\n<li><strong>Tri\u1ec3n l\u00e3m h\u1ea3i c\u1ea9u<\/strong>:M\u1edf \u0111\u1ea7u m\u1ed7i bu\u1ed5i bi\u1ec3u di\u1ec5n l\u00e0 m\u00e0n bi\u1ec3u di\u1ec5n h\u1ea3i c\u1ea9u h\u00e0i h\u01b0\u1edbc v\u00e0 \u1ea5m \u00e1p.<\/li>\n<li><strong>C\u01a1 h\u1ed9i ch\u1ee5p \u1ea3nh<\/strong>: C\u00f3 c\u01a1 h\u1ed9i ch\u1ee5p nh\u1eefng b\u1ee9c \u1ea3nh \u0111\u00e1ng nh\u1edb v\u1edbi c\u00e1 heo v\u00e0 h\u1ea3i c\u1ea9u.<\/li>\n<li><strong>Kinh nghi\u1ec7m gi\u00e1o d\u1ee5c<\/strong>: T\u00ecm hi\u1ec3u th\u00eam v\u1ec1 nh\u1eefng lo\u00e0i \u0111\u1ed9ng v\u1eadt bi\u1ec3n th\u00f4ng minh n\u00e0y v\u00e0 m\u00f4i tr\u01b0\u1eddng s\u1ed1ng c\u1ee7a ch\u00fang.<\/li>\n<\/ul>\n<h3>Bao g\u1ed3m<\/h3>\n<ul>\n<li>V\u00e9 ng\u1ed3i th\u01b0\u1eddng (H\u00e0ng E, F v\u00e0 G).<\/li>\n<li>V\u00e9 v\u00e0o xem c\u1ea3 ch\u01b0\u01a1ng tr\u00ecnh bi\u1ec3u di\u1ec5n h\u1ea3i c\u1ea9u v\u00e0 c\u00e1 heo.<\/li>\n<li>Mi\u1ec5n ph\u00ed cho tr\u1ebb em d\u01b0\u1edbi 90 cm (kh\u00f4ng c\u00f3 gh\u1ebf ng\u1ed3i).<\/li>\n<\/ul>\n<h3>Lo\u1ea1i tr\u1eeb<\/h3>\n<ul>\n<li><strong>B\u01a1i c\u00f9ng c\u00e1 heo<\/strong> (c\u00f3 t\u00ednh th\u00eam ph\u00ed).<\/li>\n<li><strong>\u1ea2nh ch\u1ee5p v\u1edbi c\u00e1 heo ho\u1eb7c h\u1ea3i c\u1ea9u<\/strong> (c\u00f3 t\u00ednh th\u00eam ph\u00ed).<\/li>\n<li>Gi\u00e1 v\u00e9 kh\u00f4ng bao g\u1ed3m \u0111\u1ed3 \u0103n v\u00e0 \u0111\u1ed3 u\u1ed1ng.<\/li>\n<\/ul>\n<h3>Ch\u00ednh s\u00e1ch ho\u00e0n ti\u1ec1n v\u00e0 h\u1ee7y b\u1ecf<\/h3>\n<ul>\n<li><strong>Kh\u00f4ng ho\u00e0n l\u1ea1i ti\u1ec1n<\/strong>: T\u1ea5t c\u1ea3 c\u00e1c \u0111\u1eb7t ph\u00f2ng \u0111\u1ec1u \u0111\u01b0\u1ee3c <strong>kh\u00f4ng \u0111\u01b0\u1ee3c ho\u00e0n l\u1ea1i<\/strong>.<\/li>\n<li><strong>H\u1ee7y b\u1ecf<\/strong>: Kh\u00f4ng \u0111\u01b0\u1ee3c ph\u00e9p h\u1ee7y sau khi \u0111\u00e3 x\u00e1c nh\u1eadn \u0111\u1eb7t ch\u1ed7.<\/li>\n<li><strong>Thay \u0111\u1ed5i<\/strong>: B\u1ea1n c\u00f3 th\u1ec3 l\u00ean l\u1ecbch l\u1ea1i v\u00e9 c\u1ee7a m\u00ecnh v\u1edbi <strong>\u00edt nh\u1ea5t ph\u1ea3i th\u00f4ng b\u00e1o tr\u01b0\u1edbc 24 gi\u1edd<\/strong> tr\u01b0\u1edbc bu\u1ed5i bi\u1ec3u di\u1ec5n, t\u00f9y thu\u1ed9c v\u00e0o t\u00ecnh tr\u1ea1ng s\u1eb5n c\u00f3.<\/li>\n<\/ul>\n<h3>C\u00f2n g\u00ec n\u1eefa?<\/h3>\n<p>Dolphins Bay Phuket kh\u00f4ng ch\u1ec9 cung c\u1ea5p nh\u1eefng ch\u01b0\u01a1ng tr\u00ecnh bi\u1ec3u di\u1ec5n tuy\u1ec7t v\u1eddi m\u00e0 c\u00f2n mang \u0111\u1ebfn cho du kh\u00e1ch tr\u1ea3i nghi\u1ec7m t\u01b0\u01a1ng t\u00e1c, n\u01a1i h\u1ecd c\u00f3 th\u1ec3 b\u01a1i c\u00f9ng c\u00e1 heo, ch\u1ee5p \u1ea3nh v\u1edbi ch\u00fang v\u00e0 th\u1eadm ch\u00ed tr\u1edf th\u00e0nh hu\u1ea5n luy\u1ec7n vi\u00ean tr\u1ebb trong ng\u00e0y.<\/p>\n<h3>M\u1eb9o n\u1ed9i b\u1ed9<\/h3>\n<ul>\n<li>\u0110\u1ebfn s\u1edbm \u0111\u1ec3 \u0111\u1ea3m b\u1ea3o ch\u1ed7 \u0111\u1eadu xe v\u00e0 ch\u1ed7 ng\u1ed3i t\u1ed1t nh\u1ea5t.<\/li>\n<li>H\u00e3y mang theo qu\u1ea7n \u00e1o thay n\u1ebfu b\u1ea1n d\u1ef1 \u0111\u1ecbnh b\u01a1i c\u00f9ng c\u00e1 heo.<\/li>\n<li>H\u00e3y \u0111\u1eb7t v\u00e9 tr\u01b0\u1edbc \u0111\u1ec3 tr\u00e1nh th\u1ea5t v\u1ecdng v\u00ec c\u00e1c bu\u1ed5i bi\u1ec3u di\u1ec5n th\u01b0\u1eddng h\u1ebft v\u00e9.<\/li>\n<\/ul>\n<h3>N\u00ean v\u00e0 kh\u00f4ng n\u00ean<\/h3>\n<p><strong>N\u00ean l\u00e0m<\/strong><\/p>\n<ul>\n<li>H\u00e3y tu\u00e2n th\u1ee7 theo s\u1ef1 s\u1eafp x\u1ebfp ch\u1ed7 ng\u1ed3i theo v\u00e9 c\u1ee7a b\u1ea1n.<\/li>\n<li>Tu\u00e2n th\u1ee7 c\u00e1c quy t\u1eafc v\u00e0 h\u01b0\u1edbng d\u1eabn an to\u00e0n c\u1ee7a nh\u00e2n vi\u00ean.<\/li>\n<li>Ghi l\u1ea1i nh\u1eefng k\u1ef7 ni\u1ec7m b\u1eb1ng m\u00e1y \u1ea3nh (n\u1ebfu \u0111\u01b0\u1ee3c ph\u00e9p).<\/li>\n<\/ul>\n<p><strong>Kh\u00f4ng n\u00ean<\/strong><\/p>\n<ul>\n<li>Kh\u00f4ng ng\u1ed3i g\u1ea7n m\u00e9p h\u1ed3 b\u01a1i ho\u1eb7c \u0111\u01b0a tay v\u1ec1 ph\u00eda n\u01b0\u1edbc.<\/li>\n<li>Kh\u00f4ng mang \u0111\u1ed3 \u0103n ho\u1eb7c \u0111\u1ed3 u\u1ed1ng t\u1eeb b\u00ean ngo\u00e0i v\u00e0o \u0111\u1ecba \u0111i\u1ec3m t\u1ed5 ch\u1ee9c.<\/li>\n<li>Kh\u00f4ng c\u1ed1 g\u1eafng ti\u1ebfp x\u00fac v\u1edbi \u0111\u1ed9ng v\u1eadt m\u00e0 kh\u00f4ng c\u00f3 s\u1ef1 gi\u00e1m s\u00e1t.<\/li>\n<\/ul>\n<h3>Bi\u1ebft tr\u01b0\u1edbc khi b\u1ea1n \u0111i<\/h3>\n<ul>\n<li><strong>Ch\u00ednh s\u00e1ch \u0111\u1eb7t ph\u00f2ng<\/strong>: T\u1ea5t c\u1ea3 c\u00e1c \u0111\u1eb7t ph\u00f2ng ph\u1ea3i \u0111\u01b0\u1ee3c th\u1ef1c hi\u1ec7n \u00edt nh\u1ea5t <strong>Tr\u01b0\u1edbc 1 ng\u00e0y<\/strong>.<\/li>\n<li><strong>C\u1ed5ng m\u1edf<\/strong> 15 ph\u00fat tr\u01b0\u1edbc m\u1ed7i bu\u1ed5i bi\u1ec3u di\u1ec5n.<\/li>\n<li>V\u1ecbnh Dolphins Phuket l\u00e0 <strong>\u0111\u00f3ng c\u1eeda v\u00e0o th\u1ee9 Hai<\/strong>.<\/li>\n<\/ul>\n<h3>\u0110\u1ecba ch\u1ec9<\/h3>\n<p><strong>V\u1ecbnh C\u00e1 Heo Phuket<\/strong><br \/>\n33\/50, Chalong, Qu\u1eadn Mueang Phuket, Phuket 83130, Th\u00e1i Lan<\/p>\n<h3>B\u1ea3n \u0111\u1ed3 &amp; V\u1ecb tr\u00ed<\/h3>\n<p>\u0110\u1ec3 thu\u1eadn ti\u1ec7n cho b\u1ea1n, \u0111\u00e2y l\u00e0 <strong><a href=\"https:\/\/maps.app.goo.gl\/iKaEd3g2Nr1B9YJD8\" target=\"_new\" rel=\"noopener\">Li\u00ean k\u1ebft Google Maps<\/a><\/strong> \u0111\u1ec3 gi\u00fap b\u1ea1n x\u00e1c \u0111\u1ecbnh v\u1ecb tr\u00ed Dolphins Bay Phuket.<\/p>\n<h3>L\u00e0m th\u1ebf n\u00e0o \u0111\u1ec3 \u0111\u1ebfn V\u1ecbnh Dolphins Phuket<\/h3>\n<ul>\n<li><strong>B\u1eb1ng Taxi<\/strong>:C\u00e1ch d\u1ec5 nh\u1ea5t \u0111\u1ec3 \u0111\u1ebfn Dolphins Bay Phuket l\u00e0 \u0111i taxi t\u1eeb b\u1ea5t c\u1ee9 n\u01a1i n\u00e0o \u1edf Phuket.<\/li>\n<li><strong>Giao th\u00f4ng c\u00f4ng c\u1ed9ng<\/strong>: \u0110i xe bu\u00fdt ho\u1eb7c xe kh\u00e1ch \u0111\u1ecba ph\u01b0\u01a1ng h\u01b0\u1edbng v\u1ec1 Chalong.<\/li>\n<li><strong>Cho thu\u00ea xe<\/strong>:Thu\u00ea xe c\u0169ng l\u00e0 m\u1ed9t l\u1ef1a ch\u1ecdn thu\u1eadn ti\u1ec7n n\u1ebfu b\u1ea1n mu\u1ed1n kh\u00e1m ph\u00e1 Phuket theo t\u1ed1c \u0111\u1ed9 c\u1ee7a ri\u00eang m\u00ecnh.<\/li>\n<\/ul>\n<h3>Nh\u1eefng c\u00e2u h\u1ecfi th\u01b0\u1eddng g\u1eb7p (FAQ)<\/h3>\n<p><strong>H: T\u00f4i c\u00f3 th\u1ec3 b\u01a1i c\u00f9ng c\u00e1 heo kh\u00f4ng?<\/strong><br \/>\nA: C\u00f3, b\u01a1i c\u00f9ng c\u00e1 heo d\u00e0nh cho c\u1ea3 ng\u01b0\u1eddi l\u1edbn v\u00e0 tr\u1ebb em (\u00e1p d\u1ee5ng gi\u1edbi h\u1ea1n \u0111\u1ed9 tu\u1ed5i). C\u00f3 t\u00ednh th\u00eam ph\u00ed cho ho\u1ea1t \u0111\u1ed9ng n\u00e0y.<\/p>\n<p><strong>H: V\u00e9 c\u00f3 bao g\u1ed3m ch\u1ee5p \u1ea3nh v\u1edbi c\u00e1 heo kh\u00f4ng?<\/strong><br \/>\nA: Kh\u00f4ng, gi\u00e1 v\u00e9 ti\u00eau chu\u1ea9n kh\u00f4ng bao g\u1ed3m \u1ea3nh. Tuy nhi\u00ean, b\u1ea1n c\u00f3 th\u1ec3 mua g\u00f3i \u1ea3nh t\u1ea1i ch\u1ed7.<\/p>\n<p><strong>H: C\u00f3 quy \u0111\u1ecbnh v\u1ec1 trang ph\u1ee5c khi b\u01a1i c\u00f9ng c\u00e1 heo kh\u00f4ng?<\/strong><br \/>\nA: C\u00f3, b\u1ea1n ph\u1ea3i m\u1eb7c \u0111\u1ed3 b\u01a1i ph\u00f9 h\u1ee3p khi tham gia m\u1ecdi ho\u1ea1t \u0111\u1ed9ng d\u01b0\u1edbi n\u01b0\u1edbc.<\/p>\n<p><strong>H: T\u00f4i c\u00f3 th\u1ec3 h\u1ee7y \u0111\u1eb7t ph\u00f2ng v\u00e0 \u0111\u01b0\u1ee3c ho\u00e0n ti\u1ec1n kh\u00f4ng?<\/strong><br \/>\nA: Th\u1eadt kh\u00f4ng may, m\u1ecdi \u0111\u1eb7t ph\u00f2ng \u0111\u1ec1u kh\u00f4ng \u0111\u01b0\u1ee3c ho\u00e0n l\u1ea1i.<\/p>\n<p><strong>H: C\u00f3 ph\u1ee5c v\u1ee5 \u0111\u1ed3 \u0103n t\u1ea1i Dolphins Bay Phuket kh\u00f4ng?<\/strong><br \/>\nA: C\u00f3, b\u1ea1n c\u00f3 th\u1ec3 mua \u0111\u1ed3 \u0103n v\u00e0 \u0111\u1ed3 u\u1ed1ng b\u00ean trong \u0111\u1ecba \u0111i\u1ec3m t\u1ed5 ch\u1ee9c s\u1ef1 ki\u1ec7n, nh\u01b0ng ch\u00fang kh\u00f4ng bao g\u1ed3m trong gi\u00e1 v\u00e9.<\/p>","protected":false},"excerpt":{"rendered":"<table class=\"short-description\">\n<tbody class=\"tabel364\">\n<tr class=\"short-description-tr32r\">\n<th class=\"short-description-th\"><span class=\"description-h23\"><strong class=\"description-strong67\">M\u1ecdi \u0111\u1eb7t ch\u1ed7 ph\u1ea3i \u0111\u01b0\u1ee3c th\u1ef1c hi\u1ec7n tr\u01b0\u1edbc bu\u1ed5i bi\u1ec3u di\u1ec5n 1 ng\u00e0y (tr\u01b0\u1edbc 06:00 chi\u1ec1u theo gi\u1edd Th\u00e1i Lan).<\/strong><\/span><\/th>\n<\/tr>\n<\/tbody>\n<\/table>","protected":false},"featured_media":2849,"comment_status":"open","ping_status":"closed","template":"","meta":{"ocean_post_layout":"","ocean_both_sidebars_style":"","ocean_both_sidebars_content_width":0,"ocean_both_sidebars_sidebars_width":0,"ocean_sidebar":"0","ocean_second_sidebar":"0","ocean_disable_margins":"enable","ocean_add_body_class":"","ocean_shortcode_before_top_bar":"","ocean_shortcode_after_top_bar":"","ocean_shortcode_before_header":"","ocean_shortcode_after_header":"","ocean_has_shortcode":"","ocean_shortcode_after_title":"","ocean_shortcode_before_footer_widgets":"","ocean_shortcode_after_footer_widgets":"","ocean_shortcode_before_footer_bottom":"","ocean_shortcode_after_footer_bottom":"","ocean_display_top_bar":"default","ocean_display_header":"default","ocean_header_style":"","ocean_center_header_left_menu":"0","ocean_custom_header_template":"0","ocean_custom_logo":0,"ocean_custom_retina_logo":0,"ocean_custom_logo_max_width":0,"ocean_custom_logo_tablet_max_width":0,"ocean_custom_logo_mobile_max_width":0,"ocean_custom_logo_max_height":0,"ocean_custom_logo_tablet_max_height":0,"ocean_custom_logo_mobile_max_height":0,"ocean_header_custom_menu":"0","ocean_menu_typo_font_family":"0","ocean_menu_typo_font_subset":"","ocean_menu_typo_font_size":0,"ocean_menu_typo_font_size_tablet":0,"ocean_menu_typo_font_size_mobile":0,"ocean_menu_typo_font_size_unit":"px","ocean_menu_typo_font_weight":"","ocean_menu_typo_font_weight_tablet":"","ocean_menu_typo_font_weight_mobile":"","ocean_menu_typo_transform":"","ocean_menu_typo_transform_tablet":"","ocean_menu_typo_transform_mobile":"","ocean_menu_typo_line_height":0,"ocean_menu_typo_line_height_tablet":0,"ocean_menu_typo_line_height_mobile":0,"ocean_menu_typo_line_height_unit":"","ocean_menu_typo_spacing":0,"ocean_menu_typo_spacing_tablet":0,"ocean_menu_typo_spacing_mobile":0,"ocean_menu_typo_spacing_unit":"","ocean_menu_link_color":"","ocean_menu_link_color_hover":"","ocean_menu_link_color_active":"","ocean_menu_link_background":"","ocean_menu_link_hover_background":"","ocean_menu_link_active_background":"","ocean_menu_social_links_bg":"","ocean_menu_social_hover_links_bg":"","ocean_menu_social_links_color":"","ocean_menu_social_hover_links_color":"","ocean_disable_title":"default","ocean_disable_heading":"default","ocean_post_title":"","ocean_post_subheading":"","ocean_post_title_style":"","ocean_post_title_background_color":"","ocean_post_title_background":0,"ocean_post_title_bg_image_position":"","ocean_post_title_bg_image_attachment":"","ocean_post_title_bg_image_repeat":"","ocean_post_title_bg_image_size":"","ocean_post_title_height":0,"ocean_post_title_bg_overlay":0.5,"ocean_post_title_bg_overlay_color":"","ocean_disable_breadcrumbs":"default","ocean_breadcrumbs_color":"","ocean_breadcrumbs_separator_color":"","ocean_breadcrumbs_links_color":"","ocean_breadcrumbs_links_hover_color":"","ocean_display_footer_widgets":"default","ocean_display_footer_bottom":"default","ocean_custom_footer_template":"0"},"product_brand":[],"product_cat":[20],"product_tag":[238,237,241,231,242,243,236,245,232,234,230,235,240,244,239,233],"class_list":{"0":"post-2922","1":"product","2":"type-product","3":"status-publish","4":"has-post-thumbnail","6":"product_cat-tickets","7":"product_tag-best-dolphin-show-phuket","8":"product_tag-book-dolphin-show-phuket","9":"product_tag-buy-dolphin-show-tickets","10":"product_tag-dolphin-show-phuket","11":"product_tag-dolphin-show-phuket-deals","12":"product_tag-dolphin-show-phuket-experience","13":"product_tag-dolphin-show-tickets","14":"product_tag-dolphins-bay-phuket","15":"product_tag-dolphins-bay-phuket-tickets","16":"product_tag-foreigners-ticket-dolphin-show","17":"product_tag-phuket","18":"product_tag-phuket-dolphin-show","19":"product_tag-phuket-dolphins-show-foreigners","20":"product_tag-phuket-show-tickets","21":"product_tag-regular-seat-booking","22":"product_tag-regular-seat-ticket","23":"tm-has-options","25":"entry","26":"has-media","28":"first","29":"instock","30":"virtual","31":"purchasable","32":"product-type-simple","33":"has-product-nav","34":"col","35":"span_1_of_3","36":"owp-content-center","37":"owp-thumbs-layout-horizontal","38":"owp-btn-normal","39":"owp-tabs-layout-horizontal"},"yoast_head":"<!-- This site is optimized with the Yoast SEO plugin v25.3 - https:\/\/yoast.com\/wordpress\/plugins\/seo\/ -->\n<title>Book Regular Seat Ticket (Foreigners) - Dolphin Show Phuket<\/title>\n<meta name=\"description\" content=\"Experience Dolphins Bay Phuket With Regular Seat Tickets For Foreigners. Enjoy Thrilling Dolphin And Seal Shows. Book Your Tickets Today!\" \/>\n<meta name=\"robots\" content=\"noindex, follow, max-snippet:-1, max-image-preview:large, max-video-preview:-1\" \/>\n<meta property=\"og:locale\" content=\"vi_VN\" \/>\n<meta property=\"og:type\" content=\"article\" \/>\n<meta property=\"og:title\" content=\"Book Regular Seat Ticket (Foreigners) - Dolphin Show Phuket\" \/>\n<meta property=\"og:description\" content=\"Experience Dolphins Bay Phuket With Regular Seat Tickets For Foreigners. Enjoy Thrilling Dolphin And Seal Shows. Book Your Tickets Today!\" \/>\n<meta property=\"og:url\" content=\"https:\/\/dolphinshowpattaya.com\/vi\/ve\/ve-ghe-thuong-cua-vinh-ca-heo-phuket-cho-nguoi-nuoc-ngoai\/\" \/>\n<meta property=\"og:site_name\" content=\"Dolphin Show Pattaya\" \/>\n<meta property=\"article:modified_time\" content=\"2025-09-24T23:05:00+00:00\" \/>\n<meta property=\"og:image\" content=\"https:\/\/dolphinshowpattaya.com\/wp-content\/uploads\/2024\/10\/Dolphins-Bay-Phuket-Price.jpg\" \/>\n\t<meta property=\"og:image:width\" content=\"2048\" \/>\n\t<meta property=\"og:image:height\" content=\"1365\" \/>\n\t<meta property=\"og:image:type\" content=\"image\/jpeg\" \/>\n<meta name=\"twitter:card\" content=\"summary_large_image\" \/>\n<meta name=\"twitter:label1\" content=\"\u01af\u1edbc t\u00ednh th\u1eddi gian \u0111\u1ecdc\" \/>\n\t<meta name=\"twitter:data1\" content=\"4 ph\u00fat\" \/>\n<script type=\"application\/ld+json\" class=\"yoast-schema-graph\">{\"@context\":\"https:\/\/schema.org\",\"@graph\":[{\"@type\":\"WebPage\",\"@id\":\"https:\/\/dolphinshowpattaya.com\/tickets\/dolphins-bay-phuket-regular-seat-ticket-foreigners\/\",\"url\":\"https:\/\/dolphinshowpattaya.com\/tickets\/dolphins-bay-phuket-regular-seat-ticket-foreigners\/\",\"name\":\"Book Regular Seat Ticket (Foreigners) - Dolphin Show Phuket\",\"isPartOf\":{\"@id\":\"https:\/\/dolphinshowpattaya.com\/#website\"},\"primaryImageOfPage\":{\"@id\":\"https:\/\/dolphinshowpattaya.com\/tickets\/dolphins-bay-phuket-regular-seat-ticket-foreigners\/#primaryimage\"},\"image\":{\"@id\":\"https:\/\/dolphinshowpattaya.com\/tickets\/dolphins-bay-phuket-regular-seat-ticket-foreigners\/#primaryimage\"},\"thumbnailUrl\":\"https:\/\/dolphinshowpattaya.com\/wp-content\/uploads\/2024\/10\/Dolphins-Bay-Phuket-Price.jpg\",\"datePublished\":\"2024-10-24T23:06:58+00:00\",\"dateModified\":\"2025-09-24T23:05:00+00:00\",\"description\":\"Experience Dolphins Bay Phuket With Regular Seat Tickets For Foreigners. Enjoy Thrilling Dolphin And Seal Shows. Book Your Tickets Today!\",\"breadcrumb\":{\"@id\":\"https:\/\/dolphinshowpattaya.com\/tickets\/dolphins-bay-phuket-regular-seat-ticket-foreigners\/#breadcrumb\"},\"inLanguage\":\"vi\",\"potentialAction\":[{\"@type\":\"ReadAction\",\"target\":[\"https:\/\/dolphinshowpattaya.com\/tickets\/dolphins-bay-phuket-regular-seat-ticket-foreigners\/\"]}]},{\"@type\":\"ImageObject\",\"inLanguage\":\"vi\",\"@id\":\"https:\/\/dolphinshowpattaya.com\/tickets\/dolphins-bay-phuket-regular-seat-ticket-foreigners\/#primaryimage\",\"url\":\"https:\/\/dolphinshowpattaya.com\/wp-content\/uploads\/2024\/10\/Dolphins-Bay-Phuket-Price.jpg\",\"contentUrl\":\"https:\/\/dolphinshowpattaya.com\/wp-content\/uploads\/2024\/10\/Dolphins-Bay-Phuket-Price.jpg\",\"width\":2048,\"height\":1365,\"caption\":\"Dolphins Bay Phuket Price\"},{\"@type\":\"BreadcrumbList\",\"@id\":\"https:\/\/dolphinshowpattaya.com\/tickets\/dolphins-bay-phuket-regular-seat-ticket-foreigners\/#breadcrumb\",\"itemListElement\":[{\"@type\":\"ListItem\",\"position\":1,\"name\":\"Home\",\"item\":\"https:\/\/dolphinshowpattaya.com\/\"},{\"@type\":\"ListItem\",\"position\":2,\"name\":\"Tickets\",\"item\":\"https:\/\/dolphinshowpattaya.com\/tickets\/\"},{\"@type\":\"ListItem\",\"position\":3,\"name\":\"Dolphins Bay Phuket &#8211; Regular Seat Ticket (Foreigners)\"}]},{\"@type\":\"WebSite\",\"@id\":\"https:\/\/dolphinshowpattaya.com\/#website\",\"url\":\"https:\/\/dolphinshowpattaya.com\/\",\"name\":\"Dolphin Show Phuket\",\"description\":\"\",\"publisher\":{\"@id\":\"https:\/\/dolphinshowpattaya.com\/#organization\"},\"potentialAction\":[{\"@type\":\"SearchAction\",\"target\":{\"@type\":\"EntryPoint\",\"urlTemplate\":\"https:\/\/dolphinshowpattaya.com\/?s={search_term_string}\"},\"query-input\":{\"@type\":\"PropertyValueSpecification\",\"valueRequired\":true,\"valueName\":\"search_term_string\"}}],\"inLanguage\":\"vi\"},{\"@type\":\"Organization\",\"@id\":\"https:\/\/dolphinshowpattaya.com\/#organization\",\"name\":\"Dolphin Show Phuket\",\"url\":\"https:\/\/dolphinshowpattaya.com\/\",\"logo\":{\"@type\":\"ImageObject\",\"inLanguage\":\"vi\",\"@id\":\"https:\/\/dolphinshowpattaya.com\/#\/schema\/logo\/image\/\",\"url\":\"https:\/\/dolphinshowpattaya.com\/wp-content\/uploads\/2024\/08\/Dophin-Show-Phuket.png\",\"contentUrl\":\"https:\/\/dolphinshowpattaya.com\/wp-content\/uploads\/2024\/08\/Dophin-Show-Phuket.png\",\"width\":350,\"height\":100,\"caption\":\"Dolphin Show Phuket\"},\"image\":{\"@id\":\"https:\/\/dolphinshowpattaya.com\/#\/schema\/logo\/image\/\"}}]}<\/script>\n<!-- \/ Yoast SEO plugin. -->","yoast_head_json":{"title":"Book Regular Seat Ticket (Foreigners) - Dolphin Show Phuket","description":"Experience Dolphins Bay Phuket With Regular Seat Tickets For Foreigners. Enjoy Thrilling Dolphin And Seal Shows. Book Your Tickets Today!","robots":{"index":"noindex","follow":"follow","max-snippet":"max-snippet:-1","max-image-preview":"max-image-preview:large","max-video-preview":"max-video-preview:-1"},"og_locale":"vi_VN","og_type":"article","og_title":"Book Regular Seat Ticket (Foreigners) - Dolphin Show Phuket","og_description":"Experience Dolphins Bay Phuket With Regular Seat Tickets For Foreigners. Enjoy Thrilling Dolphin And Seal Shows. Book Your Tickets Today!","og_url":"https:\/\/dolphinshowpattaya.com\/vi\/ve\/ve-ghe-thuong-cua-vinh-ca-heo-phuket-cho-nguoi-nuoc-ngoai\/","og_site_name":"Dolphin Show Pattaya","article_modified_time":"2025-09-24T23:05:00+00:00","og_image":[{"width":2048,"height":1365,"url":"https:\/\/dolphinshowpattaya.com\/wp-content\/uploads\/2024\/10\/Dolphins-Bay-Phuket-Price.jpg","type":"image\/jpeg"}],"twitter_card":"summary_large_image","twitter_misc":{"\u01af\u1edbc t\u00ednh th\u1eddi gian \u0111\u1ecdc":"4 ph\u00fat"},"schema":{"@context":"https:\/\/schema.org","@graph":[{"@type":"WebPage","@id":"https:\/\/dolphinshowpattaya.com\/tickets\/dolphins-bay-phuket-regular-seat-ticket-foreigners\/","url":"https:\/\/dolphinshowpattaya.com\/tickets\/dolphins-bay-phuket-regular-seat-ticket-foreigners\/","name":"Book Regular Seat Ticket (Foreigners) - Dolphin Show Phuket","isPartOf":{"@id":"https:\/\/dolphinshowpattaya.com\/#website"},"primaryImageOfPage":{"@id":"https:\/\/dolphinshowpattaya.com\/tickets\/dolphins-bay-phuket-regular-seat-ticket-foreigners\/#primaryimage"},"image":{"@id":"https:\/\/dolphinshowpattaya.com\/tickets\/dolphins-bay-phuket-regular-seat-ticket-foreigners\/#primaryimage"},"thumbnailUrl":"https:\/\/dolphinshowpattaya.com\/wp-content\/uploads\/2024\/10\/Dolphins-Bay-Phuket-Price.jpg","datePublished":"2024-10-24T23:06:58+00:00","dateModified":"2025-09-24T23:05:00+00:00","description":"Experience Dolphins Bay Phuket With Regular Seat Tickets For Foreigners. Enjoy Thrilling Dolphin And Seal Shows. Book Your Tickets Today!","breadcrumb":{"@id":"https:\/\/dolphinshowpattaya.com\/tickets\/dolphins-bay-phuket-regular-seat-ticket-foreigners\/#breadcrumb"},"inLanguage":"vi","potentialAction":[{"@type":"ReadAction","target":["https:\/\/dolphinshowpattaya.com\/tickets\/dolphins-bay-phuket-regular-seat-ticket-foreigners\/"]}]},{"@type":"ImageObject","inLanguage":"vi","@id":"https:\/\/dolphinshowpattaya.com\/tickets\/dolphins-bay-phuket-regular-seat-ticket-foreigners\/#primaryimage","url":"https:\/\/dolphinshowpattaya.com\/wp-content\/uploads\/2024\/10\/Dolphins-Bay-Phuket-Price.jpg","contentUrl":"https:\/\/dolphinshowpattaya.com\/wp-content\/uploads\/2024\/10\/Dolphins-Bay-Phuket-Price.jpg","width":2048,"height":1365,"caption":"Dolphins Bay Phuket Price"},{"@type":"BreadcrumbList","@id":"https:\/\/dolphinshowpattaya.com\/tickets\/dolphins-bay-phuket-regular-seat-ticket-foreigners\/#breadcrumb","itemListElement":[{"@type":"ListItem","position":1,"name":"Home","item":"https:\/\/dolphinshowpattaya.com\/"},{"@type":"ListItem","position":2,"name":"Tickets","item":"https:\/\/dolphinshowpattaya.com\/tickets\/"},{"@type":"ListItem","position":3,"name":"Dolphins Bay Phuket &#8211; Regular Seat Ticket (Foreigners)"}]},{"@type":"WebSite","@id":"https:\/\/dolphinshowpattaya.com\/#website","url":"https:\/\/dolphinshowpattaya.com\/","name":"Dolphin Show Phuket","description":"","publisher":{"@id":"https:\/\/dolphinshowpattaya.com\/#organization"},"potentialAction":[{"@type":"SearchAction","target":{"@type":"EntryPoint","urlTemplate":"https:\/\/dolphinshowpattaya.com\/?s={search_term_string}"},"query-input":{"@type":"PropertyValueSpecification","valueRequired":true,"valueName":"search_term_string"}}],"inLanguage":"vi"},{"@type":"Organization","@id":"https:\/\/dolphinshowpattaya.com\/#organization","name":"Dolphin Show Phuket","url":"https:\/\/dolphinshowpattaya.com\/","logo":{"@type":"ImageObject","inLanguage":"vi","@id":"https:\/\/dolphinshowpattaya.com\/#\/schema\/logo\/image\/","url":"https:\/\/dolphinshowpattaya.com\/wp-content\/uploads\/2024\/08\/Dophin-Show-Phuket.png","contentUrl":"https:\/\/dolphinshowpattaya.com\/wp-content\/uploads\/2024\/08\/Dophin-Show-Phuket.png","width":350,"height":100,"caption":"Dolphin Show Phuket"},"image":{"@id":"https:\/\/dolphinshowpattaya.com\/#\/schema\/logo\/image\/"}}]}},"jetpack_sharing_enabled":true,"_links":{"self":[{"href":"https:\/\/dolphinshowpattaya.com\/vi\/wp-json\/wp\/v2\/product\/2922","targetHints":{"allow":["GET"]}}],"collection":[{"href":"https:\/\/dolphinshowpattaya.com\/vi\/wp-json\/wp\/v2\/product"}],"about":[{"href":"https:\/\/dolphinshowpattaya.com\/vi\/wp-json\/wp\/v2\/types\/product"}],"replies":[{"embeddable":true,"href":"https:\/\/dolphinshowpattaya.com\/vi\/wp-json\/wp\/v2\/comments?post=2922"}],"wp:featuredmedia":[{"embeddable":true,"href":"https:\/\/dolphinshowpattaya.com\/vi\/wp-json\/wp\/v2\/media\/2849"}],"wp:attachment":[{"href":"https:\/\/dolphinshowpattaya.com\/vi\/wp-json\/wp\/v2\/media?parent=2922"}],"wp:term":[{"taxonomy":"product_brand","embeddable":true,"href":"https:\/\/dolphinshowpattaya.com\/vi\/wp-json\/wp\/v2\/product_brand?post=2922"},{"taxonomy":"product_cat","embeddable":true,"href":"https:\/\/dolphinshowpattaya.com\/vi\/wp-json\/wp\/v2\/product_cat?post=2922"},{"taxonomy":"product_tag","embeddable":true,"href":"https:\/\/dolphinshowpattaya.com\/vi\/wp-json\/wp\/v2\/product_tag?post=2922"}],"curies":[{"name":"wp","href":"https:\/\/api.w.org\/{rel}","templated":true}]}}