{"id":2921,"date":"2024-10-25T04:31:40","date_gmt":"2024-10-24T23:01:40","guid":{"rendered":"https:\/\/dolphinshowpattaya.com\/?post_type=product&#038;p=2921"},"modified":"2025-06-07T23:26:30","modified_gmt":"2025-06-07T17:56:30","slug":"dolphins-bay-phuket-swimming-with-dolphin-ticket-thai-residents","status":"publish","type":"product","link":"https:\/\/dolphinshowpattaya.com\/vi\/ve\/dolphins-bay-phuket-swimming-with-dolphin-ticket-thai-residents\/","title":{"rendered":"Dolphins Bay Phuket &#8211; Swimming With Dolphin Ticket (Thai Residents)"},"content":{"rendered":"<h2>V\u1ec1 V\u00e9 b\u01a1i c\u00f9ng c\u00e1 heo (d\u00e0nh cho c\u01b0 d\u00e2n Th\u00e1i Lan)<\/h2>\n<p>Tr\u1ea3i nghi\u1ec7m s\u1ef1 k\u1ef3 di\u1ec7u c\u1ee7a vi\u1ec7c b\u01a1i c\u00f9ng c\u00e1 heo t\u1ea1i Dolphins Bay Phuket, mang \u0111\u1ebfn s\u1ef1 t\u01b0\u01a1ng t\u00e1c kh\u00f3 qu\u00ean v\u1edbi nh\u1eefng sinh v\u1eadt th\u00f4ng minh v\u00e0 th\u00e2n thi\u1ec7n n\u00e0y. Ho\u1ea1t \u0111\u1ed9ng \u0111\u1ed9c \u0111\u00e1o n\u00e0y \u0111\u01b0\u1ee3c thi\u1ebft k\u1ebf d\u00e0nh ri\u00eang cho c\u01b0 d\u00e2n Th\u00e1i Lan, mang \u0111\u1ebfn cho b\u1ea1n c\u01a1 h\u1ed9i t\u00ecm hi\u1ec3u th\u00eam v\u1ec1 c\u00e1 heo, tham gia v\u00e0o c\u00e1c t\u01b0\u01a1ng t\u00e1c vui t\u01b0\u01a1i v\u00e0 t\u1eadn h\u01b0\u1edfng tr\u1ea3i nghi\u1ec7m \u0111\u00e1ng nh\u1edb.<\/p>\n<h3>Hi\u1ec3n th\u1ecb th\u1eddi gian<\/h3>\n<p><a href=\"https:\/\/dolphinshowpattaya.com\/vi\">V\u1ecbnh C\u00e1 Heo Phuket<\/a> ho\u1ea1t \u0111\u1ed9ng h\u00e0ng ng\u00e0y tr\u1eeb th\u1ee9 Hai. Gi\u1edd chi\u1ebfu l\u00e0:<\/p>\n<ul>\n<li><strong>11:00 s\u00e1ng<\/strong> (Ch\u01b0\u01a1ng tr\u00ecnh bi\u1ec3u di\u1ec5n h\u1ea3i c\u1ea9u: 10:45-11:00 AM | Ch\u01b0\u01a1ng tr\u00ecnh bi\u1ec3u di\u1ec5n c\u00e1 heo: 11:15-11:40 AM)<\/li>\n<li><strong>2:00 Chi\u1ec1u<\/strong> (Ch\u01b0\u01a1ng tr\u00ecnh bi\u1ec3u di\u1ec5n h\u1ea3i c\u1ea9u: 1:45-2:00 chi\u1ec1u | Ch\u01b0\u01a1ng tr\u00ecnh bi\u1ec3u di\u1ec5n c\u00e1 heo: 2:15-2:40 chi\u1ec1u)<\/li>\n<li><strong>5:00 chi\u1ec1u<\/strong> (Ch\u01b0\u01a1ng tr\u00ecnh bi\u1ec3u di\u1ec5n h\u1ea3i c\u1ea9u: 4:45-5:00 chi\u1ec1u | Ch\u01b0\u01a1ng tr\u00ecnh bi\u1ec3u di\u1ec5n c\u00e1 heo: 5:15-5:40 chi\u1ec1u)<\/li>\n<li><span style=\"color: #000000;\">Swimming &amp; Activities: 11:45 AM | 2:45 PM | 5:45 PM<\/span><\/li>\n<\/ul>\n<h3>Ch\u00ednh s\u00e1ch tr\u1ebb em<\/h3>\n<ul>\n<li><strong>V\u00e0o c\u1eeda mi\u1ec5n ph\u00ed<\/strong> d\u00e0nh cho tr\u1ebb em cao d\u01b0\u1edbi 90 cm v\u00e0 kh\u00f4ng c\u00f3 gh\u1ebf ng\u1ed3i.<\/li>\n<li><strong>V\u00e9 tr\u1ebb em<\/strong> d\u00e0nh cho tr\u1ebb em cao t\u1eeb 90 \u2013 130 cm.<\/li>\n<li><strong>B\u01a1i c\u00f9ng c\u00e1 heo<\/strong> d\u00e0nh cho ng\u01b0\u1eddi l\u1edbn ho\u1eb7c tr\u1ebb em t\u1eeb 6 tu\u1ed5i tr\u1edf l\u00ean. Tr\u1ebb em t\u1eeb 4-5 tu\u1ed5i ph\u1ea3i \u0111i c\u00f9ng cha m\u1eb9 v\u00e0 ph\u1ea3i tr\u1ea3 th\u00eam ph\u00ed.<\/li>\n<\/ul>\n<h3>Nh\u1eefng g\u00ec bao g\u1ed3m<\/h3>\n<ul>\n<li>Bu\u1ed5i h\u1ecdc b\u01a1i c\u00f9ng c\u00e1 heo.<\/li>\n<li>V\u00e9 v\u00e0o xem bi\u1ec3u di\u1ec5n h\u1ea3i c\u1ea9u v\u00e0 c\u00e1 heo.<\/li>\n<li>Ch\u1ee5p \u1ea3nh l\u01b0u ni\u1ec7m v\u1edbi c\u00e1 heo (t\u00f9y ch\u1ecdn).<\/li>\n<li>\u0110\u01b0\u1ee3c s\u1eed d\u1ee5ng ph\u00f2ng thay \u0111\u1ed3 v\u00e0 \u0111\u1ed3 b\u01a1i.<\/li>\n<\/ul>\n<h3>\u0110i\u1ec3m n\u1ed5i b\u1eadt<\/h3>\n<ul>\n<li>B\u01a1i c\u00f9ng nh\u1eefng ch\u00fa c\u00e1 heo tinh ngh\u1ecbch trong m\u00f4i tr\u01b0\u1eddng an to\u00e0n v\u00e0 \u0111\u01b0\u1ee3c ki\u1ec3m so\u00e1t.<\/li>\n<li>Hu\u1ea5n luy\u1ec7n vi\u00ean chuy\u00ean nghi\u1ec7p h\u01b0\u1edbng d\u1eabn tr\u1ea3i nghi\u1ec7m.<\/li>\n<li>T\u00ecm hi\u1ec3u v\u1ec1 h\u00e0nh vi v\u00e0 c\u00e1ch b\u1ea3o t\u1ed3n c\u00e1 heo.<\/li>\n<li>Ho\u00e0n h\u1ea3o cho gia \u0111\u00ecnh v\u00e0 nh\u1eefng ng\u01b0\u1eddi y\u00eau \u0111\u1ed9ng v\u1eadt.<\/li>\n<\/ul>\n<h3>Bao g\u1ed3m<\/h3>\n<ul>\n<li>V\u00e9 v\u00e0o c\u1eeda xem bi\u1ec3u di\u1ec5n c\u00e1 heo v\u00e0 h\u1ea3i c\u1ea9u.<\/li>\n<li>Bu\u1ed5i h\u1ecdc b\u01a1i c\u00f9ng c\u00e1 heo.<\/li>\n<li>Thi\u1ebft b\u1ecb an to\u00e0n (\u00e1o phao, v.v.).<\/li>\n<li>C\u00f3 th\u1ec3 v\u00e0o ph\u00f2ng thay \u0111\u1ed3.<\/li>\n<\/ul>\n<h3>Lo\u1ea1i tr\u1eeb<\/h3>\n<ul>\n<li>Ch\u1ee5p \u1ea3nh v\u1edbi c\u00e1 heo (c\u00f3 t\u00ednh ph\u00ed b\u1ed5 sung).<\/li>\n<li>D\u1ecbch v\u1ee5 \u0111\u01b0a \u0111\u00f3n kh\u00e1ch s\u1ea1n (c\u00f3 th\u1ec3 s\u1eafp x\u1ebfp v\u1edbi m\u1ed9t kho\u1ea3n ph\u1ee5 ph\u00ed).<\/li>\n<li>\u0110\u1ed3 \u0103n v\u00e0 \u0111\u1ed3 u\u1ed1ng.<\/li>\n<\/ul>\n<h3>Ch\u00ednh s\u00e1ch ho\u00e0n ti\u1ec1n v\u00e0 h\u1ee7y b\u1ecf<\/h3>\n<ul>\n<li><strong>Kh\u00f4ng ho\u00e0n l\u1ea1i ti\u1ec1n<\/strong>: Sau khi \u0111\u1eb7t v\u00e9, v\u00e9 s\u1ebd kh\u00f4ng \u0111\u01b0\u1ee3c ho\u00e0n l\u1ea1i.<\/li>\n<li><strong>L\u00ean l\u1ecbch l\u1ea1i<\/strong>: \u0110\u01b0\u1ee3c ph\u00e9p \u0111\u1eb7t tr\u01b0\u1edbc t\u1ed1i \u0111a 24 gi\u1edd, t\u00f9y thu\u1ed9c v\u00e0o t\u00ecnh tr\u1ea1ng ch\u1ed7 tr\u1ed1ng.<\/li>\n<li><strong>H\u1ee7y b\u1ecf<\/strong>: Kh\u00f4ng ho\u00e0n l\u1ea1i ti\u1ec1n cho tr\u01b0\u1eddng h\u1ee3p kh\u00f4ng \u0111\u1ebfn ho\u1eb7c h\u1ee7y chuy\u1ebfn mu\u1ed9n.<\/li>\n<\/ul>\n<h3>C\u00f2n g\u00ec n\u1eefa?<\/h3>\n<ul>\n<li>G\u1eb7p g\u1ee1 v\u00e0 ch\u00e0o h\u1ecfi v\u1edbi hu\u1ea5n luy\u1ec7n vi\u00ean c\u00e1 heo chuy\u00ean nghi\u1ec7p.<\/li>\n<li>T\u1eadn h\u01b0\u1edfng m\u1ee9c gi\u1ea3m gi\u00e1 \u0111\u1ed9c quy\u1ec1n cho c\u00e1c g\u00f3i gia \u0111\u00ecnh.<\/li>\n<\/ul>\n<h3>M\u1eb9o n\u1ed9i b\u1ed9<\/h3>\n<ul>\n<li>\u0110\u1ebfn \u00edt nh\u1ea5t 30 ph\u00fat tr\u01b0\u1edbc gi\u1edd di\u1ec5n \u0111\u1ec3 c\u00f3 ch\u1ed7 ng\u1ed3i t\u1ed1t.<\/li>\n<li>Mang theo \u0111\u1ed3 b\u01a1i \u0111\u1ec3 tham gia tr\u00f2 ch\u01a1i t\u01b0\u01a1ng t\u00e1c v\u1edbi c\u00e1 heo.<\/li>\n<li>Kh\u00f4ng \u0111\u01b0\u1ee3c ph\u00e9p mang theo m\u00e1y \u1ea3nh khi b\u01a1i, nh\u01b0ng c\u00f3 th\u1ec3 mua \u1ea3nh ch\u1ee5p chuy\u00ean nghi\u1ec7p.<\/li>\n<\/ul>\n<h3>N\u00ean v\u00e0 kh\u00f4ng n\u00ean l\u00e0m<\/h3>\n<p><strong>N\u00ean l\u00e0m<\/strong>:<\/p>\n<ul>\n<li>Th\u1ef1c hi\u1ec7n theo h\u01b0\u1edbng d\u1eabn c\u1ee7a ng\u01b0\u1eddi h\u01b0\u1edbng d\u1eabn \u0111\u1ec3 \u0111\u1ea3m b\u1ea3o an to\u00e0n.<\/li>\n<li>H\u00e3y mang theo kh\u0103n t\u1eafm v\u00e0 \u0111\u1ed3 b\u01a1i c\u1ee7a ri\u00eang b\u1ea1n.<\/li>\n<li>C\u1ea5t gi\u1eef \u0111\u1ed3 v\u1eadt c\u00f3 gi\u00e1 tr\u1ecb trong t\u1ee7 kh\u00f3a \u0111\u01b0\u1ee3c cung c\u1ea5p.<\/li>\n<\/ul>\n<p><strong>Kh\u00f4ng n\u00ean<\/strong>:<\/p>\n<ul>\n<li>\u0110\u1eebng \u0111\u1ee9ng g\u1ea7n m\u00e9p h\u1ed3 b\u01a1i.<\/li>\n<li>Kh\u00f4ng \u0111\u01b0\u1ee3c ph\u00e9p c\u00f3 \u0111\u1ed3 \u0103n ho\u1eb7c \u0111\u1ed3 u\u1ed1ng g\u1ea7n h\u1ed3 c\u00e1 heo.<\/li>\n<li>Tr\u00e1nh nh\u1eefng chuy\u1ec3n \u0111\u1ed9ng \u0111\u1ed9t ng\u1ed9t c\u00f3 th\u1ec3 l\u00e0m c\u00e1 heo gi\u1eadt m\u00ecnh.<\/li>\n<\/ul>\n<h3>Bi\u1ebft tr\u01b0\u1edbc khi b\u1ea1n \u0111i<\/h3>\n<ul>\n<li>N\u00ean \u0111\u1eb7t ch\u1ed7 tr\u01b0\u1edbc.<\/li>\n<li>\u0110\u1eebng qu\u00ean mang theo m\u00e1y \u1ea3nh \u0111\u1ec3 ch\u1ee5p \u1ea3nh sau bu\u1ed5i bi\u1ec3u di\u1ec5n.<\/li>\n<li>Tu\u00e2n th\u1ee7 m\u1ecdi quy t\u1eafc v\u1ec1 s\u1ee9c kh\u1ecfe v\u00e0 an to\u00e0n trong qu\u00e1 tr\u00ecnh t\u01b0\u01a1ng t\u00e1c.<\/li>\n<\/ul>\n<h3>\u0110\u1ecba ch\u1ec9<\/h3>\n<p>33\/50, Chalong, Qu\u1eadn Mueang Phuket, Phuket 83130, Th\u00e1i Lan<\/p>\n<h3>B\u1ea3n \u0111\u1ed3 &amp; V\u1ecb tr\u00ed<\/h3>\n<p>B\u1ea1n c\u00f3 th\u1ec3 t\u00ecm th\u1ea5y v\u1ecb tr\u00ed ch\u00ednh x\u00e1c tr\u00ean <a href=\"https:\/\/maps.app.goo.gl\/iKaEd3g2Nr1B9YJD8\" target=\"_new\" rel=\"noopener\">B\u1ea3n \u0111\u1ed3 Google<\/a>.<\/p>\n<h3>L\u00e0m th\u1ebf n\u00e0o \u0111\u1ec3 \u0111\u1ebfn V\u1ecbnh Dolphins Phuket<\/h3>\n<ul>\n<li><strong>B\u1eb1ng xe h\u01a1i<\/strong>:T\u1eeb th\u00e0nh ph\u1ed1 Phuket, l\u00e1i xe 20 ph\u00fat \u0111\u1ebfn Chalong.<\/li>\n<li><strong>B\u1eb1ng Taxi<\/strong>: C\u00f3 r\u1ea5t nhi\u1ec1u xe taxi tr\u00ean kh\u1eafp Phuket v\u1edbi m\u1ee9c gi\u00e1 c\u1ed1 \u0111\u1ecbnh \u0111\u1ebfn V\u1ecbnh Dolphins.<\/li>\n<li><strong>Giao th\u00f4ng c\u00f4ng c\u1ed9ng<\/strong>:Tuk-tuk v\u00e0 xe bu\u00fdt \u0111\u1ecba ph\u01b0\u01a1ng l\u00e0 l\u1ef1a ch\u1ecdn h\u1ee3p l\u00fd.<\/li>\n<\/ul>\n<h3>Nh\u1eefng c\u00e2u h\u1ecfi th\u01b0\u1eddng g\u1eb7p (FAQ)<\/h3>\n<p><strong>1. Tr\u1ebb em c\u00f3 th\u1ec3 b\u01a1i c\u00f9ng c\u00e1 heo kh\u00f4ng?<\/strong><br \/>\nC\u00f3, tr\u1ebb em t\u1eeb 6 tu\u1ed5i tr\u1edf l\u00ean c\u00f3 th\u1ec3 b\u01a1i. Tr\u1ebb em t\u1eeb 4-5 tu\u1ed5i ph\u1ea3i c\u00f3 cha m\u1eb9 \u0111i k\u00e8m.<\/p>\n<p><strong>2. C\u00f3 an to\u00e0n khi b\u01a1i c\u00f9ng c\u00e1 heo kh\u00f4ng?<\/strong><br \/>\nC\u00f3, tr\u1ea3i nghi\u1ec7m n\u00e0y \u0111\u01b0\u1ee3c gi\u00e1m s\u00e1t b\u1edfi c\u00e1c chuy\u00ean gia \u0111\u01b0\u1ee3c \u0111\u00e0o t\u1ea1o v\u00e0 m\u1ecdi bi\u1ec7n ph\u00e1p an to\u00e0n \u0111\u1ec1u \u0111\u01b0\u1ee3c tu\u00e2n th\u1ee7.<\/p>\n<p><strong>3. T\u00f4i n\u00ean mang theo nh\u1eefng g\u00ec?<\/strong><br \/>\n\u0110\u1ed3 b\u01a1i, kh\u0103n t\u1eafm v\u00e0 qu\u1ea7n \u00e1o thay.<\/p>\n<p><strong>4. V\u00e9 c\u00f3 bao g\u1ed3m \u1ea3nh kh\u00f4ng?<\/strong><br \/>\nKh\u00f4ng, ch\u1ee5p \u1ea3nh v\u1edbi c\u00e1 heo ph\u1ea3i tr\u1ea3 th\u00eam ph\u00ed.<\/p>\n<p><strong>5. T\u00f4i c\u00f3 th\u1ec3 \u0111\u1ed5i l\u1ecbch \u0111\u1eb7t ch\u1ed7 c\u1ee7a m\u00ecnh kh\u00f4ng?<\/strong><br \/>\nC\u00f3, nh\u01b0ng b\u1ea1n ph\u1ea3i th\u00f4ng b\u00e1o tr\u01b0\u1edbc \u00edt nh\u1ea5t 24 gi\u1edd v\u00e0 vi\u1ec7c l\u00ean l\u1ecbch l\u1ea1i t\u00f9y thu\u1ed9c v\u00e0o t\u00ecnh tr\u1ea1ng ch\u1ed7 tr\u1ed1ng.<\/p>","protected":false},"excerpt":{"rendered":"<table class=\"short-description\">\n<tbody class=\"tabel364\">\n<tr class=\"short-description-tr32r\">\n<th class=\"short-description-th\"><span class=\"description-h23\"><strong class=\"description-strong67\">M\u1ecdi \u0111\u1eb7t ch\u1ed7 ph\u1ea3i \u0111\u01b0\u1ee3c th\u1ef1c hi\u1ec7n tr\u01b0\u1edbc bu\u1ed5i bi\u1ec3u di\u1ec5n 1 ng\u00e0y (tr\u01b0\u1edbc 06:00 chi\u1ec1u theo gi\u1edd Th\u00e1i Lan).<\/strong><\/span><\/th>\n<\/tr>\n<\/tbody>\n<\/table>","protected":false},"featured_media":2851,"comment_status":"open","ping_status":"closed","template":"","meta":{"ocean_post_layout":"","ocean_both_sidebars_style":"","ocean_both_sidebars_content_width":0,"ocean_both_sidebars_sidebars_width":0,"ocean_sidebar":"0","ocean_second_sidebar":"0","ocean_disable_margins":"enable","ocean_add_body_class":"","ocean_shortcode_before_top_bar":"","ocean_shortcode_after_top_bar":"","ocean_shortcode_before_header":"","ocean_shortcode_after_header":"","ocean_has_shortcode":"","ocean_shortcode_after_title":"","ocean_shortcode_before_footer_widgets":"","ocean_shortcode_after_footer_widgets":"","ocean_shortcode_before_footer_bottom":"","ocean_shortcode_after_footer_bottom":"","ocean_display_top_bar":"default","ocean_display_header":"default","ocean_header_style":"","ocean_center_header_left_menu":"0","ocean_custom_header_template":"0","ocean_custom_logo":0,"ocean_custom_retina_logo":0,"ocean_custom_logo_max_width":0,"ocean_custom_logo_tablet_max_width":0,"ocean_custom_logo_mobile_max_width":0,"ocean_custom_logo_max_height":0,"ocean_custom_logo_tablet_max_height":0,"ocean_custom_logo_mobile_max_height":0,"ocean_header_custom_menu":"0","ocean_menu_typo_font_family":"0","ocean_menu_typo_font_subset":"","ocean_menu_typo_font_size":0,"ocean_menu_typo_font_size_tablet":0,"ocean_menu_typo_font_size_mobile":0,"ocean_menu_typo_font_size_unit":"px","ocean_menu_typo_font_weight":"","ocean_menu_typo_font_weight_tablet":"","ocean_menu_typo_font_weight_mobile":"","ocean_menu_typo_transform":"","ocean_menu_typo_transform_tablet":"","ocean_menu_typo_transform_mobile":"","ocean_menu_typo_line_height":0,"ocean_menu_typo_line_height_tablet":0,"ocean_menu_typo_line_height_mobile":0,"ocean_menu_typo_line_height_unit":"","ocean_menu_typo_spacing":0,"ocean_menu_typo_spacing_tablet":0,"ocean_menu_typo_spacing_mobile":0,"ocean_menu_typo_spacing_unit":"","ocean_menu_link_color":"","ocean_menu_link_color_hover":"","ocean_menu_link_color_active":"","ocean_menu_link_background":"","ocean_menu_link_hover_background":"","ocean_menu_link_active_background":"","ocean_menu_social_links_bg":"","ocean_menu_social_hover_links_bg":"","ocean_menu_social_links_color":"","ocean_menu_social_hover_links_color":"","ocean_disable_title":"default","ocean_disable_heading":"default","ocean_post_title":"","ocean_post_subheading":"","ocean_post_title_style":"","ocean_post_title_background_color":"","ocean_post_title_background":0,"ocean_post_title_bg_image_position":"","ocean_post_title_bg_image_attachment":"","ocean_post_title_bg_image_repeat":"","ocean_post_title_bg_image_size":"","ocean_post_title_height":0,"ocean_post_title_bg_overlay":0.5,"ocean_post_title_bg_overlay_color":"","ocean_disable_breadcrumbs":"default","ocean_breadcrumbs_color":"","ocean_breadcrumbs_separator_color":"","ocean_breadcrumbs_links_color":"","ocean_breadcrumbs_links_hover_color":"","ocean_display_footer_widgets":"default","ocean_display_footer_bottom":"default","ocean_custom_footer_template":"0"},"product_brand":[],"product_cat":[20],"product_tag":[348,355,356,353,347,350,345,294,308,352,349,346,230,344,351,354],"class_list":{"0":"post-2921","1":"product","2":"type-product","3":"status-publish","4":"has-post-thumbnail","6":"product_cat-tickets","7":"product_tag-best-dolphin-experience-phuket","8":"product_tag-book-dolphin-tickets-thailand","9":"product_tag-dolphin-bay-phuket-discount","10":"product_tag-dolphin-bay-show-tickets-thai","11":"product_tag-dolphin-bay-thai-resident-tickets","12":"product_tag-dolphin-bay-thailand-tickets","13":"product_tag-dolphin-bay-tickets-thai","14":"product_tag-dolphin-interaction-phuket","15":"product_tag-dolphin-show-phuket-tickets","16":"product_tag-dolphin-show-thai-discount","17":"product_tag-dolphin-swim-deals-phuket","18":"product_tag-dolphin-swim-for-thai-residents","19":"product_tag-phuket","20":"product_tag-swimming-with-dolphins-phuket","21":"product_tag-swimming-with-dolphins-thailand","22":"product_tag-thai-resident-dolphin-experience","23":"tm-has-options","25":"entry","26":"has-media","28":"first","29":"instock","30":"virtual","31":"taxable","32":"purchasable","33":"product-type-simple","34":"has-product-nav","35":"col","36":"span_1_of_3","37":"owp-content-center","38":"owp-thumbs-layout-horizontal","39":"owp-btn-normal","40":"owp-tabs-layout-horizontal"},"yoast_head":"<!-- This site is optimized with the Yoast SEO plugin v25.3 - https:\/\/yoast.com\/wordpress\/plugins\/seo\/ -->\n<title>Swimming With Dolphins Ticket For Thai Residents | Book Now<\/title>\n<meta name=\"description\" content=\"Experience An Unforgettable Dolphin Swim At Dolphins Bay Phuket. Special Discounted Tickets For Thai Residents Available Now. Book Your Adventure Today!\" \/>\n<meta name=\"robots\" content=\"noindex, follow, max-snippet:-1, max-image-preview:large, max-video-preview:-1\" \/>\n<meta property=\"og:locale\" content=\"vi_VN\" \/>\n<meta property=\"og:type\" content=\"article\" \/>\n<meta property=\"og:title\" content=\"Swimming With Dolphins Ticket For Thai Residents | Book Now\" \/>\n<meta property=\"og:description\" content=\"Experience An Unforgettable Dolphin Swim At Dolphins Bay Phuket. Special Discounted Tickets For Thai Residents Available Now. Book Your Adventure Today!\" \/>\n<meta property=\"og:url\" content=\"https:\/\/dolphinshowpattaya.com\/vi\/ve\/dolphins-bay-phuket-swimming-with-dolphin-ticket-thai-residents\/\" \/>\n<meta property=\"og:site_name\" content=\"Dolphin Show Pattaya\" \/>\n<meta property=\"article:modified_time\" content=\"2025-06-07T17:56:30+00:00\" \/>\n<meta property=\"og:image\" content=\"https:\/\/dolphinshowpattaya.com\/wp-content\/uploads\/2024\/10\/Dolphin-Show-Tickets-Phuket.jpg\" \/>\n\t<meta property=\"og:image:width\" content=\"1567\" \/>\n\t<meta property=\"og:image:height\" content=\"1045\" \/>\n\t<meta property=\"og:image:type\" content=\"image\/jpeg\" \/>\n<meta name=\"twitter:card\" content=\"summary_large_image\" \/>\n<meta name=\"twitter:label1\" content=\"\u01af\u1edbc t\u00ednh th\u1eddi gian \u0111\u1ecdc\" \/>\n\t<meta name=\"twitter:data1\" content=\"3 ph\u00fat\" \/>\n<script type=\"application\/ld+json\" class=\"yoast-schema-graph\">{\"@context\":\"https:\/\/schema.org\",\"@graph\":[{\"@type\":\"WebPage\",\"@id\":\"https:\/\/dolphinshowpattaya.com\/tickets\/dolphins-bay-phuket-swimming-with-dolphin-ticket-thai-residents\/\",\"url\":\"https:\/\/dolphinshowpattaya.com\/tickets\/dolphins-bay-phuket-swimming-with-dolphin-ticket-thai-residents\/\",\"name\":\"Swimming With Dolphins Ticket For Thai Residents | Book Now\",\"isPartOf\":{\"@id\":\"https:\/\/dolphinshowpattaya.com\/#website\"},\"primaryImageOfPage\":{\"@id\":\"https:\/\/dolphinshowpattaya.com\/tickets\/dolphins-bay-phuket-swimming-with-dolphin-ticket-thai-residents\/#primaryimage\"},\"image\":{\"@id\":\"https:\/\/dolphinshowpattaya.com\/tickets\/dolphins-bay-phuket-swimming-with-dolphin-ticket-thai-residents\/#primaryimage\"},\"thumbnailUrl\":\"https:\/\/dolphinshowpattaya.com\/wp-content\/uploads\/2024\/10\/Dolphin-Show-Tickets-Phuket.jpg\",\"datePublished\":\"2024-10-24T23:01:40+00:00\",\"dateModified\":\"2025-06-07T17:56:30+00:00\",\"description\":\"Experience An Unforgettable Dolphin Swim At Dolphins Bay Phuket. Special Discounted Tickets For Thai Residents Available Now. Book Your Adventure Today!\",\"breadcrumb\":{\"@id\":\"https:\/\/dolphinshowpattaya.com\/tickets\/dolphins-bay-phuket-swimming-with-dolphin-ticket-thai-residents\/#breadcrumb\"},\"inLanguage\":\"vi\",\"potentialAction\":[{\"@type\":\"ReadAction\",\"target\":[\"https:\/\/dolphinshowpattaya.com\/tickets\/dolphins-bay-phuket-swimming-with-dolphin-ticket-thai-residents\/\"]}]},{\"@type\":\"ImageObject\",\"inLanguage\":\"vi\",\"@id\":\"https:\/\/dolphinshowpattaya.com\/tickets\/dolphins-bay-phuket-swimming-with-dolphin-ticket-thai-residents\/#primaryimage\",\"url\":\"https:\/\/dolphinshowpattaya.com\/wp-content\/uploads\/2024\/10\/Dolphin-Show-Tickets-Phuket.jpg\",\"contentUrl\":\"https:\/\/dolphinshowpattaya.com\/wp-content\/uploads\/2024\/10\/Dolphin-Show-Tickets-Phuket.jpg\",\"width\":1567,\"height\":1045,\"caption\":\"Dolphin Show Tickets Phuket\"},{\"@type\":\"BreadcrumbList\",\"@id\":\"https:\/\/dolphinshowpattaya.com\/tickets\/dolphins-bay-phuket-swimming-with-dolphin-ticket-thai-residents\/#breadcrumb\",\"itemListElement\":[{\"@type\":\"ListItem\",\"position\":1,\"name\":\"Home\",\"item\":\"https:\/\/dolphinshowpattaya.com\/\"},{\"@type\":\"ListItem\",\"position\":2,\"name\":\"Tickets\",\"item\":\"https:\/\/dolphinshowpattaya.com\/tickets\/\"},{\"@type\":\"ListItem\",\"position\":3,\"name\":\"Dolphins Bay Phuket &#8211; Swimming With Dolphin Ticket (Thai Residents)\"}]},{\"@type\":\"WebSite\",\"@id\":\"https:\/\/dolphinshowpattaya.com\/#website\",\"url\":\"https:\/\/dolphinshowpattaya.com\/\",\"name\":\"Dolphin Show Phuket\",\"description\":\"\",\"publisher\":{\"@id\":\"https:\/\/dolphinshowpattaya.com\/#organization\"},\"potentialAction\":[{\"@type\":\"SearchAction\",\"target\":{\"@type\":\"EntryPoint\",\"urlTemplate\":\"https:\/\/dolphinshowpattaya.com\/?s={search_term_string}\"},\"query-input\":{\"@type\":\"PropertyValueSpecification\",\"valueRequired\":true,\"valueName\":\"search_term_string\"}}],\"inLanguage\":\"vi\"},{\"@type\":\"Organization\",\"@id\":\"https:\/\/dolphinshowpattaya.com\/#organization\",\"name\":\"Dolphin Show Phuket\",\"url\":\"https:\/\/dolphinshowpattaya.com\/\",\"logo\":{\"@type\":\"ImageObject\",\"inLanguage\":\"vi\",\"@id\":\"https:\/\/dolphinshowpattaya.com\/#\/schema\/logo\/image\/\",\"url\":\"https:\/\/dolphinshowpattaya.com\/wp-content\/uploads\/2024\/08\/Dophin-Show-Phuket.png\",\"contentUrl\":\"https:\/\/dolphinshowpattaya.com\/wp-content\/uploads\/2024\/08\/Dophin-Show-Phuket.png\",\"width\":350,\"height\":100,\"caption\":\"Dolphin Show Phuket\"},\"image\":{\"@id\":\"https:\/\/dolphinshowpattaya.com\/#\/schema\/logo\/image\/\"}}]}<\/script>\n<!-- \/ Yoast SEO plugin. -->","yoast_head_json":{"title":"Swimming With Dolphins Ticket For Thai Residents | Book Now","description":"Experience An Unforgettable Dolphin Swim At Dolphins Bay Phuket. Special Discounted Tickets For Thai Residents Available Now. Book Your Adventure Today!","robots":{"index":"noindex","follow":"follow","max-snippet":"max-snippet:-1","max-image-preview":"max-image-preview:large","max-video-preview":"max-video-preview:-1"},"og_locale":"vi_VN","og_type":"article","og_title":"Swimming With Dolphins Ticket For Thai Residents | Book Now","og_description":"Experience An Unforgettable Dolphin Swim At Dolphins Bay Phuket. Special Discounted Tickets For Thai Residents Available Now. Book Your Adventure Today!","og_url":"https:\/\/dolphinshowpattaya.com\/vi\/ve\/dolphins-bay-phuket-swimming-with-dolphin-ticket-thai-residents\/","og_site_name":"Dolphin Show Pattaya","article_modified_time":"2025-06-07T17:56:30+00:00","og_image":[{"width":1567,"height":1045,"url":"https:\/\/dolphinshowpattaya.com\/wp-content\/uploads\/2024\/10\/Dolphin-Show-Tickets-Phuket.jpg","type":"image\/jpeg"}],"twitter_card":"summary_large_image","twitter_misc":{"\u01af\u1edbc t\u00ednh th\u1eddi gian \u0111\u1ecdc":"3 ph\u00fat"},"schema":{"@context":"https:\/\/schema.org","@graph":[{"@type":"WebPage","@id":"https:\/\/dolphinshowpattaya.com\/tickets\/dolphins-bay-phuket-swimming-with-dolphin-ticket-thai-residents\/","url":"https:\/\/dolphinshowpattaya.com\/tickets\/dolphins-bay-phuket-swimming-with-dolphin-ticket-thai-residents\/","name":"Swimming With Dolphins Ticket For Thai Residents | Book Now","isPartOf":{"@id":"https:\/\/dolphinshowpattaya.com\/#website"},"primaryImageOfPage":{"@id":"https:\/\/dolphinshowpattaya.com\/tickets\/dolphins-bay-phuket-swimming-with-dolphin-ticket-thai-residents\/#primaryimage"},"image":{"@id":"https:\/\/dolphinshowpattaya.com\/tickets\/dolphins-bay-phuket-swimming-with-dolphin-ticket-thai-residents\/#primaryimage"},"thumbnailUrl":"https:\/\/dolphinshowpattaya.com\/wp-content\/uploads\/2024\/10\/Dolphin-Show-Tickets-Phuket.jpg","datePublished":"2024-10-24T23:01:40+00:00","dateModified":"2025-06-07T17:56:30+00:00","description":"Experience An Unforgettable Dolphin Swim At Dolphins Bay Phuket. Special Discounted Tickets For Thai Residents Available Now. Book Your Adventure Today!","breadcrumb":{"@id":"https:\/\/dolphinshowpattaya.com\/tickets\/dolphins-bay-phuket-swimming-with-dolphin-ticket-thai-residents\/#breadcrumb"},"inLanguage":"vi","potentialAction":[{"@type":"ReadAction","target":["https:\/\/dolphinshowpattaya.com\/tickets\/dolphins-bay-phuket-swimming-with-dolphin-ticket-thai-residents\/"]}]},{"@type":"ImageObject","inLanguage":"vi","@id":"https:\/\/dolphinshowpattaya.com\/tickets\/dolphins-bay-phuket-swimming-with-dolphin-ticket-thai-residents\/#primaryimage","url":"https:\/\/dolphinshowpattaya.com\/wp-content\/uploads\/2024\/10\/Dolphin-Show-Tickets-Phuket.jpg","contentUrl":"https:\/\/dolphinshowpattaya.com\/wp-content\/uploads\/2024\/10\/Dolphin-Show-Tickets-Phuket.jpg","width":1567,"height":1045,"caption":"Dolphin Show Tickets Phuket"},{"@type":"BreadcrumbList","@id":"https:\/\/dolphinshowpattaya.com\/tickets\/dolphins-bay-phuket-swimming-with-dolphin-ticket-thai-residents\/#breadcrumb","itemListElement":[{"@type":"ListItem","position":1,"name":"Home","item":"https:\/\/dolphinshowpattaya.com\/"},{"@type":"ListItem","position":2,"name":"Tickets","item":"https:\/\/dolphinshowpattaya.com\/tickets\/"},{"@type":"ListItem","position":3,"name":"Dolphins Bay Phuket &#8211; Swimming With Dolphin Ticket (Thai Residents)"}]},{"@type":"WebSite","@id":"https:\/\/dolphinshowpattaya.com\/#website","url":"https:\/\/dolphinshowpattaya.com\/","name":"Dolphin Show Phuket","description":"","publisher":{"@id":"https:\/\/dolphinshowpattaya.com\/#organization"},"potentialAction":[{"@type":"SearchAction","target":{"@type":"EntryPoint","urlTemplate":"https:\/\/dolphinshowpattaya.com\/?s={search_term_string}"},"query-input":{"@type":"PropertyValueSpecification","valueRequired":true,"valueName":"search_term_string"}}],"inLanguage":"vi"},{"@type":"Organization","@id":"https:\/\/dolphinshowpattaya.com\/#organization","name":"Dolphin Show Phuket","url":"https:\/\/dolphinshowpattaya.com\/","logo":{"@type":"ImageObject","inLanguage":"vi","@id":"https:\/\/dolphinshowpattaya.com\/#\/schema\/logo\/image\/","url":"https:\/\/dolphinshowpattaya.com\/wp-content\/uploads\/2024\/08\/Dophin-Show-Phuket.png","contentUrl":"https:\/\/dolphinshowpattaya.com\/wp-content\/uploads\/2024\/08\/Dophin-Show-Phuket.png","width":350,"height":100,"caption":"Dolphin Show Phuket"},"image":{"@id":"https:\/\/dolphinshowpattaya.com\/#\/schema\/logo\/image\/"}}]}},"jetpack_sharing_enabled":true,"_links":{"self":[{"href":"https:\/\/dolphinshowpattaya.com\/vi\/wp-json\/wp\/v2\/product\/2921","targetHints":{"allow":["GET"]}}],"collection":[{"href":"https:\/\/dolphinshowpattaya.com\/vi\/wp-json\/wp\/v2\/product"}],"about":[{"href":"https:\/\/dolphinshowpattaya.com\/vi\/wp-json\/wp\/v2\/types\/product"}],"replies":[{"embeddable":true,"href":"https:\/\/dolphinshowpattaya.com\/vi\/wp-json\/wp\/v2\/comments?post=2921"}],"wp:featuredmedia":[{"embeddable":true,"href":"https:\/\/dolphinshowpattaya.com\/vi\/wp-json\/wp\/v2\/media\/2851"}],"wp:attachment":[{"href":"https:\/\/dolphinshowpattaya.com\/vi\/wp-json\/wp\/v2\/media?parent=2921"}],"wp:term":[{"taxonomy":"product_brand","embeddable":true,"href":"https:\/\/dolphinshowpattaya.com\/vi\/wp-json\/wp\/v2\/product_brand?post=2921"},{"taxonomy":"product_cat","embeddable":true,"href":"https:\/\/dolphinshowpattaya.com\/vi\/wp-json\/wp\/v2\/product_cat?post=2921"},{"taxonomy":"product_tag","embeddable":true,"href":"https:\/\/dolphinshowpattaya.com\/vi\/wp-json\/wp\/v2\/product_tag?post=2921"}],"curies":[{"name":"wp","href":"https:\/\/api.w.org\/{rel}","templated":true}]}}