{"id":2911,"date":"2024-10-25T02:40:53","date_gmt":"2024-10-24T21:10:53","guid":{"rendered":"https:\/\/dolphinshowpattaya.com\/?post_type=product&#038;p=2911"},"modified":"2025-09-25T04:35:15","modified_gmt":"2025-09-24T23:05:15","slug":"ve-ghe-thuong-cua-dolphins-bay-phuket-danh-cho-cu-dan-thai-lan","status":"publish","type":"product","link":"https:\/\/dolphinshowpattaya.com\/vi\/ve\/ve-ghe-thuong-cua-dolphins-bay-phuket-danh-cho-cu-dan-thai-lan\/","title":{"rendered":"Dolphins Bay Phuket \u2013 V\u00e9 gh\u1ebf th\u01b0\u1eddng (D\u00e0nh cho c\u00f4ng d\u00e2n Th\u00e1i Lan)"},"content":{"rendered":"<h2>V\u1ec1 ch\u01b0\u01a1ng tr\u00ecnh bi\u1ec3u di\u1ec5n c\u00e1 heo \u1edf Phuket (V\u00e9 gh\u1ebf th\u01b0\u1eddng d\u00e0nh cho c\u00f4ng d\u00e2n Th\u00e1i Lan)<\/h2>\n<p>T\u1ea1i <a href=\"https:\/\/dolphinshowpattaya.com\/vi\"><strong>Bi\u1ec3u di\u1ec5n c\u00e1 heo Phuket<\/strong><\/a>, du kh\u00e1ch \u0111\u01b0\u1ee3c m\u1eddi th\u01b0\u1edfng th\u1ee9c nh\u1eefng m\u00e0n tr\u00ecnh di\u1ec5n \u0111\u1ea7y m\u00ea ho\u1eb7c t\u1ea1i <strong>V\u1ecbnh C\u00e1 Heo Phuket<\/strong>, c\u00f3 nhi\u1ec1u lo\u1ea1i \u0111\u1ed9ng v\u1eadt bi\u1ec3n, bao g\u1ed3m h\u1ea3i c\u1ea9u v\u00e0 c\u00e1 heo. \u0110\u01b0\u1ee3c thi\u1ebft k\u1ebf ri\u00eang cho c\u01b0 d\u00e2n Th\u00e1i Lan, <strong>V\u00e9 gh\u1ebf th\u01b0\u1eddng<\/strong> mang \u0111\u1ebfn m\u1ed9t c\u00e1ch ti\u1ebft ki\u1ec7m \u0111\u1ec3 tr\u1ea3i nghi\u1ec7m s\u1ef1 k\u1ef3 di\u1ec7u \u1edf c\u1ef1 ly g\u1ea7n trong khi ng\u1ed3i tho\u1ea3i m\u00e1i \u1edf khu v\u1ef1c th\u01b0\u1eddng c\u1ee7a \u0111\u1ea5u tr\u01b0\u1eddng.<\/p>\n<hr \/>\n<h3>Hi\u1ec3n th\u1ecb th\u1eddi gian<\/h3>\n<p>Ch\u01b0\u01a1ng tr\u00ecnh bi\u1ec3u di\u1ec5n c\u00e1 heo \u0111\u01b0\u1ee3c l\u00ean l\u1ecbch h\u00e0ng ng\u00e0y (tr\u1eeb th\u1ee9 Hai) v\u00e0o c\u00e1c th\u1eddi \u0111i\u1ec3m sau:<\/p>\n<ul>\n<li><strong>11:00 s\u00e1ng<\/strong>: C\u1ed5ng m\u1edf l\u00fac 10:45 s\u00e1ng<\/li>\n<li><strong>2:00 Chi\u1ec1u<\/strong>: C\u1ed5ng m\u1edf l\u00fac 1:45 chi\u1ec1u<\/li>\n<li><strong>5:00 chi\u1ec1u<\/strong>: C\u1ed5ng m\u1edf l\u00fac 4:45 chi\u1ec1u<\/li>\n<\/ul>\n<p>M\u1ed7i ch\u01b0\u01a1ng tr\u00ecnh c\u00f3 m\u00e0n bi\u1ec3u di\u1ec5n h\u1ea3i c\u1ea9u k\u00e9o d\u00e0i 15 ph\u00fat, ti\u1ebfp theo l\u00e0 ch\u01b0\u01a1ng tr\u00ecnh bi\u1ec3u di\u1ec5n c\u00e1 heo v\u00e0 ho\u1ea1t \u0111\u1ed9ng b\u01a1i l\u1ed9i.<\/p>\n<hr \/>\n<h3>Ch\u00ednh s\u00e1ch tr\u1ebb em<\/h3>\n<ul>\n<li><strong>Tr\u1ebb em d\u01b0\u1edbi 90 cm<\/strong> chi\u1ec1u cao c\u00f3 th\u1ec3 tham d\u1ef1 mi\u1ec5n ph\u00ed m\u00e0 kh\u00f4ng c\u1ea7n ch\u1ed7 ng\u1ed3i \u0111\u01b0\u1ee3c ch\u1ec9 \u0111\u1ecbnh.<\/li>\n<li><strong>Tr\u1ebb em t\u1eeb 90 cm \u0111\u1ebfn 130 cm<\/strong> \u0111\u01b0\u1ee3c h\u01b0\u1edfng m\u1ee9c gi\u00e1 v\u00e9 \u01b0u \u0111\u00e3i d\u00e0nh cho tr\u1ebb em.<\/li>\n<li><strong>B\u01a1i c\u00f9ng c\u00e1 heo<\/strong> ch\u1ec9 d\u00e0nh cho tr\u1ebb em t\u1eeb 6 tu\u1ed5i tr\u1edf l\u00ean. Tr\u1ebb em t\u1eeb 4-5 tu\u1ed5i ph\u1ea3i c\u00f3 cha m\u1eb9 \u0111i k\u00e8m (\u00e1p d\u1ee5ng ph\u1ee5 ph\u00ed).<\/li>\n<\/ul>\n<hr \/>\n<h3>Nh\u1eefng g\u00ec bao g\u1ed3m<\/h3>\n<ul>\n<li>Truy c\u1eadp v\u00e0o <strong>Gh\u1ebf th\u01b0\u1eddng<\/strong> d\u00e0nh cho ng\u01b0\u1eddi d\u00e2n Th\u00e1i Lan.<\/li>\n<li>Truy c\u1eadp \u0111\u1ea7y \u0111\u1ee7 v\u00e0o <strong>ch\u01b0\u01a1ng tr\u00ecnh bi\u1ec3u di\u1ec5n h\u1ea3i c\u1ea9u v\u00e0 c\u00e1 heo<\/strong>.<\/li>\n<li>C\u01a1 h\u1ed9i cho <strong>bu\u1ed5i ch\u1ee5p \u1ea3nh<\/strong> c\u00f9ng c\u00e1 heo v\u00e0 h\u1ea3i c\u1ea9u (c\u00f3 t\u00ednh th\u00eam ph\u00ed).<\/li>\n<\/ul>\n<hr \/>\n<h3>\u0110i\u1ec3m n\u1ed5i b\u1eadt<\/h3>\n<ul>\n<li>Ch\u1ee9ng ki\u1ebfn m\u1ed9t s\u1ef1 ly k\u1ef3 <strong>bi\u1ec3u di\u1ec5n c\u00e1 heo<\/strong> v\u1edbi nh\u1eefng pha nh\u00e0o l\u1ed9n v\u00e0 bi\u1ec3u di\u1ec5n \u0111\u1ed3ng b\u1ed9.<\/li>\n<li>T\u1eadn h\u01b0\u1edfng ni\u1ec1m vui <strong>ch\u01b0\u01a1ng tr\u00ecnh bi\u1ec3u di\u1ec5n h\u1ea3i c\u1ea9u<\/strong>, c\u00f3 s\u1ef1 g\u00f3p m\u1eb7t c\u1ee7a nh\u1eefng ch\u00fa h\u1ea3i c\u1ea9u tinh ngh\u1ecbch v\u00e0 kh\u00e9o l\u00e9o.<\/li>\n<li>Chi\u00eam ng\u01b0\u1ee1ng m\u1ed1i li\u00ean k\u1ebft gi\u1eefa ng\u01b0\u1eddi hu\u1ea5n luy\u1ec7n v\u00e0 c\u00e1 heo trong m\u00e0n tr\u00ecnh di\u1ec5n t\u00e0i n\u0103ng d\u01b0\u1edbi n\u01b0\u1edbc \u0111\u1ea7y th\u00fa v\u1ecb.<\/li>\n<\/ul>\n<hr \/>\n<h3>Bao g\u1ed3m<\/h3>\n<ul>\n<li>Nh\u1eadp h\u1ecdc v\u00e0o <a href=\"https:\/\/dolphinshowpattaya.com\/vi\"><strong>V\u1ecbnh C\u00e1 Heo Phuket<\/strong><\/a>.<\/li>\n<li>Truy c\u1eadp v\u00e0o <strong>ch\u01b0\u01a1ng tr\u00ecnh bi\u1ec3u di\u1ec5n h\u1ea3i c\u1ea9u<\/strong> V\u00e0 <strong>ch\u01b0\u01a1ng tr\u00ecnh bi\u1ec3u di\u1ec5n c\u00e1 heo<\/strong>.<\/li>\n<li>Gh\u1ebf ng\u1ed3i th\u00f4ng th\u01b0\u1eddng (h\u00e0ng E, F, G).<\/li>\n<\/ul>\n<hr \/>\n<h3>Lo\u1ea1i tr\u1eeb<\/h3>\n<ul>\n<li><strong>Th\u1ef1c ph\u1ea9m v\u00e0 \u0111\u1ed3 u\u1ed1ng<\/strong> (c\u00f3 th\u1ec3 mua t\u1ea1i \u0111\u1ecba \u0111i\u1ec3m t\u1ed5 ch\u1ee9c).<\/li>\n<li><strong>Bu\u1ed5i ch\u1ee5p \u1ea3nh<\/strong> c\u00f9ng c\u00e1 heo v\u00e0 h\u1ea3i c\u1ea9u (t\u00f9y ch\u1ecdn, c\u00f3 t\u00ednh ph\u00ed b\u1ed5 sung).<\/li>\n<li><strong>V\u1eadn t\u1ea3i<\/strong> \u0111\u1ebfn v\u00e0 \u0111i t\u1eeb \u0111\u1ecba \u0111i\u1ec3m t\u1ed5 ch\u1ee9c.<\/li>\n<\/ul>\n<hr \/>\n<h3>Ch\u00ednh s\u00e1ch ho\u00e0n ti\u1ec1n v\u00e0 h\u1ee7y b\u1ecf<\/h3>\n<ul>\n<li><strong>Kh\u00f4ng h\u1ee7y ho\u1eb7c ho\u00e0n ti\u1ec1n<\/strong> s\u1ebd c\u00f3 s\u1eb5n sau khi x\u00e1c nh\u1eadn \u0111\u1eb7t ph\u00f2ng.<\/li>\n<li>C\u00f3 th\u1ec3 s\u1eafp x\u1ebfp l\u1ea1i l\u1ecbch h\u1eb9n tr\u01b0\u1edbc 24 gi\u1edd so v\u1edbi l\u1ecbch h\u1eb9n, t\u00f9y thu\u1ed9c v\u00e0o t\u00ecnh tr\u1ea1ng ph\u00f2ng tr\u1ed1ng.<\/li>\n<\/ul>\n<hr \/>\n<h3>C\u00f2n g\u00ec n\u1eefa?<\/h3>\n<p>Ch\u01b0\u01a1ng tr\u00ecnh bi\u1ec3u di\u1ec5n c\u00e1 heo ho\u00e0n h\u1ea3o cho m\u1ecdi l\u1ee9a tu\u1ed5i v\u00e0 \u0111\u01b0\u1ee3c thi\u1ebft k\u1ebf \u0111\u1ec3 gi\u1ea3i tr\u00ed v\u00e0 truy\u1ec1n c\u1ea3m h\u1ee9ng cho nh\u1eefng ng\u01b0\u1eddi y\u00eau th\u00edch sinh v\u1eadt bi\u1ec3n. B\u1ea1n c\u0169ng c\u00f3 th\u1ec3 t\u1eadn h\u01b0\u1edfng c\u01a1 h\u1ed9i ch\u1ee5p \u1ea3nh v\u00e0 tr\u1ea3i nghi\u1ec7m t\u01b0\u01a1ng t\u00e1c.<\/p>\n<hr \/>\n<h3>M\u1eb9o n\u1ed9i b\u1ed9<\/h3>\n<ul>\n<li><strong>\u0110\u1ebfn s\u1edbm<\/strong> \u0111\u1ec3 gi\u1eef ch\u1ed7 v\u00e0 t\u1eadn h\u01b0\u1edfng c\u00e1c ho\u1ea1t \u0111\u1ed9ng tr\u01b0\u1edbc bu\u1ed5i bi\u1ec3u di\u1ec5n.<\/li>\n<li>H\u00e3y ch\u1eafc ch\u1eafn mang theo <strong>kem ch\u1ed1ng n\u1eafng<\/strong> V\u00e0 <strong>m\u0169<\/strong> v\u00e0o nh\u1eefng ng\u00e0y n\u1eafng v\u00ec khu v\u1ef1c ch\u1ed7 ng\u1ed3i c\u00f3 th\u1ec3 \u1ea5m \u00e1p.<\/li>\n<\/ul>\n<hr \/>\n<h3>N\u00ean v\u00e0 kh\u00f4ng n\u00ean<\/h3>\n<p><strong>N\u00ean l\u00e0m:<\/strong><\/p>\n<ul>\n<li>C\u00f3 m\u1eb7t \u00edt nh\u1ea5t 15 ph\u00fat tr\u01b0\u1edbc khi ch\u01b0\u01a1ng tr\u00ecnh b\u1eaft \u0111\u1ea7u.<\/li>\n<li>H\u00e3y ng\u1ed3i y\u00ean v\u00e0 th\u01b0\u1edfng th\u1ee9c bu\u1ed5i bi\u1ec3u di\u1ec5n.<\/li>\n<\/ul>\n<p><strong>Kh\u00f4ng n\u00ean:<\/strong><\/p>\n<ul>\n<li>Kh\u00f4ng mang \u0111\u1ed3 \u0103n, \u0111\u1ed3 u\u1ed1ng t\u1eeb b\u00ean ngo\u00e0i v\u00e0o.<\/li>\n<li>Kh\u00f4ng \u0111\u01b0\u1ee3c \u0111\u1ebfn g\u1ea7n m\u00e9p h\u1ed3 b\u01a1i ho\u1eb7c c\u00fai qu\u00e1 g\u1ea7n m\u1eb7t n\u01b0\u1edbc.<\/li>\n<\/ul>\n<hr \/>\n<h3>Bi\u1ebft tr\u01b0\u1edbc khi b\u1ea1n \u0111i<\/h3>\n<ul>\n<li>H\u00e3y ch\u1eafc ch\u1eafn \u0111\u1ec3 <strong>\u0111\u1eb7t v\u00e9 tr\u01b0\u1edbc<\/strong> \u0111\u1ec3 gi\u1eef ch\u1ed7 cho b\u1ea1n.<\/li>\n<li>\u0110\u01b0\u1ee3c ph\u00e9p ch\u1ee5p \u1ea3nh trong su\u1ed1t bu\u1ed5i bi\u1ec3u di\u1ec5n, nh\u01b0ng kh\u00f4ng \u0111\u01b0\u1ee3c ph\u00e9p ch\u1ee5p \u1ea3nh b\u1eb1ng \u0111\u00e8n flash.<\/li>\n<li>C\u00f3 ch\u1ed7 ng\u1ed3i tho\u1ea3i m\u00e1i \u1edf h\u00e0ng E, F v\u00e0 G d\u00e0nh cho h\u00e0nh kh\u00e1ch c\u00f3 v\u00e9 th\u01b0\u1eddng xuy\u00ean.<\/li>\n<\/ul>\n<hr \/>\n<h3>\u0110\u1ecba ch\u1ec9<\/h3>\n<p><strong>V\u1ecbnh C\u00e1 Heo Phuket<\/strong><br \/>\n33\/50, Chalong, Qu\u1eadn Mueang Phuket, Phuket 83130, Th\u00e1i Lan.<\/p>\n<hr \/>\n<h3>B\u1ea3n \u0111\u1ed3 &amp; V\u1ecb tr\u00ed<\/h3>\n<p>T\u00ecm \u0111\u1ecba \u0111i\u1ec3m tr\u00ean <a href=\"https:\/\/maps.app.goo.gl\/iKaEd3g2Nr1B9YJD8\" target=\"_new\" rel=\"noopener\">B\u1ea3n \u0111\u1ed3 Google<\/a>.<\/p>\n<hr \/>\n<h3>L\u00e0m th\u1ebf n\u00e0o \u0111\u1ec3 \u0111\u1ebfn V\u1ecbnh Dolphins Phuket<\/h3>\n<ul>\n<li><strong>B\u1eb1ng \u00f4 t\u00f4:<\/strong> Dolphins Bay Phuket n\u1eb1m \u1edf Chalong. C\u00f3 b\u00e3i \u0111\u1eadu xe t\u1ea1i \u0111\u1ecba \u0111i\u1ec3m n\u00e0y.<\/li>\n<li><strong>B\u1eb1ng Taxi:<\/strong> H\u1ea7u h\u1ebft c\u00e1c d\u1ecbch v\u1ee5 taxi \u0111\u1ecba ph\u01b0\u01a1ng v\u00e0 \u1ee9ng d\u1ee5ng g\u1ecdi xe \u0111\u1ec1u c\u00f3 th\u1ec3 \u0111\u01b0a b\u1ea1n th\u1eb3ng \u0111\u1ebfn Dolphins Bay.<\/li>\n<li><strong>B\u1eb1ng ph\u01b0\u01a1ng ti\u1ec7n giao th\u00f4ng c\u00f4ng c\u1ed9ng:<\/strong> B\u1ea1n c\u0169ng c\u00f3 th\u1ec3 s\u1eed d\u1ee5ng xe bu\u00fdt \u0111\u1ecba ph\u01b0\u01a1ng ho\u1eb7c xe tuk-tuk \u0111\u1ec3 \u0111\u1ebfn \u0111\u1ecba \u0111i\u1ec3m t\u1ed5 ch\u1ee9c.<\/li>\n<\/ul>\n<hr \/>\n<h3>Nh\u1eefng c\u00e2u h\u1ecfi th\u01b0\u1eddng g\u1eb7p (FAQ)<\/h3>\n<p><strong>1. C\u00f3 \u0111\u01b0\u1ee3c ph\u00e9p ch\u1ee5p \u1ea3nh trong bu\u1ed5i bi\u1ec3u di\u1ec5n kh\u00f4ng?<\/strong><br \/>\nC\u00f3, nh\u01b0ng vui l\u00f2ng tr\u00e1nh s\u1eed d\u1ee5ng \u0111\u00e8n flash khi ch\u1ee5p \u1ea3nh.<\/p>\n<p><strong>2. T\u00f4i c\u00f3 th\u1ec3 b\u01a1i c\u00f9ng c\u00e1 heo kh\u00f4ng?<\/strong><br \/>\nC\u00f3 d\u1ecbch v\u1ee5 b\u01a1i c\u00f9ng c\u00e1 heo nh\u01b0ng ph\u1ea3i mua th\u00eam v\u00e9.<\/p>\n<p><strong>3. T\u00f4i n\u00ean m\u1eb7c g\u00ec khi \u0111\u1ebfn Dolphins Bay Phuket?<\/strong><br \/>\nN\u00ean m\u1eb7c trang ph\u1ee5c tho\u1ea3i m\u00e1i, gi\u1ea3n d\u1ecb. N\u00ean \u0111\u1ed9i m\u0169 v\u00e0 thoa kem ch\u1ed1ng n\u1eafng khi tham gia c\u00e1c ho\u1ea1t \u0111\u1ed9ng ngo\u00e0i tr\u1eddi.<\/p>\n<p><strong>4. C\u00f3 gi\u1ea3m gi\u00e1 cho \u0111\u1eb7t ch\u1ed7 theo nh\u00f3m kh\u00f4ng?<\/strong><br \/>\nC\u00f3, c\u00f3 th\u1ec3 c\u00f3 gi\u1ea3m gi\u00e1 cho nh\u00f3m. Li\u00ean h\u1ec7 v\u1edbi ch\u00fang t\u00f4i t\u1ea1i <strong><a href=\"mailto:contact@dolphinshowpattaya.com\" rel=\"noopener\">contact@dolphinshowpattaya.com<\/a><\/strong> \u0111\u1ec3 bi\u1ebft th\u00eam chi ti\u1ebft.<\/p>\n<p><strong>5. C\u00f3 ph\u1ee5c v\u1ee5 \u0111\u1ed3 \u0103n v\u00e0 \u0111\u1ed3 u\u1ed1ng t\u1ea1i \u0111\u1ecba \u0111i\u1ec3m t\u1ed5 ch\u1ee9c kh\u00f4ng?<\/strong><br \/>\nC\u00f3, b\u1ea1n c\u00f3 th\u1ec3 mua \u0111\u1ed3 \u0103n v\u00e0 \u0111\u1ed3 u\u1ed1ng t\u1ea1i \u0111\u1ecba \u0111i\u1ec3m t\u1ed5 ch\u1ee9c.<\/p>","protected":false},"excerpt":{"rendered":"<table class=\"short-description\">\n<tbody class=\"tabel364\">\n<tr class=\"short-description-tr32r\">\n<th class=\"short-description-th\"><span class=\"description-h23\"><strong class=\"description-strong67\">M\u1ecdi \u0111\u1eb7t ch\u1ed7 ph\u1ea3i \u0111\u01b0\u1ee3c th\u1ef1c hi\u1ec7n tr\u01b0\u1edbc bu\u1ed5i bi\u1ec3u di\u1ec5n 1 ng\u00e0y (tr\u01b0\u1edbc 06:00 chi\u1ec1u theo gi\u1edd Th\u00e1i Lan).<\/strong><\/span><\/th>\n<\/tr>\n<\/tbody>\n<\/table>","protected":false},"featured_media":2849,"comment_status":"open","ping_status":"closed","template":"","meta":{"ocean_post_layout":"","ocean_both_sidebars_style":"","ocean_both_sidebars_content_width":0,"ocean_both_sidebars_sidebars_width":0,"ocean_sidebar":"0","ocean_second_sidebar":"0","ocean_disable_margins":"enable","ocean_add_body_class":"","ocean_shortcode_before_top_bar":"","ocean_shortcode_after_top_bar":"","ocean_shortcode_before_header":"","ocean_shortcode_after_header":"","ocean_has_shortcode":"","ocean_shortcode_after_title":"","ocean_shortcode_before_footer_widgets":"","ocean_shortcode_after_footer_widgets":"","ocean_shortcode_before_footer_bottom":"","ocean_shortcode_after_footer_bottom":"","ocean_display_top_bar":"default","ocean_display_header":"default","ocean_header_style":"","ocean_center_header_left_menu":"0","ocean_custom_header_template":"0","ocean_custom_logo":0,"ocean_custom_retina_logo":0,"ocean_custom_logo_max_width":0,"ocean_custom_logo_tablet_max_width":0,"ocean_custom_logo_mobile_max_width":0,"ocean_custom_logo_max_height":0,"ocean_custom_logo_tablet_max_height":0,"ocean_custom_logo_mobile_max_height":0,"ocean_header_custom_menu":"0","ocean_menu_typo_font_family":"0","ocean_menu_typo_font_subset":"","ocean_menu_typo_font_size":0,"ocean_menu_typo_font_size_tablet":0,"ocean_menu_typo_font_size_mobile":0,"ocean_menu_typo_font_size_unit":"px","ocean_menu_typo_font_weight":"","ocean_menu_typo_font_weight_tablet":"","ocean_menu_typo_font_weight_mobile":"","ocean_menu_typo_transform":"","ocean_menu_typo_transform_tablet":"","ocean_menu_typo_transform_mobile":"","ocean_menu_typo_line_height":0,"ocean_menu_typo_line_height_tablet":0,"ocean_menu_typo_line_height_mobile":0,"ocean_menu_typo_line_height_unit":"","ocean_menu_typo_spacing":0,"ocean_menu_typo_spacing_tablet":0,"ocean_menu_typo_spacing_mobile":0,"ocean_menu_typo_spacing_unit":"","ocean_menu_link_color":"","ocean_menu_link_color_hover":"","ocean_menu_link_color_active":"","ocean_menu_link_background":"","ocean_menu_link_hover_background":"","ocean_menu_link_active_background":"","ocean_menu_social_links_bg":"","ocean_menu_social_hover_links_bg":"","ocean_menu_social_links_color":"","ocean_menu_social_hover_links_color":"","ocean_disable_title":"default","ocean_disable_heading":"default","ocean_post_title":"","ocean_post_subheading":"","ocean_post_title_style":"","ocean_post_title_background_color":"","ocean_post_title_background":0,"ocean_post_title_bg_image_position":"","ocean_post_title_bg_image_attachment":"","ocean_post_title_bg_image_repeat":"","ocean_post_title_bg_image_size":"","ocean_post_title_height":0,"ocean_post_title_bg_overlay":0.5,"ocean_post_title_bg_overlay_color":"","ocean_disable_breadcrumbs":"default","ocean_breadcrumbs_color":"","ocean_breadcrumbs_separator_color":"","ocean_breadcrumbs_links_color":"","ocean_breadcrumbs_links_hover_color":"","ocean_display_footer_widgets":"default","ocean_display_footer_bottom":"default","ocean_custom_footer_template":"0"},"product_brand":[],"product_cat":[20],"product_tag":[301,299,306,231,255,304,232,305,303,230,256,300,233,302,249,298],"class_list":{"0":"post-2911","1":"product","2":"type-product","3":"status-publish","4":"has-post-thumbnail","6":"product_cat-tickets","7":"product_tag-affordable-tickets","8":"product_tag-dolphin-performance","9":"product_tag-dolphin-show-deals","10":"product_tag-dolphin-show-phuket","11":"product_tag-dolphin-show-thailand","12":"product_tag-dolphin-show-times","13":"product_tag-dolphins-bay-phuket-tickets","14":"product_tag-dolphins-bay-ticket-prices","15":"product_tag-family-entertainment-phuket","16":"product_tag-phuket","17":"product_tag-phuket-attractions","18":"product_tag-phuket-ticket-booking","19":"product_tag-regular-seat-ticket","20":"product_tag-regular-seating","21":"product_tag-seal-show-phuket","22":"product_tag-thai-residents","23":"tm-has-options","25":"entry","26":"has-media","28":"first","29":"instock","30":"virtual","31":"purchasable","32":"product-type-simple","33":"has-product-nav","34":"col","35":"span_1_of_3","36":"owp-content-center","37":"owp-thumbs-layout-horizontal","38":"owp-btn-normal","39":"owp-tabs-layout-horizontal"},"yoast_head":"<!-- This site is optimized with the Yoast SEO plugin v25.3 - https:\/\/yoast.com\/wordpress\/plugins\/seo\/ -->\n<title>Book Regular Seat Ticket - Thai Residents | Dolphin Show Phuket<\/title>\n<meta name=\"description\" content=\"Enjoy Exclusive Dolphin Performances At Dolphins Bay Phuket. Book Your Regular Seat Ticket For Thai Residents Now! Affordable Prices, Daily Shows Available.\" \/>\n<meta name=\"robots\" content=\"noindex, follow, max-snippet:-1, max-image-preview:large, max-video-preview:-1\" \/>\n<meta property=\"og:locale\" content=\"vi_VN\" \/>\n<meta property=\"og:type\" content=\"article\" \/>\n<meta property=\"og:title\" content=\"Book Regular Seat Ticket - Thai Residents | Dolphin Show Phuket\" \/>\n<meta property=\"og:description\" content=\"Enjoy Exclusive Dolphin Performances At Dolphins Bay Phuket. Book Your Regular Seat Ticket For Thai Residents Now! Affordable Prices, Daily Shows Available.\" \/>\n<meta property=\"og:url\" content=\"https:\/\/dolphinshowpattaya.com\/vi\/ve\/ve-ghe-thuong-cua-dolphins-bay-phuket-danh-cho-cu-dan-thai-lan\/\" \/>\n<meta property=\"og:site_name\" content=\"Dolphin Show Pattaya\" \/>\n<meta property=\"article:modified_time\" content=\"2025-09-24T23:05:15+00:00\" \/>\n<meta property=\"og:image\" content=\"https:\/\/dolphinshowpattaya.com\/wp-content\/uploads\/2024\/10\/Dolphins-Bay-Phuket-Price.jpg\" \/>\n\t<meta property=\"og:image:width\" content=\"2048\" \/>\n\t<meta property=\"og:image:height\" content=\"1365\" \/>\n\t<meta property=\"og:image:type\" content=\"image\/jpeg\" \/>\n<meta name=\"twitter:card\" content=\"summary_large_image\" \/>\n<meta name=\"twitter:label1\" content=\"\u01af\u1edbc t\u00ednh th\u1eddi gian \u0111\u1ecdc\" \/>\n\t<meta name=\"twitter:data1\" content=\"3 ph\u00fat\" \/>\n<script type=\"application\/ld+json\" class=\"yoast-schema-graph\">{\"@context\":\"https:\/\/schema.org\",\"@graph\":[{\"@type\":\"WebPage\",\"@id\":\"https:\/\/dolphinshowpattaya.com\/tickets\/dolphins-bay-phuket-regular-seat-ticket-thai-residents\/\",\"url\":\"https:\/\/dolphinshowpattaya.com\/tickets\/dolphins-bay-phuket-regular-seat-ticket-thai-residents\/\",\"name\":\"Book Regular Seat Ticket - Thai Residents | Dolphin Show Phuket\",\"isPartOf\":{\"@id\":\"https:\/\/dolphinshowpattaya.com\/#website\"},\"primaryImageOfPage\":{\"@id\":\"https:\/\/dolphinshowpattaya.com\/tickets\/dolphins-bay-phuket-regular-seat-ticket-thai-residents\/#primaryimage\"},\"image\":{\"@id\":\"https:\/\/dolphinshowpattaya.com\/tickets\/dolphins-bay-phuket-regular-seat-ticket-thai-residents\/#primaryimage\"},\"thumbnailUrl\":\"https:\/\/dolphinshowpattaya.com\/wp-content\/uploads\/2024\/10\/Dolphins-Bay-Phuket-Price.jpg\",\"datePublished\":\"2024-10-24T21:10:53+00:00\",\"dateModified\":\"2025-09-24T23:05:15+00:00\",\"description\":\"Enjoy Exclusive Dolphin Performances At Dolphins Bay Phuket. Book Your Regular Seat Ticket For Thai Residents Now! Affordable Prices, Daily Shows Available.\",\"breadcrumb\":{\"@id\":\"https:\/\/dolphinshowpattaya.com\/tickets\/dolphins-bay-phuket-regular-seat-ticket-thai-residents\/#breadcrumb\"},\"inLanguage\":\"vi\",\"potentialAction\":[{\"@type\":\"ReadAction\",\"target\":[\"https:\/\/dolphinshowpattaya.com\/tickets\/dolphins-bay-phuket-regular-seat-ticket-thai-residents\/\"]}]},{\"@type\":\"ImageObject\",\"inLanguage\":\"vi\",\"@id\":\"https:\/\/dolphinshowpattaya.com\/tickets\/dolphins-bay-phuket-regular-seat-ticket-thai-residents\/#primaryimage\",\"url\":\"https:\/\/dolphinshowpattaya.com\/wp-content\/uploads\/2024\/10\/Dolphins-Bay-Phuket-Price.jpg\",\"contentUrl\":\"https:\/\/dolphinshowpattaya.com\/wp-content\/uploads\/2024\/10\/Dolphins-Bay-Phuket-Price.jpg\",\"width\":2048,\"height\":1365,\"caption\":\"Dolphins Bay Phuket Price\"},{\"@type\":\"BreadcrumbList\",\"@id\":\"https:\/\/dolphinshowpattaya.com\/tickets\/dolphins-bay-phuket-regular-seat-ticket-thai-residents\/#breadcrumb\",\"itemListElement\":[{\"@type\":\"ListItem\",\"position\":1,\"name\":\"Home\",\"item\":\"https:\/\/dolphinshowpattaya.com\/\"},{\"@type\":\"ListItem\",\"position\":2,\"name\":\"Tickets\",\"item\":\"https:\/\/dolphinshowpattaya.com\/tickets\/\"},{\"@type\":\"ListItem\",\"position\":3,\"name\":\"Dolphins Bay Phuket &#8211; Regular Seat Ticket (Thai Residents)\"}]},{\"@type\":\"WebSite\",\"@id\":\"https:\/\/dolphinshowpattaya.com\/#website\",\"url\":\"https:\/\/dolphinshowpattaya.com\/\",\"name\":\"Dolphin Show Phuket\",\"description\":\"\",\"publisher\":{\"@id\":\"https:\/\/dolphinshowpattaya.com\/#organization\"},\"potentialAction\":[{\"@type\":\"SearchAction\",\"target\":{\"@type\":\"EntryPoint\",\"urlTemplate\":\"https:\/\/dolphinshowpattaya.com\/?s={search_term_string}\"},\"query-input\":{\"@type\":\"PropertyValueSpecification\",\"valueRequired\":true,\"valueName\":\"search_term_string\"}}],\"inLanguage\":\"vi\"},{\"@type\":\"Organization\",\"@id\":\"https:\/\/dolphinshowpattaya.com\/#organization\",\"name\":\"Dolphin Show Phuket\",\"url\":\"https:\/\/dolphinshowpattaya.com\/\",\"logo\":{\"@type\":\"ImageObject\",\"inLanguage\":\"vi\",\"@id\":\"https:\/\/dolphinshowpattaya.com\/#\/schema\/logo\/image\/\",\"url\":\"https:\/\/dolphinshowpattaya.com\/wp-content\/uploads\/2024\/08\/Dophin-Show-Phuket.png\",\"contentUrl\":\"https:\/\/dolphinshowpattaya.com\/wp-content\/uploads\/2024\/08\/Dophin-Show-Phuket.png\",\"width\":350,\"height\":100,\"caption\":\"Dolphin Show Phuket\"},\"image\":{\"@id\":\"https:\/\/dolphinshowpattaya.com\/#\/schema\/logo\/image\/\"}}]}<\/script>\n<!-- \/ Yoast SEO plugin. -->","yoast_head_json":{"title":"Book Regular Seat Ticket - Thai Residents | Dolphin Show Phuket","description":"Enjoy Exclusive Dolphin Performances At Dolphins Bay Phuket. Book Your Regular Seat Ticket For Thai Residents Now! Affordable Prices, Daily Shows Available.","robots":{"index":"noindex","follow":"follow","max-snippet":"max-snippet:-1","max-image-preview":"max-image-preview:large","max-video-preview":"max-video-preview:-1"},"og_locale":"vi_VN","og_type":"article","og_title":"Book Regular Seat Ticket - Thai Residents | Dolphin Show Phuket","og_description":"Enjoy Exclusive Dolphin Performances At Dolphins Bay Phuket. Book Your Regular Seat Ticket For Thai Residents Now! Affordable Prices, Daily Shows Available.","og_url":"https:\/\/dolphinshowpattaya.com\/vi\/ve\/ve-ghe-thuong-cua-dolphins-bay-phuket-danh-cho-cu-dan-thai-lan\/","og_site_name":"Dolphin Show Pattaya","article_modified_time":"2025-09-24T23:05:15+00:00","og_image":[{"width":2048,"height":1365,"url":"https:\/\/dolphinshowpattaya.com\/wp-content\/uploads\/2024\/10\/Dolphins-Bay-Phuket-Price.jpg","type":"image\/jpeg"}],"twitter_card":"summary_large_image","twitter_misc":{"\u01af\u1edbc t\u00ednh th\u1eddi gian \u0111\u1ecdc":"3 ph\u00fat"},"schema":{"@context":"https:\/\/schema.org","@graph":[{"@type":"WebPage","@id":"https:\/\/dolphinshowpattaya.com\/tickets\/dolphins-bay-phuket-regular-seat-ticket-thai-residents\/","url":"https:\/\/dolphinshowpattaya.com\/tickets\/dolphins-bay-phuket-regular-seat-ticket-thai-residents\/","name":"Book Regular Seat Ticket - Thai Residents | Dolphin Show Phuket","isPartOf":{"@id":"https:\/\/dolphinshowpattaya.com\/#website"},"primaryImageOfPage":{"@id":"https:\/\/dolphinshowpattaya.com\/tickets\/dolphins-bay-phuket-regular-seat-ticket-thai-residents\/#primaryimage"},"image":{"@id":"https:\/\/dolphinshowpattaya.com\/tickets\/dolphins-bay-phuket-regular-seat-ticket-thai-residents\/#primaryimage"},"thumbnailUrl":"https:\/\/dolphinshowpattaya.com\/wp-content\/uploads\/2024\/10\/Dolphins-Bay-Phuket-Price.jpg","datePublished":"2024-10-24T21:10:53+00:00","dateModified":"2025-09-24T23:05:15+00:00","description":"Enjoy Exclusive Dolphin Performances At Dolphins Bay Phuket. Book Your Regular Seat Ticket For Thai Residents Now! Affordable Prices, Daily Shows Available.","breadcrumb":{"@id":"https:\/\/dolphinshowpattaya.com\/tickets\/dolphins-bay-phuket-regular-seat-ticket-thai-residents\/#breadcrumb"},"inLanguage":"vi","potentialAction":[{"@type":"ReadAction","target":["https:\/\/dolphinshowpattaya.com\/tickets\/dolphins-bay-phuket-regular-seat-ticket-thai-residents\/"]}]},{"@type":"ImageObject","inLanguage":"vi","@id":"https:\/\/dolphinshowpattaya.com\/tickets\/dolphins-bay-phuket-regular-seat-ticket-thai-residents\/#primaryimage","url":"https:\/\/dolphinshowpattaya.com\/wp-content\/uploads\/2024\/10\/Dolphins-Bay-Phuket-Price.jpg","contentUrl":"https:\/\/dolphinshowpattaya.com\/wp-content\/uploads\/2024\/10\/Dolphins-Bay-Phuket-Price.jpg","width":2048,"height":1365,"caption":"Dolphins Bay Phuket Price"},{"@type":"BreadcrumbList","@id":"https:\/\/dolphinshowpattaya.com\/tickets\/dolphins-bay-phuket-regular-seat-ticket-thai-residents\/#breadcrumb","itemListElement":[{"@type":"ListItem","position":1,"name":"Home","item":"https:\/\/dolphinshowpattaya.com\/"},{"@type":"ListItem","position":2,"name":"Tickets","item":"https:\/\/dolphinshowpattaya.com\/tickets\/"},{"@type":"ListItem","position":3,"name":"Dolphins Bay Phuket &#8211; Regular Seat Ticket (Thai Residents)"}]},{"@type":"WebSite","@id":"https:\/\/dolphinshowpattaya.com\/#website","url":"https:\/\/dolphinshowpattaya.com\/","name":"Dolphin Show Phuket","description":"","publisher":{"@id":"https:\/\/dolphinshowpattaya.com\/#organization"},"potentialAction":[{"@type":"SearchAction","target":{"@type":"EntryPoint","urlTemplate":"https:\/\/dolphinshowpattaya.com\/?s={search_term_string}"},"query-input":{"@type":"PropertyValueSpecification","valueRequired":true,"valueName":"search_term_string"}}],"inLanguage":"vi"},{"@type":"Organization","@id":"https:\/\/dolphinshowpattaya.com\/#organization","name":"Dolphin Show Phuket","url":"https:\/\/dolphinshowpattaya.com\/","logo":{"@type":"ImageObject","inLanguage":"vi","@id":"https:\/\/dolphinshowpattaya.com\/#\/schema\/logo\/image\/","url":"https:\/\/dolphinshowpattaya.com\/wp-content\/uploads\/2024\/08\/Dophin-Show-Phuket.png","contentUrl":"https:\/\/dolphinshowpattaya.com\/wp-content\/uploads\/2024\/08\/Dophin-Show-Phuket.png","width":350,"height":100,"caption":"Dolphin Show Phuket"},"image":{"@id":"https:\/\/dolphinshowpattaya.com\/#\/schema\/logo\/image\/"}}]}},"jetpack_sharing_enabled":true,"_links":{"self":[{"href":"https:\/\/dolphinshowpattaya.com\/vi\/wp-json\/wp\/v2\/product\/2911","targetHints":{"allow":["GET"]}}],"collection":[{"href":"https:\/\/dolphinshowpattaya.com\/vi\/wp-json\/wp\/v2\/product"}],"about":[{"href":"https:\/\/dolphinshowpattaya.com\/vi\/wp-json\/wp\/v2\/types\/product"}],"replies":[{"embeddable":true,"href":"https:\/\/dolphinshowpattaya.com\/vi\/wp-json\/wp\/v2\/comments?post=2911"}],"wp:featuredmedia":[{"embeddable":true,"href":"https:\/\/dolphinshowpattaya.com\/vi\/wp-json\/wp\/v2\/media\/2849"}],"wp:attachment":[{"href":"https:\/\/dolphinshowpattaya.com\/vi\/wp-json\/wp\/v2\/media?parent=2911"}],"wp:term":[{"taxonomy":"product_brand","embeddable":true,"href":"https:\/\/dolphinshowpattaya.com\/vi\/wp-json\/wp\/v2\/product_brand?post=2911"},{"taxonomy":"product_cat","embeddable":true,"href":"https:\/\/dolphinshowpattaya.com\/vi\/wp-json\/wp\/v2\/product_cat?post=2911"},{"taxonomy":"product_tag","embeddable":true,"href":"https:\/\/dolphinshowpattaya.com\/vi\/wp-json\/wp\/v2\/product_tag?post=2911"}],"curies":[{"name":"wp","href":"https:\/\/api.w.org\/{rel}","templated":true}]}}