{"id":2373,"date":"2024-10-14T17:49:58","date_gmt":"2024-10-14T12:19:58","guid":{"rendered":"https:\/\/dolphinshowpattaya.com\/?page_id=2373"},"modified":"2024-11-30T22:13:24","modified_gmt":"2024-11-30T16:43:24","slug":"lien-he-voi-chung-toi","status":"publish","type":"page","link":"https:\/\/dolphinshowpattaya.com\/vi\/lien-he-voi-chung-toi\/","title":{"rendered":"Li\u00ean h\u1ec7 v\u1edbi ch\u00fang t\u00f4i"},"content":{"rendered":"<div data-elementor-type=\"wp-page\" data-elementor-id=\"2373\" class=\"elementor elementor-2373\" data-elementor-post-type=\"page\">\n\t\t\t\t\t\t<section data-particle_enable=\"false\" data-particle-mobile-disabled=\"false\" class=\"elementor-section elementor-top-section elementor-element elementor-element-f3e94ce elementor-section-boxed elementor-section-height-default elementor-section-height-default\" data-id=\"f3e94ce\" data-element_type=\"section\">\n\t\t\t\t\t\t<div class=\"elementor-container elementor-column-gap-default\">\n\t\t\t\t\t<div class=\"elementor-column elementor-col-100 elementor-top-column elementor-element elementor-element-39bb9e9\" data-id=\"39bb9e9\" data-element_type=\"column\">\n\t\t\t<div class=\"elementor-widget-wrap elementor-element-populated\">\n\t\t\t\t\t\t<div class=\"elementor-element elementor-element-7c4897a elementor-widget elementor-widget-text-editor\" data-id=\"7c4897a\" data-element_type=\"widget\" data-widget_type=\"text-editor.default\">\n\t\t\t\t<div class=\"elementor-widget-container\">\n\t\t\t\t\t\t\t\t\t<h2 style=\"text-align: center;\"><span style=\"color: #000000;\">Li\u00ean h\u1ec7 v\u1edbi ch\u00fang t\u00f4i<\/span><\/h2><p><span style=\"color: #000000;\">T\u1ea1i <a href=\"https:\/\/dolphinshowpattaya.com\/vi\"><strong>Bi\u1ec3u di\u1ec5n c\u00e1 heo Phuket<\/strong><\/a>, ch\u00fang t\u00f4i cam k\u1ebft cung c\u1ea5p tr\u1ea3i nghi\u1ec7m \u0111\u1eb7c bi\u1ec7t cho t\u1ea5t c\u1ea3 du kh\u00e1ch. Cho d\u00f9 b\u1ea1n c\u1ea7n tr\u1ee3 gi\u00fap v\u1edbi <strong>\u0111\u1eb7t v\u00e9<\/strong>, c\u00f3 th\u1eafc m\u1eafc v\u1ec1 <a href=\"https:\/\/dolphinshowpattaya.com\/vi\"><strong>V\u1ecbnh C\u00e1 Heo Phuket<\/strong><\/a>ho\u1eb7c c\u1ea7n h\u1ed7 tr\u1ee3 cho k\u1ebf ho\u1ea1ch du l\u1ecbch c\u1ee7a b\u1ea1n, nh\u00f3m c\u1ee7a ch\u00fang t\u00f4i lu\u00f4n s\u1eb5n s\u00e0ng h\u1ed7 tr\u1ee3 b\u1ea1n trong t\u1eebng b\u01b0\u1edbc th\u1ef1c hi\u1ec7n.<\/span><\/p><h3><span style=\"color: #000000;\">L\u00e0m th\u1ebf n\u00e0o \u0111\u1ec3 li\u00ean h\u1ec7 v\u1edbi ch\u00fang t\u00f4i<\/span><\/h3><p><span style=\"color: #000000;\">For any questions or concerns, feel free to reach out to us. We ensure timely responses to all inquiries.<\/span><\/p><p><strong><span style=\"color: #000000;\">Call Us: <a href=\"tel:+66911889951\">+66-91 188 9951<\/a><\/span><\/strong><\/p><p><strong><span style=\"color: #000000;\">WhatsApp Us: <a href=\"https:\/\/wa.me\/66911889951?text=Hello!%20I%27m%20interested%20in%20Dolphin%20Show%20Phuket.%20Could%20you%20please%20assist%20me%3F%20Thank%20you!\">+66-91 188 9951<\/a><\/span><\/strong><\/p><p><span style=\"color: #000000;\"><strong>E-mail<\/strong>: <strong><a style=\"color: #000000;\" href=\"mailto:contact@dolphinshowpattaya.com\" rel=\"noopener\">contact@dolphinshowpattaya.com<\/a><\/strong><\/span><\/p><h4><span style=\"color: #000000;\">Tr\u00f2 chuy\u1ec7n tr\u1ef1c ti\u1ebfp<\/span><\/h4><p><span style=\"color: #000000;\">\u0110\u1ec3 \u0111\u01b0\u1ee3c h\u1ed7 tr\u1ee3 ngay l\u1eadp t\u1ee9c, b\u1ea1n c\u00f3 th\u1ec3 li\u00ean h\u1ec7 v\u1edbi ch\u00fang t\u00f4i qua <strong>Tr\u00f2 chuy\u1ec7n tr\u1ef1c ti\u1ebfp<\/strong> t\u00ednh n\u0103ng c\u00f3 s\u1eb5n tr\u00ean trang web c\u1ee7a ch\u00fang t\u00f4i. Nh\u00f3m c\u1ee7a ch\u00fang t\u00f4i s\u1eb5n s\u00e0ng h\u1ed7 tr\u1ee3 ngay l\u1eadp t\u1ee9c.<\/span><\/p><h3><span style=\"color: #000000;\">Gi\u1edd h\u1ed7 tr\u1ee3 kh\u00e1ch h\u00e0ng<\/span><\/h3><p><span style=\"color: #000000;\">\u0110\u1ed9i ng\u0169 h\u1ed7 tr\u1ee3 kh\u00e1ch h\u00e0ng c\u1ee7a ch\u00fang t\u00f4i lu\u00f4n s\u1eb5n s\u00e0ng h\u1ed7 tr\u1ee3 b\u1ea1n <strong>24\/7<\/strong>, \u0111\u1ea3m b\u1ea3o b\u1ea1n c\u00f3 tr\u1ea3i nghi\u1ec7m kh\u00f4ng g\u1eb7p r\u1eafc r\u1ed1i trong su\u1ed1t chuy\u1ebfn th\u0103m c\u1ee7a m\u00ecnh <strong>V\u1ecbnh C\u00e1 Heo Phuket<\/strong>.<\/span><\/p><p><span style=\"color: #000000;\">\ud83d\udd52 <strong>H\u1ed7 tr\u1ee3 kh\u1ea3 d\u1ee5ng<\/strong>: 24\/7, m\u1ed7i ng\u00e0y.<\/span><\/p><h3><span style=\"color: #000000;\">T\u1ea1i sao n\u00ean li\u00ean h\u1ec7 v\u1edbi Dolphin Show Phuket?<\/span><\/h3><p><span style=\"color: #000000;\">T\u1ea1i <strong>Bi\u1ec3u di\u1ec5n c\u00e1 heo Phuket<\/strong>, ch\u00fang t\u00f4i mong mu\u1ed1n cung c\u1ea5p d\u1ecbch v\u1ee5 kh\u00e1ch h\u00e0ng chuy\u00ean nghi\u1ec7p v\u00e0 li\u1ec1n m\u1ea1ch, gi\u00fap b\u1ea1n t\u1eadn h\u01b0\u1edfng <strong>tr\u1ea3i nghi\u1ec7m c\u00e1 heo<\/strong> m\u1ed9t c\u00e1ch d\u1ec5 d\u00e0ng. Cho d\u00f9 \u0111\u00f3 l\u00e0 v\u1ec1 <strong>\u0111\u1eb7t ch\u1ed7<\/strong>, <strong>v\u1ea5n \u0111\u1ec1 thanh to\u00e1n<\/strong>, ho\u1eb7c <strong>y\u00eau c\u1ea7u chung<\/strong>, ch\u00fang t\u00f4i \u1edf \u0111\u00e2y \u0111\u1ec3 th\u1ef1c hi\u1ec7n chuy\u1ebfn \u0111i c\u1ee7a b\u1ea1n <strong>V\u1ecbnh C\u00e1 Heo Phuket<\/strong> kh\u00f4ng th\u1ec3 n\u00e0o qu\u00ean.<\/span><\/p><p><span style=\"color: #000000;\">Ch\u00fang t\u00f4i mong mu\u1ed1n \u0111\u01b0\u1ee3c h\u1ed7 tr\u1ee3 b\u1ea1n trong vi\u1ec7c th\u1ef1c hi\u1ec7n chuy\u1ebfn th\u0103m c\u1ee7a b\u1ea1n \u0111\u1ebfn <a href=\"https:\/\/dolphinshowpattaya.com\/vi\"><strong>V\u1ecbnh C\u00e1 Heo Phuket<\/strong><\/a> m\u1ed9t tr\u1ea3i nghi\u1ec7m th\u1ef1c s\u1ef1 k\u1ef3 di\u1ec7u!<\/span><\/p>\t\t\t\t\t\t\t\t<\/div>\n\t\t\t\t<\/div>\n\t\t\t\t\t<\/div>\n\t\t<\/div>\n\t\t\t\t\t<\/div>\n\t\t<\/section>\n\t\t\t\t<\/div>","protected":false},"excerpt":{"rendered":"<p>Contact Us At Dolphin Show Phuket, we are committed to providing an exceptional experience for all our visitors. Whether you need help with ticket bookings, have inquiries about Dolphins Bay Phuket, or require assistance with your travel plans, our team is here to assist you every step of the way. How to Reach Us For [&hellip;]<\/p>","protected":false},"author":1,"featured_media":0,"parent":0,"menu_order":0,"comment_status":"closed","ping_status":"closed","template":"","meta":{"ocean_post_layout":"","ocean_both_sidebars_style":"","ocean_both_sidebars_content_width":0,"ocean_both_sidebars_sidebars_width":0,"ocean_sidebar":"","ocean_second_sidebar":"","ocean_disable_margins":"enable","ocean_add_body_class":"","ocean_shortcode_before_top_bar":"","ocean_shortcode_after_top_bar":"","ocean_shortcode_before_header":"","ocean_shortcode_after_header":"","ocean_has_shortcode":"","ocean_shortcode_after_title":"","ocean_shortcode_before_footer_widgets":"","ocean_shortcode_after_footer_widgets":"","ocean_shortcode_before_footer_bottom":"","ocean_shortcode_after_footer_bottom":"","ocean_display_top_bar":"default","ocean_display_header":"default","ocean_header_style":"","ocean_center_header_left_menu":"","ocean_custom_header_template":"","ocean_custom_logo":0,"ocean_custom_retina_logo":0,"ocean_custom_logo_max_width":0,"ocean_custom_logo_tablet_max_width":0,"ocean_custom_logo_mobile_max_width":0,"ocean_custom_logo_max_height":0,"ocean_custom_logo_tablet_max_height":0,"ocean_custom_logo_mobile_max_height":0,"ocean_header_custom_menu":"","ocean_menu_typo_font_family":"","ocean_menu_typo_font_subset":"","ocean_menu_typo_font_size":0,"ocean_menu_typo_font_size_tablet":0,"ocean_menu_typo_font_size_mobile":0,"ocean_menu_typo_font_size_unit":"px","ocean_menu_typo_font_weight":"","ocean_menu_typo_font_weight_tablet":"","ocean_menu_typo_font_weight_mobile":"","ocean_menu_typo_transform":"","ocean_menu_typo_transform_tablet":"","ocean_menu_typo_transform_mobile":"","ocean_menu_typo_line_height":0,"ocean_menu_typo_line_height_tablet":0,"ocean_menu_typo_line_height_mobile":0,"ocean_menu_typo_line_height_unit":"","ocean_menu_typo_spacing":0,"ocean_menu_typo_spacing_tablet":0,"ocean_menu_typo_spacing_mobile":0,"ocean_menu_typo_spacing_unit":"","ocean_menu_link_color":"","ocean_menu_link_color_hover":"","ocean_menu_link_color_active":"","ocean_menu_link_background":"","ocean_menu_link_hover_background":"","ocean_menu_link_active_background":"","ocean_menu_social_links_bg":"","ocean_menu_social_hover_links_bg":"","ocean_menu_social_links_color":"","ocean_menu_social_hover_links_color":"","ocean_disable_title":"default","ocean_disable_heading":"default","ocean_post_title":"","ocean_post_subheading":"","ocean_post_title_style":"","ocean_post_title_background_color":"","ocean_post_title_background":0,"ocean_post_title_bg_image_position":"","ocean_post_title_bg_image_attachment":"","ocean_post_title_bg_image_repeat":"","ocean_post_title_bg_image_size":"","ocean_post_title_height":0,"ocean_post_title_bg_overlay":0.5,"ocean_post_title_bg_overlay_color":"","ocean_disable_breadcrumbs":"default","ocean_breadcrumbs_color":"","ocean_breadcrumbs_separator_color":"","ocean_breadcrumbs_links_color":"","ocean_breadcrumbs_links_hover_color":"","ocean_display_footer_widgets":"default","ocean_display_footer_bottom":"default","ocean_custom_footer_template":"","footnotes":""},"class_list":["post-2373","page","type-page","status-publish","hentry","entry","owp-thumbs-layout-horizontal","owp-btn-normal","owp-tabs-layout-horizontal","has-no-thumbnails","has-product-nav"],"yoast_head":"<!-- This site is optimized with the Yoast SEO plugin v25.3 - https:\/\/yoast.com\/wordpress\/plugins\/seo\/ -->\n<title>Contact Dolphin Show Phuket - Get Assistance And Support<\/title>\n<meta name=\"description\" content=\"Reach Out To Dolphin Show Phuket For Ticket Inquiries, Support, And Assistance. Contact Us Now To Book Your Dolphins Bay Phuket Tickets.\" \/>\n<meta name=\"robots\" content=\"noindex, follow\" \/>\n<meta property=\"og:locale\" content=\"vi_VN\" \/>\n<meta property=\"og:type\" content=\"article\" \/>\n<meta property=\"og:title\" content=\"Contact Dolphin Show Phuket - Get Assistance And Support\" \/>\n<meta property=\"og:description\" content=\"Reach Out To Dolphin Show Phuket For Ticket Inquiries, Support, And Assistance. Contact Us Now To Book Your Dolphins Bay Phuket Tickets.\" \/>\n<meta property=\"og:url\" content=\"https:\/\/dolphinshowpattaya.com\/vi\/lien-he-voi-chung-toi\/\" \/>\n<meta property=\"og:site_name\" content=\"Dolphin Show Pattaya\" \/>\n<meta property=\"article:modified_time\" content=\"2024-11-30T16:43:24+00:00\" \/>\n<meta name=\"twitter:card\" content=\"summary_large_image\" \/>\n<meta name=\"twitter:label1\" content=\"\u01af\u1edbc t\u00ednh th\u1eddi gian \u0111\u1ecdc\" \/>\n\t<meta name=\"twitter:data1\" content=\"1 ph\u00fat\" \/>\n<script type=\"application\/ld+json\" class=\"yoast-schema-graph\">{\"@context\":\"https:\/\/schema.org\",\"@graph\":[{\"@type\":\"WebPage\",\"@id\":\"https:\/\/dolphinshowpattaya.com\/contact-us\/\",\"url\":\"https:\/\/dolphinshowpattaya.com\/contact-us\/\",\"name\":\"Contact Dolphin Show Phuket - Get Assistance And Support\",\"isPartOf\":{\"@id\":\"https:\/\/dolphinshowpattaya.com\/#website\"},\"datePublished\":\"2024-10-14T12:19:58+00:00\",\"dateModified\":\"2024-11-30T16:43:24+00:00\",\"description\":\"Reach Out To Dolphin Show Phuket For Ticket Inquiries, Support, And Assistance. Contact Us Now To Book Your Dolphins Bay Phuket Tickets.\",\"breadcrumb\":{\"@id\":\"https:\/\/dolphinshowpattaya.com\/contact-us\/#breadcrumb\"},\"inLanguage\":\"vi\",\"potentialAction\":[{\"@type\":\"ReadAction\",\"target\":[\"https:\/\/dolphinshowpattaya.com\/contact-us\/\"]}]},{\"@type\":\"BreadcrumbList\",\"@id\":\"https:\/\/dolphinshowpattaya.com\/contact-us\/#breadcrumb\",\"itemListElement\":[{\"@type\":\"ListItem\",\"position\":1,\"name\":\"Home\",\"item\":\"https:\/\/dolphinshowpattaya.com\/\"},{\"@type\":\"ListItem\",\"position\":2,\"name\":\"Contact Us\"}]},{\"@type\":\"WebSite\",\"@id\":\"https:\/\/dolphinshowpattaya.com\/#website\",\"url\":\"https:\/\/dolphinshowpattaya.com\/\",\"name\":\"Dolphin Show Phuket\",\"description\":\"\",\"publisher\":{\"@id\":\"https:\/\/dolphinshowpattaya.com\/#organization\"},\"potentialAction\":[{\"@type\":\"SearchAction\",\"target\":{\"@type\":\"EntryPoint\",\"urlTemplate\":\"https:\/\/dolphinshowpattaya.com\/?s={search_term_string}\"},\"query-input\":{\"@type\":\"PropertyValueSpecification\",\"valueRequired\":true,\"valueName\":\"search_term_string\"}}],\"inLanguage\":\"vi\"},{\"@type\":\"Organization\",\"@id\":\"https:\/\/dolphinshowpattaya.com\/#organization\",\"name\":\"Dolphin Show Phuket\",\"url\":\"https:\/\/dolphinshowpattaya.com\/\",\"logo\":{\"@type\":\"ImageObject\",\"inLanguage\":\"vi\",\"@id\":\"https:\/\/dolphinshowpattaya.com\/#\/schema\/logo\/image\/\",\"url\":\"https:\/\/dolphinshowpattaya.com\/wp-content\/uploads\/2024\/08\/Dophin-Show-Phuket.png\",\"contentUrl\":\"https:\/\/dolphinshowpattaya.com\/wp-content\/uploads\/2024\/08\/Dophin-Show-Phuket.png\",\"width\":350,\"height\":100,\"caption\":\"Dolphin Show Phuket\"},\"image\":{\"@id\":\"https:\/\/dolphinshowpattaya.com\/#\/schema\/logo\/image\/\"}}]}<\/script>\n<!-- \/ Yoast SEO plugin. -->","yoast_head_json":{"title":"Contact Dolphin Show Phuket - Get Assistance And Support","description":"Reach Out To Dolphin Show Phuket For Ticket Inquiries, Support, And Assistance. Contact Us Now To Book Your Dolphins Bay Phuket Tickets.","robots":{"index":"noindex","follow":"follow"},"og_locale":"vi_VN","og_type":"article","og_title":"Contact Dolphin Show Phuket - Get Assistance And Support","og_description":"Reach Out To Dolphin Show Phuket For Ticket Inquiries, Support, And Assistance. Contact Us Now To Book Your Dolphins Bay Phuket Tickets.","og_url":"https:\/\/dolphinshowpattaya.com\/vi\/lien-he-voi-chung-toi\/","og_site_name":"Dolphin Show Pattaya","article_modified_time":"2024-11-30T16:43:24+00:00","twitter_card":"summary_large_image","twitter_misc":{"\u01af\u1edbc t\u00ednh th\u1eddi gian \u0111\u1ecdc":"1 ph\u00fat"},"schema":{"@context":"https:\/\/schema.org","@graph":[{"@type":"WebPage","@id":"https:\/\/dolphinshowpattaya.com\/contact-us\/","url":"https:\/\/dolphinshowpattaya.com\/contact-us\/","name":"Contact Dolphin Show Phuket - Get Assistance And Support","isPartOf":{"@id":"https:\/\/dolphinshowpattaya.com\/#website"},"datePublished":"2024-10-14T12:19:58+00:00","dateModified":"2024-11-30T16:43:24+00:00","description":"Reach Out To Dolphin Show Phuket For Ticket Inquiries, Support, And Assistance. Contact Us Now To Book Your Dolphins Bay Phuket Tickets.","breadcrumb":{"@id":"https:\/\/dolphinshowpattaya.com\/contact-us\/#breadcrumb"},"inLanguage":"vi","potentialAction":[{"@type":"ReadAction","target":["https:\/\/dolphinshowpattaya.com\/contact-us\/"]}]},{"@type":"BreadcrumbList","@id":"https:\/\/dolphinshowpattaya.com\/contact-us\/#breadcrumb","itemListElement":[{"@type":"ListItem","position":1,"name":"Home","item":"https:\/\/dolphinshowpattaya.com\/"},{"@type":"ListItem","position":2,"name":"Contact Us"}]},{"@type":"WebSite","@id":"https:\/\/dolphinshowpattaya.com\/#website","url":"https:\/\/dolphinshowpattaya.com\/","name":"Dolphin Show Phuket","description":"","publisher":{"@id":"https:\/\/dolphinshowpattaya.com\/#organization"},"potentialAction":[{"@type":"SearchAction","target":{"@type":"EntryPoint","urlTemplate":"https:\/\/dolphinshowpattaya.com\/?s={search_term_string}"},"query-input":{"@type":"PropertyValueSpecification","valueRequired":true,"valueName":"search_term_string"}}],"inLanguage":"vi"},{"@type":"Organization","@id":"https:\/\/dolphinshowpattaya.com\/#organization","name":"Dolphin Show Phuket","url":"https:\/\/dolphinshowpattaya.com\/","logo":{"@type":"ImageObject","inLanguage":"vi","@id":"https:\/\/dolphinshowpattaya.com\/#\/schema\/logo\/image\/","url":"https:\/\/dolphinshowpattaya.com\/wp-content\/uploads\/2024\/08\/Dophin-Show-Phuket.png","contentUrl":"https:\/\/dolphinshowpattaya.com\/wp-content\/uploads\/2024\/08\/Dophin-Show-Phuket.png","width":350,"height":100,"caption":"Dolphin Show Phuket"},"image":{"@id":"https:\/\/dolphinshowpattaya.com\/#\/schema\/logo\/image\/"}}]}},"jetpack_sharing_enabled":true,"_links":{"self":[{"href":"https:\/\/dolphinshowpattaya.com\/vi\/wp-json\/wp\/v2\/pages\/2373","targetHints":{"allow":["GET"]}}],"collection":[{"href":"https:\/\/dolphinshowpattaya.com\/vi\/wp-json\/wp\/v2\/pages"}],"about":[{"href":"https:\/\/dolphinshowpattaya.com\/vi\/wp-json\/wp\/v2\/types\/page"}],"author":[{"embeddable":true,"href":"https:\/\/dolphinshowpattaya.com\/vi\/wp-json\/wp\/v2\/users\/1"}],"replies":[{"embeddable":true,"href":"https:\/\/dolphinshowpattaya.com\/vi\/wp-json\/wp\/v2\/comments?post=2373"}],"version-history":[{"count":23,"href":"https:\/\/dolphinshowpattaya.com\/vi\/wp-json\/wp\/v2\/pages\/2373\/revisions"}],"predecessor-version":[{"id":2955,"href":"https:\/\/dolphinshowpattaya.com\/vi\/wp-json\/wp\/v2\/pages\/2373\/revisions\/2955"}],"wp:attachment":[{"href":"https:\/\/dolphinshowpattaya.com\/vi\/wp-json\/wp\/v2\/media?parent=2373"}],"curies":[{"name":"wp","href":"https:\/\/api.w.org\/{rel}","templated":true}]}}