{"id":2921,"date":"2024-10-25T04:31:40","date_gmt":"2024-10-24T23:01:40","guid":{"rendered":"https:\/\/dolphinshowpattaya.com\/?post_type=product&#038;p=2921"},"modified":"2025-06-07T23:26:30","modified_gmt":"2025-06-07T17:56:30","slug":"dolphins-bay-phuket-swimming-with-dolphin-ticket-thai-residents","status":"publish","type":"product","link":"https:\/\/dolphinshowpattaya.com\/pt\/ingressos\/dolphins-bay-phuket-swimming-with-dolphin-ticket-thai-residents\/","title":{"rendered":"Dolphins Bay Phuket &#8211; Swimming With Dolphin Ticket (Thai Residents)"},"content":{"rendered":"<h2>Sobre o ingresso para nadar com golfinhos (residentes tailandeses)<\/h2>\n<p>Experimente a magia de nadar com golfinhos no Dolphins Bay Phuket, oferecendo uma intera\u00e7\u00e3o inesquec\u00edvel com essas criaturas inteligentes e amig\u00e1veis. Esta atividade \u00fanica \u00e9 especialmente projetada para residentes tailandeses, dando a voc\u00ea a chance de aprender mais sobre golfinhos, se envolver em intera\u00e7\u00e3o l\u00fadica e aproveitar uma experi\u00eancia memor\u00e1vel.<\/p>\n<h3>Altura de come\u00e7ar<\/h3>\n<p><a href=\"https:\/\/dolphinshowpattaya.com\/pt\">Ba\u00eda dos Golfinhos Phuket<\/a> opera todos os dias, exceto segunda-feira. Os hor\u00e1rios dos shows s\u00e3o:<\/p>\n<ul>\n<li><strong>11:00 da manh\u00e3<\/strong> (Show de focas: 10h45-11h00 | Show de golfinhos: 11h15-11h40)<\/li>\n<li><strong>14:00<\/strong> (Show de focas: 13h45-14h00 | Show de golfinhos: 14h15-14h40)<\/li>\n<li><strong>17:00<\/strong> (Show de focas: 16h45-17h00 | Show de golfinhos: 17h15-17h40)<\/li>\n<li><span style=\"color: #000000;\">Swimming &amp; Activities: 11:45 AM | 2:45 PM | 5:45 PM<\/span><\/li>\n<\/ul>\n<h3>Pol\u00edtica da Crian\u00e7a<\/h3>\n<ul>\n<li><strong>Entrada gratuita<\/strong> para crian\u00e7as menores de 90 cm, sem assento fornecido.<\/li>\n<li><strong>Bilhete Crian\u00e7a<\/strong> \u00e9 necess\u00e1rio para crian\u00e7as entre 90 e 130 cm.<\/li>\n<li><strong>Nadando com um golfinho<\/strong> est\u00e1 dispon\u00edvel para adultos ou crian\u00e7as a partir de 6 anos. Crian\u00e7as de 4 a 5 anos devem estar acompanhadas por um dos pais com um custo adicional.<\/li>\n<\/ul>\n<h3>O que est\u00e1 inclu\u00eddo<\/h3>\n<ul>\n<li>Sess\u00e3o de nata\u00e7\u00e3o com um golfinho.<\/li>\n<li>Entrada para show de focas e golfinhos.<\/li>\n<li>Fotos de lembran\u00e7a com golfinhos (opcional).<\/li>\n<li>Acesso aos vesti\u00e1rios e equipamentos de nata\u00e7\u00e3o.<\/li>\n<\/ul>\n<h3>Destaques<\/h3>\n<ul>\n<li>Nade ao lado de golfinhos brincalh\u00f5es em um ambiente seguro e controlado.<\/li>\n<li>Instrutores profissionais orientando a experi\u00eancia.<\/li>\n<li>Aprenda sobre o comportamento e a conserva\u00e7\u00e3o dos golfinhos.<\/li>\n<li>Perfeito para fam\u00edlias e amantes de animais.<\/li>\n<\/ul>\n<h3>Inclus\u00f5es<\/h3>\n<ul>\n<li>Ingresso para os shows de golfinhos e focas.<\/li>\n<li>Sess\u00e3o de nata\u00e7\u00e3o com um golfinho.<\/li>\n<li>Equipamentos de seguran\u00e7a (coletes salva-vidas, etc.).<\/li>\n<li>Acesso aos vesti\u00e1rios.<\/li>\n<\/ul>\n<h3>Exclus\u00f5es<\/h3>\n<ul>\n<li>Fotos com golfinhos (custo adicional).<\/li>\n<li>Traslados do hotel (podem ser providenciados por uma taxa extra).<\/li>\n<li>Alimentos e bebidas.<\/li>\n<\/ul>\n<h3>Pol\u00edtica de Reembolso e Cancelamento<\/h3>\n<ul>\n<li><strong>Sem Reembolso<\/strong>:Uma vez reservados, os ingressos n\u00e3o s\u00e3o reembols\u00e1veis.<\/li>\n<li><strong>Reagendamento<\/strong>: Permitido at\u00e9 24 horas antes, sujeito \u00e0 disponibilidade.<\/li>\n<li><strong>Cancelamento<\/strong>: N\u00e3o haver\u00e1 reembolso para n\u00e3o comparecimentos ou cancelamentos tardios.<\/li>\n<\/ul>\n<h3>O que mais?<\/h3>\n<ul>\n<li>Conhe\u00e7a e cumprimente os treinadores profissionais de golfinhos.<\/li>\n<li>Aproveite descontos exclusivos em pacotes familiares.<\/li>\n<\/ul>\n<h3>Dicas privilegiadas<\/h3>\n<ul>\n<li>Chegue pelo menos 30 minutos antes do show para garantir bons lugares.<\/li>\n<li>Leve roupa de banho para interagir com os golfinhos.<\/li>\n<li>N\u00e3o s\u00e3o permitidas c\u00e2meras durante a nata\u00e7\u00e3o, mas fotos profissionais est\u00e3o dispon\u00edveis para compra.<\/li>\n<\/ul>\n<h3>O que fazer e o que n\u00e3o fazer<\/h3>\n<p><strong>O que fazer<\/strong>:<\/p>\n<ul>\n<li>Siga as instru\u00e7\u00f5es do treinador por seguran\u00e7a.<\/li>\n<li>Traga suas pr\u00f3prias toalhas e roupas de banho.<\/li>\n<li>Guarde seus objetos de valor nos arm\u00e1rios fornecidos.<\/li>\n<\/ul>\n<p><strong>N\u00e3o fa\u00e7a<\/strong>:<\/p>\n<ul>\n<li>N\u00e3o fique perto da borda da piscina.<\/li>\n<li>N\u00e3o \u00e9 permitido comer ou beber perto da piscina dos golfinhos.<\/li>\n<li>Evite movimentos bruscos que possam assustar os golfinhos.<\/li>\n<\/ul>\n<h3>Saiba antes de ir<\/h3>\n<ul>\n<li>Recomenda-se reserva antecipada.<\/li>\n<li>N\u00e3o se esque\u00e7a da c\u00e2mera para fotos depois do show.<\/li>\n<li>Observe todas as regras de sa\u00fade e seguran\u00e7a durante a intera\u00e7\u00e3o.<\/li>\n<\/ul>\n<h3>Endere\u00e7o<\/h3>\n<p>33\/50, Chalong, distrito de Mueang Phuket, Phuket 83130, Tail\u00e2ndia<\/p>\n<h3>Mapas e Localiza\u00e7\u00e3o<\/h3>\n<p>Voc\u00ea pode encontrar a localiza\u00e7\u00e3o exata em <a href=\"https:\/\/maps.app.goo.gl\/iKaEd3g2Nr1B9YJD8\" target=\"_new\" rel=\"noopener\">Mapas do Google<\/a>.<\/p>\n<h3>Como chegar a Dolphins Bay Phuket<\/h3>\n<ul>\n<li><strong>De carro<\/strong>:Da cidade de Phuket, s\u00e3o 20 minutos de carro at\u00e9 Chalong.<\/li>\n<li><strong>De t\u00e1xi<\/strong>: H\u00e1 t\u00e1xis dispon\u00edveis em Phuket, com tarifas fixas para Dolphins Bay.<\/li>\n<li><strong>Transporte p\u00fablico<\/strong>:Tuk-tuks e \u00f4nibus locais s\u00e3o uma op\u00e7\u00e3o acess\u00edvel.<\/li>\n<\/ul>\n<h3>Perguntas Frequentes (FAQs)<\/h3>\n<p><strong>1. Crian\u00e7as podem nadar com golfinhos?<\/strong><br \/>\nSim, crian\u00e7as de 6 anos ou mais podem nadar. As de 4 a 5 anos devem estar acompanhadas por um dos pais.<\/p>\n<p><strong>2. \u00c9 seguro nadar com golfinhos?<\/strong><br \/>\nSim, a experi\u00eancia \u00e9 supervisionada por profissionais treinados e todas as medidas de seguran\u00e7a s\u00e3o seguidas.<\/p>\n<p><strong>3. O que devo levar?<\/strong><br \/>\nRoupa de banho, toalhas e uma muda de roupa.<\/p>\n<p><strong>4. As fotos est\u00e3o inclu\u00eddas no ingresso?<\/strong><br \/>\nN\u00e3o, fotos com golfinhos est\u00e3o dispon\u00edveis por um custo adicional.<\/p>\n<p><strong>5. Posso reagendar minha reserva?<\/strong><br \/>\nSim, mas voc\u00ea deve informar com pelo menos 24 horas de anteced\u00eancia e o reagendamento est\u00e1 sujeito \u00e0 disponibilidade.<\/p>","protected":false},"excerpt":{"rendered":"<table class=\"short-description\">\n<tbody class=\"tabel364\">\n<tr class=\"short-description-tr32r\">\n<th class=\"short-description-th\"><span class=\"description-h23\"><strong class=\"description-strong67\">Todas as reservas devem ser feitas 1 dia antes do show (at\u00e9 \u00e0s 18h, hor\u00e1rio da Tail\u00e2ndia).<\/strong><\/span><\/th>\n<\/tr>\n<\/tbody>\n<\/table>","protected":false},"featured_media":2851,"comment_status":"open","ping_status":"closed","template":"","meta":{"ocean_post_layout":"","ocean_both_sidebars_style":"","ocean_both_sidebars_content_width":0,"ocean_both_sidebars_sidebars_width":0,"ocean_sidebar":"0","ocean_second_sidebar":"0","ocean_disable_margins":"enable","ocean_add_body_class":"","ocean_shortcode_before_top_bar":"","ocean_shortcode_after_top_bar":"","ocean_shortcode_before_header":"","ocean_shortcode_after_header":"","ocean_has_shortcode":"","ocean_shortcode_after_title":"","ocean_shortcode_before_footer_widgets":"","ocean_shortcode_after_footer_widgets":"","ocean_shortcode_before_footer_bottom":"","ocean_shortcode_after_footer_bottom":"","ocean_display_top_bar":"default","ocean_display_header":"default","ocean_header_style":"","ocean_center_header_left_menu":"0","ocean_custom_header_template":"0","ocean_custom_logo":0,"ocean_custom_retina_logo":0,"ocean_custom_logo_max_width":0,"ocean_custom_logo_tablet_max_width":0,"ocean_custom_logo_mobile_max_width":0,"ocean_custom_logo_max_height":0,"ocean_custom_logo_tablet_max_height":0,"ocean_custom_logo_mobile_max_height":0,"ocean_header_custom_menu":"0","ocean_menu_typo_font_family":"0","ocean_menu_typo_font_subset":"","ocean_menu_typo_font_size":0,"ocean_menu_typo_font_size_tablet":0,"ocean_menu_typo_font_size_mobile":0,"ocean_menu_typo_font_size_unit":"px","ocean_menu_typo_font_weight":"","ocean_menu_typo_font_weight_tablet":"","ocean_menu_typo_font_weight_mobile":"","ocean_menu_typo_transform":"","ocean_menu_typo_transform_tablet":"","ocean_menu_typo_transform_mobile":"","ocean_menu_typo_line_height":0,"ocean_menu_typo_line_height_tablet":0,"ocean_menu_typo_line_height_mobile":0,"ocean_menu_typo_line_height_unit":"","ocean_menu_typo_spacing":0,"ocean_menu_typo_spacing_tablet":0,"ocean_menu_typo_spacing_mobile":0,"ocean_menu_typo_spacing_unit":"","ocean_menu_link_color":"","ocean_menu_link_color_hover":"","ocean_menu_link_color_active":"","ocean_menu_link_background":"","ocean_menu_link_hover_background":"","ocean_menu_link_active_background":"","ocean_menu_social_links_bg":"","ocean_menu_social_hover_links_bg":"","ocean_menu_social_links_color":"","ocean_menu_social_hover_links_color":"","ocean_disable_title":"default","ocean_disable_heading":"default","ocean_post_title":"","ocean_post_subheading":"","ocean_post_title_style":"","ocean_post_title_background_color":"","ocean_post_title_background":0,"ocean_post_title_bg_image_position":"","ocean_post_title_bg_image_attachment":"","ocean_post_title_bg_image_repeat":"","ocean_post_title_bg_image_size":"","ocean_post_title_height":0,"ocean_post_title_bg_overlay":0.5,"ocean_post_title_bg_overlay_color":"","ocean_disable_breadcrumbs":"default","ocean_breadcrumbs_color":"","ocean_breadcrumbs_separator_color":"","ocean_breadcrumbs_links_color":"","ocean_breadcrumbs_links_hover_color":"","ocean_display_footer_widgets":"default","ocean_display_footer_bottom":"default","ocean_custom_footer_template":"0"},"product_brand":[],"product_cat":[20],"product_tag":[348,355,356,353,347,350,345,294,308,352,349,346,230,344,351,354],"class_list":{"0":"post-2921","1":"product","2":"type-product","3":"status-publish","4":"has-post-thumbnail","6":"product_cat-tickets","7":"product_tag-best-dolphin-experience-phuket","8":"product_tag-book-dolphin-tickets-thailand","9":"product_tag-dolphin-bay-phuket-discount","10":"product_tag-dolphin-bay-show-tickets-thai","11":"product_tag-dolphin-bay-thai-resident-tickets","12":"product_tag-dolphin-bay-thailand-tickets","13":"product_tag-dolphin-bay-tickets-thai","14":"product_tag-dolphin-interaction-phuket","15":"product_tag-dolphin-show-phuket-tickets","16":"product_tag-dolphin-show-thai-discount","17":"product_tag-dolphin-swim-deals-phuket","18":"product_tag-dolphin-swim-for-thai-residents","19":"product_tag-phuket","20":"product_tag-swimming-with-dolphins-phuket","21":"product_tag-swimming-with-dolphins-thailand","22":"product_tag-thai-resident-dolphin-experience","23":"tm-has-options","25":"entry","26":"has-media","28":"first","29":"instock","30":"virtual","31":"taxable","32":"purchasable","33":"product-type-simple","34":"has-product-nav","35":"col","36":"span_1_of_3","37":"owp-content-center","38":"owp-thumbs-layout-horizontal","39":"owp-btn-normal","40":"owp-tabs-layout-horizontal"},"yoast_head":"<!-- This site is optimized with the Yoast SEO plugin v25.3 - https:\/\/yoast.com\/wordpress\/plugins\/seo\/ -->\n<title>Swimming With Dolphins Ticket For Thai Residents | Book Now<\/title>\n<meta name=\"description\" content=\"Experience An Unforgettable Dolphin Swim At Dolphins Bay Phuket. Special Discounted Tickets For Thai Residents Available Now. Book Your Adventure Today!\" \/>\n<meta name=\"robots\" content=\"noindex, follow, max-snippet:-1, max-image-preview:large, max-video-preview:-1\" \/>\n<meta property=\"og:locale\" content=\"pt_PT\" \/>\n<meta property=\"og:type\" content=\"article\" \/>\n<meta property=\"og:title\" content=\"Swimming With Dolphins Ticket For Thai Residents | Book Now\" \/>\n<meta property=\"og:description\" content=\"Experience An Unforgettable Dolphin Swim At Dolphins Bay Phuket. Special Discounted Tickets For Thai Residents Available Now. Book Your Adventure Today!\" \/>\n<meta property=\"og:url\" content=\"https:\/\/dolphinshowpattaya.com\/pt\/ingressos\/dolphins-bay-phuket-swimming-with-dolphin-ticket-thai-residents\/\" \/>\n<meta property=\"og:site_name\" content=\"Dolphin Show Pattaya\" \/>\n<meta property=\"article:modified_time\" content=\"2025-06-07T17:56:30+00:00\" \/>\n<meta property=\"og:image\" content=\"https:\/\/dolphinshowpattaya.com\/wp-content\/uploads\/2024\/10\/Dolphin-Show-Tickets-Phuket.jpg\" \/>\n\t<meta property=\"og:image:width\" content=\"1567\" \/>\n\t<meta property=\"og:image:height\" content=\"1045\" \/>\n\t<meta property=\"og:image:type\" content=\"image\/jpeg\" \/>\n<meta name=\"twitter:card\" content=\"summary_large_image\" \/>\n<meta name=\"twitter:label1\" content=\"Tempo estimado de leitura\" \/>\n\t<meta name=\"twitter:data1\" content=\"3 minutos\" \/>\n<script type=\"application\/ld+json\" class=\"yoast-schema-graph\">{\"@context\":\"https:\/\/schema.org\",\"@graph\":[{\"@type\":\"WebPage\",\"@id\":\"https:\/\/dolphinshowpattaya.com\/tickets\/dolphins-bay-phuket-swimming-with-dolphin-ticket-thai-residents\/\",\"url\":\"https:\/\/dolphinshowpattaya.com\/tickets\/dolphins-bay-phuket-swimming-with-dolphin-ticket-thai-residents\/\",\"name\":\"Swimming With Dolphins Ticket For Thai Residents | Book Now\",\"isPartOf\":{\"@id\":\"https:\/\/dolphinshowpattaya.com\/#website\"},\"primaryImageOfPage\":{\"@id\":\"https:\/\/dolphinshowpattaya.com\/tickets\/dolphins-bay-phuket-swimming-with-dolphin-ticket-thai-residents\/#primaryimage\"},\"image\":{\"@id\":\"https:\/\/dolphinshowpattaya.com\/tickets\/dolphins-bay-phuket-swimming-with-dolphin-ticket-thai-residents\/#primaryimage\"},\"thumbnailUrl\":\"https:\/\/dolphinshowpattaya.com\/wp-content\/uploads\/2024\/10\/Dolphin-Show-Tickets-Phuket.jpg\",\"datePublished\":\"2024-10-24T23:01:40+00:00\",\"dateModified\":\"2025-06-07T17:56:30+00:00\",\"description\":\"Experience An Unforgettable Dolphin Swim At Dolphins Bay Phuket. Special Discounted Tickets For Thai Residents Available Now. Book Your Adventure Today!\",\"breadcrumb\":{\"@id\":\"https:\/\/dolphinshowpattaya.com\/tickets\/dolphins-bay-phuket-swimming-with-dolphin-ticket-thai-residents\/#breadcrumb\"},\"inLanguage\":\"pt-PT\",\"potentialAction\":[{\"@type\":\"ReadAction\",\"target\":[\"https:\/\/dolphinshowpattaya.com\/tickets\/dolphins-bay-phuket-swimming-with-dolphin-ticket-thai-residents\/\"]}]},{\"@type\":\"ImageObject\",\"inLanguage\":\"pt-PT\",\"@id\":\"https:\/\/dolphinshowpattaya.com\/tickets\/dolphins-bay-phuket-swimming-with-dolphin-ticket-thai-residents\/#primaryimage\",\"url\":\"https:\/\/dolphinshowpattaya.com\/wp-content\/uploads\/2024\/10\/Dolphin-Show-Tickets-Phuket.jpg\",\"contentUrl\":\"https:\/\/dolphinshowpattaya.com\/wp-content\/uploads\/2024\/10\/Dolphin-Show-Tickets-Phuket.jpg\",\"width\":1567,\"height\":1045,\"caption\":\"Dolphin Show Tickets Phuket\"},{\"@type\":\"BreadcrumbList\",\"@id\":\"https:\/\/dolphinshowpattaya.com\/tickets\/dolphins-bay-phuket-swimming-with-dolphin-ticket-thai-residents\/#breadcrumb\",\"itemListElement\":[{\"@type\":\"ListItem\",\"position\":1,\"name\":\"Home\",\"item\":\"https:\/\/dolphinshowpattaya.com\/\"},{\"@type\":\"ListItem\",\"position\":2,\"name\":\"Tickets\",\"item\":\"https:\/\/dolphinshowpattaya.com\/tickets\/\"},{\"@type\":\"ListItem\",\"position\":3,\"name\":\"Dolphins Bay Phuket &#8211; Swimming With Dolphin Ticket (Thai Residents)\"}]},{\"@type\":\"WebSite\",\"@id\":\"https:\/\/dolphinshowpattaya.com\/#website\",\"url\":\"https:\/\/dolphinshowpattaya.com\/\",\"name\":\"Dolphin Show Phuket\",\"description\":\"\",\"publisher\":{\"@id\":\"https:\/\/dolphinshowpattaya.com\/#organization\"},\"potentialAction\":[{\"@type\":\"SearchAction\",\"target\":{\"@type\":\"EntryPoint\",\"urlTemplate\":\"https:\/\/dolphinshowpattaya.com\/?s={search_term_string}\"},\"query-input\":{\"@type\":\"PropertyValueSpecification\",\"valueRequired\":true,\"valueName\":\"search_term_string\"}}],\"inLanguage\":\"pt-PT\"},{\"@type\":\"Organization\",\"@id\":\"https:\/\/dolphinshowpattaya.com\/#organization\",\"name\":\"Dolphin Show Phuket\",\"url\":\"https:\/\/dolphinshowpattaya.com\/\",\"logo\":{\"@type\":\"ImageObject\",\"inLanguage\":\"pt-PT\",\"@id\":\"https:\/\/dolphinshowpattaya.com\/#\/schema\/logo\/image\/\",\"url\":\"https:\/\/dolphinshowpattaya.com\/wp-content\/uploads\/2024\/08\/Dophin-Show-Phuket.png\",\"contentUrl\":\"https:\/\/dolphinshowpattaya.com\/wp-content\/uploads\/2024\/08\/Dophin-Show-Phuket.png\",\"width\":350,\"height\":100,\"caption\":\"Dolphin Show Phuket\"},\"image\":{\"@id\":\"https:\/\/dolphinshowpattaya.com\/#\/schema\/logo\/image\/\"}}]}<\/script>\n<!-- \/ Yoast SEO plugin. -->","yoast_head_json":{"title":"Swimming With Dolphins Ticket For Thai Residents | Book Now","description":"Experience An Unforgettable Dolphin Swim At Dolphins Bay Phuket. Special Discounted Tickets For Thai Residents Available Now. Book Your Adventure Today!","robots":{"index":"noindex","follow":"follow","max-snippet":"max-snippet:-1","max-image-preview":"max-image-preview:large","max-video-preview":"max-video-preview:-1"},"og_locale":"pt_PT","og_type":"article","og_title":"Swimming With Dolphins Ticket For Thai Residents | Book Now","og_description":"Experience An Unforgettable Dolphin Swim At Dolphins Bay Phuket. Special Discounted Tickets For Thai Residents Available Now. Book Your Adventure Today!","og_url":"https:\/\/dolphinshowpattaya.com\/pt\/ingressos\/dolphins-bay-phuket-swimming-with-dolphin-ticket-thai-residents\/","og_site_name":"Dolphin Show Pattaya","article_modified_time":"2025-06-07T17:56:30+00:00","og_image":[{"width":1567,"height":1045,"url":"https:\/\/dolphinshowpattaya.com\/wp-content\/uploads\/2024\/10\/Dolphin-Show-Tickets-Phuket.jpg","type":"image\/jpeg"}],"twitter_card":"summary_large_image","twitter_misc":{"Tempo estimado de leitura":"3 minutos"},"schema":{"@context":"https:\/\/schema.org","@graph":[{"@type":"WebPage","@id":"https:\/\/dolphinshowpattaya.com\/tickets\/dolphins-bay-phuket-swimming-with-dolphin-ticket-thai-residents\/","url":"https:\/\/dolphinshowpattaya.com\/tickets\/dolphins-bay-phuket-swimming-with-dolphin-ticket-thai-residents\/","name":"Swimming With Dolphins Ticket For Thai Residents | Book Now","isPartOf":{"@id":"https:\/\/dolphinshowpattaya.com\/#website"},"primaryImageOfPage":{"@id":"https:\/\/dolphinshowpattaya.com\/tickets\/dolphins-bay-phuket-swimming-with-dolphin-ticket-thai-residents\/#primaryimage"},"image":{"@id":"https:\/\/dolphinshowpattaya.com\/tickets\/dolphins-bay-phuket-swimming-with-dolphin-ticket-thai-residents\/#primaryimage"},"thumbnailUrl":"https:\/\/dolphinshowpattaya.com\/wp-content\/uploads\/2024\/10\/Dolphin-Show-Tickets-Phuket.jpg","datePublished":"2024-10-24T23:01:40+00:00","dateModified":"2025-06-07T17:56:30+00:00","description":"Experience An Unforgettable Dolphin Swim At Dolphins Bay Phuket. Special Discounted Tickets For Thai Residents Available Now. Book Your Adventure Today!","breadcrumb":{"@id":"https:\/\/dolphinshowpattaya.com\/tickets\/dolphins-bay-phuket-swimming-with-dolphin-ticket-thai-residents\/#breadcrumb"},"inLanguage":"pt-PT","potentialAction":[{"@type":"ReadAction","target":["https:\/\/dolphinshowpattaya.com\/tickets\/dolphins-bay-phuket-swimming-with-dolphin-ticket-thai-residents\/"]}]},{"@type":"ImageObject","inLanguage":"pt-PT","@id":"https:\/\/dolphinshowpattaya.com\/tickets\/dolphins-bay-phuket-swimming-with-dolphin-ticket-thai-residents\/#primaryimage","url":"https:\/\/dolphinshowpattaya.com\/wp-content\/uploads\/2024\/10\/Dolphin-Show-Tickets-Phuket.jpg","contentUrl":"https:\/\/dolphinshowpattaya.com\/wp-content\/uploads\/2024\/10\/Dolphin-Show-Tickets-Phuket.jpg","width":1567,"height":1045,"caption":"Dolphin Show Tickets Phuket"},{"@type":"BreadcrumbList","@id":"https:\/\/dolphinshowpattaya.com\/tickets\/dolphins-bay-phuket-swimming-with-dolphin-ticket-thai-residents\/#breadcrumb","itemListElement":[{"@type":"ListItem","position":1,"name":"Home","item":"https:\/\/dolphinshowpattaya.com\/"},{"@type":"ListItem","position":2,"name":"Tickets","item":"https:\/\/dolphinshowpattaya.com\/tickets\/"},{"@type":"ListItem","position":3,"name":"Dolphins Bay Phuket &#8211; Swimming With Dolphin Ticket (Thai Residents)"}]},{"@type":"WebSite","@id":"https:\/\/dolphinshowpattaya.com\/#website","url":"https:\/\/dolphinshowpattaya.com\/","name":"Dolphin Show Phuket","description":"","publisher":{"@id":"https:\/\/dolphinshowpattaya.com\/#organization"},"potentialAction":[{"@type":"SearchAction","target":{"@type":"EntryPoint","urlTemplate":"https:\/\/dolphinshowpattaya.com\/?s={search_term_string}"},"query-input":{"@type":"PropertyValueSpecification","valueRequired":true,"valueName":"search_term_string"}}],"inLanguage":"pt-PT"},{"@type":"Organization","@id":"https:\/\/dolphinshowpattaya.com\/#organization","name":"Dolphin Show Phuket","url":"https:\/\/dolphinshowpattaya.com\/","logo":{"@type":"ImageObject","inLanguage":"pt-PT","@id":"https:\/\/dolphinshowpattaya.com\/#\/schema\/logo\/image\/","url":"https:\/\/dolphinshowpattaya.com\/wp-content\/uploads\/2024\/08\/Dophin-Show-Phuket.png","contentUrl":"https:\/\/dolphinshowpattaya.com\/wp-content\/uploads\/2024\/08\/Dophin-Show-Phuket.png","width":350,"height":100,"caption":"Dolphin Show Phuket"},"image":{"@id":"https:\/\/dolphinshowpattaya.com\/#\/schema\/logo\/image\/"}}]}},"jetpack_sharing_enabled":true,"_links":{"self":[{"href":"https:\/\/dolphinshowpattaya.com\/pt\/wp-json\/wp\/v2\/product\/2921","targetHints":{"allow":["GET"]}}],"collection":[{"href":"https:\/\/dolphinshowpattaya.com\/pt\/wp-json\/wp\/v2\/product"}],"about":[{"href":"https:\/\/dolphinshowpattaya.com\/pt\/wp-json\/wp\/v2\/types\/product"}],"replies":[{"embeddable":true,"href":"https:\/\/dolphinshowpattaya.com\/pt\/wp-json\/wp\/v2\/comments?post=2921"}],"wp:featuredmedia":[{"embeddable":true,"href":"https:\/\/dolphinshowpattaya.com\/pt\/wp-json\/wp\/v2\/media\/2851"}],"wp:attachment":[{"href":"https:\/\/dolphinshowpattaya.com\/pt\/wp-json\/wp\/v2\/media?parent=2921"}],"wp:term":[{"taxonomy":"product_brand","embeddable":true,"href":"https:\/\/dolphinshowpattaya.com\/pt\/wp-json\/wp\/v2\/product_brand?post=2921"},{"taxonomy":"product_cat","embeddable":true,"href":"https:\/\/dolphinshowpattaya.com\/pt\/wp-json\/wp\/v2\/product_cat?post=2921"},{"taxonomy":"product_tag","embeddable":true,"href":"https:\/\/dolphinshowpattaya.com\/pt\/wp-json\/wp\/v2\/product_tag?post=2921"}],"curies":[{"name":"wp","href":"https:\/\/api.w.org\/{rel}","templated":true}]}}