{"id":2915,"date":"2024-10-25T03:43:45","date_gmt":"2024-10-24T22:13:45","guid":{"rendered":"https:\/\/dolphinshowpattaya.com\/?post_type=product&#038;p=2915"},"modified":"2025-09-25T04:36:10","modified_gmt":"2025-09-24T23:06:10","slug":"ingresso-para-assento-vip-dolphins-bay-phuket-estrangeiros","status":"publish","type":"product","link":"https:\/\/dolphinshowpattaya.com\/pt\/ingressos\/ingresso-para-assento-vip-dolphins-bay-phuket-estrangeiros\/","title":{"rendered":"Dolphins Bay Phuket \u2013 Bilhete de Assento VIP (Estrangeiros)"},"content":{"rendered":"<h2><span style=\"color: #000000;\">Sobre o ingresso VIP Seat (estrangeiros) \u2013 Dolphin Show Phuket<\/span><\/h2>\n<p><span style=\"color: #000000;\">Experimente o melhor de <a href=\"https:\/\/dolphinshowpattaya.com\/pt\">Show de golfinhos em Phuket<\/a> com assentos VIP! Desfrute de uma vis\u00e3o de perto e pessoal das emocionantes performances de golfinhos e focas, com assentos reservados que oferecem o equil\u00edbrio perfeito entre conforto e uma \u00f3tima experi\u00eancia de visualiza\u00e7\u00e3o. Este ingresso permite que voc\u00ea mergulhe em uma das melhores atividades para a fam\u00edlia em Phuket, criando mem\u00f3rias inesquec\u00edveis para visitantes de todas as idades.<\/span><\/p>\n<h3><span style=\"color: #000000;\">Altura de come\u00e7ar<\/span><\/h3>\n<p><span style=\"color: #000000;\">O Dolphins Bay Phuket oferece tr\u00eas hor\u00e1rios de shows di\u00e1rios para sua conveni\u00eancia:<\/span><\/p>\n<ul>\n<li><span style=\"color: #000000;\"><strong>Hora do show 1<\/strong>: 11:00 AM (Port\u00e3o abre \u00e0s 10:45 AM)<\/span><\/li>\n<li><span style=\"color: #000000;\"><strong>Hora do show 2<\/strong>: : 14:00 (Abertura do port\u00e3o \u00e0s 13:45)<\/span><\/li>\n<li><span style=\"color: #000000;\"><strong>Hora do show 3<\/strong>: 5:00 PM (Port\u00e3o abre \u00e0s 4:45 PM) O show come\u00e7a com uma apresenta\u00e7\u00e3o de focas de 15 minutos, seguida pelo show principal de golfinhos. Depois, os visitantes podem participar de nata\u00e7\u00e3o e outras atividades.<\/span><\/li>\n<\/ul>\n<h3><span style=\"color: #000000;\">Pol\u00edtica da Crian\u00e7a<\/span><\/h3>\n<ul>\n<li><span style=\"color: #000000;\"><strong>Crian\u00e7as menores de 90 cm<\/strong>: Entrada gratuita, sem assento fornecido.<\/span><\/li>\n<li><span style=\"color: #000000;\"><strong>Crian\u00e7as entre 90 cm \u2013 130 cm<\/strong>: Cobrado como tarifa de crian\u00e7a.<\/span><\/li>\n<li><span style=\"color: #000000;\"><strong>Nadando com golfinhos<\/strong>: Permitido para adultos e crian\u00e7as de 6 anos ou mais. Crian\u00e7as entre 4 e 5 anos devem estar acompanhadas por um dos pais, com um custo adicional.<\/span><\/li>\n<\/ul>\n<h3><span style=\"color: #000000;\">O que est\u00e1 inclu\u00eddo<\/span><\/h3>\n<ul>\n<li><span style=\"color: #000000;\">Assento VIP para o show dos golfinhos<\/span><\/li>\n<li><span style=\"color: #000000;\">Apresenta\u00e7\u00f5es de focas e golfinhos<\/span><\/li>\n<li><span style=\"color: #000000;\">Nadar com golfinhos (opcional)<\/span><\/li>\n<li><span style=\"color: #000000;\">Oportunidades para fotos com golfinhos e focas (custo adicional)<\/span><\/li>\n<\/ul>\n<h3><span style=\"color: #000000;\">Destaques<\/span><\/h3>\n<ul>\n<li><span style=\"color: #000000;\">Assentos VIP com vistas excepcionais<\/span><\/li>\n<li><span style=\"color: #000000;\">Apresenta\u00e7\u00f5es emocionantes de golfinhos e focas<\/span><\/li>\n<li><span style=\"color: #000000;\">Atividades para a fam\u00edlia com oportunidades de interagir com golfinhos<\/span><\/li>\n<li><span style=\"color: #000000;\">Oportunidades de fotos profissionais com golfinhos<\/span><\/li>\n<\/ul>\n<h3><span style=\"color: #000000;\">Inclus\u00f5es<\/span><\/h3>\n<ul>\n<li><span style=\"color: #000000;\">Acesso a <a href=\"https:\/\/dolphinshowpattaya.com\/pt\">Ba\u00eda dos Golfinhos Phuket<\/a> com assentos VIP<\/span><\/li>\n<li><span style=\"color: #000000;\">Acesso a shows de focas e golfinhos<\/span><\/li>\n<li><span style=\"color: #000000;\">Estacionamento de cortesia<\/span><\/li>\n<li><span style=\"color: #000000;\">Complementos opcionais, como nadar com golfinhos ou fotografia profissional (dispon\u00edveis por um custo adicional)<\/span><\/li>\n<\/ul>\n<h3><span style=\"color: #000000;\">Exclus\u00f5es<\/span><\/h3>\n<ul>\n<li><span style=\"color: #000000;\">Alimentos e bebidas<\/span><\/li>\n<li><span style=\"color: #000000;\">Traslados do hotel (dispon\u00edveis com custo adicional)<\/span><\/li>\n<li><span style=\"color: #000000;\">Qualquer outra atividade ou servi\u00e7o n\u00e3o especificado no bilhete<\/span><\/li>\n<\/ul>\n<h3><span style=\"color: #000000;\">Pol\u00edtica de Reembolso e Cancelamento<\/span><\/h3>\n<ul>\n<li><span style=\"color: #000000;\"><strong>Cancelamentos<\/strong>: Deve ser feito pelo menos 1 dia antes da data do show, antes das 18h (hor\u00e1rio da Tail\u00e2ndia).<\/span><\/li>\n<li><span style=\"color: #000000;\"><strong>Reembolsos<\/strong>: N\u00e3o ser\u00e3o fornecidos reembolsos para cancelamentos feitos com menos de 1 dia de anteced\u00eancia da data do show ou para n\u00e3o comparecimentos.<\/span><\/li>\n<\/ul>\n<h3><span style=\"color: #000000;\">O que mais?<\/span><\/h3>\n<ul>\n<li><span style=\"color: #000000;\">Aproveite as experi\u00eancias dos bastidores com golfinhos e conhe\u00e7a os treinadores.<\/span><\/li>\n<li><span style=\"color: #000000;\">Produtos exclusivos dispon\u00edveis para compra no local.<\/span><\/li>\n<\/ul>\n<h3><span style=\"color: #000000;\">Dicas privilegiadas<\/span><\/h3>\n<ul>\n<li><span style=\"color: #000000;\">Chegue pelo menos 15 minutos antes para garantir seu lugar e aproveitar as atividades pr\u00e9-show.<\/span><\/li>\n<li><span style=\"color: #000000;\">N\u00e3o se esque\u00e7a de sua c\u00e2mera para tirar fotos incr\u00edveis com os golfinhos.<\/span><\/li>\n<li><span style=\"color: #000000;\">Protetor solar e chap\u00e9us s\u00e3o recomendados para shows diurnos.<\/span><\/li>\n<\/ul>\n<h3><span style=\"color: #000000;\">O que fazer e o que n\u00e3o fazer<\/span><\/h3>\n<p><span style=\"color: #000000;\"><strong>O que fazer:<\/strong><\/span><\/p>\n<ul>\n<li><span style=\"color: #000000;\">Siga as instru\u00e7\u00f5es da equipe para uma experi\u00eancia segura e agrad\u00e1vel.<\/span><\/li>\n<li><span style=\"color: #000000;\">Mantenha seu ingresso em m\u00e3os para verifica\u00e7\u00e3o de assento.<\/span><\/li>\n<li><span style=\"color: #000000;\">Respeite os animais e siga as diretrizes de intera\u00e7\u00e3o.<\/span><\/li>\n<\/ul>\n<p><span style=\"color: #000000;\"><strong>N\u00e3o fa\u00e7a:<\/strong><\/span><\/p>\n<ul>\n<li><span style=\"color: #000000;\">N\u00e3o traga comida ou bebida para a \u00e1rea de estar.<\/span><\/li>\n<li><span style=\"color: #000000;\">Evite ficar de p\u00e9 ou sentado na borda da piscina.<\/span><\/li>\n<li><span style=\"color: #000000;\">N\u00e3o tente tocar nos golfinhos sem a orienta\u00e7\u00e3o de um treinador.<\/span><\/li>\n<\/ul>\n<h3><span style=\"color: #000000;\">Saiba antes de ir<\/span><\/h3>\n<ul>\n<li><span style=\"color: #000000;\">Use roupas e cal\u00e7ados confort\u00e1veis.<\/span><\/li>\n<li><span style=\"color: #000000;\">Certifique-se de que todos os aparelhos eletr\u00f4nicos estejam protegidos contra respingos de \u00e1gua.<\/span><\/li>\n<li><span style=\"color: #000000;\">O local \u00e9 acess\u00edvel para cadeiras de rodas.<\/span><\/li>\n<\/ul>\n<h3><span style=\"color: #000000;\">Endere\u00e7o, Mapas e Localiza\u00e7\u00e3o<\/span><\/h3>\n<p><span style=\"color: #000000;\"><strong>Endere\u00e7o<\/strong>: 33\/50, Chalong, distrito de Mueang Phuket, Phuket 83130, Tail\u00e2ndia<\/span><br \/>\n<span style=\"color: #000000;\"><strong>Localiza\u00e7\u00e3o do Google Maps<\/strong>: <a style=\"color: #000000;\" href=\"https:\/\/maps.app.goo.gl\/iKaEd3g2Nr1B9YJD8\" target=\"_new\" rel=\"noopener\">Localiza\u00e7\u00e3o da Ba\u00eda dos Golfinhos em Phuket<\/a><\/span><\/p>\n<h3><span style=\"color: #000000;\">Como chegar a Dolphins Bay Phuket<\/span><\/h3>\n<ul>\n<li><span style=\"color: #000000;\"><strong>De t\u00e1xi<\/strong>: T\u00e1xis est\u00e3o prontamente dispon\u00edveis em Phuket. Pe\u00e7a ao motorista para lev\u00e1-lo ao Dolphins Bay Phuket em Chalong.<\/span><\/li>\n<li><span style=\"color: #000000;\"><strong>De carro<\/strong>: Se voc\u00ea estiver dirigindo, h\u00e1 estacionamento gratuito dispon\u00edvel no local.<\/span><\/li>\n<li><span style=\"color: #000000;\"><strong>Transporte p\u00fablico<\/strong>: \u00d4nibus locais e tuk-tuks est\u00e3o dispon\u00edveis para lev\u00e1-lo \u00e0 Ba\u00eda dos Golfinhos a partir das principais \u00e1reas tur\u00edsticas, como Patong e Karon Beach.<\/span><\/li>\n<\/ul>\n<h3><span style=\"color: #000000;\">Perguntas Frequentes (FAQs)<\/span><\/h3>\n<p><span style=\"color: #000000;\"><strong>1. Quanto tempo dura o show dos golfinhos?<\/strong><\/span><br \/>\n<span style=\"color: #000000;\">O show dos golfinhos dura aproximadamente 25 minutos, precedido por um show de focas de 15 minutos.<\/span><\/p>\n<p><span style=\"color: #000000;\"><strong>2. Posso tirar fotos com os golfinhos?<\/strong><\/span><br \/>\n<span style=\"color: #000000;\">Sim, oportunidades de fotos profissionais com golfinhos est\u00e3o dispon\u00edveis por um custo adicional.<\/span><\/p>\n<p><span style=\"color: #000000;\"><strong>3. H\u00e1 estacionamento dispon\u00edvel?<\/strong><\/span><br \/>\n<span style=\"color: #000000;\">Sim, h\u00e1 estacionamento gratuito dispon\u00edvel no local.<\/span><\/p>\n<p><span style=\"color: #000000;\"><strong>4. Posso nadar com os golfinhos?<\/strong><\/span><br \/>\n<span style=\"color: #000000;\">Sim, h\u00e1 a op\u00e7\u00e3o de nadar com golfinhos por uma taxa adicional, dependendo da disponibilidade.<\/span><\/p>\n<p><span style=\"color: #000000;\"><strong>5. O show \u00e9 adequado para todas as idades?<\/strong><\/span><br \/>\n<span style=\"color: #000000;\">Sim, o show \u00e9 uma experi\u00eancia familiar adequada para todas as idades.<\/span><\/p>\n<p><span style=\"color: #000000;\"><strong>6. Quais s\u00e3o as op\u00e7\u00f5es de assentos?<\/strong><\/span><br \/>\n<span style=\"color: #000000;\">As op\u00e7\u00f5es de assentos incluem VVIP, VIP, Deluxe e Regular. Os assentos VIP ficam na fileira B e oferecem excelentes vistas da apresenta\u00e7\u00e3o.<\/span><\/p>\n<p><span style=\"color: #000000;\"><strong>7. Existe um c\u00f3digo de vestimenta?<\/strong><\/span><br \/>\n<span style=\"color: #000000;\">N\u00e3o h\u00e1 um c\u00f3digo de vestimenta espec\u00edfico, mas \u00e9 recomend\u00e1vel usar roupas confort\u00e1veis.<\/span><\/p>\n<p><span style=\"color: #000000;\">Ao reservar um <strong>Bilhete de Assento VIP (Estrangeiros)<\/strong> no <a href=\"https:\/\/dolphinshowpattaya.com\/pt\"><strong>Show de golfinhos em Phuket<\/strong><\/a>, voc\u00ea ter\u00e1 uma experi\u00eancia inesquec\u00edvel com intera\u00e7\u00f5es pr\u00f3ximas com golfinhos, uma vista fant\u00e1stica e um dia cheio de divers\u00e3o para toda a fam\u00edlia!<\/span><\/p>","protected":false},"excerpt":{"rendered":"<table class=\"short-description\">\n<tbody class=\"tabel364\">\n<tr class=\"short-description-tr32r\">\n<th class=\"short-description-th\"><span class=\"description-h23\"><strong class=\"description-strong67\">Todas as reservas devem ser feitas 1 dia antes do show (at\u00e9 \u00e0s 18h, hor\u00e1rio da Tail\u00e2ndia).<\/strong><\/span><\/th>\n<\/tr>\n<\/tbody>\n<\/table>","protected":false},"featured_media":2858,"comment_status":"open","ping_status":"closed","template":"","meta":{"ocean_post_layout":"","ocean_both_sidebars_style":"","ocean_both_sidebars_content_width":0,"ocean_both_sidebars_sidebars_width":0,"ocean_sidebar":"0","ocean_second_sidebar":"0","ocean_disable_margins":"enable","ocean_add_body_class":"","ocean_shortcode_before_top_bar":"","ocean_shortcode_after_top_bar":"","ocean_shortcode_before_header":"","ocean_shortcode_after_header":"","ocean_has_shortcode":"","ocean_shortcode_after_title":"","ocean_shortcode_before_footer_widgets":"","ocean_shortcode_after_footer_widgets":"","ocean_shortcode_before_footer_bottom":"","ocean_shortcode_after_footer_bottom":"","ocean_display_top_bar":"default","ocean_display_header":"default","ocean_header_style":"","ocean_center_header_left_menu":"0","ocean_custom_header_template":"0","ocean_custom_logo":0,"ocean_custom_retina_logo":0,"ocean_custom_logo_max_width":0,"ocean_custom_logo_tablet_max_width":0,"ocean_custom_logo_mobile_max_width":0,"ocean_custom_logo_max_height":0,"ocean_custom_logo_tablet_max_height":0,"ocean_custom_logo_mobile_max_height":0,"ocean_header_custom_menu":"0","ocean_menu_typo_font_family":"0","ocean_menu_typo_font_subset":"","ocean_menu_typo_font_size":0,"ocean_menu_typo_font_size_tablet":0,"ocean_menu_typo_font_size_mobile":0,"ocean_menu_typo_font_size_unit":"px","ocean_menu_typo_font_weight":"","ocean_menu_typo_font_weight_tablet":"","ocean_menu_typo_font_weight_mobile":"","ocean_menu_typo_transform":"","ocean_menu_typo_transform_tablet":"","ocean_menu_typo_transform_mobile":"","ocean_menu_typo_line_height":0,"ocean_menu_typo_line_height_tablet":0,"ocean_menu_typo_line_height_mobile":0,"ocean_menu_typo_line_height_unit":"","ocean_menu_typo_spacing":0,"ocean_menu_typo_spacing_tablet":0,"ocean_menu_typo_spacing_mobile":0,"ocean_menu_typo_spacing_unit":"","ocean_menu_link_color":"","ocean_menu_link_color_hover":"","ocean_menu_link_color_active":"","ocean_menu_link_background":"","ocean_menu_link_hover_background":"","ocean_menu_link_active_background":"","ocean_menu_social_links_bg":"","ocean_menu_social_hover_links_bg":"","ocean_menu_social_links_color":"","ocean_menu_social_hover_links_color":"","ocean_disable_title":"default","ocean_disable_heading":"default","ocean_post_title":"","ocean_post_subheading":"","ocean_post_title_style":"","ocean_post_title_background_color":"","ocean_post_title_background":0,"ocean_post_title_bg_image_position":"","ocean_post_title_bg_image_attachment":"","ocean_post_title_bg_image_repeat":"","ocean_post_title_bg_image_size":"","ocean_post_title_height":0,"ocean_post_title_bg_overlay":0.5,"ocean_post_title_bg_overlay_color":"","ocean_disable_breadcrumbs":"default","ocean_breadcrumbs_color":"","ocean_breadcrumbs_separator_color":"","ocean_breadcrumbs_links_color":"","ocean_breadcrumbs_links_hover_color":"","ocean_display_footer_widgets":"default","ocean_display_footer_bottom":"default","ocean_custom_footer_template":"0"},"product_brand":[],"product_cat":[20],"product_tag":[265,270,261,260,263,268,230,266,272,259,273,271,269,267,262,264],"class_list":{"0":"post-2915","1":"product","2":"type-product","3":"status-publish","4":"has-post-thumbnail","6":"product_cat-tickets","7":"product_tag-best-price-dolphin-show-phuket-vip","8":"product_tag-best-view-dolphin-show-phuket","9":"product_tag-book-dolphin-show-tickets-phuket","10":"product_tag-dolphin-bay-phuket-vip-seats","11":"product_tag-dolphin-bay-phuket-vip-tickets","12":"product_tag-dolphin-show-phuket-seats-foreigners","13":"product_tag-phuket","14":"product_tag-phuket-dolphin-show-booking","15":"product_tag-phuket-dolphin-show-for-tourists","16":"product_tag-vip-dolphin-show-phuket-tickets","17":"product_tag-vip-experience-dolphin-bay-phuket","18":"product_tag-vip-row-b-dolphin-bay-tickets","19":"product_tag-vip-row-b-tickets-dolphin-show","20":"product_tag-vip-seats-dolphin-show-booking","21":"product_tag-vip-seats-foreigners-dolphin-show","22":"product_tag-vip-tickets-phuket-dolphin-show","23":"tm-has-options","25":"entry","26":"has-media","28":"first","29":"instock","30":"virtual","31":"purchasable","32":"product-type-simple","33":"has-product-nav","34":"col","35":"span_1_of_3","36":"owp-content-center","37":"owp-thumbs-layout-horizontal","38":"owp-btn-normal","39":"owp-tabs-layout-horizontal"},"yoast_head":"<!-- This site is optimized with the Yoast SEO plugin v25.3 - https:\/\/yoast.com\/wordpress\/plugins\/seo\/ -->\n<title>Book VIP Seat Ticket For Foreigners | Dolphin Show Phuket<\/title>\n<meta name=\"description\" content=\"Book VIP Seat Tickets For Dolphin Show Phuket! Enjoy Prime Views, Seal &amp; Dolphin Performances, And More. Best Prices For Foreigners, Limited Availability.\" \/>\n<meta name=\"robots\" content=\"noindex, follow, max-snippet:-1, max-image-preview:large, max-video-preview:-1\" \/>\n<meta property=\"og:locale\" content=\"pt_PT\" \/>\n<meta property=\"og:type\" content=\"article\" \/>\n<meta property=\"og:title\" content=\"Book VIP Seat Ticket For Foreigners | Dolphin Show Phuket\" \/>\n<meta property=\"og:description\" content=\"Book VIP Seat Tickets For Dolphin Show Phuket! Enjoy Prime Views, Seal &amp; Dolphin Performances, And More. Best Prices For Foreigners, Limited Availability.\" \/>\n<meta property=\"og:url\" content=\"https:\/\/dolphinshowpattaya.com\/pt\/ingressos\/ingresso-para-assento-vip-dolphins-bay-phuket-estrangeiros\/\" \/>\n<meta property=\"og:site_name\" content=\"Dolphin Show Pattaya\" \/>\n<meta property=\"article:modified_time\" content=\"2025-09-24T23:06:10+00:00\" \/>\n<meta property=\"og:image\" content=\"https:\/\/dolphinshowpattaya.com\/wp-content\/uploads\/2024\/10\/Show-Dolphins-Bay-scaled.jpg\" \/>\n\t<meta property=\"og:image:width\" content=\"2560\" \/>\n\t<meta property=\"og:image:height\" content=\"1707\" \/>\n\t<meta property=\"og:image:type\" content=\"image\/jpeg\" \/>\n<meta name=\"twitter:card\" content=\"summary_large_image\" \/>\n<meta name=\"twitter:label1\" content=\"Tempo estimado de leitura\" \/>\n\t<meta name=\"twitter:data1\" content=\"4 minutos\" \/>\n<script type=\"application\/ld+json\" class=\"yoast-schema-graph\">{\"@context\":\"https:\/\/schema.org\",\"@graph\":[{\"@type\":\"WebPage\",\"@id\":\"https:\/\/dolphinshowpattaya.com\/tickets\/dolphins-bay-phuket-vip-seat-ticket-foreigners\/\",\"url\":\"https:\/\/dolphinshowpattaya.com\/tickets\/dolphins-bay-phuket-vip-seat-ticket-foreigners\/\",\"name\":\"Book VIP Seat Ticket For Foreigners | Dolphin Show Phuket\",\"isPartOf\":{\"@id\":\"https:\/\/dolphinshowpattaya.com\/#website\"},\"primaryImageOfPage\":{\"@id\":\"https:\/\/dolphinshowpattaya.com\/tickets\/dolphins-bay-phuket-vip-seat-ticket-foreigners\/#primaryimage\"},\"image\":{\"@id\":\"https:\/\/dolphinshowpattaya.com\/tickets\/dolphins-bay-phuket-vip-seat-ticket-foreigners\/#primaryimage\"},\"thumbnailUrl\":\"https:\/\/dolphinshowpattaya.com\/wp-content\/uploads\/2024\/10\/Show-Dolphins-Bay-scaled.jpg\",\"datePublished\":\"2024-10-24T22:13:45+00:00\",\"dateModified\":\"2025-09-24T23:06:10+00:00\",\"description\":\"Book VIP Seat Tickets For Dolphin Show Phuket! Enjoy Prime Views, Seal & Dolphin Performances, And More. Best Prices For Foreigners, Limited Availability.\",\"breadcrumb\":{\"@id\":\"https:\/\/dolphinshowpattaya.com\/tickets\/dolphins-bay-phuket-vip-seat-ticket-foreigners\/#breadcrumb\"},\"inLanguage\":\"pt-PT\",\"potentialAction\":[{\"@type\":\"ReadAction\",\"target\":[\"https:\/\/dolphinshowpattaya.com\/tickets\/dolphins-bay-phuket-vip-seat-ticket-foreigners\/\"]}]},{\"@type\":\"ImageObject\",\"inLanguage\":\"pt-PT\",\"@id\":\"https:\/\/dolphinshowpattaya.com\/tickets\/dolphins-bay-phuket-vip-seat-ticket-foreigners\/#primaryimage\",\"url\":\"https:\/\/dolphinshowpattaya.com\/wp-content\/uploads\/2024\/10\/Show-Dolphins-Bay-scaled.jpg\",\"contentUrl\":\"https:\/\/dolphinshowpattaya.com\/wp-content\/uploads\/2024\/10\/Show-Dolphins-Bay-scaled.jpg\",\"width\":2560,\"height\":1707,\"caption\":\"Show Dolphins Bay\"},{\"@type\":\"BreadcrumbList\",\"@id\":\"https:\/\/dolphinshowpattaya.com\/tickets\/dolphins-bay-phuket-vip-seat-ticket-foreigners\/#breadcrumb\",\"itemListElement\":[{\"@type\":\"ListItem\",\"position\":1,\"name\":\"Home\",\"item\":\"https:\/\/dolphinshowpattaya.com\/\"},{\"@type\":\"ListItem\",\"position\":2,\"name\":\"Tickets\",\"item\":\"https:\/\/dolphinshowpattaya.com\/tickets\/\"},{\"@type\":\"ListItem\",\"position\":3,\"name\":\"Dolphins Bay Phuket &#8211; VIP Seat Ticket (Foreigners)\"}]},{\"@type\":\"WebSite\",\"@id\":\"https:\/\/dolphinshowpattaya.com\/#website\",\"url\":\"https:\/\/dolphinshowpattaya.com\/\",\"name\":\"Dolphin Show Phuket\",\"description\":\"\",\"publisher\":{\"@id\":\"https:\/\/dolphinshowpattaya.com\/#organization\"},\"potentialAction\":[{\"@type\":\"SearchAction\",\"target\":{\"@type\":\"EntryPoint\",\"urlTemplate\":\"https:\/\/dolphinshowpattaya.com\/?s={search_term_string}\"},\"query-input\":{\"@type\":\"PropertyValueSpecification\",\"valueRequired\":true,\"valueName\":\"search_term_string\"}}],\"inLanguage\":\"pt-PT\"},{\"@type\":\"Organization\",\"@id\":\"https:\/\/dolphinshowpattaya.com\/#organization\",\"name\":\"Dolphin Show Phuket\",\"url\":\"https:\/\/dolphinshowpattaya.com\/\",\"logo\":{\"@type\":\"ImageObject\",\"inLanguage\":\"pt-PT\",\"@id\":\"https:\/\/dolphinshowpattaya.com\/#\/schema\/logo\/image\/\",\"url\":\"https:\/\/dolphinshowpattaya.com\/wp-content\/uploads\/2024\/08\/Dophin-Show-Phuket.png\",\"contentUrl\":\"https:\/\/dolphinshowpattaya.com\/wp-content\/uploads\/2024\/08\/Dophin-Show-Phuket.png\",\"width\":350,\"height\":100,\"caption\":\"Dolphin Show Phuket\"},\"image\":{\"@id\":\"https:\/\/dolphinshowpattaya.com\/#\/schema\/logo\/image\/\"}}]}<\/script>\n<!-- \/ Yoast SEO plugin. -->","yoast_head_json":{"title":"Book VIP Seat Ticket For Foreigners | Dolphin Show Phuket","description":"Book VIP Seat Tickets For Dolphin Show Phuket! Enjoy Prime Views, Seal & Dolphin Performances, And More. Best Prices For Foreigners, Limited Availability.","robots":{"index":"noindex","follow":"follow","max-snippet":"max-snippet:-1","max-image-preview":"max-image-preview:large","max-video-preview":"max-video-preview:-1"},"og_locale":"pt_PT","og_type":"article","og_title":"Book VIP Seat Ticket For Foreigners | Dolphin Show Phuket","og_description":"Book VIP Seat Tickets For Dolphin Show Phuket! Enjoy Prime Views, Seal & Dolphin Performances, And More. Best Prices For Foreigners, Limited Availability.","og_url":"https:\/\/dolphinshowpattaya.com\/pt\/ingressos\/ingresso-para-assento-vip-dolphins-bay-phuket-estrangeiros\/","og_site_name":"Dolphin Show Pattaya","article_modified_time":"2025-09-24T23:06:10+00:00","og_image":[{"width":2560,"height":1707,"url":"https:\/\/dolphinshowpattaya.com\/wp-content\/uploads\/2024\/10\/Show-Dolphins-Bay-scaled.jpg","type":"image\/jpeg"}],"twitter_card":"summary_large_image","twitter_misc":{"Tempo estimado de leitura":"4 minutos"},"schema":{"@context":"https:\/\/schema.org","@graph":[{"@type":"WebPage","@id":"https:\/\/dolphinshowpattaya.com\/tickets\/dolphins-bay-phuket-vip-seat-ticket-foreigners\/","url":"https:\/\/dolphinshowpattaya.com\/tickets\/dolphins-bay-phuket-vip-seat-ticket-foreigners\/","name":"Book VIP Seat Ticket For Foreigners | Dolphin Show Phuket","isPartOf":{"@id":"https:\/\/dolphinshowpattaya.com\/#website"},"primaryImageOfPage":{"@id":"https:\/\/dolphinshowpattaya.com\/tickets\/dolphins-bay-phuket-vip-seat-ticket-foreigners\/#primaryimage"},"image":{"@id":"https:\/\/dolphinshowpattaya.com\/tickets\/dolphins-bay-phuket-vip-seat-ticket-foreigners\/#primaryimage"},"thumbnailUrl":"https:\/\/dolphinshowpattaya.com\/wp-content\/uploads\/2024\/10\/Show-Dolphins-Bay-scaled.jpg","datePublished":"2024-10-24T22:13:45+00:00","dateModified":"2025-09-24T23:06:10+00:00","description":"Book VIP Seat Tickets For Dolphin Show Phuket! Enjoy Prime Views, Seal & Dolphin Performances, And More. Best Prices For Foreigners, Limited Availability.","breadcrumb":{"@id":"https:\/\/dolphinshowpattaya.com\/tickets\/dolphins-bay-phuket-vip-seat-ticket-foreigners\/#breadcrumb"},"inLanguage":"pt-PT","potentialAction":[{"@type":"ReadAction","target":["https:\/\/dolphinshowpattaya.com\/tickets\/dolphins-bay-phuket-vip-seat-ticket-foreigners\/"]}]},{"@type":"ImageObject","inLanguage":"pt-PT","@id":"https:\/\/dolphinshowpattaya.com\/tickets\/dolphins-bay-phuket-vip-seat-ticket-foreigners\/#primaryimage","url":"https:\/\/dolphinshowpattaya.com\/wp-content\/uploads\/2024\/10\/Show-Dolphins-Bay-scaled.jpg","contentUrl":"https:\/\/dolphinshowpattaya.com\/wp-content\/uploads\/2024\/10\/Show-Dolphins-Bay-scaled.jpg","width":2560,"height":1707,"caption":"Show Dolphins Bay"},{"@type":"BreadcrumbList","@id":"https:\/\/dolphinshowpattaya.com\/tickets\/dolphins-bay-phuket-vip-seat-ticket-foreigners\/#breadcrumb","itemListElement":[{"@type":"ListItem","position":1,"name":"Home","item":"https:\/\/dolphinshowpattaya.com\/"},{"@type":"ListItem","position":2,"name":"Tickets","item":"https:\/\/dolphinshowpattaya.com\/tickets\/"},{"@type":"ListItem","position":3,"name":"Dolphins Bay Phuket &#8211; VIP Seat Ticket (Foreigners)"}]},{"@type":"WebSite","@id":"https:\/\/dolphinshowpattaya.com\/#website","url":"https:\/\/dolphinshowpattaya.com\/","name":"Dolphin Show Phuket","description":"","publisher":{"@id":"https:\/\/dolphinshowpattaya.com\/#organization"},"potentialAction":[{"@type":"SearchAction","target":{"@type":"EntryPoint","urlTemplate":"https:\/\/dolphinshowpattaya.com\/?s={search_term_string}"},"query-input":{"@type":"PropertyValueSpecification","valueRequired":true,"valueName":"search_term_string"}}],"inLanguage":"pt-PT"},{"@type":"Organization","@id":"https:\/\/dolphinshowpattaya.com\/#organization","name":"Dolphin Show Phuket","url":"https:\/\/dolphinshowpattaya.com\/","logo":{"@type":"ImageObject","inLanguage":"pt-PT","@id":"https:\/\/dolphinshowpattaya.com\/#\/schema\/logo\/image\/","url":"https:\/\/dolphinshowpattaya.com\/wp-content\/uploads\/2024\/08\/Dophin-Show-Phuket.png","contentUrl":"https:\/\/dolphinshowpattaya.com\/wp-content\/uploads\/2024\/08\/Dophin-Show-Phuket.png","width":350,"height":100,"caption":"Dolphin Show Phuket"},"image":{"@id":"https:\/\/dolphinshowpattaya.com\/#\/schema\/logo\/image\/"}}]}},"jetpack_sharing_enabled":true,"_links":{"self":[{"href":"https:\/\/dolphinshowpattaya.com\/pt\/wp-json\/wp\/v2\/product\/2915","targetHints":{"allow":["GET"]}}],"collection":[{"href":"https:\/\/dolphinshowpattaya.com\/pt\/wp-json\/wp\/v2\/product"}],"about":[{"href":"https:\/\/dolphinshowpattaya.com\/pt\/wp-json\/wp\/v2\/types\/product"}],"replies":[{"embeddable":true,"href":"https:\/\/dolphinshowpattaya.com\/pt\/wp-json\/wp\/v2\/comments?post=2915"}],"wp:featuredmedia":[{"embeddable":true,"href":"https:\/\/dolphinshowpattaya.com\/pt\/wp-json\/wp\/v2\/media\/2858"}],"wp:attachment":[{"href":"https:\/\/dolphinshowpattaya.com\/pt\/wp-json\/wp\/v2\/media?parent=2915"}],"wp:term":[{"taxonomy":"product_brand","embeddable":true,"href":"https:\/\/dolphinshowpattaya.com\/pt\/wp-json\/wp\/v2\/product_brand?post=2915"},{"taxonomy":"product_cat","embeddable":true,"href":"https:\/\/dolphinshowpattaya.com\/pt\/wp-json\/wp\/v2\/product_cat?post=2915"},{"taxonomy":"product_tag","embeddable":true,"href":"https:\/\/dolphinshowpattaya.com\/pt\/wp-json\/wp\/v2\/product_tag?post=2915"}],"curies":[{"name":"wp","href":"https:\/\/api.w.org\/{rel}","templated":true}]}}