{"id":2917,"date":"2024-10-25T03:55:05","date_gmt":"2024-10-24T22:25:05","guid":{"rendered":"https:\/\/dolphinshowpattaya.com\/?post_type=product&#038;p=2917"},"modified":"2025-06-07T23:26:16","modified_gmt":"2025-06-07T17:56:16","slug":"dolphins-bay-phuket-swimming-with-dolphin-ticket-foreigners","status":"publish","type":"product","link":"https:\/\/dolphinshowpattaya.com\/it\/biglietti\/dolphins-bay-phuket-swimming-with-dolphin-ticket-foreigners\/","title":{"rendered":"Dolphins Bay Phuket &#8211; Swimming With Dolphin Ticket (Foreigners)"},"content":{"rendered":"<h2><span style=\"color: #000000;\">Informazioni sul biglietto per nuotare con i delfini (stranieri) al Dolphins Bay Phuket<\/span><\/h2>\n<p><span style=\"color: #000000;\">Vivi un&#039;opportunit\u00e0 unica nella vita: nuotare con i delfini giocosi e intelligenti <a style=\"color: #000000;\" href=\"https:\/\/dolphinshowpattaya.com\/it\">Baia dei delfini Phuket<\/a>! Questa entusiasmante attivit\u00e0 ti consente di interagire con i delfini in un ambiente sicuro e amichevole, perfetto per creare ricordi indimenticabili. Essendo l&#039;unico delfinario di Phuket, Dolphins Bay offre un&#039;esperienza unica e magica per i visitatori provenienti da tutto il mondo.<\/span><\/p>\n<hr \/>\n<h3><span style=\"color: #000000;\">Orario dello spettacolo<\/span><\/h3>\n<ul>\n<li><span style=\"color: #000000;\"><strong>Aperto tutti i giorni (tranne il luned\u00ec)<\/strong><\/span><\/li>\n<li><span style=\"color: #000000;\"><strong>Orari degli spettacoli:<\/strong> 11:00 | 14:00 | 17:00<\/span>\n<ul>\n<li><span style=\"color: #000000;\">Spettacolo delle foche: 11:00 \u2013 11:15 | 14:00 \u2013 14:15 | 17:00 \u2013 17:15<\/span><\/li>\n<li><span style=\"color: #000000;\">Spettacolo dei delfini: 11:15 \u2013 11:40 | 14:15 \u2013 14:40 | 17:15 \u2013 17:40<\/span><\/li>\n<li><span style=\"color: #000000;\">Swimming &amp; Activities: 11:45 AM | 2:45 PM | 5:45 PM<\/span><\/li>\n<\/ul>\n<\/li>\n<\/ul>\n<hr \/>\n<h3><span style=\"color: #000000;\">Politica per i bambini<\/span><\/h3>\n<ul>\n<li><span style=\"color: #000000;\"><strong>Bambini sotto i 90 cm:<\/strong> Gratuito (nessun posto a sedere previsto)<\/span><\/li>\n<li><span style=\"color: #000000;\"><strong>Bambini 90 cm \u2013 130 cm:<\/strong> Addebitato come tariffa bambino<\/span><\/li>\n<li><span style=\"color: #000000;\"><strong>Idoneit\u00e0 al nuoto:<\/strong> Aperto ad adulti e bambini dai 6 anni in su; i bambini dai 4 ai 5 anni devono essere accompagnati da un genitore (con un costo aggiuntivo)<\/span><\/li>\n<\/ul>\n<hr \/>\n<h3><span style=\"color: #000000;\">Cosa \u00e8 incluso<\/span><\/h3>\n<ul>\n<li><span style=\"color: #000000;\"><strong>Nuotare con i delfini<\/strong> per 10-15 minuti<\/span><\/li>\n<li><span style=\"color: #000000;\"><strong>Supervisione di un formatore professionista<\/strong><\/span><\/li>\n<li><span style=\"color: #000000;\"><strong>Accesso allo spettacolo dei delfini<\/strong><\/span><\/li>\n<li><span style=\"color: #000000;\"><strong>Opportunit\u00e0 fotografiche<\/strong> con delfini e foche (a pagamento)<\/span><\/li>\n<li><span style=\"color: #000000;\"><strong>Accesso allo spettacolo delle foche<\/strong><\/span><\/li>\n<\/ul>\n<hr \/>\n<h3><span style=\"color: #000000;\">Punti salienti<\/span><\/h3>\n<ul>\n<li><span style=\"color: #000000;\">Divertiti a nuotare con i delfini in un ambiente controllato e sicuro<\/span><\/li>\n<li><span style=\"color: #000000;\">Gli addestratori professionisti guidano la tua interazione con i delfini<\/span><\/li>\n<li><span style=\"color: #000000;\">Indimenticabili opportunit\u00e0 fotografiche con delfini e foche<\/span><\/li>\n<li><span style=\"color: #000000;\">Perfetto per famiglie, amici e turisti in cerca di un&#039;esperienza unica a Phuket<\/span><\/li>\n<\/ul>\n<hr \/>\n<h3><span style=\"color: #000000;\">Inclusioni<\/span><\/h3>\n<ul>\n<li><span style=\"color: #000000;\">Sessione di nuoto con i delfini<\/span><\/li>\n<li><span style=\"color: #000000;\">Ingresso allo spettacolo delle foche e allo spettacolo dei delfini<\/span><\/li>\n<li><span style=\"color: #000000;\">Supervisione da parte di formatori certificati<\/span><\/li>\n<li><span style=\"color: #000000;\">Spogliatoi e armadietti<\/span><\/li>\n<\/ul>\n<hr \/>\n<h3><span style=\"color: #000000;\">Esclusioni<\/span><\/h3>\n<ul>\n<li><span style=\"color: #000000;\">Foto con i delfini (costo aggiuntivo)<\/span><\/li>\n<li><span style=\"color: #000000;\">Cibo e bevande<\/span><\/li>\n<li><span style=\"color: #000000;\">Trasporto da\/per il delfinario<\/span><\/li>\n<\/ul>\n<hr \/>\n<h3><span style=\"color: #000000;\">Politica di rimborso e cancellazione<\/span><\/h3>\n<ul>\n<li><span style=\"color: #000000;\"><strong>Le cancellazioni devono essere effettuate 24 ore prima dell&#039;orario dello spettacolo<\/strong> per avere diritto al rimborso.<\/span><\/li>\n<li><span style=\"color: #000000;\"><strong>Nessun rimborso per cancellazioni effettuate lo stesso giorno<\/strong> come attivit\u00e0 programmata.<\/span><\/li>\n<li><span style=\"color: #000000;\"><strong>Le mancate presentazioni non sono rimborsabili.<\/strong><\/span><\/li>\n<\/ul>\n<hr \/>\n<h3><span style=\"color: #000000;\">Cosa c&#039;\u00e8 di pi\u00f9?<\/span><\/h3>\n<ul>\n<li><span style=\"color: #000000;\"><strong>Tocco magico:<\/strong> Avvicinatevi e toccate la pelle di queste splendide creature sotto la guida degli addestratori.<\/span><\/li>\n<li><span style=\"color: #000000;\"><strong>Esperienza di giovane allenatore:<\/strong> Se sei interessato a una carriera legata alla vita marina, scopri le tecniche di addestramento dei delfini (a un costo aggiuntivo).<\/span><\/li>\n<\/ul>\n<hr \/>\n<h3><span style=\"color: #000000;\">Consigli da insider<\/span><\/h3>\n<ul>\n<li><span style=\"color: #000000;\">Arriva presto per assicurarti i posti migliori ed evitare la ressa dell&#039;ultimo minuto.<\/span><\/li>\n<li><span style=\"color: #000000;\">Indossate un costume da bagno comodo e portate con voi un cambio di vestiti per la sessione di nuoto.<\/span><\/li>\n<li><span style=\"color: #000000;\">Prenotate in anticipo le foto con i delfini, perch\u00e9 \u00e8 un&#039;opzione molto gettonata.<\/span><\/li>\n<\/ul>\n<hr \/>\n<h3><span style=\"color: #000000;\">Cosa fare e cosa non fare<\/span><\/h3>\n<p><span style=\"color: #000000;\"><strong>Cosa fare:<\/strong><\/span><\/p>\n<ul>\n<li><span style=\"color: #000000;\">Seguire attentamente le istruzioni dell&#039;allenatore.<\/span><\/li>\n<li><span style=\"color: #000000;\">Indossate costumi da bagno adatti e prendetevi cura dei vostri effetti personali.<\/span><\/li>\n<li><span style=\"color: #000000;\">Rispettare gli animali ed evitare movimenti bruschi intorno alla piscina.<\/span><\/li>\n<\/ul>\n<p><span style=\"color: #000000;\"><strong>Cosa non fare:<\/strong><\/span><\/p>\n<ul>\n<li><span style=\"color: #000000;\">Non portare cibo o bevande nell&#039;area di interazione con i delfini.<\/span><\/li>\n<li><span style=\"color: #000000;\">Non entrare in piscina senza permesso.<\/span><\/li>\n<li><span style=\"color: #000000;\">Evitare di indossare gioielli o accessori che potrebbero cadere in piscina.<\/span><\/li>\n<\/ul>\n<hr \/>\n<h3><span style=\"color: #000000;\">Da sapere prima di partire<\/span><\/h3>\n<ul>\n<li><span style=\"color: #000000;\"><strong>Requisiti di et\u00e0:<\/strong> Adatto a partire dai 6 anni. I bambini di et\u00e0 compresa tra 4 e 5 anni devono nuotare con un genitore.<\/span><\/li>\n<li><span style=\"color: #000000;\"><strong>Cosa portare:<\/strong> Costume da bagno, asciugamani, crema solare e vestiti di ricambio.<\/span><\/li>\n<li><span style=\"color: #000000;\"><strong>Politica di prenotazione:<\/strong> Prenota almeno un giorno in anticipo, prima delle 18:00 ora della Thailandia.<\/span><\/li>\n<\/ul>\n<hr \/>\n<h3><span style=\"color: #000000;\">Indirizzo<\/span><\/h3>\n<p><span style=\"color: #000000;\">33\/50, Chalong, Distretto di Mueang Phuket, Phuket 83130, Tailandia<\/span><\/p>\n<h3><span style=\"color: #000000;\">Mappe e posizione<\/span><\/h3>\n<p><span style=\"color: #000000;\"><a style=\"color: #000000;\" href=\"https:\/\/maps.app.goo.gl\/iKaEd3g2Nr1B9YJD8\" target=\"_new\" rel=\"noopener\">Clicca qui per Google Maps<\/a><\/span><\/p>\n<hr \/>\n<h3><span style=\"color: #000000;\">Come raggiungere Dolphins Bay Phuket<\/span><\/h3>\n<ul>\n<li><span style=\"color: #000000;\"><strong>In auto:<\/strong> Dolphins Bay si trova a 15 minuti di auto da Phuket Town. Il parcheggio \u00e8 disponibile in loco.<\/span><\/li>\n<li><span style=\"color: #000000;\"><strong>In taxi:<\/strong> A Phuket sono ampiamente disponibili taxi e servizi di car sharing.<\/span><\/li>\n<li><span style=\"color: #000000;\"><strong>Con i mezzi pubblici:<\/strong> \u00c8 possibile prendere un autobus per Chalong e poi un breve tragitto in taxi fino al delfinario.<\/span><\/li>\n<\/ul>\n<hr \/>\n<h3><span style=\"color: #000000;\">Domande frequenti (FAQ)<\/span><\/h3>\n<p><span style=\"color: #000000;\"><strong>1. \u00c8 sicuro nuotare con i delfini?<\/strong><\/span><br \/>\n<span style=\"color: #000000;\">S\u00ec, tutte le interazioni con i delfini sono supervisionate da addestratori certificati per garantire la sicurezza sia dei visitatori che dei delfini.<\/span><\/p>\n<p><span style=\"color: #000000;\"><strong>2. Posso scattare foto con i delfini?<\/strong><\/span><br \/>\n<span style=\"color: #000000;\">S\u00ec, sono disponibili fotografi professionisti per immortalare i tuoi momenti con i delfini, dietro pagamento di un costo aggiuntivo.<\/span><\/p>\n<p><span style=\"color: #000000;\"><strong>3. Quanto dura la sessione di nuoto?<\/strong><\/span><br \/>\n<span style=\"color: #000000;\">La sessione di nuoto dura circa 10-15 minuti, offrendo ampio tempo per interagire con i delfini.<\/span><\/p>\n<p><span style=\"color: #000000;\"><strong>4. Cosa dovrei indossare per provare l&#039;esperienza del nuoto con i delfini?<\/strong><\/span><br \/>\n<span style=\"color: #000000;\">Consigliamo di indossare costumi da bagno comodi. Armadietti e spogliatoi sono disponibili in loco.<\/span><\/p>\n<p><span style=\"color: #000000;\"><strong>5. I bambini possono nuotare con i delfini?<\/strong><\/span><br \/>\n<span style=\"color: #000000;\">S\u00ec, i bambini di et\u00e0 pari o superiore a 6 anni possono nuotare con i delfini. I bambini di et\u00e0 compresa tra 4 e 5 anni devono essere accompagnati da un adulto.<\/span><\/p>\n<p><span style=\"color: #000000;\"><strong>6. Come posso prenotare i biglietti?<\/strong><\/span><br \/>\n<span style=\"color: #000000;\">Puoi prenotare i biglietti direttamente tramite il nostro sito web <a style=\"color: #000000;\" href=\"https:\/\/dolphinshowpattaya.com\/it\/\" target=\"_new\" rel=\"noopener\">delfinishowphuket.com<\/a> oppure contattaci a <a style=\"color: #000000;\" rel=\"noopener\">contact@dolphinshowpattaya.com<\/a>.<\/span><\/p>","protected":false},"excerpt":{"rendered":"<hr \/>\n<table class=\"short-description\">\n<tbody class=\"tabel364\">\n<tr class=\"short-description-tr32r\">\n<th class=\"short-description-th\"><span class=\"description-h23\"><strong class=\"description-strong67\">Tutte le prenotazioni devono essere effettuate 1 giorno prima dello spettacolo (entro le 18:00 ora della Thailandia).<\/strong><\/span><\/th>\n<\/tr>\n<\/tbody>\n<\/table>","protected":false},"featured_media":2851,"comment_status":"open","ping_status":"closed","template":"","meta":{"ocean_post_layout":"","ocean_both_sidebars_style":"","ocean_both_sidebars_content_width":0,"ocean_both_sidebars_sidebars_width":0,"ocean_sidebar":"0","ocean_second_sidebar":"0","ocean_disable_margins":"enable","ocean_add_body_class":"","ocean_shortcode_before_top_bar":"","ocean_shortcode_after_top_bar":"","ocean_shortcode_before_header":"","ocean_shortcode_after_header":"","ocean_has_shortcode":"","ocean_shortcode_after_title":"","ocean_shortcode_before_footer_widgets":"","ocean_shortcode_after_footer_widgets":"","ocean_shortcode_before_footer_bottom":"","ocean_shortcode_after_footer_bottom":"","ocean_display_top_bar":"default","ocean_display_header":"default","ocean_header_style":"","ocean_center_header_left_menu":"0","ocean_custom_header_template":"0","ocean_custom_logo":0,"ocean_custom_retina_logo":0,"ocean_custom_logo_max_width":0,"ocean_custom_logo_tablet_max_width":0,"ocean_custom_logo_mobile_max_width":0,"ocean_custom_logo_max_height":0,"ocean_custom_logo_tablet_max_height":0,"ocean_custom_logo_mobile_max_height":0,"ocean_header_custom_menu":"0","ocean_menu_typo_font_family":"0","ocean_menu_typo_font_subset":"","ocean_menu_typo_font_size":0,"ocean_menu_typo_font_size_tablet":0,"ocean_menu_typo_font_size_mobile":0,"ocean_menu_typo_font_size_unit":"px","ocean_menu_typo_font_weight":"","ocean_menu_typo_font_weight_tablet":"","ocean_menu_typo_font_weight_mobile":"","ocean_menu_typo_transform":"","ocean_menu_typo_transform_tablet":"","ocean_menu_typo_transform_mobile":"","ocean_menu_typo_line_height":0,"ocean_menu_typo_line_height_tablet":0,"ocean_menu_typo_line_height_mobile":0,"ocean_menu_typo_line_height_unit":"","ocean_menu_typo_spacing":0,"ocean_menu_typo_spacing_tablet":0,"ocean_menu_typo_spacing_mobile":0,"ocean_menu_typo_spacing_unit":"","ocean_menu_link_color":"","ocean_menu_link_color_hover":"","ocean_menu_link_color_active":"","ocean_menu_link_background":"","ocean_menu_link_hover_background":"","ocean_menu_link_active_background":"","ocean_menu_social_links_bg":"","ocean_menu_social_hover_links_bg":"","ocean_menu_social_links_color":"","ocean_menu_social_hover_links_color":"","ocean_disable_title":"default","ocean_disable_heading":"default","ocean_post_title":"","ocean_post_subheading":"","ocean_post_title_style":"","ocean_post_title_background_color":"","ocean_post_title_background":0,"ocean_post_title_bg_image_position":"","ocean_post_title_bg_image_attachment":"","ocean_post_title_bg_image_repeat":"","ocean_post_title_bg_image_size":"","ocean_post_title_height":0,"ocean_post_title_bg_overlay":0.5,"ocean_post_title_bg_overlay_color":"","ocean_disable_breadcrumbs":"default","ocean_breadcrumbs_color":"","ocean_breadcrumbs_separator_color":"","ocean_breadcrumbs_links_color":"","ocean_breadcrumbs_links_hover_color":"","ocean_display_footer_widgets":"default","ocean_display_footer_bottom":"default","ocean_custom_footer_template":"0"},"product_brand":[],"product_cat":[20],"product_tag":[296,291,289,294,292,231,295,297,287,232,230,254,290,286,288,293],"class_list":{"0":"post-2917","1":"product","2":"type-product","3":"status-publish","4":"has-post-thumbnail","6":"product_cat-tickets","7":"product_tag-best-dolphin-show-thailand","8":"product_tag-book-dolphin-tickets","9":"product_tag-dolphin-bay-phuket","10":"product_tag-dolphin-interaction-phuket","11":"product_tag-dolphin-show-for-foreigners","12":"product_tag-dolphin-show-phuket","13":"product_tag-dolphin-swim-ticket-foreigners","14":"product_tag-dolphin-ticket-booking","15":"product_tag-dolphin-tickets-phuket","16":"product_tag-dolphins-bay-phuket-tickets","17":"product_tag-phuket","18":"product_tag-phuket-dolphin-experience","19":"product_tag-phuket-dolphin-tickets","20":"product_tag-swimming-with-dolphins","21":"product_tag-swimming-with-dolphins-foreigners","22":"product_tag-swimming-with-dolphins-in-thailand","23":"tm-has-options","25":"entry","26":"has-media","28":"first","29":"instock","30":"virtual","31":"taxable","32":"purchasable","33":"product-type-simple","34":"has-product-nav","35":"col","36":"span_1_of_3","37":"owp-content-center","38":"owp-thumbs-layout-horizontal","39":"owp-btn-normal","40":"owp-tabs-layout-horizontal"},"yoast_head":"<!-- This site is optimized with the Yoast SEO plugin v25.3 - https:\/\/yoast.com\/wordpress\/plugins\/seo\/ -->\n<title>Swimming With Dolphins Ticket For Foreigners | Book Now<\/title>\n<meta name=\"description\" content=\"Experience Dolphin Magic At Dolphins Bay Phuket! Book Swimming With Dolphins Tickets For Foreigners. Safe, Fun, And Memorable. Limited Spots!\" \/>\n<meta name=\"robots\" content=\"noindex, follow, max-snippet:-1, max-image-preview:large, max-video-preview:-1\" \/>\n<meta property=\"og:locale\" content=\"it_IT\" \/>\n<meta property=\"og:type\" content=\"article\" \/>\n<meta property=\"og:title\" content=\"Swimming With Dolphins Ticket For Foreigners | Book Now\" \/>\n<meta property=\"og:description\" content=\"Experience Dolphin Magic At Dolphins Bay Phuket! Book Swimming With Dolphins Tickets For Foreigners. Safe, Fun, And Memorable. Limited Spots!\" \/>\n<meta property=\"og:url\" content=\"https:\/\/dolphinshowpattaya.com\/it\/biglietti\/dolphins-bay-phuket-swimming-with-dolphin-ticket-foreigners\/\" \/>\n<meta property=\"og:site_name\" content=\"Dolphin Show Pattaya\" \/>\n<meta property=\"article:modified_time\" content=\"2025-06-07T17:56:16+00:00\" \/>\n<meta property=\"og:image\" content=\"https:\/\/dolphinshowpattaya.com\/wp-content\/uploads\/2024\/10\/Dolphin-Show-Tickets-Phuket.jpg\" \/>\n\t<meta property=\"og:image:width\" content=\"1567\" \/>\n\t<meta property=\"og:image:height\" content=\"1045\" \/>\n\t<meta property=\"og:image:type\" content=\"image\/jpeg\" \/>\n<meta name=\"twitter:card\" content=\"summary_large_image\" \/>\n<meta name=\"twitter:label1\" content=\"Tempo di lettura stimato\" \/>\n\t<meta name=\"twitter:data1\" content=\"4 minuti\" \/>\n<script type=\"application\/ld+json\" class=\"yoast-schema-graph\">{\"@context\":\"https:\/\/schema.org\",\"@graph\":[{\"@type\":\"WebPage\",\"@id\":\"https:\/\/dolphinshowpattaya.com\/tickets\/dolphins-bay-phuket-swimming-with-dolphin-ticket-foreigners\/\",\"url\":\"https:\/\/dolphinshowpattaya.com\/tickets\/dolphins-bay-phuket-swimming-with-dolphin-ticket-foreigners\/\",\"name\":\"Swimming With Dolphins Ticket For Foreigners | Book Now\",\"isPartOf\":{\"@id\":\"https:\/\/dolphinshowpattaya.com\/#website\"},\"primaryImageOfPage\":{\"@id\":\"https:\/\/dolphinshowpattaya.com\/tickets\/dolphins-bay-phuket-swimming-with-dolphin-ticket-foreigners\/#primaryimage\"},\"image\":{\"@id\":\"https:\/\/dolphinshowpattaya.com\/tickets\/dolphins-bay-phuket-swimming-with-dolphin-ticket-foreigners\/#primaryimage\"},\"thumbnailUrl\":\"https:\/\/dolphinshowpattaya.com\/wp-content\/uploads\/2024\/10\/Dolphin-Show-Tickets-Phuket.jpg\",\"datePublished\":\"2024-10-24T22:25:05+00:00\",\"dateModified\":\"2025-06-07T17:56:16+00:00\",\"description\":\"Experience Dolphin Magic At Dolphins Bay Phuket! Book Swimming With Dolphins Tickets For Foreigners. Safe, Fun, And Memorable. Limited Spots!\",\"breadcrumb\":{\"@id\":\"https:\/\/dolphinshowpattaya.com\/tickets\/dolphins-bay-phuket-swimming-with-dolphin-ticket-foreigners\/#breadcrumb\"},\"inLanguage\":\"it-IT\",\"potentialAction\":[{\"@type\":\"ReadAction\",\"target\":[\"https:\/\/dolphinshowpattaya.com\/tickets\/dolphins-bay-phuket-swimming-with-dolphin-ticket-foreigners\/\"]}]},{\"@type\":\"ImageObject\",\"inLanguage\":\"it-IT\",\"@id\":\"https:\/\/dolphinshowpattaya.com\/tickets\/dolphins-bay-phuket-swimming-with-dolphin-ticket-foreigners\/#primaryimage\",\"url\":\"https:\/\/dolphinshowpattaya.com\/wp-content\/uploads\/2024\/10\/Dolphin-Show-Tickets-Phuket.jpg\",\"contentUrl\":\"https:\/\/dolphinshowpattaya.com\/wp-content\/uploads\/2024\/10\/Dolphin-Show-Tickets-Phuket.jpg\",\"width\":1567,\"height\":1045,\"caption\":\"Dolphin Show Tickets Phuket\"},{\"@type\":\"BreadcrumbList\",\"@id\":\"https:\/\/dolphinshowpattaya.com\/tickets\/dolphins-bay-phuket-swimming-with-dolphin-ticket-foreigners\/#breadcrumb\",\"itemListElement\":[{\"@type\":\"ListItem\",\"position\":1,\"name\":\"Home\",\"item\":\"https:\/\/dolphinshowpattaya.com\/\"},{\"@type\":\"ListItem\",\"position\":2,\"name\":\"Tickets\",\"item\":\"https:\/\/dolphinshowpattaya.com\/tickets\/\"},{\"@type\":\"ListItem\",\"position\":3,\"name\":\"Dolphins Bay Phuket &#8211; Swimming With Dolphin Ticket (Foreigners)\"}]},{\"@type\":\"WebSite\",\"@id\":\"https:\/\/dolphinshowpattaya.com\/#website\",\"url\":\"https:\/\/dolphinshowpattaya.com\/\",\"name\":\"Dolphin Show Phuket\",\"description\":\"\",\"publisher\":{\"@id\":\"https:\/\/dolphinshowpattaya.com\/#organization\"},\"potentialAction\":[{\"@type\":\"SearchAction\",\"target\":{\"@type\":\"EntryPoint\",\"urlTemplate\":\"https:\/\/dolphinshowpattaya.com\/?s={search_term_string}\"},\"query-input\":{\"@type\":\"PropertyValueSpecification\",\"valueRequired\":true,\"valueName\":\"search_term_string\"}}],\"inLanguage\":\"it-IT\"},{\"@type\":\"Organization\",\"@id\":\"https:\/\/dolphinshowpattaya.com\/#organization\",\"name\":\"Dolphin Show Phuket\",\"url\":\"https:\/\/dolphinshowpattaya.com\/\",\"logo\":{\"@type\":\"ImageObject\",\"inLanguage\":\"it-IT\",\"@id\":\"https:\/\/dolphinshowpattaya.com\/#\/schema\/logo\/image\/\",\"url\":\"https:\/\/dolphinshowpattaya.com\/wp-content\/uploads\/2024\/08\/Dophin-Show-Phuket.png\",\"contentUrl\":\"https:\/\/dolphinshowpattaya.com\/wp-content\/uploads\/2024\/08\/Dophin-Show-Phuket.png\",\"width\":350,\"height\":100,\"caption\":\"Dolphin Show Phuket\"},\"image\":{\"@id\":\"https:\/\/dolphinshowpattaya.com\/#\/schema\/logo\/image\/\"}}]}<\/script>\n<!-- \/ Yoast SEO plugin. -->","yoast_head_json":{"title":"Swimming With Dolphins Ticket For Foreigners | Book Now","description":"Experience Dolphin Magic At Dolphins Bay Phuket! Book Swimming With Dolphins Tickets For Foreigners. Safe, Fun, And Memorable. Limited Spots!","robots":{"index":"noindex","follow":"follow","max-snippet":"max-snippet:-1","max-image-preview":"max-image-preview:large","max-video-preview":"max-video-preview:-1"},"og_locale":"it_IT","og_type":"article","og_title":"Swimming With Dolphins Ticket For Foreigners | Book Now","og_description":"Experience Dolphin Magic At Dolphins Bay Phuket! Book Swimming With Dolphins Tickets For Foreigners. Safe, Fun, And Memorable. Limited Spots!","og_url":"https:\/\/dolphinshowpattaya.com\/it\/biglietti\/dolphins-bay-phuket-swimming-with-dolphin-ticket-foreigners\/","og_site_name":"Dolphin Show Pattaya","article_modified_time":"2025-06-07T17:56:16+00:00","og_image":[{"width":1567,"height":1045,"url":"https:\/\/dolphinshowpattaya.com\/wp-content\/uploads\/2024\/10\/Dolphin-Show-Tickets-Phuket.jpg","type":"image\/jpeg"}],"twitter_card":"summary_large_image","twitter_misc":{"Tempo di lettura stimato":"4 minuti"},"schema":{"@context":"https:\/\/schema.org","@graph":[{"@type":"WebPage","@id":"https:\/\/dolphinshowpattaya.com\/tickets\/dolphins-bay-phuket-swimming-with-dolphin-ticket-foreigners\/","url":"https:\/\/dolphinshowpattaya.com\/tickets\/dolphins-bay-phuket-swimming-with-dolphin-ticket-foreigners\/","name":"Swimming With Dolphins Ticket For Foreigners | Book Now","isPartOf":{"@id":"https:\/\/dolphinshowpattaya.com\/#website"},"primaryImageOfPage":{"@id":"https:\/\/dolphinshowpattaya.com\/tickets\/dolphins-bay-phuket-swimming-with-dolphin-ticket-foreigners\/#primaryimage"},"image":{"@id":"https:\/\/dolphinshowpattaya.com\/tickets\/dolphins-bay-phuket-swimming-with-dolphin-ticket-foreigners\/#primaryimage"},"thumbnailUrl":"https:\/\/dolphinshowpattaya.com\/wp-content\/uploads\/2024\/10\/Dolphin-Show-Tickets-Phuket.jpg","datePublished":"2024-10-24T22:25:05+00:00","dateModified":"2025-06-07T17:56:16+00:00","description":"Experience Dolphin Magic At Dolphins Bay Phuket! Book Swimming With Dolphins Tickets For Foreigners. Safe, Fun, And Memorable. Limited Spots!","breadcrumb":{"@id":"https:\/\/dolphinshowpattaya.com\/tickets\/dolphins-bay-phuket-swimming-with-dolphin-ticket-foreigners\/#breadcrumb"},"inLanguage":"it-IT","potentialAction":[{"@type":"ReadAction","target":["https:\/\/dolphinshowpattaya.com\/tickets\/dolphins-bay-phuket-swimming-with-dolphin-ticket-foreigners\/"]}]},{"@type":"ImageObject","inLanguage":"it-IT","@id":"https:\/\/dolphinshowpattaya.com\/tickets\/dolphins-bay-phuket-swimming-with-dolphin-ticket-foreigners\/#primaryimage","url":"https:\/\/dolphinshowpattaya.com\/wp-content\/uploads\/2024\/10\/Dolphin-Show-Tickets-Phuket.jpg","contentUrl":"https:\/\/dolphinshowpattaya.com\/wp-content\/uploads\/2024\/10\/Dolphin-Show-Tickets-Phuket.jpg","width":1567,"height":1045,"caption":"Dolphin Show Tickets Phuket"},{"@type":"BreadcrumbList","@id":"https:\/\/dolphinshowpattaya.com\/tickets\/dolphins-bay-phuket-swimming-with-dolphin-ticket-foreigners\/#breadcrumb","itemListElement":[{"@type":"ListItem","position":1,"name":"Home","item":"https:\/\/dolphinshowpattaya.com\/"},{"@type":"ListItem","position":2,"name":"Tickets","item":"https:\/\/dolphinshowpattaya.com\/tickets\/"},{"@type":"ListItem","position":3,"name":"Dolphins Bay Phuket &#8211; Swimming With Dolphin Ticket (Foreigners)"}]},{"@type":"WebSite","@id":"https:\/\/dolphinshowpattaya.com\/#website","url":"https:\/\/dolphinshowpattaya.com\/","name":"Dolphin Show Phuket","description":"","publisher":{"@id":"https:\/\/dolphinshowpattaya.com\/#organization"},"potentialAction":[{"@type":"SearchAction","target":{"@type":"EntryPoint","urlTemplate":"https:\/\/dolphinshowpattaya.com\/?s={search_term_string}"},"query-input":{"@type":"PropertyValueSpecification","valueRequired":true,"valueName":"search_term_string"}}],"inLanguage":"it-IT"},{"@type":"Organization","@id":"https:\/\/dolphinshowpattaya.com\/#organization","name":"Dolphin Show Phuket","url":"https:\/\/dolphinshowpattaya.com\/","logo":{"@type":"ImageObject","inLanguage":"it-IT","@id":"https:\/\/dolphinshowpattaya.com\/#\/schema\/logo\/image\/","url":"https:\/\/dolphinshowpattaya.com\/wp-content\/uploads\/2024\/08\/Dophin-Show-Phuket.png","contentUrl":"https:\/\/dolphinshowpattaya.com\/wp-content\/uploads\/2024\/08\/Dophin-Show-Phuket.png","width":350,"height":100,"caption":"Dolphin Show Phuket"},"image":{"@id":"https:\/\/dolphinshowpattaya.com\/#\/schema\/logo\/image\/"}}]}},"jetpack_sharing_enabled":true,"_links":{"self":[{"href":"https:\/\/dolphinshowpattaya.com\/it\/wp-json\/wp\/v2\/product\/2917","targetHints":{"allow":["GET"]}}],"collection":[{"href":"https:\/\/dolphinshowpattaya.com\/it\/wp-json\/wp\/v2\/product"}],"about":[{"href":"https:\/\/dolphinshowpattaya.com\/it\/wp-json\/wp\/v2\/types\/product"}],"replies":[{"embeddable":true,"href":"https:\/\/dolphinshowpattaya.com\/it\/wp-json\/wp\/v2\/comments?post=2917"}],"wp:featuredmedia":[{"embeddable":true,"href":"https:\/\/dolphinshowpattaya.com\/it\/wp-json\/wp\/v2\/media\/2851"}],"wp:attachment":[{"href":"https:\/\/dolphinshowpattaya.com\/it\/wp-json\/wp\/v2\/media?parent=2917"}],"wp:term":[{"taxonomy":"product_brand","embeddable":true,"href":"https:\/\/dolphinshowpattaya.com\/it\/wp-json\/wp\/v2\/product_brand?post=2917"},{"taxonomy":"product_cat","embeddable":true,"href":"https:\/\/dolphinshowpattaya.com\/it\/wp-json\/wp\/v2\/product_cat?post=2917"},{"taxonomy":"product_tag","embeddable":true,"href":"https:\/\/dolphinshowpattaya.com\/it\/wp-json\/wp\/v2\/product_tag?post=2917"}],"curies":[{"name":"wp","href":"https:\/\/api.w.org\/{rel}","templated":true}]}}