{"id":2911,"date":"2024-10-25T02:40:53","date_gmt":"2024-10-24T21:10:53","guid":{"rendered":"https:\/\/dolphinshowpattaya.com\/?post_type=product&#038;p=2911"},"modified":"2025-09-25T04:35:15","modified_gmt":"2025-09-24T23:05:15","slug":"dolphins-bay-phuket-biglietto-posto-regolare-residenti-thailandesi","status":"publish","type":"product","link":"https:\/\/dolphinshowpattaya.com\/it\/biglietti\/dolphins-bay-phuket-biglietto-posto-regolare-residenti-thailandesi\/","title":{"rendered":"Dolphins Bay Phuket \u2013 Biglietto posto regolare (residenti thailandesi)"},"content":{"rendered":"<h2>Informazioni sullo spettacolo dei delfini a Phuket (biglietto per posto normale per residenti thailandesi)<\/h2>\n<p>A <a href=\"https:\/\/dolphinshowpattaya.com\/it\"><strong>Spettacolo dei delfini a Phuket<\/strong><\/a>, i visitatori sono invitati a godere degli spettacoli ipnotizzanti presso <strong>Baia dei delfini Phuket<\/strong>, con una variet\u00e0 di animali marini, tra cui foche e delfini. Su misura per i residenti thailandesi, il <strong>Biglietto posto regolare<\/strong> offre un modo conveniente per vivere la magia da vicino, comodamente seduti nella sezione regolare dell&#039;arena.<\/p>\n<hr \/>\n<h3>Orario dello spettacolo<\/h3>\n<p>Gli spettacoli dei delfini sono programmati tutti i giorni (tranne il luned\u00ec) nei seguenti orari:<\/p>\n<ul>\n<li><strong>11:00 AM<\/strong>: I cancelli aprono alle 10:45<\/li>\n<li><strong>14:00<\/strong>: I cancelli aprono alle 13:45<\/li>\n<li><strong>17:00<\/strong>: I cancelli aprono alle 16:45<\/li>\n<\/ul>\n<p>Ogni spettacolo prevede un&#039;esibizione di 15 minuti con le foche, seguita da uno spettacolo di delfini e da attivit\u00e0 di nuoto.<\/p>\n<hr \/>\n<h3>Politica per i bambini<\/h3>\n<ul>\n<li><strong>Bambini sotto i 90 cm<\/strong> di altezza possono partecipare gratuitamente senza un posto assegnato.<\/li>\n<li><strong>Bambini tra 90 cm e 130 cm<\/strong> hanno diritto allo sconto sul biglietto per bambini.<\/li>\n<li><strong>Nuotare con i delfini<\/strong> \u00e8 disponibile solo per bambini di et\u00e0 pari o superiore a 6 anni. I bambini di et\u00e0 compresa tra 4 e 5 anni devono essere accompagnati da un genitore (si applicano costi aggiuntivi).<\/li>\n<\/ul>\n<hr \/>\n<h3>Cosa \u00e8 incluso<\/h3>\n<ul>\n<li>Accesso a <strong>Posti regolari<\/strong> per i residenti thailandesi.<\/li>\n<li>Accesso completo al <strong>spettacoli di foche e delfini<\/strong>.<\/li>\n<li>Opportunit\u00e0 per <strong>sessioni fotografiche<\/strong> con delfini e foche (a pagamento).<\/li>\n<\/ul>\n<hr \/>\n<h3>Punti salienti<\/h3>\n<ul>\n<li>Assisti a un&#039;emozionante <strong>esibizione dei delfini<\/strong> con trucchi e acrobazie sincronizzate.<\/li>\n<li>Divertiti un mondo <strong>spettacolo di foche<\/strong>, con foche abili e giocose.<\/li>\n<li>Ammirate il legame tra addestratori e delfini in un&#039;emozionante dimostrazione di talento acquatico.<\/li>\n<\/ul>\n<hr \/>\n<h3>Inclusioni<\/h3>\n<ul>\n<li>Ingresso a <a href=\"https:\/\/dolphinshowpattaya.com\/it\"><strong>Baia dei delfini Phuket<\/strong><\/a>.<\/li>\n<li>Accesso al <strong>spettacolo di foche<\/strong> E <strong>spettacolo dei delfini<\/strong>.<\/li>\n<li>Posti a sedere normali (file E, F, G).<\/li>\n<\/ul>\n<hr \/>\n<h3>Esclusioni<\/h3>\n<ul>\n<li><strong>Cibo e bevande<\/strong> (disponibili per l&#039;acquisto presso la sede).<\/li>\n<li><strong>Sessioni fotografiche<\/strong> con delfini e foche (facoltativo, a pagamento).<\/li>\n<li><strong>Trasporti<\/strong> da e per il luogo dell&#039;evento.<\/li>\n<\/ul>\n<hr \/>\n<h3>Politica di rimborso e cancellazione<\/h3>\n<ul>\n<li><strong>Nessuna cancellazione o rimborso<\/strong> sono disponibili una volta confermata la prenotazione.<\/li>\n<li>La riprogrammazione \u00e8 possibile fino a 24 ore prima della visita programmata, in base alla disponibilit\u00e0.<\/li>\n<\/ul>\n<hr \/>\n<h3>Cosa c&#039;\u00e8 di pi\u00f9?<\/h3>\n<p>Lo spettacolo dei delfini \u00e8 perfetto per tutte le et\u00e0 ed \u00e8 progettato per intrattenere e ispirare stupore negli amanti della vita marina. Puoi anche goderti opportunit\u00e0 fotografiche ed esperienze interattive.<\/p>\n<hr \/>\n<h3>Consigli da insider<\/h3>\n<ul>\n<li><strong>Arrivare presto<\/strong> per assicurarti un posto e goderti le attivit\u00e0 prima dello spettacolo.<\/li>\n<li>Assicurati di portare <strong>protezione solare<\/strong> E <strong>cappelli<\/strong> nelle giornate di sole, poich\u00e9 la zona salotto pu\u00f2 riscaldarsi.<\/li>\n<\/ul>\n<hr \/>\n<h3>Cosa fare e cosa non fare<\/h3>\n<p><strong>Cosa fare:<\/strong><\/p>\n<ul>\n<li>Arrivare almeno 15 minuti prima dell&#039;inizio dello spettacolo.<\/li>\n<li>Restate seduti e godetevi lo spettacolo.<\/li>\n<\/ul>\n<p><strong>Cosa non fare:<\/strong><\/p>\n<ul>\n<li>Non portare cibo o bevande dall&#039;esterno.<\/li>\n<li>Non avvicinarsi al bordo della piscina e non sporgersi troppo vicino all&#039;acqua.<\/li>\n<\/ul>\n<hr \/>\n<h3>Da sapere prima di partire<\/h3>\n<ul>\n<li>Assicurati di <strong>prenotare i biglietti in anticipo<\/strong> per assicurarti il posto.<\/li>\n<li>Durante lo spettacolo \u00e8 consentito scattare fotografie, ma non \u00e8 consentito l&#039;uso del flash.<\/li>\n<li>Per i possessori di biglietti regolari sono disponibili comodi posti a sedere nelle file E, F e G.<\/li>\n<\/ul>\n<hr \/>\n<h3>Indirizzo<\/h3>\n<p><strong>Baia dei delfini Phuket<\/strong><br \/>\n33\/50, Chalong, Distretto di Mueang Phuket, Phuket 83130, Tailandia.<\/p>\n<hr \/>\n<h3>Mappe e posizione<\/h3>\n<p>Trova il luogo su <a href=\"https:\/\/maps.app.goo.gl\/iKaEd3g2Nr1B9YJD8\" target=\"_new\" rel=\"noopener\">Mappe di Google<\/a>.<\/p>\n<hr \/>\n<h3>Come raggiungere Dolphins Bay Phuket<\/h3>\n<ul>\n<li><strong>In auto:<\/strong> Dolphins Bay Phuket si trova a Chalong. Il parcheggio \u00e8 disponibile presso la sede.<\/li>\n<li><strong>In taxi:<\/strong> La maggior parte dei servizi taxi locali e delle app di ride-hailing possono portarti direttamente a Dolphins Bay.<\/li>\n<li><strong>Con i mezzi pubblici:<\/strong> Per raggiungere la sede dell&#039;evento \u00e8 possibile utilizzare anche gli autobus locali o i tuk-tuk.<\/li>\n<\/ul>\n<hr \/>\n<h3>Domande frequenti (FAQ)<\/h3>\n<p><strong>1. \u00c8 consentito scattare fotografie durante lo spettacolo?<\/strong><br \/>\nS\u00ec, ma si prega di evitare di usare il flash nelle fotografie.<\/p>\n<p><strong>2. Posso nuotare con i delfini?<\/strong><br \/>\n\u00c8 possibile nuotare con i delfini, ma \u00e8 richiesto un biglietto aggiuntivo.<\/p>\n<p><strong>3. Cosa dovrei indossare al Dolphins Bay Phuket?<\/strong><br \/>\nSi consiglia un abbigliamento casual e comodo. Per le attivit\u00e0 all&#039;aperto si consigliano cappelli e crema solare.<\/p>\n<p><strong>4. C&#039;\u00e8 uno sconto per le prenotazioni di gruppo?<\/strong><br \/>\nS\u00ec, potrebbero essere disponibili sconti di gruppo. Contattaci a <strong><a href=\"mailto:contact@dolphinshowpattaya.com\" rel=\"noopener\">contact@dolphinshowpattaya.com<\/a><\/strong> per maggiori dettagli.<\/p>\n<p><strong>5. Sono disponibili cibo e bevande presso la sede?<\/strong><br \/>\nS\u00ec, \u00e8 possibile acquistare cibo e bevande presso la sede dell&#039;evento.<\/p>","protected":false},"excerpt":{"rendered":"<table class=\"short-description\">\n<tbody class=\"tabel364\">\n<tr class=\"short-description-tr32r\">\n<th class=\"short-description-th\"><span class=\"description-h23\"><strong class=\"description-strong67\">Tutte le prenotazioni devono essere effettuate 1 giorno prima dello spettacolo (entro le 18:00 ora della Thailandia).<\/strong><\/span><\/th>\n<\/tr>\n<\/tbody>\n<\/table>","protected":false},"featured_media":2849,"comment_status":"open","ping_status":"closed","template":"","meta":{"ocean_post_layout":"","ocean_both_sidebars_style":"","ocean_both_sidebars_content_width":0,"ocean_both_sidebars_sidebars_width":0,"ocean_sidebar":"0","ocean_second_sidebar":"0","ocean_disable_margins":"enable","ocean_add_body_class":"","ocean_shortcode_before_top_bar":"","ocean_shortcode_after_top_bar":"","ocean_shortcode_before_header":"","ocean_shortcode_after_header":"","ocean_has_shortcode":"","ocean_shortcode_after_title":"","ocean_shortcode_before_footer_widgets":"","ocean_shortcode_after_footer_widgets":"","ocean_shortcode_before_footer_bottom":"","ocean_shortcode_after_footer_bottom":"","ocean_display_top_bar":"default","ocean_display_header":"default","ocean_header_style":"","ocean_center_header_left_menu":"0","ocean_custom_header_template":"0","ocean_custom_logo":0,"ocean_custom_retina_logo":0,"ocean_custom_logo_max_width":0,"ocean_custom_logo_tablet_max_width":0,"ocean_custom_logo_mobile_max_width":0,"ocean_custom_logo_max_height":0,"ocean_custom_logo_tablet_max_height":0,"ocean_custom_logo_mobile_max_height":0,"ocean_header_custom_menu":"0","ocean_menu_typo_font_family":"0","ocean_menu_typo_font_subset":"","ocean_menu_typo_font_size":0,"ocean_menu_typo_font_size_tablet":0,"ocean_menu_typo_font_size_mobile":0,"ocean_menu_typo_font_size_unit":"px","ocean_menu_typo_font_weight":"","ocean_menu_typo_font_weight_tablet":"","ocean_menu_typo_font_weight_mobile":"","ocean_menu_typo_transform":"","ocean_menu_typo_transform_tablet":"","ocean_menu_typo_transform_mobile":"","ocean_menu_typo_line_height":0,"ocean_menu_typo_line_height_tablet":0,"ocean_menu_typo_line_height_mobile":0,"ocean_menu_typo_line_height_unit":"","ocean_menu_typo_spacing":0,"ocean_menu_typo_spacing_tablet":0,"ocean_menu_typo_spacing_mobile":0,"ocean_menu_typo_spacing_unit":"","ocean_menu_link_color":"","ocean_menu_link_color_hover":"","ocean_menu_link_color_active":"","ocean_menu_link_background":"","ocean_menu_link_hover_background":"","ocean_menu_link_active_background":"","ocean_menu_social_links_bg":"","ocean_menu_social_hover_links_bg":"","ocean_menu_social_links_color":"","ocean_menu_social_hover_links_color":"","ocean_disable_title":"default","ocean_disable_heading":"default","ocean_post_title":"","ocean_post_subheading":"","ocean_post_title_style":"","ocean_post_title_background_color":"","ocean_post_title_background":0,"ocean_post_title_bg_image_position":"","ocean_post_title_bg_image_attachment":"","ocean_post_title_bg_image_repeat":"","ocean_post_title_bg_image_size":"","ocean_post_title_height":0,"ocean_post_title_bg_overlay":0.5,"ocean_post_title_bg_overlay_color":"","ocean_disable_breadcrumbs":"default","ocean_breadcrumbs_color":"","ocean_breadcrumbs_separator_color":"","ocean_breadcrumbs_links_color":"","ocean_breadcrumbs_links_hover_color":"","ocean_display_footer_widgets":"default","ocean_display_footer_bottom":"default","ocean_custom_footer_template":"0"},"product_brand":[],"product_cat":[20],"product_tag":[301,299,306,231,255,304,232,305,303,230,256,300,233,302,249,298],"class_list":{"0":"post-2911","1":"product","2":"type-product","3":"status-publish","4":"has-post-thumbnail","6":"product_cat-tickets","7":"product_tag-affordable-tickets","8":"product_tag-dolphin-performance","9":"product_tag-dolphin-show-deals","10":"product_tag-dolphin-show-phuket","11":"product_tag-dolphin-show-thailand","12":"product_tag-dolphin-show-times","13":"product_tag-dolphins-bay-phuket-tickets","14":"product_tag-dolphins-bay-ticket-prices","15":"product_tag-family-entertainment-phuket","16":"product_tag-phuket","17":"product_tag-phuket-attractions","18":"product_tag-phuket-ticket-booking","19":"product_tag-regular-seat-ticket","20":"product_tag-regular-seating","21":"product_tag-seal-show-phuket","22":"product_tag-thai-residents","23":"tm-has-options","25":"entry","26":"has-media","28":"first","29":"instock","30":"virtual","31":"purchasable","32":"product-type-simple","33":"has-product-nav","34":"col","35":"span_1_of_3","36":"owp-content-center","37":"owp-thumbs-layout-horizontal","38":"owp-btn-normal","39":"owp-tabs-layout-horizontal"},"yoast_head":"<!-- This site is optimized with the Yoast SEO plugin v25.3 - https:\/\/yoast.com\/wordpress\/plugins\/seo\/ -->\n<title>Book Regular Seat Ticket - Thai Residents | Dolphin Show Phuket<\/title>\n<meta name=\"description\" content=\"Enjoy Exclusive Dolphin Performances At Dolphins Bay Phuket. Book Your Regular Seat Ticket For Thai Residents Now! Affordable Prices, Daily Shows Available.\" \/>\n<meta name=\"robots\" content=\"noindex, follow, max-snippet:-1, max-image-preview:large, max-video-preview:-1\" \/>\n<meta property=\"og:locale\" content=\"it_IT\" \/>\n<meta property=\"og:type\" content=\"article\" \/>\n<meta property=\"og:title\" content=\"Book Regular Seat Ticket - Thai Residents | Dolphin Show Phuket\" \/>\n<meta property=\"og:description\" content=\"Enjoy Exclusive Dolphin Performances At Dolphins Bay Phuket. Book Your Regular Seat Ticket For Thai Residents Now! Affordable Prices, Daily Shows Available.\" \/>\n<meta property=\"og:url\" content=\"https:\/\/dolphinshowpattaya.com\/it\/biglietti\/dolphins-bay-phuket-biglietto-posto-regolare-residenti-thailandesi\/\" \/>\n<meta property=\"og:site_name\" content=\"Dolphin Show Pattaya\" \/>\n<meta property=\"article:modified_time\" content=\"2025-09-24T23:05:15+00:00\" \/>\n<meta property=\"og:image\" content=\"https:\/\/dolphinshowpattaya.com\/wp-content\/uploads\/2024\/10\/Dolphins-Bay-Phuket-Price.jpg\" \/>\n\t<meta property=\"og:image:width\" content=\"2048\" \/>\n\t<meta property=\"og:image:height\" content=\"1365\" \/>\n\t<meta property=\"og:image:type\" content=\"image\/jpeg\" \/>\n<meta name=\"twitter:card\" content=\"summary_large_image\" \/>\n<meta name=\"twitter:label1\" content=\"Tempo di lettura stimato\" \/>\n\t<meta name=\"twitter:data1\" content=\"3 minuti\" \/>\n<script type=\"application\/ld+json\" class=\"yoast-schema-graph\">{\"@context\":\"https:\/\/schema.org\",\"@graph\":[{\"@type\":\"WebPage\",\"@id\":\"https:\/\/dolphinshowpattaya.com\/tickets\/dolphins-bay-phuket-regular-seat-ticket-thai-residents\/\",\"url\":\"https:\/\/dolphinshowpattaya.com\/tickets\/dolphins-bay-phuket-regular-seat-ticket-thai-residents\/\",\"name\":\"Book Regular Seat Ticket - Thai Residents | Dolphin Show Phuket\",\"isPartOf\":{\"@id\":\"https:\/\/dolphinshowpattaya.com\/#website\"},\"primaryImageOfPage\":{\"@id\":\"https:\/\/dolphinshowpattaya.com\/tickets\/dolphins-bay-phuket-regular-seat-ticket-thai-residents\/#primaryimage\"},\"image\":{\"@id\":\"https:\/\/dolphinshowpattaya.com\/tickets\/dolphins-bay-phuket-regular-seat-ticket-thai-residents\/#primaryimage\"},\"thumbnailUrl\":\"https:\/\/dolphinshowpattaya.com\/wp-content\/uploads\/2024\/10\/Dolphins-Bay-Phuket-Price.jpg\",\"datePublished\":\"2024-10-24T21:10:53+00:00\",\"dateModified\":\"2025-09-24T23:05:15+00:00\",\"description\":\"Enjoy Exclusive Dolphin Performances At Dolphins Bay Phuket. Book Your Regular Seat Ticket For Thai Residents Now! Affordable Prices, Daily Shows Available.\",\"breadcrumb\":{\"@id\":\"https:\/\/dolphinshowpattaya.com\/tickets\/dolphins-bay-phuket-regular-seat-ticket-thai-residents\/#breadcrumb\"},\"inLanguage\":\"it-IT\",\"potentialAction\":[{\"@type\":\"ReadAction\",\"target\":[\"https:\/\/dolphinshowpattaya.com\/tickets\/dolphins-bay-phuket-regular-seat-ticket-thai-residents\/\"]}]},{\"@type\":\"ImageObject\",\"inLanguage\":\"it-IT\",\"@id\":\"https:\/\/dolphinshowpattaya.com\/tickets\/dolphins-bay-phuket-regular-seat-ticket-thai-residents\/#primaryimage\",\"url\":\"https:\/\/dolphinshowpattaya.com\/wp-content\/uploads\/2024\/10\/Dolphins-Bay-Phuket-Price.jpg\",\"contentUrl\":\"https:\/\/dolphinshowpattaya.com\/wp-content\/uploads\/2024\/10\/Dolphins-Bay-Phuket-Price.jpg\",\"width\":2048,\"height\":1365,\"caption\":\"Dolphins Bay Phuket Price\"},{\"@type\":\"BreadcrumbList\",\"@id\":\"https:\/\/dolphinshowpattaya.com\/tickets\/dolphins-bay-phuket-regular-seat-ticket-thai-residents\/#breadcrumb\",\"itemListElement\":[{\"@type\":\"ListItem\",\"position\":1,\"name\":\"Home\",\"item\":\"https:\/\/dolphinshowpattaya.com\/\"},{\"@type\":\"ListItem\",\"position\":2,\"name\":\"Tickets\",\"item\":\"https:\/\/dolphinshowpattaya.com\/tickets\/\"},{\"@type\":\"ListItem\",\"position\":3,\"name\":\"Dolphins Bay Phuket &#8211; Regular Seat Ticket (Thai Residents)\"}]},{\"@type\":\"WebSite\",\"@id\":\"https:\/\/dolphinshowpattaya.com\/#website\",\"url\":\"https:\/\/dolphinshowpattaya.com\/\",\"name\":\"Dolphin Show Phuket\",\"description\":\"\",\"publisher\":{\"@id\":\"https:\/\/dolphinshowpattaya.com\/#organization\"},\"potentialAction\":[{\"@type\":\"SearchAction\",\"target\":{\"@type\":\"EntryPoint\",\"urlTemplate\":\"https:\/\/dolphinshowpattaya.com\/?s={search_term_string}\"},\"query-input\":{\"@type\":\"PropertyValueSpecification\",\"valueRequired\":true,\"valueName\":\"search_term_string\"}}],\"inLanguage\":\"it-IT\"},{\"@type\":\"Organization\",\"@id\":\"https:\/\/dolphinshowpattaya.com\/#organization\",\"name\":\"Dolphin Show Phuket\",\"url\":\"https:\/\/dolphinshowpattaya.com\/\",\"logo\":{\"@type\":\"ImageObject\",\"inLanguage\":\"it-IT\",\"@id\":\"https:\/\/dolphinshowpattaya.com\/#\/schema\/logo\/image\/\",\"url\":\"https:\/\/dolphinshowpattaya.com\/wp-content\/uploads\/2024\/08\/Dophin-Show-Phuket.png\",\"contentUrl\":\"https:\/\/dolphinshowpattaya.com\/wp-content\/uploads\/2024\/08\/Dophin-Show-Phuket.png\",\"width\":350,\"height\":100,\"caption\":\"Dolphin Show Phuket\"},\"image\":{\"@id\":\"https:\/\/dolphinshowpattaya.com\/#\/schema\/logo\/image\/\"}}]}<\/script>\n<!-- \/ Yoast SEO plugin. -->","yoast_head_json":{"title":"Book Regular Seat Ticket - Thai Residents | Dolphin Show Phuket","description":"Enjoy Exclusive Dolphin Performances At Dolphins Bay Phuket. Book Your Regular Seat Ticket For Thai Residents Now! Affordable Prices, Daily Shows Available.","robots":{"index":"noindex","follow":"follow","max-snippet":"max-snippet:-1","max-image-preview":"max-image-preview:large","max-video-preview":"max-video-preview:-1"},"og_locale":"it_IT","og_type":"article","og_title":"Book Regular Seat Ticket - Thai Residents | Dolphin Show Phuket","og_description":"Enjoy Exclusive Dolphin Performances At Dolphins Bay Phuket. Book Your Regular Seat Ticket For Thai Residents Now! Affordable Prices, Daily Shows Available.","og_url":"https:\/\/dolphinshowpattaya.com\/it\/biglietti\/dolphins-bay-phuket-biglietto-posto-regolare-residenti-thailandesi\/","og_site_name":"Dolphin Show Pattaya","article_modified_time":"2025-09-24T23:05:15+00:00","og_image":[{"width":2048,"height":1365,"url":"https:\/\/dolphinshowpattaya.com\/wp-content\/uploads\/2024\/10\/Dolphins-Bay-Phuket-Price.jpg","type":"image\/jpeg"}],"twitter_card":"summary_large_image","twitter_misc":{"Tempo di lettura stimato":"3 minuti"},"schema":{"@context":"https:\/\/schema.org","@graph":[{"@type":"WebPage","@id":"https:\/\/dolphinshowpattaya.com\/tickets\/dolphins-bay-phuket-regular-seat-ticket-thai-residents\/","url":"https:\/\/dolphinshowpattaya.com\/tickets\/dolphins-bay-phuket-regular-seat-ticket-thai-residents\/","name":"Book Regular Seat Ticket - Thai Residents | Dolphin Show Phuket","isPartOf":{"@id":"https:\/\/dolphinshowpattaya.com\/#website"},"primaryImageOfPage":{"@id":"https:\/\/dolphinshowpattaya.com\/tickets\/dolphins-bay-phuket-regular-seat-ticket-thai-residents\/#primaryimage"},"image":{"@id":"https:\/\/dolphinshowpattaya.com\/tickets\/dolphins-bay-phuket-regular-seat-ticket-thai-residents\/#primaryimage"},"thumbnailUrl":"https:\/\/dolphinshowpattaya.com\/wp-content\/uploads\/2024\/10\/Dolphins-Bay-Phuket-Price.jpg","datePublished":"2024-10-24T21:10:53+00:00","dateModified":"2025-09-24T23:05:15+00:00","description":"Enjoy Exclusive Dolphin Performances At Dolphins Bay Phuket. Book Your Regular Seat Ticket For Thai Residents Now! Affordable Prices, Daily Shows Available.","breadcrumb":{"@id":"https:\/\/dolphinshowpattaya.com\/tickets\/dolphins-bay-phuket-regular-seat-ticket-thai-residents\/#breadcrumb"},"inLanguage":"it-IT","potentialAction":[{"@type":"ReadAction","target":["https:\/\/dolphinshowpattaya.com\/tickets\/dolphins-bay-phuket-regular-seat-ticket-thai-residents\/"]}]},{"@type":"ImageObject","inLanguage":"it-IT","@id":"https:\/\/dolphinshowpattaya.com\/tickets\/dolphins-bay-phuket-regular-seat-ticket-thai-residents\/#primaryimage","url":"https:\/\/dolphinshowpattaya.com\/wp-content\/uploads\/2024\/10\/Dolphins-Bay-Phuket-Price.jpg","contentUrl":"https:\/\/dolphinshowpattaya.com\/wp-content\/uploads\/2024\/10\/Dolphins-Bay-Phuket-Price.jpg","width":2048,"height":1365,"caption":"Dolphins Bay Phuket Price"},{"@type":"BreadcrumbList","@id":"https:\/\/dolphinshowpattaya.com\/tickets\/dolphins-bay-phuket-regular-seat-ticket-thai-residents\/#breadcrumb","itemListElement":[{"@type":"ListItem","position":1,"name":"Home","item":"https:\/\/dolphinshowpattaya.com\/"},{"@type":"ListItem","position":2,"name":"Tickets","item":"https:\/\/dolphinshowpattaya.com\/tickets\/"},{"@type":"ListItem","position":3,"name":"Dolphins Bay Phuket &#8211; Regular Seat Ticket (Thai Residents)"}]},{"@type":"WebSite","@id":"https:\/\/dolphinshowpattaya.com\/#website","url":"https:\/\/dolphinshowpattaya.com\/","name":"Dolphin Show Phuket","description":"","publisher":{"@id":"https:\/\/dolphinshowpattaya.com\/#organization"},"potentialAction":[{"@type":"SearchAction","target":{"@type":"EntryPoint","urlTemplate":"https:\/\/dolphinshowpattaya.com\/?s={search_term_string}"},"query-input":{"@type":"PropertyValueSpecification","valueRequired":true,"valueName":"search_term_string"}}],"inLanguage":"it-IT"},{"@type":"Organization","@id":"https:\/\/dolphinshowpattaya.com\/#organization","name":"Dolphin Show Phuket","url":"https:\/\/dolphinshowpattaya.com\/","logo":{"@type":"ImageObject","inLanguage":"it-IT","@id":"https:\/\/dolphinshowpattaya.com\/#\/schema\/logo\/image\/","url":"https:\/\/dolphinshowpattaya.com\/wp-content\/uploads\/2024\/08\/Dophin-Show-Phuket.png","contentUrl":"https:\/\/dolphinshowpattaya.com\/wp-content\/uploads\/2024\/08\/Dophin-Show-Phuket.png","width":350,"height":100,"caption":"Dolphin Show Phuket"},"image":{"@id":"https:\/\/dolphinshowpattaya.com\/#\/schema\/logo\/image\/"}}]}},"jetpack_sharing_enabled":true,"_links":{"self":[{"href":"https:\/\/dolphinshowpattaya.com\/it\/wp-json\/wp\/v2\/product\/2911","targetHints":{"allow":["GET"]}}],"collection":[{"href":"https:\/\/dolphinshowpattaya.com\/it\/wp-json\/wp\/v2\/product"}],"about":[{"href":"https:\/\/dolphinshowpattaya.com\/it\/wp-json\/wp\/v2\/types\/product"}],"replies":[{"embeddable":true,"href":"https:\/\/dolphinshowpattaya.com\/it\/wp-json\/wp\/v2\/comments?post=2911"}],"wp:featuredmedia":[{"embeddable":true,"href":"https:\/\/dolphinshowpattaya.com\/it\/wp-json\/wp\/v2\/media\/2849"}],"wp:attachment":[{"href":"https:\/\/dolphinshowpattaya.com\/it\/wp-json\/wp\/v2\/media?parent=2911"}],"wp:term":[{"taxonomy":"product_brand","embeddable":true,"href":"https:\/\/dolphinshowpattaya.com\/it\/wp-json\/wp\/v2\/product_brand?post=2911"},{"taxonomy":"product_cat","embeddable":true,"href":"https:\/\/dolphinshowpattaya.com\/it\/wp-json\/wp\/v2\/product_cat?post=2911"},{"taxonomy":"product_tag","embeddable":true,"href":"https:\/\/dolphinshowpattaya.com\/it\/wp-json\/wp\/v2\/product_tag?post=2911"}],"curies":[{"name":"wp","href":"https:\/\/api.w.org\/{rel}","templated":true}]}}