{"id":2922,"date":"2024-10-25T04:36:58","date_gmt":"2024-10-24T23:06:58","guid":{"rendered":"https:\/\/dolphinshowpattaya.com\/?post_type=product&#038;p=2922"},"modified":"2025-09-25T04:35:00","modified_gmt":"2025-09-24T23:05:00","slug":"billet-pour-siege-regulier-au-dolphins-bay-phuket-pour-etrangers","status":"publish","type":"product","link":"https:\/\/dolphinshowpattaya.com\/fr\/billets\/billet-pour-siege-regulier-au-dolphins-bay-phuket-pour-etrangers\/","title":{"rendered":"Dolphins Bay Phuket \u2013 Billet pour si\u00e8ge standard (\u00e9trangers)"},"content":{"rendered":"<h2>\u00c0 propos de Dolphins Bay Phuket \u2013 Billet pour si\u00e8ge standard (\u00e9trangers)<\/h2>\n<p>D\u00e9couvrez le monde magique de <a href=\"https:\/\/dolphinshowpattaya.com\/fr\">Spectacle de dauphins \u00e0 Phuket<\/a>, \u00e0 la maison <a href=\"https:\/\/dolphinshowpattaya.com\/fr\">Baie des Dauphins \u00e0 Phuket<\/a>, o\u00f9 les dauphins et les phoques offrent un spectacle inoubliable \u00e0 un public de tous \u00e2ges. R\u00e9servez vos billets pour les options de si\u00e8ges r\u00e9guliers (\u00e9trangers) et profitez des performances captivantes dans une installation marine de classe mondiale. Que vous recherchiez des divertissements en famille ou une exp\u00e9rience unique, Dolphins Bay Phuket propose des divertissements qui allient \u00e9ducation et sensations fortes.<\/p>\n<h3>Afficher l&#039;heure<\/h3>\n<p>Dolphins Bay Phuket propose trois spectacles par jour, garantissant flexibilit\u00e9 et commodit\u00e9 aux visiteurs :<\/p>\n<ul>\n<li><strong>11h00<\/strong> (Les portes ouvrent \u00e0 10h45)<\/li>\n<li><strong>14h00<\/strong> (Ouverture des portes \u00e0 13h45)<\/li>\n<li><strong>17h00<\/strong> (Ouverture des portes \u00e0 16h45)<\/li>\n<\/ul>\n<p>Chaque spectacle comprend un spectacle de phoques de 15 minutes suivi d&#039;un spectacle de dauphins captivant, pour une heure pleine d&#039;action de magie marine.<\/p>\n<h3>Politique relative \u00e0 l&#039;enfance<\/h3>\n<ul>\n<li>Enfants de moins de <strong>90 cm<\/strong> en hauteur sont admis <strong>gratuitement<\/strong> mais sans si\u00e8ge.<\/li>\n<li>Enfants entre <strong>90 cm \u2013 130 cm<\/strong> sont \u00e9ligibles pour <strong>billets \u00e0 prix enfant<\/strong>.<\/li>\n<li>Enfants de moins de <strong>6 ann\u00e9es<\/strong> les personnes \u00e2g\u00e9es peuvent nager avec les dauphins mais doivent \u00eatre accompagn\u00e9es d&#039;un parent (des frais suppl\u00e9mentaires s&#039;appliquent).<\/li>\n<\/ul>\n<h3>Ce qui est inclus<\/h3>\n<ul>\n<li>Admission \u00e0 la <strong>spectacle de phoques<\/strong> et le <strong>spectacle de dauphins<\/strong>.<\/li>\n<li>Si\u00e8ges r\u00e9guliers pour <strong>\u00c9trangers<\/strong> dans <strong>Rang\u00e9es E, F et G<\/strong>.<\/li>\n<li>Acc\u00e8s \u00e0 d&#039;autres attractions, telles que la nage avec les dauphins et les s\u00e9ances photos (des frais suppl\u00e9mentaires s&#039;appliquent).<\/li>\n<\/ul>\n<h3>Points forts<\/h3>\n<ul>\n<li><strong>Salon nautique de classe mondiale<\/strong>:Regardez les dauphins r\u00e9aliser des acrobaties \u00e9poustouflantes et interagissez avec leurs entra\u00eeneurs.<\/li>\n<li><strong>Spectacle de phoques<\/strong>:Une performance humoristique et r\u00e9confortante du phoque ouvre chaque spectacle.<\/li>\n<li><strong>Opportunit\u00e9s de photos<\/strong>:Obtenez la chance de prendre des photos m\u00e9morables avec les dauphins et les phoques.<\/li>\n<li><strong>Exp\u00e9rience \u00e9ducative<\/strong>:Apprenez-en davantage sur ces animaux marins intelligents et leurs habitats.<\/li>\n<\/ul>\n<h3>Inclusions<\/h3>\n<ul>\n<li>Billet si\u00e8ge r\u00e9gulier (rang\u00e9es E, F et G).<\/li>\n<li>Entr\u00e9e aux spectacles de phoques et de dauphins.<\/li>\n<li>Entr\u00e9e gratuite pour les enfants de moins de 90 cm (sans si\u00e8ge).<\/li>\n<\/ul>\n<h3>Exclusions<\/h3>\n<ul>\n<li><strong>Nager avec les dauphins<\/strong> (en suppl\u00e9ment).<\/li>\n<li><strong>Photo avec des dauphins ou des phoques<\/strong> (en suppl\u00e9ment).<\/li>\n<li>La nourriture et les boissons ne sont pas incluses dans le prix du billet.<\/li>\n<\/ul>\n<h3>Politique de remboursement et d&#039;annulation<\/h3>\n<ul>\n<li><strong>Aucun remboursement<\/strong>:Toutes les r\u00e9servations sont <strong>non remboursable<\/strong>.<\/li>\n<li><strong>Annulation<\/strong>:Aucune annulation n&#039;est autoris\u00e9e une fois les r\u00e9servations confirm\u00e9es.<\/li>\n<li><strong>Changements<\/strong>:Vous pouvez reprogrammer votre billet avec <strong>au moins 24 heures de pr\u00e9avis<\/strong> avant le spectacle, sous r\u00e9serve de disponibilit\u00e9.<\/li>\n<\/ul>\n<h3>Quoi de plus ?<\/h3>\n<p>Dolphins Bay Phuket propose non seulement des spectacles incroyables, mais offre \u00e9galement aux visiteurs une exp\u00e9rience interactive o\u00f9 ils peuvent nager avec les dauphins, prendre des photos avec eux et m\u00eame devenir un jeune entra\u00eeneur pour la journ\u00e9e.<\/p>\n<h3>Conseils d&#039;initi\u00e9s<\/h3>\n<ul>\n<li>Arrivez t\u00f4t pour garantir le meilleur stationnement et les meilleures places assises.<\/li>\n<li>Apportez des v\u00eatements de rechange si vous pr\u00e9voyez de nager avec les dauphins.<\/li>\n<li>R\u00e9servez vos billets \u00e0 l\u2019avance pour \u00e9viter toute d\u00e9ception, car les spectacles affichent souvent complet.<\/li>\n<\/ul>\n<h3>\u00c0 faire et \u00e0 ne pas faire<\/h3>\n<p><strong>\u00c0 faire<\/strong><\/p>\n<ul>\n<li>Suivez la disposition des si\u00e8ges selon votre billet.<\/li>\n<li>Respectez les r\u00e8gles de s\u00e9curit\u00e9 et les consignes donn\u00e9es par le personnel.<\/li>\n<li>Capturez des souvenirs avec un appareil photo (l\u00e0 o\u00f9 cela est autoris\u00e9).<\/li>\n<\/ul>\n<p><strong>\u00c0 ne pas faire<\/strong><\/p>\n<ul>\n<li>Ne vous asseyez pas pr\u00e8s du bord de la piscine et ne tendez pas vos bras vers l\u2019eau.<\/li>\n<li>N&#039;apportez pas de nourriture ou de boissons de l&#039;ext\u00e9rieur dans le lieu.<\/li>\n<li>N&#039;essayez pas d&#039;interagir avec les animaux sans surveillance.<\/li>\n<\/ul>\n<h3>\u00c0 savoir avant de partir<\/h3>\n<ul>\n<li><strong>Politique de r\u00e9servation<\/strong>:Toutes les r\u00e9servations doivent \u00eatre effectu\u00e9es au moins <strong>1 jour \u00e0 l&#039;avance<\/strong>.<\/li>\n<li><strong>Les portes s&#039;ouvrent<\/strong> 15 minutes avant chaque spectacle.<\/li>\n<li>Dolphins Bay Phuket est <strong>ferm\u00e9 le lundi<\/strong>.<\/li>\n<\/ul>\n<h3>Adresse<\/h3>\n<p><strong>Baie des Dauphins \u00e0 Phuket<\/strong><br \/>\n33\/50, Chalong, District de Mueang Phuket, Phuket 83130, Tha\u00eflande<\/p>\n<h3>Cartes et localisation<\/h3>\n<p>Pour votre commodit\u00e9, voici le <strong><a href=\"https:\/\/maps.app.goo.gl\/iKaEd3g2Nr1B9YJD8\" target=\"_new\" rel=\"noopener\">Lien vers Google Maps<\/a><\/strong> pour vous aider \u00e0 localiser Dolphins Bay Phuket.<\/p>\n<h3>Comment se rendre \u00e0 Dolphins Bay Phuket<\/h3>\n<ul>\n<li><strong>En taxi<\/strong>:Le moyen le plus simple d&#039;atteindre Dolphins Bay Phuket est de prendre un taxi depuis n&#039;importe o\u00f9 \u00e0 Phuket.<\/li>\n<li><strong>Transports en commun<\/strong>:Prenez les bus locaux ou les minibus en direction de Chalong.<\/li>\n<li><strong>Location de voitures<\/strong>:La location d&#039;une voiture est \u00e9galement une option pratique si vous pr\u00e9f\u00e9rez explorer Phuket \u00e0 votre rythme.<\/li>\n<\/ul>\n<h3>Questions fr\u00e9quemment pos\u00e9es (FAQ)<\/h3>\n<p><strong>Q : Puis-je nager avec les dauphins ?<\/strong><br \/>\nR : Oui, la nage avec les dauphins est accessible aux adultes comme aux enfants (des restrictions d&#039;\u00e2ge s&#039;appliquent). Cette activit\u00e9 est payante.<\/p>\n<p><strong>Q : Les photos avec les dauphins sont-elles incluses dans le billet ?<\/strong><br \/>\nR : Non, les photos ne sont pas incluses dans le prix du billet standard. Vous pouvez toutefois acheter des forfaits photo sur place.<\/p>\n<p><strong>Q : Existe-t-il un code vestimentaire pour nager avec les dauphins ?<\/strong><br \/>\nR : Oui, un maillot de bain appropri\u00e9 est requis pour toutes les activit\u00e9s aquatiques.<\/p>\n<p><strong>Q\u00a0:\u00a0Puis-je annuler ma r\u00e9servation et obtenir un remboursement\u00a0?<\/strong><br \/>\nR : Malheureusement, toutes les r\u00e9servations ne sont pas remboursables.<\/p>\n<p><strong>Q\u00a0:\u00a0Est-ce que de la nourriture est disponible au Dolphins Bay Phuket\u00a0?<\/strong><br \/>\nR : Oui, de la nourriture et des boissons sont disponibles \u00e0 l\u2019achat \u00e0 l\u2019int\u00e9rieur de la salle, mais elles ne sont pas incluses dans le prix du billet.<\/p>","protected":false},"excerpt":{"rendered":"<table class=\"short-description\">\n<tbody class=\"tabel364\">\n<tr class=\"short-description-tr32r\">\n<th class=\"short-description-th\"><span class=\"description-h23\"><strong class=\"description-strong67\">Toutes les r\u00e9servations doivent \u00eatre effectu\u00e9es 1 jour avant le spectacle (avant 18h00, heure de Tha\u00eflande).<\/strong><\/span><\/th>\n<\/tr>\n<\/tbody>\n<\/table>","protected":false},"featured_media":2849,"comment_status":"open","ping_status":"closed","template":"","meta":{"ocean_post_layout":"","ocean_both_sidebars_style":"","ocean_both_sidebars_content_width":0,"ocean_both_sidebars_sidebars_width":0,"ocean_sidebar":"0","ocean_second_sidebar":"0","ocean_disable_margins":"enable","ocean_add_body_class":"","ocean_shortcode_before_top_bar":"","ocean_shortcode_after_top_bar":"","ocean_shortcode_before_header":"","ocean_shortcode_after_header":"","ocean_has_shortcode":"","ocean_shortcode_after_title":"","ocean_shortcode_before_footer_widgets":"","ocean_shortcode_after_footer_widgets":"","ocean_shortcode_before_footer_bottom":"","ocean_shortcode_after_footer_bottom":"","ocean_display_top_bar":"default","ocean_display_header":"default","ocean_header_style":"","ocean_center_header_left_menu":"0","ocean_custom_header_template":"0","ocean_custom_logo":0,"ocean_custom_retina_logo":0,"ocean_custom_logo_max_width":0,"ocean_custom_logo_tablet_max_width":0,"ocean_custom_logo_mobile_max_width":0,"ocean_custom_logo_max_height":0,"ocean_custom_logo_tablet_max_height":0,"ocean_custom_logo_mobile_max_height":0,"ocean_header_custom_menu":"0","ocean_menu_typo_font_family":"0","ocean_menu_typo_font_subset":"","ocean_menu_typo_font_size":0,"ocean_menu_typo_font_size_tablet":0,"ocean_menu_typo_font_size_mobile":0,"ocean_menu_typo_font_size_unit":"px","ocean_menu_typo_font_weight":"","ocean_menu_typo_font_weight_tablet":"","ocean_menu_typo_font_weight_mobile":"","ocean_menu_typo_transform":"","ocean_menu_typo_transform_tablet":"","ocean_menu_typo_transform_mobile":"","ocean_menu_typo_line_height":0,"ocean_menu_typo_line_height_tablet":0,"ocean_menu_typo_line_height_mobile":0,"ocean_menu_typo_line_height_unit":"","ocean_menu_typo_spacing":0,"ocean_menu_typo_spacing_tablet":0,"ocean_menu_typo_spacing_mobile":0,"ocean_menu_typo_spacing_unit":"","ocean_menu_link_color":"","ocean_menu_link_color_hover":"","ocean_menu_link_color_active":"","ocean_menu_link_background":"","ocean_menu_link_hover_background":"","ocean_menu_link_active_background":"","ocean_menu_social_links_bg":"","ocean_menu_social_hover_links_bg":"","ocean_menu_social_links_color":"","ocean_menu_social_hover_links_color":"","ocean_disable_title":"default","ocean_disable_heading":"default","ocean_post_title":"","ocean_post_subheading":"","ocean_post_title_style":"","ocean_post_title_background_color":"","ocean_post_title_background":0,"ocean_post_title_bg_image_position":"","ocean_post_title_bg_image_attachment":"","ocean_post_title_bg_image_repeat":"","ocean_post_title_bg_image_size":"","ocean_post_title_height":0,"ocean_post_title_bg_overlay":0.5,"ocean_post_title_bg_overlay_color":"","ocean_disable_breadcrumbs":"default","ocean_breadcrumbs_color":"","ocean_breadcrumbs_separator_color":"","ocean_breadcrumbs_links_color":"","ocean_breadcrumbs_links_hover_color":"","ocean_display_footer_widgets":"default","ocean_display_footer_bottom":"default","ocean_custom_footer_template":"0"},"product_brand":[],"product_cat":[20],"product_tag":[238,237,241,231,242,243,236,245,232,234,230,235,240,244,239,233],"class_list":{"0":"post-2922","1":"product","2":"type-product","3":"status-publish","4":"has-post-thumbnail","6":"product_cat-tickets","7":"product_tag-best-dolphin-show-phuket","8":"product_tag-book-dolphin-show-phuket","9":"product_tag-buy-dolphin-show-tickets","10":"product_tag-dolphin-show-phuket","11":"product_tag-dolphin-show-phuket-deals","12":"product_tag-dolphin-show-phuket-experience","13":"product_tag-dolphin-show-tickets","14":"product_tag-dolphins-bay-phuket","15":"product_tag-dolphins-bay-phuket-tickets","16":"product_tag-foreigners-ticket-dolphin-show","17":"product_tag-phuket","18":"product_tag-phuket-dolphin-show","19":"product_tag-phuket-dolphins-show-foreigners","20":"product_tag-phuket-show-tickets","21":"product_tag-regular-seat-booking","22":"product_tag-regular-seat-ticket","23":"tm-has-options","25":"entry","26":"has-media","28":"first","29":"instock","30":"virtual","31":"purchasable","32":"product-type-simple","33":"has-product-nav","34":"col","35":"span_1_of_3","36":"owp-content-center","37":"owp-thumbs-layout-horizontal","38":"owp-btn-normal","39":"owp-tabs-layout-horizontal"},"yoast_head":"<!-- This site is optimized with the Yoast SEO plugin v25.3 - https:\/\/yoast.com\/wordpress\/plugins\/seo\/ -->\n<title>Book Regular Seat Ticket (Foreigners) - Dolphin Show Phuket<\/title>\n<meta name=\"description\" content=\"Experience Dolphins Bay Phuket With Regular Seat Tickets For Foreigners. Enjoy Thrilling Dolphin And Seal Shows. Book Your Tickets Today!\" \/>\n<meta name=\"robots\" content=\"noindex, follow, max-snippet:-1, max-image-preview:large, max-video-preview:-1\" \/>\n<meta property=\"og:locale\" content=\"fr_FR\" \/>\n<meta property=\"og:type\" content=\"article\" \/>\n<meta property=\"og:title\" content=\"Book Regular Seat Ticket (Foreigners) - Dolphin Show Phuket\" \/>\n<meta property=\"og:description\" content=\"Experience Dolphins Bay Phuket With Regular Seat Tickets For Foreigners. Enjoy Thrilling Dolphin And Seal Shows. Book Your Tickets Today!\" \/>\n<meta property=\"og:url\" content=\"https:\/\/dolphinshowpattaya.com\/fr\/billets\/billet-pour-siege-regulier-au-dolphins-bay-phuket-pour-etrangers\/\" \/>\n<meta property=\"og:site_name\" content=\"Dolphin Show Pattaya\" \/>\n<meta property=\"article:modified_time\" content=\"2025-09-24T23:05:00+00:00\" \/>\n<meta property=\"og:image\" content=\"https:\/\/dolphinshowpattaya.com\/wp-content\/uploads\/2024\/10\/Dolphins-Bay-Phuket-Price.jpg\" \/>\n\t<meta property=\"og:image:width\" content=\"2048\" \/>\n\t<meta property=\"og:image:height\" content=\"1365\" \/>\n\t<meta property=\"og:image:type\" content=\"image\/jpeg\" \/>\n<meta name=\"twitter:card\" content=\"summary_large_image\" \/>\n<meta name=\"twitter:label1\" content=\"Dur\u00e9e de lecture estim\u00e9e\" \/>\n\t<meta name=\"twitter:data1\" content=\"4 minutes\" \/>\n<script type=\"application\/ld+json\" class=\"yoast-schema-graph\">{\"@context\":\"https:\/\/schema.org\",\"@graph\":[{\"@type\":\"WebPage\",\"@id\":\"https:\/\/dolphinshowpattaya.com\/tickets\/dolphins-bay-phuket-regular-seat-ticket-foreigners\/\",\"url\":\"https:\/\/dolphinshowpattaya.com\/tickets\/dolphins-bay-phuket-regular-seat-ticket-foreigners\/\",\"name\":\"Book Regular Seat Ticket (Foreigners) - Dolphin Show Phuket\",\"isPartOf\":{\"@id\":\"https:\/\/dolphinshowpattaya.com\/#website\"},\"primaryImageOfPage\":{\"@id\":\"https:\/\/dolphinshowpattaya.com\/tickets\/dolphins-bay-phuket-regular-seat-ticket-foreigners\/#primaryimage\"},\"image\":{\"@id\":\"https:\/\/dolphinshowpattaya.com\/tickets\/dolphins-bay-phuket-regular-seat-ticket-foreigners\/#primaryimage\"},\"thumbnailUrl\":\"https:\/\/dolphinshowpattaya.com\/wp-content\/uploads\/2024\/10\/Dolphins-Bay-Phuket-Price.jpg\",\"datePublished\":\"2024-10-24T23:06:58+00:00\",\"dateModified\":\"2025-09-24T23:05:00+00:00\",\"description\":\"Experience Dolphins Bay Phuket With Regular Seat Tickets For Foreigners. Enjoy Thrilling Dolphin And Seal Shows. Book Your Tickets Today!\",\"breadcrumb\":{\"@id\":\"https:\/\/dolphinshowpattaya.com\/tickets\/dolphins-bay-phuket-regular-seat-ticket-foreigners\/#breadcrumb\"},\"inLanguage\":\"fr-FR\",\"potentialAction\":[{\"@type\":\"ReadAction\",\"target\":[\"https:\/\/dolphinshowpattaya.com\/tickets\/dolphins-bay-phuket-regular-seat-ticket-foreigners\/\"]}]},{\"@type\":\"ImageObject\",\"inLanguage\":\"fr-FR\",\"@id\":\"https:\/\/dolphinshowpattaya.com\/tickets\/dolphins-bay-phuket-regular-seat-ticket-foreigners\/#primaryimage\",\"url\":\"https:\/\/dolphinshowpattaya.com\/wp-content\/uploads\/2024\/10\/Dolphins-Bay-Phuket-Price.jpg\",\"contentUrl\":\"https:\/\/dolphinshowpattaya.com\/wp-content\/uploads\/2024\/10\/Dolphins-Bay-Phuket-Price.jpg\",\"width\":2048,\"height\":1365,\"caption\":\"Dolphins Bay Phuket Price\"},{\"@type\":\"BreadcrumbList\",\"@id\":\"https:\/\/dolphinshowpattaya.com\/tickets\/dolphins-bay-phuket-regular-seat-ticket-foreigners\/#breadcrumb\",\"itemListElement\":[{\"@type\":\"ListItem\",\"position\":1,\"name\":\"Home\",\"item\":\"https:\/\/dolphinshowpattaya.com\/\"},{\"@type\":\"ListItem\",\"position\":2,\"name\":\"Tickets\",\"item\":\"https:\/\/dolphinshowpattaya.com\/tickets\/\"},{\"@type\":\"ListItem\",\"position\":3,\"name\":\"Dolphins Bay Phuket &#8211; Regular Seat Ticket (Foreigners)\"}]},{\"@type\":\"WebSite\",\"@id\":\"https:\/\/dolphinshowpattaya.com\/#website\",\"url\":\"https:\/\/dolphinshowpattaya.com\/\",\"name\":\"Dolphin Show Phuket\",\"description\":\"\",\"publisher\":{\"@id\":\"https:\/\/dolphinshowpattaya.com\/#organization\"},\"potentialAction\":[{\"@type\":\"SearchAction\",\"target\":{\"@type\":\"EntryPoint\",\"urlTemplate\":\"https:\/\/dolphinshowpattaya.com\/?s={search_term_string}\"},\"query-input\":{\"@type\":\"PropertyValueSpecification\",\"valueRequired\":true,\"valueName\":\"search_term_string\"}}],\"inLanguage\":\"fr-FR\"},{\"@type\":\"Organization\",\"@id\":\"https:\/\/dolphinshowpattaya.com\/#organization\",\"name\":\"Dolphin Show Phuket\",\"url\":\"https:\/\/dolphinshowpattaya.com\/\",\"logo\":{\"@type\":\"ImageObject\",\"inLanguage\":\"fr-FR\",\"@id\":\"https:\/\/dolphinshowpattaya.com\/#\/schema\/logo\/image\/\",\"url\":\"https:\/\/dolphinshowpattaya.com\/wp-content\/uploads\/2024\/08\/Dophin-Show-Phuket.png\",\"contentUrl\":\"https:\/\/dolphinshowpattaya.com\/wp-content\/uploads\/2024\/08\/Dophin-Show-Phuket.png\",\"width\":350,\"height\":100,\"caption\":\"Dolphin Show Phuket\"},\"image\":{\"@id\":\"https:\/\/dolphinshowpattaya.com\/#\/schema\/logo\/image\/\"}}]}<\/script>\n<!-- \/ Yoast SEO plugin. -->","yoast_head_json":{"title":"Book Regular Seat Ticket (Foreigners) - Dolphin Show Phuket","description":"Experience Dolphins Bay Phuket With Regular Seat Tickets For Foreigners. Enjoy Thrilling Dolphin And Seal Shows. Book Your Tickets Today!","robots":{"index":"noindex","follow":"follow","max-snippet":"max-snippet:-1","max-image-preview":"max-image-preview:large","max-video-preview":"max-video-preview:-1"},"og_locale":"fr_FR","og_type":"article","og_title":"Book Regular Seat Ticket (Foreigners) - Dolphin Show Phuket","og_description":"Experience Dolphins Bay Phuket With Regular Seat Tickets For Foreigners. Enjoy Thrilling Dolphin And Seal Shows. Book Your Tickets Today!","og_url":"https:\/\/dolphinshowpattaya.com\/fr\/billets\/billet-pour-siege-regulier-au-dolphins-bay-phuket-pour-etrangers\/","og_site_name":"Dolphin Show Pattaya","article_modified_time":"2025-09-24T23:05:00+00:00","og_image":[{"width":2048,"height":1365,"url":"https:\/\/dolphinshowpattaya.com\/wp-content\/uploads\/2024\/10\/Dolphins-Bay-Phuket-Price.jpg","type":"image\/jpeg"}],"twitter_card":"summary_large_image","twitter_misc":{"Dur\u00e9e de lecture estim\u00e9e":"4 minutes"},"schema":{"@context":"https:\/\/schema.org","@graph":[{"@type":"WebPage","@id":"https:\/\/dolphinshowpattaya.com\/tickets\/dolphins-bay-phuket-regular-seat-ticket-foreigners\/","url":"https:\/\/dolphinshowpattaya.com\/tickets\/dolphins-bay-phuket-regular-seat-ticket-foreigners\/","name":"Book Regular Seat Ticket (Foreigners) - Dolphin Show Phuket","isPartOf":{"@id":"https:\/\/dolphinshowpattaya.com\/#website"},"primaryImageOfPage":{"@id":"https:\/\/dolphinshowpattaya.com\/tickets\/dolphins-bay-phuket-regular-seat-ticket-foreigners\/#primaryimage"},"image":{"@id":"https:\/\/dolphinshowpattaya.com\/tickets\/dolphins-bay-phuket-regular-seat-ticket-foreigners\/#primaryimage"},"thumbnailUrl":"https:\/\/dolphinshowpattaya.com\/wp-content\/uploads\/2024\/10\/Dolphins-Bay-Phuket-Price.jpg","datePublished":"2024-10-24T23:06:58+00:00","dateModified":"2025-09-24T23:05:00+00:00","description":"Experience Dolphins Bay Phuket With Regular Seat Tickets For Foreigners. Enjoy Thrilling Dolphin And Seal Shows. Book Your Tickets Today!","breadcrumb":{"@id":"https:\/\/dolphinshowpattaya.com\/tickets\/dolphins-bay-phuket-regular-seat-ticket-foreigners\/#breadcrumb"},"inLanguage":"fr-FR","potentialAction":[{"@type":"ReadAction","target":["https:\/\/dolphinshowpattaya.com\/tickets\/dolphins-bay-phuket-regular-seat-ticket-foreigners\/"]}]},{"@type":"ImageObject","inLanguage":"fr-FR","@id":"https:\/\/dolphinshowpattaya.com\/tickets\/dolphins-bay-phuket-regular-seat-ticket-foreigners\/#primaryimage","url":"https:\/\/dolphinshowpattaya.com\/wp-content\/uploads\/2024\/10\/Dolphins-Bay-Phuket-Price.jpg","contentUrl":"https:\/\/dolphinshowpattaya.com\/wp-content\/uploads\/2024\/10\/Dolphins-Bay-Phuket-Price.jpg","width":2048,"height":1365,"caption":"Dolphins Bay Phuket Price"},{"@type":"BreadcrumbList","@id":"https:\/\/dolphinshowpattaya.com\/tickets\/dolphins-bay-phuket-regular-seat-ticket-foreigners\/#breadcrumb","itemListElement":[{"@type":"ListItem","position":1,"name":"Home","item":"https:\/\/dolphinshowpattaya.com\/"},{"@type":"ListItem","position":2,"name":"Tickets","item":"https:\/\/dolphinshowpattaya.com\/tickets\/"},{"@type":"ListItem","position":3,"name":"Dolphins Bay Phuket &#8211; Regular Seat Ticket (Foreigners)"}]},{"@type":"WebSite","@id":"https:\/\/dolphinshowpattaya.com\/#website","url":"https:\/\/dolphinshowpattaya.com\/","name":"Dolphin Show Phuket","description":"","publisher":{"@id":"https:\/\/dolphinshowpattaya.com\/#organization"},"potentialAction":[{"@type":"SearchAction","target":{"@type":"EntryPoint","urlTemplate":"https:\/\/dolphinshowpattaya.com\/?s={search_term_string}"},"query-input":{"@type":"PropertyValueSpecification","valueRequired":true,"valueName":"search_term_string"}}],"inLanguage":"fr-FR"},{"@type":"Organization","@id":"https:\/\/dolphinshowpattaya.com\/#organization","name":"Dolphin Show Phuket","url":"https:\/\/dolphinshowpattaya.com\/","logo":{"@type":"ImageObject","inLanguage":"fr-FR","@id":"https:\/\/dolphinshowpattaya.com\/#\/schema\/logo\/image\/","url":"https:\/\/dolphinshowpattaya.com\/wp-content\/uploads\/2024\/08\/Dophin-Show-Phuket.png","contentUrl":"https:\/\/dolphinshowpattaya.com\/wp-content\/uploads\/2024\/08\/Dophin-Show-Phuket.png","width":350,"height":100,"caption":"Dolphin Show Phuket"},"image":{"@id":"https:\/\/dolphinshowpattaya.com\/#\/schema\/logo\/image\/"}}]}},"jetpack_sharing_enabled":true,"_links":{"self":[{"href":"https:\/\/dolphinshowpattaya.com\/fr\/wp-json\/wp\/v2\/product\/2922","targetHints":{"allow":["GET"]}}],"collection":[{"href":"https:\/\/dolphinshowpattaya.com\/fr\/wp-json\/wp\/v2\/product"}],"about":[{"href":"https:\/\/dolphinshowpattaya.com\/fr\/wp-json\/wp\/v2\/types\/product"}],"replies":[{"embeddable":true,"href":"https:\/\/dolphinshowpattaya.com\/fr\/wp-json\/wp\/v2\/comments?post=2922"}],"wp:featuredmedia":[{"embeddable":true,"href":"https:\/\/dolphinshowpattaya.com\/fr\/wp-json\/wp\/v2\/media\/2849"}],"wp:attachment":[{"href":"https:\/\/dolphinshowpattaya.com\/fr\/wp-json\/wp\/v2\/media?parent=2922"}],"wp:term":[{"taxonomy":"product_brand","embeddable":true,"href":"https:\/\/dolphinshowpattaya.com\/fr\/wp-json\/wp\/v2\/product_brand?post=2922"},{"taxonomy":"product_cat","embeddable":true,"href":"https:\/\/dolphinshowpattaya.com\/fr\/wp-json\/wp\/v2\/product_cat?post=2922"},{"taxonomy":"product_tag","embeddable":true,"href":"https:\/\/dolphinshowpattaya.com\/fr\/wp-json\/wp\/v2\/product_tag?post=2922"}],"curies":[{"name":"wp","href":"https:\/\/api.w.org\/{rel}","templated":true}]}}