{"id":2921,"date":"2024-10-25T04:31:40","date_gmt":"2024-10-24T23:01:40","guid":{"rendered":"https:\/\/dolphinshowpattaya.com\/?post_type=product&#038;p=2921"},"modified":"2025-06-07T23:26:30","modified_gmt":"2025-06-07T17:56:30","slug":"dolphins-bay-phuket-swimming-with-dolphin-ticket-thai-residents","status":"publish","type":"product","link":"https:\/\/dolphinshowpattaya.com\/fr\/billets\/dolphins-bay-phuket-swimming-with-dolphin-ticket-thai-residents\/","title":{"rendered":"Dolphins Bay Phuket &#8211; Swimming With Dolphin Ticket (Thai Residents)"},"content":{"rendered":"<h2>\u00c0 propos du billet pour nager avec les dauphins (r\u00e9sidents tha\u00eflandais)<\/h2>\n<p>Vivez la magie de nager avec les dauphins \u00e0 Dolphins Bay Phuket, une exp\u00e9rience inoubliable avec ces cr\u00e9atures intelligentes et amicales. Cette activit\u00e9 unique est sp\u00e9cialement con\u00e7ue pour les r\u00e9sidents tha\u00eflandais, vous donnant la chance d&#039;en apprendre davantage sur les dauphins, de participer \u00e0 une interaction ludique et de vivre une exp\u00e9rience m\u00e9morable.<\/p>\n<h3>Afficher l&#039;heure<\/h3>\n<p><a href=\"https:\/\/dolphinshowpattaya.com\/fr\">Baie des Dauphins \u00e0 Phuket<\/a> fonctionne tous les jours sauf le lundi. Les horaires des repr\u00e9sentations sont les suivants :<\/p>\n<ul>\n<li><strong>11h00<\/strong> (Spectacle de phoques : 10h45-11h00 | Spectacle de dauphins : 11h15-11h40)<\/li>\n<li><strong>14h00<\/strong> (Spectacle de phoques : 13h45-14h00 | Spectacle de dauphins : 14h15-14h40)<\/li>\n<li><strong>17h00<\/strong> (Spectacle de phoques : 16h45-17h00 | Spectacle de dauphins : 17h15-17h40)<\/li>\n<li><span style=\"color: #000000;\">Swimming &amp; Activities: 11:45 AM | 2:45 PM | 5:45 PM<\/span><\/li>\n<\/ul>\n<h3>Politique relative \u00e0 l&#039;enfance<\/h3>\n<ul>\n<li><strong>Entr\u00e9e gratuite<\/strong> pour les enfants de moins de 90 cm sans si\u00e8ge pr\u00e9vu.<\/li>\n<li><strong>Billet enfant<\/strong> est obligatoire pour les enfants entre 90 et 130 cm.<\/li>\n<li><strong>Nager avec un dauphin<\/strong> est accessible aux adultes et aux enfants \u00e0 partir de 6 ans. Les enfants de 4 \u00e0 5 ans doivent \u00eatre accompagn\u00e9s d&#039;un parent moyennant un suppl\u00e9ment.<\/li>\n<\/ul>\n<h3>Ce qui est inclus<\/h3>\n<ul>\n<li>S\u00e9ance de nage avec un dauphin.<\/li>\n<li>Entr\u00e9e au spectacle de phoques et de dauphins.<\/li>\n<li>Photos souvenirs avec les dauphins (facultatif).<\/li>\n<li>Acc\u00e8s aux vestiaires et au mat\u00e9riel de natation.<\/li>\n<\/ul>\n<h3>Points forts<\/h3>\n<ul>\n<li>Nagez aux c\u00f4t\u00e9s de dauphins joueurs dans un environnement s\u00fbr et contr\u00f4l\u00e9.<\/li>\n<li>Des formateurs professionnels guident l&#039;exp\u00e9rience.<\/li>\n<li>Apprenez-en davantage sur le comportement et la conservation des dauphins.<\/li>\n<li>Id\u00e9al pour les familles et les amoureux des animaux.<\/li>\n<\/ul>\n<h3>Inclusions<\/h3>\n<ul>\n<li>Billet d&#039;entr\u00e9e aux spectacles de dauphins et de phoques.<\/li>\n<li>S\u00e9ance de nage avec un dauphin.<\/li>\n<li>Equipement de s\u00e9curit\u00e9 (gilets de sauvetage, etc.).<\/li>\n<li>Acc\u00e8s aux vestiaires.<\/li>\n<\/ul>\n<h3>Exclusions<\/h3>\n<ul>\n<li>Photos avec les dauphins (co\u00fbt suppl\u00e9mentaire).<\/li>\n<li>Transferts vers l&#039;h\u00f4tel (peuvent \u00eatre organis\u00e9s moyennant des frais suppl\u00e9mentaires).<\/li>\n<li>Nourriture et boissons.<\/li>\n<\/ul>\n<h3>Politique de remboursement et d&#039;annulation<\/h3>\n<ul>\n<li><strong>Aucun remboursement<\/strong>:Une fois r\u00e9serv\u00e9s, les billets ne sont pas remboursables.<\/li>\n<li><strong>Reprogrammation<\/strong>:Autoris\u00e9 jusqu&#039;\u00e0 24 heures avant, sous r\u00e9serve de disponibilit\u00e9.<\/li>\n<li><strong>Annulation<\/strong>:Aucun remboursement en cas de non-pr\u00e9sentation ou d&#039;annulation tardive.<\/li>\n<\/ul>\n<h3>Quoi de plus ?<\/h3>\n<ul>\n<li>Rencontre avec des entra\u00eeneurs de dauphins professionnels.<\/li>\n<li>B\u00e9n\u00e9ficiez de r\u00e9ductions exclusives sur les forfaits familiaux.<\/li>\n<\/ul>\n<h3>Conseils d&#039;initi\u00e9s<\/h3>\n<ul>\n<li>Arrivez au moins 30 minutes avant le spectacle pour garantir de bonnes places.<\/li>\n<li>Apportez un maillot de bain pour l&#039;interaction avec les dauphins.<\/li>\n<li>Les appareils photo ne sont pas autoris\u00e9s pendant la baignade, mais des photos professionnelles sont disponibles \u00e0 l&#039;achat.<\/li>\n<\/ul>\n<h3>\u00c0 faire et \u00e0 ne pas faire<\/h3>\n<p><strong>\u00c0 faire<\/strong>:<\/p>\n<ul>\n<li>Suivez les instructions du formateur pour plus de s\u00e9curit\u00e9.<\/li>\n<li>Apportez vos propres serviettes et maillots de bain.<\/li>\n<li>Gardez vos objets de valeur dans les casiers pr\u00e9vus \u00e0 cet effet.<\/li>\n<\/ul>\n<p><strong>\u00c0 ne pas faire<\/strong>:<\/p>\n<ul>\n<li>Ne vous tenez pas pr\u00e8s du bord de la piscine.<\/li>\n<li>Pas de nourriture ni de boissons \u00e0 proximit\u00e9 de la piscine des dauphins.<\/li>\n<li>\u00c9vitez les mouvements brusques qui pourraient effrayer les dauphins.<\/li>\n<\/ul>\n<h3>\u00c0 savoir avant de partir<\/h3>\n<ul>\n<li>Il est recommand\u00e9 de r\u00e9server \u00e0 l&#039;avance.<\/li>\n<li>N&#039;oubliez pas votre appareil photo pour les photos apr\u00e8s le spectacle.<\/li>\n<li>Respectez toutes les r\u00e8gles de sant\u00e9 et de s\u00e9curit\u00e9 lors de l\u2019interaction.<\/li>\n<\/ul>\n<h3>Adresse<\/h3>\n<p>33\/50, Chalong, District de Mueang Phuket, Phuket 83130, Tha\u00eflande<\/p>\n<h3>Cartes et localisation<\/h3>\n<p>Vous pouvez trouver l&#039;emplacement exact sur <a href=\"https:\/\/maps.app.goo.gl\/iKaEd3g2Nr1B9YJD8\" target=\"_new\" rel=\"noopener\">Google Maps<\/a>.<\/p>\n<h3>Comment se rendre \u00e0 Dolphins Bay Phuket<\/h3>\n<ul>\n<li><strong>En voiture<\/strong>:Depuis la ville de Phuket, il faut 20 minutes en voiture pour rejoindre Chalong.<\/li>\n<li><strong>En taxi<\/strong>:Les taxis sont facilement disponibles partout \u00e0 Phuket, avec des tarifs fixes pour Dolphins Bay.<\/li>\n<li><strong>Transports en commun<\/strong>:Les tuk-tuks et les bus locaux sont une option abordable.<\/li>\n<\/ul>\n<h3>Questions fr\u00e9quemment pos\u00e9es (FAQ)<\/h3>\n<p><strong>1. Les enfants peuvent-ils nager avec les dauphins ?<\/strong><br \/>\nOui, les enfants de 6 ans et plus peuvent nager. Ceux de 4 \u00e0 5 ans doivent \u00eatre accompagn\u00e9s d&#039;un parent.<\/p>\n<p><strong>2. Est-il s\u00e9curitaire de nager avec les dauphins ?<\/strong><br \/>\nOui, l&#039;exp\u00e9rience est supervis\u00e9e par des professionnels form\u00e9s et toutes les mesures de s\u00e9curit\u00e9 sont respect\u00e9es.<\/p>\n<p><strong>3. Que dois-je apporter ?<\/strong><br \/>\nMaillots de bain, serviettes et v\u00eatements de rechange.<\/p>\n<p><strong>4. Les photos sont-elles incluses dans le billet ?<\/strong><br \/>\nNon, des photos avec des dauphins sont disponibles moyennant un co\u00fbt suppl\u00e9mentaire.<\/p>\n<p><strong>5. Puis-je reprogrammer ma r\u00e9servation ?<\/strong><br \/>\nOui, mais vous devez pr\u00e9venir au moins 24 heures \u00e0 l&#039;avance, et le report est sous r\u00e9serve de disponibilit\u00e9.<\/p>","protected":false},"excerpt":{"rendered":"<table class=\"short-description\">\n<tbody class=\"tabel364\">\n<tr class=\"short-description-tr32r\">\n<th class=\"short-description-th\"><span class=\"description-h23\"><strong class=\"description-strong67\">Toutes les r\u00e9servations doivent \u00eatre effectu\u00e9es 1 jour avant le spectacle (avant 18h00, heure de Tha\u00eflande).<\/strong><\/span><\/th>\n<\/tr>\n<\/tbody>\n<\/table>","protected":false},"featured_media":2851,"comment_status":"open","ping_status":"closed","template":"","meta":{"ocean_post_layout":"","ocean_both_sidebars_style":"","ocean_both_sidebars_content_width":0,"ocean_both_sidebars_sidebars_width":0,"ocean_sidebar":"0","ocean_second_sidebar":"0","ocean_disable_margins":"enable","ocean_add_body_class":"","ocean_shortcode_before_top_bar":"","ocean_shortcode_after_top_bar":"","ocean_shortcode_before_header":"","ocean_shortcode_after_header":"","ocean_has_shortcode":"","ocean_shortcode_after_title":"","ocean_shortcode_before_footer_widgets":"","ocean_shortcode_after_footer_widgets":"","ocean_shortcode_before_footer_bottom":"","ocean_shortcode_after_footer_bottom":"","ocean_display_top_bar":"default","ocean_display_header":"default","ocean_header_style":"","ocean_center_header_left_menu":"0","ocean_custom_header_template":"0","ocean_custom_logo":0,"ocean_custom_retina_logo":0,"ocean_custom_logo_max_width":0,"ocean_custom_logo_tablet_max_width":0,"ocean_custom_logo_mobile_max_width":0,"ocean_custom_logo_max_height":0,"ocean_custom_logo_tablet_max_height":0,"ocean_custom_logo_mobile_max_height":0,"ocean_header_custom_menu":"0","ocean_menu_typo_font_family":"0","ocean_menu_typo_font_subset":"","ocean_menu_typo_font_size":0,"ocean_menu_typo_font_size_tablet":0,"ocean_menu_typo_font_size_mobile":0,"ocean_menu_typo_font_size_unit":"px","ocean_menu_typo_font_weight":"","ocean_menu_typo_font_weight_tablet":"","ocean_menu_typo_font_weight_mobile":"","ocean_menu_typo_transform":"","ocean_menu_typo_transform_tablet":"","ocean_menu_typo_transform_mobile":"","ocean_menu_typo_line_height":0,"ocean_menu_typo_line_height_tablet":0,"ocean_menu_typo_line_height_mobile":0,"ocean_menu_typo_line_height_unit":"","ocean_menu_typo_spacing":0,"ocean_menu_typo_spacing_tablet":0,"ocean_menu_typo_spacing_mobile":0,"ocean_menu_typo_spacing_unit":"","ocean_menu_link_color":"","ocean_menu_link_color_hover":"","ocean_menu_link_color_active":"","ocean_menu_link_background":"","ocean_menu_link_hover_background":"","ocean_menu_link_active_background":"","ocean_menu_social_links_bg":"","ocean_menu_social_hover_links_bg":"","ocean_menu_social_links_color":"","ocean_menu_social_hover_links_color":"","ocean_disable_title":"default","ocean_disable_heading":"default","ocean_post_title":"","ocean_post_subheading":"","ocean_post_title_style":"","ocean_post_title_background_color":"","ocean_post_title_background":0,"ocean_post_title_bg_image_position":"","ocean_post_title_bg_image_attachment":"","ocean_post_title_bg_image_repeat":"","ocean_post_title_bg_image_size":"","ocean_post_title_height":0,"ocean_post_title_bg_overlay":0.5,"ocean_post_title_bg_overlay_color":"","ocean_disable_breadcrumbs":"default","ocean_breadcrumbs_color":"","ocean_breadcrumbs_separator_color":"","ocean_breadcrumbs_links_color":"","ocean_breadcrumbs_links_hover_color":"","ocean_display_footer_widgets":"default","ocean_display_footer_bottom":"default","ocean_custom_footer_template":"0"},"product_brand":[],"product_cat":[20],"product_tag":[348,355,356,353,347,350,345,294,308,352,349,346,230,344,351,354],"class_list":{"0":"post-2921","1":"product","2":"type-product","3":"status-publish","4":"has-post-thumbnail","6":"product_cat-tickets","7":"product_tag-best-dolphin-experience-phuket","8":"product_tag-book-dolphin-tickets-thailand","9":"product_tag-dolphin-bay-phuket-discount","10":"product_tag-dolphin-bay-show-tickets-thai","11":"product_tag-dolphin-bay-thai-resident-tickets","12":"product_tag-dolphin-bay-thailand-tickets","13":"product_tag-dolphin-bay-tickets-thai","14":"product_tag-dolphin-interaction-phuket","15":"product_tag-dolphin-show-phuket-tickets","16":"product_tag-dolphin-show-thai-discount","17":"product_tag-dolphin-swim-deals-phuket","18":"product_tag-dolphin-swim-for-thai-residents","19":"product_tag-phuket","20":"product_tag-swimming-with-dolphins-phuket","21":"product_tag-swimming-with-dolphins-thailand","22":"product_tag-thai-resident-dolphin-experience","23":"tm-has-options","25":"entry","26":"has-media","28":"first","29":"instock","30":"virtual","31":"taxable","32":"purchasable","33":"product-type-simple","34":"has-product-nav","35":"col","36":"span_1_of_3","37":"owp-content-center","38":"owp-thumbs-layout-horizontal","39":"owp-btn-normal","40":"owp-tabs-layout-horizontal"},"yoast_head":"<!-- This site is optimized with the Yoast SEO plugin v25.3 - https:\/\/yoast.com\/wordpress\/plugins\/seo\/ -->\n<title>Swimming With Dolphins Ticket For Thai Residents | Book Now<\/title>\n<meta name=\"description\" content=\"Experience An Unforgettable Dolphin Swim At Dolphins Bay Phuket. Special Discounted Tickets For Thai Residents Available Now. Book Your Adventure Today!\" \/>\n<meta name=\"robots\" content=\"noindex, follow, max-snippet:-1, max-image-preview:large, max-video-preview:-1\" \/>\n<meta property=\"og:locale\" content=\"fr_FR\" \/>\n<meta property=\"og:type\" content=\"article\" \/>\n<meta property=\"og:title\" content=\"Swimming With Dolphins Ticket For Thai Residents | Book Now\" \/>\n<meta property=\"og:description\" content=\"Experience An Unforgettable Dolphin Swim At Dolphins Bay Phuket. Special Discounted Tickets For Thai Residents Available Now. Book Your Adventure Today!\" \/>\n<meta property=\"og:url\" content=\"https:\/\/dolphinshowpattaya.com\/fr\/billets\/dolphins-bay-phuket-swimming-with-dolphin-ticket-thai-residents\/\" \/>\n<meta property=\"og:site_name\" content=\"Dolphin Show Pattaya\" \/>\n<meta property=\"article:modified_time\" content=\"2025-06-07T17:56:30+00:00\" \/>\n<meta property=\"og:image\" content=\"https:\/\/dolphinshowpattaya.com\/wp-content\/uploads\/2024\/10\/Dolphin-Show-Tickets-Phuket.jpg\" \/>\n\t<meta property=\"og:image:width\" content=\"1567\" \/>\n\t<meta property=\"og:image:height\" content=\"1045\" \/>\n\t<meta property=\"og:image:type\" content=\"image\/jpeg\" \/>\n<meta name=\"twitter:card\" content=\"summary_large_image\" \/>\n<meta name=\"twitter:label1\" content=\"Dur\u00e9e de lecture estim\u00e9e\" \/>\n\t<meta name=\"twitter:data1\" content=\"3 minutes\" \/>\n<script type=\"application\/ld+json\" class=\"yoast-schema-graph\">{\"@context\":\"https:\/\/schema.org\",\"@graph\":[{\"@type\":\"WebPage\",\"@id\":\"https:\/\/dolphinshowpattaya.com\/tickets\/dolphins-bay-phuket-swimming-with-dolphin-ticket-thai-residents\/\",\"url\":\"https:\/\/dolphinshowpattaya.com\/tickets\/dolphins-bay-phuket-swimming-with-dolphin-ticket-thai-residents\/\",\"name\":\"Swimming With Dolphins Ticket For Thai Residents | Book Now\",\"isPartOf\":{\"@id\":\"https:\/\/dolphinshowpattaya.com\/#website\"},\"primaryImageOfPage\":{\"@id\":\"https:\/\/dolphinshowpattaya.com\/tickets\/dolphins-bay-phuket-swimming-with-dolphin-ticket-thai-residents\/#primaryimage\"},\"image\":{\"@id\":\"https:\/\/dolphinshowpattaya.com\/tickets\/dolphins-bay-phuket-swimming-with-dolphin-ticket-thai-residents\/#primaryimage\"},\"thumbnailUrl\":\"https:\/\/dolphinshowpattaya.com\/wp-content\/uploads\/2024\/10\/Dolphin-Show-Tickets-Phuket.jpg\",\"datePublished\":\"2024-10-24T23:01:40+00:00\",\"dateModified\":\"2025-06-07T17:56:30+00:00\",\"description\":\"Experience An Unforgettable Dolphin Swim At Dolphins Bay Phuket. Special Discounted Tickets For Thai Residents Available Now. Book Your Adventure Today!\",\"breadcrumb\":{\"@id\":\"https:\/\/dolphinshowpattaya.com\/tickets\/dolphins-bay-phuket-swimming-with-dolphin-ticket-thai-residents\/#breadcrumb\"},\"inLanguage\":\"fr-FR\",\"potentialAction\":[{\"@type\":\"ReadAction\",\"target\":[\"https:\/\/dolphinshowpattaya.com\/tickets\/dolphins-bay-phuket-swimming-with-dolphin-ticket-thai-residents\/\"]}]},{\"@type\":\"ImageObject\",\"inLanguage\":\"fr-FR\",\"@id\":\"https:\/\/dolphinshowpattaya.com\/tickets\/dolphins-bay-phuket-swimming-with-dolphin-ticket-thai-residents\/#primaryimage\",\"url\":\"https:\/\/dolphinshowpattaya.com\/wp-content\/uploads\/2024\/10\/Dolphin-Show-Tickets-Phuket.jpg\",\"contentUrl\":\"https:\/\/dolphinshowpattaya.com\/wp-content\/uploads\/2024\/10\/Dolphin-Show-Tickets-Phuket.jpg\",\"width\":1567,\"height\":1045,\"caption\":\"Dolphin Show Tickets Phuket\"},{\"@type\":\"BreadcrumbList\",\"@id\":\"https:\/\/dolphinshowpattaya.com\/tickets\/dolphins-bay-phuket-swimming-with-dolphin-ticket-thai-residents\/#breadcrumb\",\"itemListElement\":[{\"@type\":\"ListItem\",\"position\":1,\"name\":\"Home\",\"item\":\"https:\/\/dolphinshowpattaya.com\/\"},{\"@type\":\"ListItem\",\"position\":2,\"name\":\"Tickets\",\"item\":\"https:\/\/dolphinshowpattaya.com\/tickets\/\"},{\"@type\":\"ListItem\",\"position\":3,\"name\":\"Dolphins Bay Phuket &#8211; Swimming With Dolphin Ticket (Thai Residents)\"}]},{\"@type\":\"WebSite\",\"@id\":\"https:\/\/dolphinshowpattaya.com\/#website\",\"url\":\"https:\/\/dolphinshowpattaya.com\/\",\"name\":\"Dolphin Show Phuket\",\"description\":\"\",\"publisher\":{\"@id\":\"https:\/\/dolphinshowpattaya.com\/#organization\"},\"potentialAction\":[{\"@type\":\"SearchAction\",\"target\":{\"@type\":\"EntryPoint\",\"urlTemplate\":\"https:\/\/dolphinshowpattaya.com\/?s={search_term_string}\"},\"query-input\":{\"@type\":\"PropertyValueSpecification\",\"valueRequired\":true,\"valueName\":\"search_term_string\"}}],\"inLanguage\":\"fr-FR\"},{\"@type\":\"Organization\",\"@id\":\"https:\/\/dolphinshowpattaya.com\/#organization\",\"name\":\"Dolphin Show Phuket\",\"url\":\"https:\/\/dolphinshowpattaya.com\/\",\"logo\":{\"@type\":\"ImageObject\",\"inLanguage\":\"fr-FR\",\"@id\":\"https:\/\/dolphinshowpattaya.com\/#\/schema\/logo\/image\/\",\"url\":\"https:\/\/dolphinshowpattaya.com\/wp-content\/uploads\/2024\/08\/Dophin-Show-Phuket.png\",\"contentUrl\":\"https:\/\/dolphinshowpattaya.com\/wp-content\/uploads\/2024\/08\/Dophin-Show-Phuket.png\",\"width\":350,\"height\":100,\"caption\":\"Dolphin Show Phuket\"},\"image\":{\"@id\":\"https:\/\/dolphinshowpattaya.com\/#\/schema\/logo\/image\/\"}}]}<\/script>\n<!-- \/ Yoast SEO plugin. -->","yoast_head_json":{"title":"Swimming With Dolphins Ticket For Thai Residents | Book Now","description":"Experience An Unforgettable Dolphin Swim At Dolphins Bay Phuket. Special Discounted Tickets For Thai Residents Available Now. Book Your Adventure Today!","robots":{"index":"noindex","follow":"follow","max-snippet":"max-snippet:-1","max-image-preview":"max-image-preview:large","max-video-preview":"max-video-preview:-1"},"og_locale":"fr_FR","og_type":"article","og_title":"Swimming With Dolphins Ticket For Thai Residents | Book Now","og_description":"Experience An Unforgettable Dolphin Swim At Dolphins Bay Phuket. Special Discounted Tickets For Thai Residents Available Now. Book Your Adventure Today!","og_url":"https:\/\/dolphinshowpattaya.com\/fr\/billets\/dolphins-bay-phuket-swimming-with-dolphin-ticket-thai-residents\/","og_site_name":"Dolphin Show Pattaya","article_modified_time":"2025-06-07T17:56:30+00:00","og_image":[{"width":1567,"height":1045,"url":"https:\/\/dolphinshowpattaya.com\/wp-content\/uploads\/2024\/10\/Dolphin-Show-Tickets-Phuket.jpg","type":"image\/jpeg"}],"twitter_card":"summary_large_image","twitter_misc":{"Dur\u00e9e de lecture estim\u00e9e":"3 minutes"},"schema":{"@context":"https:\/\/schema.org","@graph":[{"@type":"WebPage","@id":"https:\/\/dolphinshowpattaya.com\/tickets\/dolphins-bay-phuket-swimming-with-dolphin-ticket-thai-residents\/","url":"https:\/\/dolphinshowpattaya.com\/tickets\/dolphins-bay-phuket-swimming-with-dolphin-ticket-thai-residents\/","name":"Swimming With Dolphins Ticket For Thai Residents | Book Now","isPartOf":{"@id":"https:\/\/dolphinshowpattaya.com\/#website"},"primaryImageOfPage":{"@id":"https:\/\/dolphinshowpattaya.com\/tickets\/dolphins-bay-phuket-swimming-with-dolphin-ticket-thai-residents\/#primaryimage"},"image":{"@id":"https:\/\/dolphinshowpattaya.com\/tickets\/dolphins-bay-phuket-swimming-with-dolphin-ticket-thai-residents\/#primaryimage"},"thumbnailUrl":"https:\/\/dolphinshowpattaya.com\/wp-content\/uploads\/2024\/10\/Dolphin-Show-Tickets-Phuket.jpg","datePublished":"2024-10-24T23:01:40+00:00","dateModified":"2025-06-07T17:56:30+00:00","description":"Experience An Unforgettable Dolphin Swim At Dolphins Bay Phuket. Special Discounted Tickets For Thai Residents Available Now. Book Your Adventure Today!","breadcrumb":{"@id":"https:\/\/dolphinshowpattaya.com\/tickets\/dolphins-bay-phuket-swimming-with-dolphin-ticket-thai-residents\/#breadcrumb"},"inLanguage":"fr-FR","potentialAction":[{"@type":"ReadAction","target":["https:\/\/dolphinshowpattaya.com\/tickets\/dolphins-bay-phuket-swimming-with-dolphin-ticket-thai-residents\/"]}]},{"@type":"ImageObject","inLanguage":"fr-FR","@id":"https:\/\/dolphinshowpattaya.com\/tickets\/dolphins-bay-phuket-swimming-with-dolphin-ticket-thai-residents\/#primaryimage","url":"https:\/\/dolphinshowpattaya.com\/wp-content\/uploads\/2024\/10\/Dolphin-Show-Tickets-Phuket.jpg","contentUrl":"https:\/\/dolphinshowpattaya.com\/wp-content\/uploads\/2024\/10\/Dolphin-Show-Tickets-Phuket.jpg","width":1567,"height":1045,"caption":"Dolphin Show Tickets Phuket"},{"@type":"BreadcrumbList","@id":"https:\/\/dolphinshowpattaya.com\/tickets\/dolphins-bay-phuket-swimming-with-dolphin-ticket-thai-residents\/#breadcrumb","itemListElement":[{"@type":"ListItem","position":1,"name":"Home","item":"https:\/\/dolphinshowpattaya.com\/"},{"@type":"ListItem","position":2,"name":"Tickets","item":"https:\/\/dolphinshowpattaya.com\/tickets\/"},{"@type":"ListItem","position":3,"name":"Dolphins Bay Phuket &#8211; Swimming With Dolphin Ticket (Thai Residents)"}]},{"@type":"WebSite","@id":"https:\/\/dolphinshowpattaya.com\/#website","url":"https:\/\/dolphinshowpattaya.com\/","name":"Dolphin Show Phuket","description":"","publisher":{"@id":"https:\/\/dolphinshowpattaya.com\/#organization"},"potentialAction":[{"@type":"SearchAction","target":{"@type":"EntryPoint","urlTemplate":"https:\/\/dolphinshowpattaya.com\/?s={search_term_string}"},"query-input":{"@type":"PropertyValueSpecification","valueRequired":true,"valueName":"search_term_string"}}],"inLanguage":"fr-FR"},{"@type":"Organization","@id":"https:\/\/dolphinshowpattaya.com\/#organization","name":"Dolphin Show Phuket","url":"https:\/\/dolphinshowpattaya.com\/","logo":{"@type":"ImageObject","inLanguage":"fr-FR","@id":"https:\/\/dolphinshowpattaya.com\/#\/schema\/logo\/image\/","url":"https:\/\/dolphinshowpattaya.com\/wp-content\/uploads\/2024\/08\/Dophin-Show-Phuket.png","contentUrl":"https:\/\/dolphinshowpattaya.com\/wp-content\/uploads\/2024\/08\/Dophin-Show-Phuket.png","width":350,"height":100,"caption":"Dolphin Show Phuket"},"image":{"@id":"https:\/\/dolphinshowpattaya.com\/#\/schema\/logo\/image\/"}}]}},"jetpack_sharing_enabled":true,"_links":{"self":[{"href":"https:\/\/dolphinshowpattaya.com\/fr\/wp-json\/wp\/v2\/product\/2921","targetHints":{"allow":["GET"]}}],"collection":[{"href":"https:\/\/dolphinshowpattaya.com\/fr\/wp-json\/wp\/v2\/product"}],"about":[{"href":"https:\/\/dolphinshowpattaya.com\/fr\/wp-json\/wp\/v2\/types\/product"}],"replies":[{"embeddable":true,"href":"https:\/\/dolphinshowpattaya.com\/fr\/wp-json\/wp\/v2\/comments?post=2921"}],"wp:featuredmedia":[{"embeddable":true,"href":"https:\/\/dolphinshowpattaya.com\/fr\/wp-json\/wp\/v2\/media\/2851"}],"wp:attachment":[{"href":"https:\/\/dolphinshowpattaya.com\/fr\/wp-json\/wp\/v2\/media?parent=2921"}],"wp:term":[{"taxonomy":"product_brand","embeddable":true,"href":"https:\/\/dolphinshowpattaya.com\/fr\/wp-json\/wp\/v2\/product_brand?post=2921"},{"taxonomy":"product_cat","embeddable":true,"href":"https:\/\/dolphinshowpattaya.com\/fr\/wp-json\/wp\/v2\/product_cat?post=2921"},{"taxonomy":"product_tag","embeddable":true,"href":"https:\/\/dolphinshowpattaya.com\/fr\/wp-json\/wp\/v2\/product_tag?post=2921"}],"curies":[{"name":"wp","href":"https:\/\/api.w.org\/{rel}","templated":true}]}}