{"id":2918,"date":"2024-10-25T04:07:39","date_gmt":"2024-10-24T22:37:39","guid":{"rendered":"https:\/\/dolphinshowpattaya.com\/?post_type=product&#038;p=2918"},"modified":"2025-09-25T04:34:43","modified_gmt":"2025-09-24T23:04:43","slug":"billet-siege-de-luxe-dolphins-bay-phuket-pour-residents-thailandais","status":"publish","type":"product","link":"https:\/\/dolphinshowpattaya.com\/fr\/billets\/billet-siege-de-luxe-dolphins-bay-phuket-pour-residents-thailandais\/","title":{"rendered":"Billet pour le si\u00e8ge Deluxe de Dolphins Bay Phuket (r\u00e9sidents tha\u00eflandais)"},"content":{"rendered":"<h2><span style=\"color: #000000;\">\u00c0 propos du spectacle de dauphins de Phuket (billet de si\u00e8ge Deluxe \u2013 r\u00e9sidents tha\u00eflandais)<\/span><\/h2>\n<p><span style=\"color: #000000;\">\u00c0 <a style=\"color: #000000;\" href=\"https:\/\/dolphinshowpattaya.com\/fr\">Spectacle de dauphins \u00e0 Phuket<\/a>, assistez \u00e0 la magie des dauphins et des phoques \u00e0 <a style=\"color: #000000;\" href=\"https:\/\/dolphinshowpattaya.com\/fr\">Baie des Dauphins \u00e0 Phuket<\/a>, Le seul delphinarium d&#039;Asie du Sud-Est. Le billet Deluxe Seat offre une exp\u00e9rience de visionnement de premier ordre aux r\u00e9sidents tha\u00eflandais, situ\u00e9s dans les rang\u00e9es C et D. Des acrobaties spectaculaires aux interactions r\u00e9confortantes, ce spectacle garantit une aventure inoubliable pour toute la famille.<\/span><\/p>\n<hr \/>\n<h3><span style=\"color: #000000;\">Afficher l&#039;heure<\/span><\/h3>\n<ul>\n<li><span style=\"color: #000000;\"><strong>Ouvert tous les jours (sauf le lundi)<\/strong><\/span><\/li>\n<li><span style=\"color: #000000;\"><strong>Horaires des spectacles :<\/strong><\/span>\n<ul>\n<li><span style=\"color: #000000;\">11h00 \u2013 11h40<\/span><\/li>\n<li><span style=\"color: #000000;\">14h00 \u2013 14h40<\/span><\/li>\n<li><span style=\"color: #000000;\">17h00 \u2013 17h40<\/span><\/li>\n<\/ul>\n<\/li>\n<li><span style=\"color: #000000;\"><strong>Ouverture des portes :<\/strong><\/span>\n<ul>\n<li><span style=\"color: #000000;\">15 minutes avant le d\u00e9but du spectacle (10h45, 13h45, 16h45)<\/span><\/li>\n<\/ul>\n<\/li>\n<\/ul>\n<hr \/>\n<h3><span style=\"color: #000000;\">Politique relative \u00e0 l&#039;enfance<\/span><\/h3>\n<ul>\n<li><span style=\"color: #000000;\">Les enfants de moins de 90 cm sont admis <strong>gratuit<\/strong> (aucun si\u00e8ge pr\u00e9vu).<\/span><\/li>\n<li><span style=\"color: #000000;\">Les enfants entre 90 cm et 130 cm sont factur\u00e9s <strong>tarif enfant<\/strong>.<\/span><\/li>\n<li><span style=\"color: #000000;\">Les enfants de moins de 6 ans peuvent nager avec les dauphins avec <strong>surveillance parentale<\/strong> (des frais suppl\u00e9mentaires s&#039;appliquent).<\/span><\/li>\n<\/ul>\n<hr \/>\n<h3><span style=\"color: #000000;\">Ce qui est inclus<\/span><\/h3>\n<ul>\n<li><span style=\"color: #000000;\"><strong>Spectacle de dauphins et de phoques<\/strong><\/span><\/li>\n<li><span style=\"color: #000000;\"><strong>Si\u00e8ges de luxe<\/strong> dans les rang\u00e9es C et D<\/span><\/li>\n<li><span style=\"color: #000000;\"><strong>Interaction tactile magique<\/strong> (facultatif)<\/span><\/li>\n<li><span style=\"color: #000000;\"><strong>Opportunit\u00e9s de photos<\/strong> avec dauphins et phoques (en suppl\u00e9ment)<\/span><\/li>\n<li><span style=\"color: #000000;\">Acc\u00e8s \u00e0 <strong>nager avec les dauphins<\/strong> apr\u00e8s le spectacle<\/span><\/li>\n<\/ul>\n<hr \/>\n<h3><span style=\"color: #000000;\">Points forts<\/span><\/h3>\n<ul>\n<li><span style=\"color: #000000;\"><strong>Spectacles palpitants de dauphins et de phoques<\/strong><\/span><\/li>\n<li><span style=\"color: #000000;\"><strong>Visionnage de premier ordre<\/strong> de si\u00e8ges de luxe<\/span><\/li>\n<li><span style=\"color: #000000;\"><strong>Exp\u00e9rience interactive<\/strong> avec les dauphins<\/span><\/li>\n<li><span style=\"color: #000000;\"><strong>Possibilit\u00e9s de photos et de baignade<\/strong><\/span><\/li>\n<\/ul>\n<hr \/>\n<h3><span style=\"color: #000000;\">Inclusions<\/span><\/h3>\n<ul>\n<li><span style=\"color: #000000;\"><strong>Si\u00e8ge de luxe<\/strong> dans les rang\u00e9es C et D<\/span><\/li>\n<li><span style=\"color: #000000;\">Acc\u00e8s au spectacle des dauphins et des phoques<\/span><\/li>\n<li><span style=\"color: #000000;\"><strong>Option pour la touche magique<\/strong> et photos (des frais suppl\u00e9mentaires s&#039;appliquent)<\/span><\/li>\n<\/ul>\n<hr \/>\n<h3><span style=\"color: #000000;\">Exclusions<\/span><\/h3>\n<ul>\n<li><span style=\"color: #000000;\">Nourriture et boissons<\/span><\/li>\n<li><span style=\"color: #000000;\">Transport vers et depuis le lieu de l&#039;\u00e9v\u00e9nement<\/span><\/li>\n<li><span style=\"color: #000000;\">Frais suppl\u00e9mentaires pour les photos et la nage avec les dauphins<\/span><\/li>\n<\/ul>\n<hr \/>\n<h3><span style=\"color: #000000;\">Politique de remboursement et d&#039;annulation<\/span><\/h3>\n<ul>\n<li><span style=\"color: #000000;\"><strong>Aucun remboursement\/annulation<\/strong> est autoris\u00e9 une fois les billets confirm\u00e9s.<\/span><\/li>\n<li><span style=\"color: #000000;\">Les demandes de report doivent \u00eatre faites 24 heures avant le spectacle.<\/span><\/li>\n<li><span style=\"color: #000000;\"><strong>Non-pr\u00e9sentations ou annulations tardives<\/strong> ne sont pas remboursables.<\/span><\/li>\n<\/ul>\n<hr \/>\n<h3><span style=\"color: #000000;\">Quoi de plus ?<\/span><\/h3>\n<ul>\n<li><span style=\"color: #000000;\">Apr\u00e8s le spectacle, participez \u00e0 des activit\u00e9s interactives <strong>Toucher magique<\/strong> des s\u00e9ances o\u00f9 vous pourrez rencontrer de pr\u00e8s les dauphins.<\/span><\/li>\n<li><span style=\"color: #000000;\"><strong>Nager avec les dauphins<\/strong> est disponible moyennant un suppl\u00e9ment.<\/span><\/li>\n<li><span style=\"color: #000000;\">Capturez des souvenirs avec des photos professionnelles.<\/span><\/li>\n<\/ul>\n<hr \/>\n<h3><span style=\"color: #000000;\">Conseils d&#039;initi\u00e9s<\/span><\/h3>\n<ul>\n<li><span style=\"color: #000000;\"><strong>Arriver t\u00f4t<\/strong> pour garantir la meilleure exp\u00e9rience et profiter du divertissement avant le spectacle.<\/span><\/li>\n<li><span style=\"color: #000000;\">R\u00e9servez des photos et des s\u00e9ances de natation <strong>\u00e0 l&#039;avance<\/strong> pour \u00e9viter toute d\u00e9ception.<\/span><\/li>\n<\/ul>\n<hr \/>\n<h3><span style=\"color: #000000;\">\u00c0 faire et \u00e0 ne pas faire<\/span><\/h3>\n<p><span style=\"color: #000000;\"><strong>\u00c0 faire :<\/strong><\/span><\/p>\n<ul>\n<li><span style=\"color: #000000;\">Arriver 15 minutes avant le d\u00e9but du spectacle.<\/span><\/li>\n<li><span style=\"color: #000000;\">Gardez une distance de s\u00e9curit\u00e9 par rapport au bord de la piscine.<\/span><\/li>\n<li><span style=\"color: #000000;\">Surveillez \u00e9troitement les enfants.<\/span><\/li>\n<\/ul>\n<p><span style=\"color: #000000;\"><strong>\u00c0 ne pas faire :<\/strong><\/span><\/p>\n<ul>\n<li><span style=\"color: #000000;\">Ne fumez pas et n\u2019apportez pas de nourriture dans la zone des places assises.<\/span><\/li>\n<li><span style=\"color: #000000;\">\u00c9vitez de vous tenir pr\u00e8s du bord de la piscine.<\/span><\/li>\n<\/ul>\n<hr \/>\n<h3><span style=\"color: #000000;\">\u00c0 savoir avant de partir<\/span><\/h3>\n<ul>\n<li><span style=\"color: #000000;\">Les portes s&#039;ouvrent <strong>15 minutes<\/strong> avant le spectacle.<\/span><\/li>\n<li><span style=\"color: #000000;\"><strong>Nager avec les dauphins<\/strong> est une activit\u00e9 suppl\u00e9mentaire payante, disponible apr\u00e8s chaque spectacle.<\/span><\/li>\n<li><span style=\"color: #000000;\">Veuillez respecter les <strong>consignes de s\u00e9curit\u00e9<\/strong> pour une exp\u00e9rience s\u00e9curitaire et agr\u00e9able.<\/span><\/li>\n<\/ul>\n<hr \/>\n<h3><span style=\"color: #000000;\">Adresse, Plans et Localisation<\/span><\/h3>\n<p><span style=\"color: #000000;\"><strong>Adresse:<\/strong> 33\/50, Chalong, District de Mueang Phuket, Phuket 83130, Tha\u00eflande<\/span><br \/>\n<span style=\"color: #000000;\"><strong>Localisation Google Maps :<\/strong> <a style=\"color: #000000;\" href=\"https:\/\/maps.app.goo.gl\/iKaEd3g2Nr1B9YJD8\" target=\"_new\" rel=\"noopener\">Emplacement de Dolphins Bay Phuket<\/a><\/span><\/p>\n<hr \/>\n<h3><span style=\"color: #000000;\">Comment se rendre \u00e0 Dolphins Bay Phuket<\/span><\/h3>\n<ul>\n<li><span style=\"color: #000000;\"><strong>En taxi :<\/strong> Le moyen le plus pratique depuis les zones populaires de Phuket.<\/span><\/li>\n<li><span style=\"color: #000000;\"><strong>En bus :<\/strong> Des bus locaux sont disponibles depuis la ville de Phuket.<\/span><\/li>\n<li><span style=\"color: #000000;\"><strong>En v\u00e9hicule priv\u00e9 :<\/strong> Un parking est disponible sur place.<\/span><\/li>\n<\/ul>\n<hr \/>\n<h3><span style=\"color: #000000;\">Questions fr\u00e9quemment pos\u00e9es (FAQ)<\/span><\/h3>\n<p><span style=\"color: #000000;\"><strong>Q\u00a0:\u00a0Puis-je nager avec les dauphins avec un billet si\u00e8ge Deluxe\u00a0?<\/strong><\/span><br \/>\n<span style=\"color: #000000;\">R : Nager avec les dauphins est une activit\u00e9 suppl\u00e9mentaire et n&#039;est pas incluse dans le billet Deluxe Seat.<\/span><\/p>\n<p><span style=\"color: #000000;\"><strong>Q : Existe-t-il des r\u00e9ductions pour les r\u00e9servations de groupe ?<\/strong><\/span><br \/>\n<span style=\"color: #000000;\">R : Oui, les r\u00e9servations de groupe de 10 personnes ou plus peuvent donner droit \u00e0 des r\u00e9ductions. Veuillez nous contacter pour plus de d\u00e9tails.<\/span><\/p>\n<p><span style=\"color: #000000;\"><strong>Q : Quelles mesures de s\u00e9curit\u00e9 sont mises en place pour nager avec les dauphins ?<\/strong><\/span><br \/>\n<span style=\"color: #000000;\">R : Des entra\u00eeneurs professionnels sont pr\u00e9sents \u00e0 tout moment et des \u00e9quipements de s\u00e9curit\u00e9 sont fournis aux participants.<\/span><\/p>\n<p><span style=\"color: #000000;\"><strong>Q : Puis-je prendre des photos avec les dauphins ?<\/strong><\/span><br \/>\n<span style=\"color: #000000;\">R : Oui, des s\u00e9ances photos sont disponibles moyennant des frais suppl\u00e9mentaires.<\/span><\/p>","protected":false},"excerpt":{"rendered":"<table class=\"short-description\">\n<tbody class=\"tabel364\">\n<tr class=\"short-description-tr32r\">\n<th class=\"short-description-th\"><span class=\"description-h23\"><strong class=\"description-strong67\">Toutes les r\u00e9servations doivent \u00eatre effectu\u00e9es 1 jour avant le spectacle (avant 18h00, heure de Tha\u00eflande).<\/strong><\/span><\/th>\n<\/tr>\n<\/tbody>\n<\/table>","protected":false},"featured_media":2850,"comment_status":"open","ping_status":"closed","template":"","meta":{"ocean_post_layout":"","ocean_both_sidebars_style":"","ocean_both_sidebars_content_width":0,"ocean_both_sidebars_sidebars_width":0,"ocean_sidebar":"0","ocean_second_sidebar":"0","ocean_disable_margins":"enable","ocean_add_body_class":"","ocean_shortcode_before_top_bar":"","ocean_shortcode_after_top_bar":"","ocean_shortcode_before_header":"","ocean_shortcode_after_header":"","ocean_has_shortcode":"","ocean_shortcode_after_title":"","ocean_shortcode_before_footer_widgets":"","ocean_shortcode_after_footer_widgets":"","ocean_shortcode_before_footer_bottom":"","ocean_shortcode_after_footer_bottom":"","ocean_display_top_bar":"default","ocean_display_header":"default","ocean_header_style":"","ocean_center_header_left_menu":"0","ocean_custom_header_template":"0","ocean_custom_logo":0,"ocean_custom_retina_logo":0,"ocean_custom_logo_max_width":0,"ocean_custom_logo_tablet_max_width":0,"ocean_custom_logo_mobile_max_width":0,"ocean_custom_logo_max_height":0,"ocean_custom_logo_tablet_max_height":0,"ocean_custom_logo_mobile_max_height":0,"ocean_header_custom_menu":"0","ocean_menu_typo_font_family":"0","ocean_menu_typo_font_subset":"","ocean_menu_typo_font_size":0,"ocean_menu_typo_font_size_tablet":0,"ocean_menu_typo_font_size_mobile":0,"ocean_menu_typo_font_size_unit":"px","ocean_menu_typo_font_weight":"","ocean_menu_typo_font_weight_tablet":"","ocean_menu_typo_font_weight_mobile":"","ocean_menu_typo_transform":"","ocean_menu_typo_transform_tablet":"","ocean_menu_typo_transform_mobile":"","ocean_menu_typo_line_height":0,"ocean_menu_typo_line_height_tablet":0,"ocean_menu_typo_line_height_mobile":0,"ocean_menu_typo_line_height_unit":"","ocean_menu_typo_spacing":0,"ocean_menu_typo_spacing_tablet":0,"ocean_menu_typo_spacing_mobile":0,"ocean_menu_typo_spacing_unit":"","ocean_menu_link_color":"","ocean_menu_link_color_hover":"","ocean_menu_link_color_active":"","ocean_menu_link_background":"","ocean_menu_link_hover_background":"","ocean_menu_link_active_background":"","ocean_menu_social_links_bg":"","ocean_menu_social_hover_links_bg":"","ocean_menu_social_links_color":"","ocean_menu_social_hover_links_color":"","ocean_disable_title":"default","ocean_disable_heading":"default","ocean_post_title":"","ocean_post_subheading":"","ocean_post_title_style":"","ocean_post_title_background_color":"","ocean_post_title_background":0,"ocean_post_title_bg_image_position":"","ocean_post_title_bg_image_attachment":"","ocean_post_title_bg_image_repeat":"","ocean_post_title_bg_image_size":"","ocean_post_title_height":0,"ocean_post_title_bg_overlay":0.5,"ocean_post_title_bg_overlay_color":"","ocean_disable_breadcrumbs":"default","ocean_breadcrumbs_color":"","ocean_breadcrumbs_separator_color":"","ocean_breadcrumbs_links_color":"","ocean_breadcrumbs_links_hover_color":"","ocean_display_footer_widgets":"default","ocean_display_footer_bottom":"default","ocean_custom_footer_template":"0"},"product_brand":[],"product_cat":[20],"product_tag":[238,317,307,311,315,308,245,314,318,230,312,316,290,310,309,313],"class_list":{"0":"post-2918","1":"product","2":"type-product","3":"status-publish","4":"has-post-thumbnail","6":"product_cat-tickets","7":"product_tag-best-dolphin-show-phuket","8":"product_tag-book-dolphin-tickets-thai","9":"product_tag-deluxe-seat-ticket-phuket","10":"product_tag-discount-dolphin-tickets-thai","11":"product_tag-dolphin-show-phuket-seats","12":"product_tag-dolphin-show-phuket-tickets","13":"product_tag-dolphins-bay-phuket","14":"product_tag-dolphins-bay-seat-pricing","15":"product_tag-dolphins-bay-special-price","16":"product_tag-phuket","17":"product_tag-phuket-deluxe-seat-booking","18":"product_tag-phuket-dolphin-show-deals","19":"product_tag-phuket-dolphin-tickets","20":"product_tag-phuket-seal-show","21":"product_tag-thai-resident-dolphin-tickets","22":"product_tag-thai-resident-ticket-offer","23":"tm-has-options","25":"entry","26":"has-media","28":"first","29":"instock","30":"virtual","31":"purchasable","32":"product-type-simple","33":"has-product-nav","34":"col","35":"span_1_of_3","36":"owp-content-center","37":"owp-thumbs-layout-horizontal","38":"owp-btn-normal","39":"owp-tabs-layout-horizontal"},"yoast_head":"<!-- This site is optimized with the Yoast SEO plugin v25.3 - https:\/\/yoast.com\/wordpress\/plugins\/seo\/ -->\n<title>Book Deluxe Seat Ticket (Thai Residents) - Dolphin Show Phuket<\/title>\n<meta name=\"description\" content=\"Book Your Deluxe Seat Ticket At Dolphins Bay Phuket. Exclusive Seats For Thai Residents. Enjoy Unforgettable Dolphin And Seal Performances Today!\" \/>\n<meta name=\"robots\" content=\"noindex, follow, max-snippet:-1, max-image-preview:large, max-video-preview:-1\" \/>\n<meta property=\"og:locale\" content=\"fr_FR\" \/>\n<meta property=\"og:type\" content=\"article\" \/>\n<meta property=\"og:title\" content=\"Book Deluxe Seat Ticket (Thai Residents) - Dolphin Show Phuket\" \/>\n<meta property=\"og:description\" content=\"Book Your Deluxe Seat Ticket At Dolphins Bay Phuket. Exclusive Seats For Thai Residents. Enjoy Unforgettable Dolphin And Seal Performances Today!\" \/>\n<meta property=\"og:url\" content=\"https:\/\/dolphinshowpattaya.com\/fr\/billets\/billet-siege-de-luxe-dolphins-bay-phuket-pour-residents-thailandais\/\" \/>\n<meta property=\"og:site_name\" content=\"Dolphin Show Pattaya\" \/>\n<meta property=\"article:modified_time\" content=\"2025-09-24T23:04:43+00:00\" \/>\n<meta property=\"og:image\" content=\"https:\/\/dolphinshowpattaya.com\/wp-content\/uploads\/2024\/10\/Dolphin-Show-Phuket.jpg\" \/>\n\t<meta property=\"og:image:width\" content=\"1616\" \/>\n\t<meta property=\"og:image:height\" content=\"1080\" \/>\n\t<meta property=\"og:image:type\" content=\"image\/jpeg\" \/>\n<meta name=\"twitter:card\" content=\"summary_large_image\" \/>\n<meta name=\"twitter:label1\" content=\"Dur\u00e9e de lecture estim\u00e9e\" \/>\n\t<meta name=\"twitter:data1\" content=\"3 minutes\" \/>\n<script type=\"application\/ld+json\" class=\"yoast-schema-graph\">{\"@context\":\"https:\/\/schema.org\",\"@graph\":[{\"@type\":\"WebPage\",\"@id\":\"https:\/\/dolphinshowpattaya.com\/tickets\/dolphins-bay-phuket-deluxe-seat-ticket-thai-residents\/\",\"url\":\"https:\/\/dolphinshowpattaya.com\/tickets\/dolphins-bay-phuket-deluxe-seat-ticket-thai-residents\/\",\"name\":\"Book Deluxe Seat Ticket (Thai Residents) - Dolphin Show Phuket\",\"isPartOf\":{\"@id\":\"https:\/\/dolphinshowpattaya.com\/#website\"},\"primaryImageOfPage\":{\"@id\":\"https:\/\/dolphinshowpattaya.com\/tickets\/dolphins-bay-phuket-deluxe-seat-ticket-thai-residents\/#primaryimage\"},\"image\":{\"@id\":\"https:\/\/dolphinshowpattaya.com\/tickets\/dolphins-bay-phuket-deluxe-seat-ticket-thai-residents\/#primaryimage\"},\"thumbnailUrl\":\"https:\/\/dolphinshowpattaya.com\/wp-content\/uploads\/2024\/10\/Dolphin-Show-Phuket.jpg\",\"datePublished\":\"2024-10-24T22:37:39+00:00\",\"dateModified\":\"2025-09-24T23:04:43+00:00\",\"description\":\"Book Your Deluxe Seat Ticket At Dolphins Bay Phuket. Exclusive Seats For Thai Residents. Enjoy Unforgettable Dolphin And Seal Performances Today!\",\"breadcrumb\":{\"@id\":\"https:\/\/dolphinshowpattaya.com\/tickets\/dolphins-bay-phuket-deluxe-seat-ticket-thai-residents\/#breadcrumb\"},\"inLanguage\":\"fr-FR\",\"potentialAction\":[{\"@type\":\"ReadAction\",\"target\":[\"https:\/\/dolphinshowpattaya.com\/tickets\/dolphins-bay-phuket-deluxe-seat-ticket-thai-residents\/\"]}]},{\"@type\":\"ImageObject\",\"inLanguage\":\"fr-FR\",\"@id\":\"https:\/\/dolphinshowpattaya.com\/tickets\/dolphins-bay-phuket-deluxe-seat-ticket-thai-residents\/#primaryimage\",\"url\":\"https:\/\/dolphinshowpattaya.com\/wp-content\/uploads\/2024\/10\/Dolphin-Show-Phuket.jpg\",\"contentUrl\":\"https:\/\/dolphinshowpattaya.com\/wp-content\/uploads\/2024\/10\/Dolphin-Show-Phuket.jpg\",\"width\":1616,\"height\":1080,\"caption\":\"Dolphin Show Phuket\"},{\"@type\":\"BreadcrumbList\",\"@id\":\"https:\/\/dolphinshowpattaya.com\/tickets\/dolphins-bay-phuket-deluxe-seat-ticket-thai-residents\/#breadcrumb\",\"itemListElement\":[{\"@type\":\"ListItem\",\"position\":1,\"name\":\"Home\",\"item\":\"https:\/\/dolphinshowpattaya.com\/\"},{\"@type\":\"ListItem\",\"position\":2,\"name\":\"Tickets\",\"item\":\"https:\/\/dolphinshowpattaya.com\/tickets\/\"},{\"@type\":\"ListItem\",\"position\":3,\"name\":\"Dolphins Bay Phuket &#8211; Deluxe Seat Ticket (Thai Residents)\"}]},{\"@type\":\"WebSite\",\"@id\":\"https:\/\/dolphinshowpattaya.com\/#website\",\"url\":\"https:\/\/dolphinshowpattaya.com\/\",\"name\":\"Dolphin Show Phuket\",\"description\":\"\",\"publisher\":{\"@id\":\"https:\/\/dolphinshowpattaya.com\/#organization\"},\"potentialAction\":[{\"@type\":\"SearchAction\",\"target\":{\"@type\":\"EntryPoint\",\"urlTemplate\":\"https:\/\/dolphinshowpattaya.com\/?s={search_term_string}\"},\"query-input\":{\"@type\":\"PropertyValueSpecification\",\"valueRequired\":true,\"valueName\":\"search_term_string\"}}],\"inLanguage\":\"fr-FR\"},{\"@type\":\"Organization\",\"@id\":\"https:\/\/dolphinshowpattaya.com\/#organization\",\"name\":\"Dolphin Show Phuket\",\"url\":\"https:\/\/dolphinshowpattaya.com\/\",\"logo\":{\"@type\":\"ImageObject\",\"inLanguage\":\"fr-FR\",\"@id\":\"https:\/\/dolphinshowpattaya.com\/#\/schema\/logo\/image\/\",\"url\":\"https:\/\/dolphinshowpattaya.com\/wp-content\/uploads\/2024\/08\/Dophin-Show-Phuket.png\",\"contentUrl\":\"https:\/\/dolphinshowpattaya.com\/wp-content\/uploads\/2024\/08\/Dophin-Show-Phuket.png\",\"width\":350,\"height\":100,\"caption\":\"Dolphin Show Phuket\"},\"image\":{\"@id\":\"https:\/\/dolphinshowpattaya.com\/#\/schema\/logo\/image\/\"}}]}<\/script>\n<!-- \/ Yoast SEO plugin. -->","yoast_head_json":{"title":"Book Deluxe Seat Ticket (Thai Residents) - Dolphin Show Phuket","description":"Book Your Deluxe Seat Ticket At Dolphins Bay Phuket. Exclusive Seats For Thai Residents. Enjoy Unforgettable Dolphin And Seal Performances Today!","robots":{"index":"noindex","follow":"follow","max-snippet":"max-snippet:-1","max-image-preview":"max-image-preview:large","max-video-preview":"max-video-preview:-1"},"og_locale":"fr_FR","og_type":"article","og_title":"Book Deluxe Seat Ticket (Thai Residents) - Dolphin Show Phuket","og_description":"Book Your Deluxe Seat Ticket At Dolphins Bay Phuket. Exclusive Seats For Thai Residents. Enjoy Unforgettable Dolphin And Seal Performances Today!","og_url":"https:\/\/dolphinshowpattaya.com\/fr\/billets\/billet-siege-de-luxe-dolphins-bay-phuket-pour-residents-thailandais\/","og_site_name":"Dolphin Show Pattaya","article_modified_time":"2025-09-24T23:04:43+00:00","og_image":[{"width":1616,"height":1080,"url":"https:\/\/dolphinshowpattaya.com\/wp-content\/uploads\/2024\/10\/Dolphin-Show-Phuket.jpg","type":"image\/jpeg"}],"twitter_card":"summary_large_image","twitter_misc":{"Dur\u00e9e de lecture estim\u00e9e":"3 minutes"},"schema":{"@context":"https:\/\/schema.org","@graph":[{"@type":"WebPage","@id":"https:\/\/dolphinshowpattaya.com\/tickets\/dolphins-bay-phuket-deluxe-seat-ticket-thai-residents\/","url":"https:\/\/dolphinshowpattaya.com\/tickets\/dolphins-bay-phuket-deluxe-seat-ticket-thai-residents\/","name":"Book Deluxe Seat Ticket (Thai Residents) - Dolphin Show Phuket","isPartOf":{"@id":"https:\/\/dolphinshowpattaya.com\/#website"},"primaryImageOfPage":{"@id":"https:\/\/dolphinshowpattaya.com\/tickets\/dolphins-bay-phuket-deluxe-seat-ticket-thai-residents\/#primaryimage"},"image":{"@id":"https:\/\/dolphinshowpattaya.com\/tickets\/dolphins-bay-phuket-deluxe-seat-ticket-thai-residents\/#primaryimage"},"thumbnailUrl":"https:\/\/dolphinshowpattaya.com\/wp-content\/uploads\/2024\/10\/Dolphin-Show-Phuket.jpg","datePublished":"2024-10-24T22:37:39+00:00","dateModified":"2025-09-24T23:04:43+00:00","description":"Book Your Deluxe Seat Ticket At Dolphins Bay Phuket. Exclusive Seats For Thai Residents. Enjoy Unforgettable Dolphin And Seal Performances Today!","breadcrumb":{"@id":"https:\/\/dolphinshowpattaya.com\/tickets\/dolphins-bay-phuket-deluxe-seat-ticket-thai-residents\/#breadcrumb"},"inLanguage":"fr-FR","potentialAction":[{"@type":"ReadAction","target":["https:\/\/dolphinshowpattaya.com\/tickets\/dolphins-bay-phuket-deluxe-seat-ticket-thai-residents\/"]}]},{"@type":"ImageObject","inLanguage":"fr-FR","@id":"https:\/\/dolphinshowpattaya.com\/tickets\/dolphins-bay-phuket-deluxe-seat-ticket-thai-residents\/#primaryimage","url":"https:\/\/dolphinshowpattaya.com\/wp-content\/uploads\/2024\/10\/Dolphin-Show-Phuket.jpg","contentUrl":"https:\/\/dolphinshowpattaya.com\/wp-content\/uploads\/2024\/10\/Dolphin-Show-Phuket.jpg","width":1616,"height":1080,"caption":"Dolphin Show Phuket"},{"@type":"BreadcrumbList","@id":"https:\/\/dolphinshowpattaya.com\/tickets\/dolphins-bay-phuket-deluxe-seat-ticket-thai-residents\/#breadcrumb","itemListElement":[{"@type":"ListItem","position":1,"name":"Home","item":"https:\/\/dolphinshowpattaya.com\/"},{"@type":"ListItem","position":2,"name":"Tickets","item":"https:\/\/dolphinshowpattaya.com\/tickets\/"},{"@type":"ListItem","position":3,"name":"Dolphins Bay Phuket &#8211; Deluxe Seat Ticket (Thai Residents)"}]},{"@type":"WebSite","@id":"https:\/\/dolphinshowpattaya.com\/#website","url":"https:\/\/dolphinshowpattaya.com\/","name":"Dolphin Show Phuket","description":"","publisher":{"@id":"https:\/\/dolphinshowpattaya.com\/#organization"},"potentialAction":[{"@type":"SearchAction","target":{"@type":"EntryPoint","urlTemplate":"https:\/\/dolphinshowpattaya.com\/?s={search_term_string}"},"query-input":{"@type":"PropertyValueSpecification","valueRequired":true,"valueName":"search_term_string"}}],"inLanguage":"fr-FR"},{"@type":"Organization","@id":"https:\/\/dolphinshowpattaya.com\/#organization","name":"Dolphin Show Phuket","url":"https:\/\/dolphinshowpattaya.com\/","logo":{"@type":"ImageObject","inLanguage":"fr-FR","@id":"https:\/\/dolphinshowpattaya.com\/#\/schema\/logo\/image\/","url":"https:\/\/dolphinshowpattaya.com\/wp-content\/uploads\/2024\/08\/Dophin-Show-Phuket.png","contentUrl":"https:\/\/dolphinshowpattaya.com\/wp-content\/uploads\/2024\/08\/Dophin-Show-Phuket.png","width":350,"height":100,"caption":"Dolphin Show Phuket"},"image":{"@id":"https:\/\/dolphinshowpattaya.com\/#\/schema\/logo\/image\/"}}]}},"jetpack_sharing_enabled":true,"_links":{"self":[{"href":"https:\/\/dolphinshowpattaya.com\/fr\/wp-json\/wp\/v2\/product\/2918","targetHints":{"allow":["GET"]}}],"collection":[{"href":"https:\/\/dolphinshowpattaya.com\/fr\/wp-json\/wp\/v2\/product"}],"about":[{"href":"https:\/\/dolphinshowpattaya.com\/fr\/wp-json\/wp\/v2\/types\/product"}],"replies":[{"embeddable":true,"href":"https:\/\/dolphinshowpattaya.com\/fr\/wp-json\/wp\/v2\/comments?post=2918"}],"wp:featuredmedia":[{"embeddable":true,"href":"https:\/\/dolphinshowpattaya.com\/fr\/wp-json\/wp\/v2\/media\/2850"}],"wp:attachment":[{"href":"https:\/\/dolphinshowpattaya.com\/fr\/wp-json\/wp\/v2\/media?parent=2918"}],"wp:term":[{"taxonomy":"product_brand","embeddable":true,"href":"https:\/\/dolphinshowpattaya.com\/fr\/wp-json\/wp\/v2\/product_brand?post=2918"},{"taxonomy":"product_cat","embeddable":true,"href":"https:\/\/dolphinshowpattaya.com\/fr\/wp-json\/wp\/v2\/product_cat?post=2918"},{"taxonomy":"product_tag","embeddable":true,"href":"https:\/\/dolphinshowpattaya.com\/fr\/wp-json\/wp\/v2\/product_tag?post=2918"}],"curies":[{"name":"wp","href":"https:\/\/api.w.org\/{rel}","templated":true}]}}