{"id":2917,"date":"2024-10-25T03:55:05","date_gmt":"2024-10-24T22:25:05","guid":{"rendered":"https:\/\/dolphinshowpattaya.com\/?post_type=product&#038;p=2917"},"modified":"2025-06-07T23:26:16","modified_gmt":"2025-06-07T17:56:16","slug":"dolphins-bay-phuket-swimming-with-dolphin-ticket-foreigners","status":"publish","type":"product","link":"https:\/\/dolphinshowpattaya.com\/fr\/billets\/dolphins-bay-phuket-swimming-with-dolphin-ticket-foreigners\/","title":{"rendered":"Dolphins Bay Phuket &#8211; Swimming With Dolphin Ticket (Foreigners)"},"content":{"rendered":"<h2><span style=\"color: #000000;\">\u00c0 propos du billet pour nager avec les dauphins (\u00e9trangers) \u00e0 Dolphins Bay Phuket<\/span><\/h2>\n<p><span style=\"color: #000000;\">Vivez une occasion unique de nager avec des dauphins joueurs et intelligents \u00e0 <a style=\"color: #000000;\" href=\"https:\/\/dolphinshowpattaya.com\/fr\">Baie des Dauphins \u00e0 Phuket<\/a>! Cette activit\u00e9 passionnante vous permet d&#039;interagir avec les dauphins dans un environnement s\u00fbr et convivial, parfait pour cr\u00e9er des souvenirs inoubliables. En tant que seul delphinarium de Phuket, Dolphins Bay offre une exp\u00e9rience unique et magique aux visiteurs du monde entier.<\/span><\/p>\n<hr \/>\n<h3><span style=\"color: #000000;\">Afficher l&#039;heure<\/span><\/h3>\n<ul>\n<li><span style=\"color: #000000;\"><strong>Ouvert tous les jours (sauf le lundi)<\/strong><\/span><\/li>\n<li><span style=\"color: #000000;\"><strong>Horaires des spectacles :<\/strong> 11h00 | 14h00 | 17h00<\/span>\n<ul>\n<li><span style=\"color: #000000;\">Spectacle de phoques : 11 h 00 \u2013 11 h 15 | 14 h 00 \u2013 14 h 15 | 17 h 00 \u2013 17 h 15<\/span><\/li>\n<li><span style=\"color: #000000;\">Spectacle de dauphins : 11h15 \u2013 11h40 | 14h15 \u2013 14h40 | 17h15 \u2013 17h40<\/span><\/li>\n<li><span style=\"color: #000000;\">Swimming &amp; Activities: 11:45 AM | 2:45 PM | 5:45 PM<\/span><\/li>\n<\/ul>\n<\/li>\n<\/ul>\n<hr \/>\n<h3><span style=\"color: #000000;\">Politique relative \u00e0 l&#039;enfance<\/span><\/h3>\n<ul>\n<li><span style=\"color: #000000;\"><strong>Enfants de moins de 90 cm :<\/strong> Gratuit (pas de place assise pr\u00e9vue)<\/span><\/li>\n<li><span style=\"color: #000000;\"><strong>Enfants 90 cm \u2013 130 cm :<\/strong> Factur\u00e9 comme tarif enfant<\/span><\/li>\n<li><span style=\"color: #000000;\"><strong>Admissibilit\u00e9 \u00e0 la natation :<\/strong> Ouvert aux adultes et aux enfants \u00e0 partir de 6 ans ; les enfants de 4 \u00e0 5 ans doivent \u00eatre accompagn\u00e9s d&#039;un parent (avec suppl\u00e9ment)<\/span><\/li>\n<\/ul>\n<hr \/>\n<h3><span style=\"color: #000000;\">Ce qui est inclus<\/span><\/h3>\n<ul>\n<li><span style=\"color: #000000;\"><strong>Nager avec les dauphins<\/strong> pendant 10 \u00e0 15 minutes<\/span><\/li>\n<li><span style=\"color: #000000;\"><strong>Supervision d&#039;un formateur professionnel<\/strong><\/span><\/li>\n<li><span style=\"color: #000000;\"><strong>Acc\u00e8s au spectacle des dauphins<\/strong><\/span><\/li>\n<li><span style=\"color: #000000;\"><strong>Opportunit\u00e9s de photos<\/strong> avec dauphins et phoques (en suppl\u00e9ment)<\/span><\/li>\n<li><span style=\"color: #000000;\"><strong>Acc\u00e8s au Seal Show<\/strong><\/span><\/li>\n<\/ul>\n<hr \/>\n<h3><span style=\"color: #000000;\">Points forts<\/span><\/h3>\n<ul>\n<li><span style=\"color: #000000;\">Profitez de la nage avec les dauphins dans un environnement contr\u00f4l\u00e9 et s\u00e9curis\u00e9<\/span><\/li>\n<li><span style=\"color: #000000;\">Des entra\u00eeneurs professionnels guident votre interaction avec les dauphins<\/span><\/li>\n<li><span style=\"color: #000000;\">Des photos m\u00e9morables avec des dauphins et des phoques<\/span><\/li>\n<li><span style=\"color: #000000;\">Id\u00e9al pour les familles, les amis et les touristes \u00e0 la recherche d&#039;une exp\u00e9rience unique \u00e0 Phuket<\/span><\/li>\n<\/ul>\n<hr \/>\n<h3><span style=\"color: #000000;\">Inclusions<\/span><\/h3>\n<ul>\n<li><span style=\"color: #000000;\">S\u00e9ance de nage avec les dauphins<\/span><\/li>\n<li><span style=\"color: #000000;\">Entr\u00e9e au spectacle des phoques et des dauphins<\/span><\/li>\n<li><span style=\"color: #000000;\">Encadrement par des formateurs certifi\u00e9s<\/span><\/li>\n<li><span style=\"color: #000000;\">Vestiaires et casiers<\/span><\/li>\n<\/ul>\n<hr \/>\n<h3><span style=\"color: #000000;\">Exclusions<\/span><\/h3>\n<ul>\n<li><span style=\"color: #000000;\">Photos avec les dauphins (co\u00fbt suppl\u00e9mentaire)<\/span><\/li>\n<li><span style=\"color: #000000;\">Nourriture et boissons<\/span><\/li>\n<li><span style=\"color: #000000;\">Transport vers\/depuis le delphinarium<\/span><\/li>\n<\/ul>\n<hr \/>\n<h3><span style=\"color: #000000;\">Politique de remboursement et d&#039;annulation<\/span><\/h3>\n<ul>\n<li><span style=\"color: #000000;\"><strong>Les annulations doivent \u00eatre faites 24 heures avant l&#039;heure du spectacle<\/strong> pour avoir droit \u00e0 un remboursement.<\/span><\/li>\n<li><span style=\"color: #000000;\"><strong>Aucun remboursement pour les annulations effectu\u00e9es le jour m\u00eame<\/strong> comme activit\u00e9 programm\u00e9e.<\/span><\/li>\n<li><span style=\"color: #000000;\"><strong>Les non-pr\u00e9sentations ne sont pas remboursables.<\/strong><\/span><\/li>\n<\/ul>\n<hr \/>\n<h3><span style=\"color: #000000;\">Quoi de plus ?<\/span><\/h3>\n<ul>\n<li><span style=\"color: #000000;\"><strong>Toucher magique :<\/strong> Approchez-vous de pr\u00e8s et sentez la peau de ces belles cr\u00e9atures sous les conseils de dresseurs.<\/span><\/li>\n<li><span style=\"color: #000000;\"><strong>Exp\u00e9rience de jeune formateur :<\/strong> Apprenez les techniques de dressage des dauphins pour ceux qui s&#039;int\u00e9ressent aux carri\u00e8res de la vie marine (co\u00fbt suppl\u00e9mentaire).<\/span><\/li>\n<\/ul>\n<hr \/>\n<h3><span style=\"color: #000000;\">Conseils d&#039;initi\u00e9s<\/span><\/h3>\n<ul>\n<li><span style=\"color: #000000;\">Arrivez t\u00f4t pour obtenir les meilleures places et \u00e9viter les cohues de derni\u00e8re minute.<\/span><\/li>\n<li><span style=\"color: #000000;\">Portez des maillots de bain confortables et apportez des v\u00eatements de rechange pour la s\u00e9ance de natation.<\/span><\/li>\n<li><span style=\"color: #000000;\">R\u00e9servez \u00e0 l&#039;avance des photos avec les dauphins, car c&#039;est un module compl\u00e9mentaire populaire.<\/span><\/li>\n<\/ul>\n<hr \/>\n<h3><span style=\"color: #000000;\">\u00c0 faire et \u00e0 ne pas faire<\/span><\/h3>\n<p><span style=\"color: #000000;\"><strong>\u00c0 faire :<\/strong><\/span><\/p>\n<ul>\n<li><span style=\"color: #000000;\">Suivez attentivement les instructions du formateur.<\/span><\/li>\n<li><span style=\"color: #000000;\">Portez des maillots de bain appropri\u00e9s et prenez soin de vos effets personnels.<\/span><\/li>\n<li><span style=\"color: #000000;\">Respectez les animaux et \u00e9vitez les mouvements brusques autour de la piscine.<\/span><\/li>\n<\/ul>\n<p><span style=\"color: #000000;\"><strong>\u00c0 ne pas faire :<\/strong><\/span><\/p>\n<ul>\n<li><span style=\"color: #000000;\">N&#039;apportez pas de nourriture ou de boissons dans la zone d&#039;interaction avec les dauphins.<\/span><\/li>\n<li><span style=\"color: #000000;\">N&#039;entrez pas dans la piscine sans autorisation.<\/span><\/li>\n<li><span style=\"color: #000000;\">\u00c9vitez de porter des bijoux ou des accessoires qui pourraient tomber dans la piscine.<\/span><\/li>\n<\/ul>\n<hr \/>\n<h3><span style=\"color: #000000;\">\u00c0 savoir avant de partir<\/span><\/h3>\n<ul>\n<li><span style=\"color: #000000;\"><strong>\u00c2ge requis :<\/strong> Accessible aux enfants de 6 ans et plus. Les enfants de 4 \u00e0 5 ans doivent nager avec un parent.<\/span><\/li>\n<li><span style=\"color: #000000;\"><strong>Ce qu&#039;il faut apporter :<\/strong> Maillots de bain, serviettes, cr\u00e8me solaire et v\u00eatements suppl\u00e9mentaires.<\/span><\/li>\n<li><span style=\"color: #000000;\"><strong>Politique de r\u00e9servation :<\/strong> R\u00e9servez au moins un jour \u00e0 l&#039;avance avant 18h00, heure de Tha\u00eflande.<\/span><\/li>\n<\/ul>\n<hr \/>\n<h3><span style=\"color: #000000;\">Adresse<\/span><\/h3>\n<p><span style=\"color: #000000;\">33\/50, Chalong, District de Mueang Phuket, Phuket 83130, Tha\u00eflande<\/span><\/p>\n<h3><span style=\"color: #000000;\">Cartes et localisation<\/span><\/h3>\n<p><span style=\"color: #000000;\"><a style=\"color: #000000;\" href=\"https:\/\/maps.app.goo.gl\/iKaEd3g2Nr1B9YJD8\" target=\"_new\" rel=\"noopener\">Cliquez ici pour Google Maps<\/a><\/span><\/p>\n<hr \/>\n<h3><span style=\"color: #000000;\">Comment se rendre \u00e0 Dolphins Bay Phuket<\/span><\/h3>\n<ul>\n<li><span style=\"color: #000000;\"><strong>En voiture:<\/strong> Le Dolphins Bay se trouve \u00e0 15 minutes en voiture de la ville de Phuket. Un parking est disponible sur place.<\/span><\/li>\n<li><span style=\"color: #000000;\"><strong>En taxi :<\/strong> Les taxis et les services de covoiturage sont largement disponibles \u00e0 Phuket.<\/span><\/li>\n<li><span style=\"color: #000000;\"><strong>En transports en commun :<\/strong> Vous pouvez prendre un bus pour Chalong, suivi d&#039;un court trajet en taxi jusqu&#039;au delphinarium.<\/span><\/li>\n<\/ul>\n<hr \/>\n<h3><span style=\"color: #000000;\">Questions fr\u00e9quemment pos\u00e9es (FAQ)<\/span><\/h3>\n<p><span style=\"color: #000000;\"><strong>1. Est-il s\u00e9curitaire de nager avec les dauphins ?<\/strong><\/span><br \/>\n<span style=\"color: #000000;\">Oui, toutes les interactions avec les dauphins sont supervis\u00e9es par des entra\u00eeneurs certifi\u00e9s pour assurer la s\u00e9curit\u00e9 des visiteurs et des dauphins.<\/span><\/p>\n<p><span style=\"color: #000000;\"><strong>2. Puis-je prendre des photos avec les dauphins ?<\/strong><\/span><br \/>\n<span style=\"color: #000000;\">Oui, des photographes professionnels sont disponibles pour capturer vos moments avec les dauphins moyennant des frais suppl\u00e9mentaires.<\/span><\/p>\n<p><span style=\"color: #000000;\"><strong>3. Combien de temps dure la s\u00e9ance de natation ?<\/strong><\/span><br \/>\n<span style=\"color: #000000;\">La s\u00e9ance de nage dure environ 10 \u00e0 15 minutes, offrant suffisamment de temps pour interagir avec les dauphins.<\/span><\/p>\n<p><span style=\"color: #000000;\"><strong>4. Que dois-je porter pour l&#039;exp\u00e9rience de nage avec les dauphins ?<\/strong><\/span><br \/>\n<span style=\"color: #000000;\">Nous vous recommandons de porter un maillot de bain confortable. Des casiers et vestiaires sont disponibles sur place.<\/span><\/p>\n<p><span style=\"color: #000000;\"><strong>5. Les enfants peuvent-ils nager avec les dauphins ?<\/strong><\/span><br \/>\n<span style=\"color: #000000;\">Oui, les enfants de 6 ans et plus peuvent nager avec les dauphins. Les enfants de 4 \u00e0 5 ans doivent \u00eatre accompagn\u00e9s d&#039;un adulte.<\/span><\/p>\n<p><span style=\"color: #000000;\"><strong>6. Comment r\u00e9server des billets ?<\/strong><\/span><br \/>\n<span style=\"color: #000000;\">Vous pouvez r\u00e9server vos billets directement sur notre site internet <a style=\"color: #000000;\" href=\"https:\/\/dolphinshowpattaya.com\/fr\/\" target=\"_new\" rel=\"noopener\">dolphinshowpattaya.com<\/a> ou contactez-nous au <a style=\"color: #000000;\" rel=\"noopener\">contact@dolphinshowpattaya.com<\/a>.<\/span><\/p>","protected":false},"excerpt":{"rendered":"<hr \/>\n<table class=\"short-description\">\n<tbody class=\"tabel364\">\n<tr class=\"short-description-tr32r\">\n<th class=\"short-description-th\"><span class=\"description-h23\"><strong class=\"description-strong67\">Toutes les r\u00e9servations doivent \u00eatre effectu\u00e9es 1 jour avant le spectacle (avant 18h00, heure de Tha\u00eflande).<\/strong><\/span><\/th>\n<\/tr>\n<\/tbody>\n<\/table>","protected":false},"featured_media":2851,"comment_status":"open","ping_status":"closed","template":"","meta":{"ocean_post_layout":"","ocean_both_sidebars_style":"","ocean_both_sidebars_content_width":0,"ocean_both_sidebars_sidebars_width":0,"ocean_sidebar":"0","ocean_second_sidebar":"0","ocean_disable_margins":"enable","ocean_add_body_class":"","ocean_shortcode_before_top_bar":"","ocean_shortcode_after_top_bar":"","ocean_shortcode_before_header":"","ocean_shortcode_after_header":"","ocean_has_shortcode":"","ocean_shortcode_after_title":"","ocean_shortcode_before_footer_widgets":"","ocean_shortcode_after_footer_widgets":"","ocean_shortcode_before_footer_bottom":"","ocean_shortcode_after_footer_bottom":"","ocean_display_top_bar":"default","ocean_display_header":"default","ocean_header_style":"","ocean_center_header_left_menu":"0","ocean_custom_header_template":"0","ocean_custom_logo":0,"ocean_custom_retina_logo":0,"ocean_custom_logo_max_width":0,"ocean_custom_logo_tablet_max_width":0,"ocean_custom_logo_mobile_max_width":0,"ocean_custom_logo_max_height":0,"ocean_custom_logo_tablet_max_height":0,"ocean_custom_logo_mobile_max_height":0,"ocean_header_custom_menu":"0","ocean_menu_typo_font_family":"0","ocean_menu_typo_font_subset":"","ocean_menu_typo_font_size":0,"ocean_menu_typo_font_size_tablet":0,"ocean_menu_typo_font_size_mobile":0,"ocean_menu_typo_font_size_unit":"px","ocean_menu_typo_font_weight":"","ocean_menu_typo_font_weight_tablet":"","ocean_menu_typo_font_weight_mobile":"","ocean_menu_typo_transform":"","ocean_menu_typo_transform_tablet":"","ocean_menu_typo_transform_mobile":"","ocean_menu_typo_line_height":0,"ocean_menu_typo_line_height_tablet":0,"ocean_menu_typo_line_height_mobile":0,"ocean_menu_typo_line_height_unit":"","ocean_menu_typo_spacing":0,"ocean_menu_typo_spacing_tablet":0,"ocean_menu_typo_spacing_mobile":0,"ocean_menu_typo_spacing_unit":"","ocean_menu_link_color":"","ocean_menu_link_color_hover":"","ocean_menu_link_color_active":"","ocean_menu_link_background":"","ocean_menu_link_hover_background":"","ocean_menu_link_active_background":"","ocean_menu_social_links_bg":"","ocean_menu_social_hover_links_bg":"","ocean_menu_social_links_color":"","ocean_menu_social_hover_links_color":"","ocean_disable_title":"default","ocean_disable_heading":"default","ocean_post_title":"","ocean_post_subheading":"","ocean_post_title_style":"","ocean_post_title_background_color":"","ocean_post_title_background":0,"ocean_post_title_bg_image_position":"","ocean_post_title_bg_image_attachment":"","ocean_post_title_bg_image_repeat":"","ocean_post_title_bg_image_size":"","ocean_post_title_height":0,"ocean_post_title_bg_overlay":0.5,"ocean_post_title_bg_overlay_color":"","ocean_disable_breadcrumbs":"default","ocean_breadcrumbs_color":"","ocean_breadcrumbs_separator_color":"","ocean_breadcrumbs_links_color":"","ocean_breadcrumbs_links_hover_color":"","ocean_display_footer_widgets":"default","ocean_display_footer_bottom":"default","ocean_custom_footer_template":"0"},"product_brand":[],"product_cat":[20],"product_tag":[296,291,289,294,292,231,295,297,287,232,230,254,290,286,288,293],"class_list":{"0":"post-2917","1":"product","2":"type-product","3":"status-publish","4":"has-post-thumbnail","6":"product_cat-tickets","7":"product_tag-best-dolphin-show-thailand","8":"product_tag-book-dolphin-tickets","9":"product_tag-dolphin-bay-phuket","10":"product_tag-dolphin-interaction-phuket","11":"product_tag-dolphin-show-for-foreigners","12":"product_tag-dolphin-show-phuket","13":"product_tag-dolphin-swim-ticket-foreigners","14":"product_tag-dolphin-ticket-booking","15":"product_tag-dolphin-tickets-phuket","16":"product_tag-dolphins-bay-phuket-tickets","17":"product_tag-phuket","18":"product_tag-phuket-dolphin-experience","19":"product_tag-phuket-dolphin-tickets","20":"product_tag-swimming-with-dolphins","21":"product_tag-swimming-with-dolphins-foreigners","22":"product_tag-swimming-with-dolphins-in-thailand","23":"tm-has-options","25":"entry","26":"has-media","28":"first","29":"instock","30":"virtual","31":"taxable","32":"purchasable","33":"product-type-simple","34":"has-product-nav","35":"col","36":"span_1_of_3","37":"owp-content-center","38":"owp-thumbs-layout-horizontal","39":"owp-btn-normal","40":"owp-tabs-layout-horizontal"},"yoast_head":"<!-- This site is optimized with the Yoast SEO plugin v25.3 - https:\/\/yoast.com\/wordpress\/plugins\/seo\/ -->\n<title>Swimming With Dolphins Ticket For Foreigners | Book Now<\/title>\n<meta name=\"description\" content=\"Experience Dolphin Magic At Dolphins Bay Phuket! Book Swimming With Dolphins Tickets For Foreigners. Safe, Fun, And Memorable. Limited Spots!\" \/>\n<meta name=\"robots\" content=\"noindex, follow, max-snippet:-1, max-image-preview:large, max-video-preview:-1\" \/>\n<meta property=\"og:locale\" content=\"fr_FR\" \/>\n<meta property=\"og:type\" content=\"article\" \/>\n<meta property=\"og:title\" content=\"Swimming With Dolphins Ticket For Foreigners | Book Now\" \/>\n<meta property=\"og:description\" content=\"Experience Dolphin Magic At Dolphins Bay Phuket! Book Swimming With Dolphins Tickets For Foreigners. Safe, Fun, And Memorable. Limited Spots!\" \/>\n<meta property=\"og:url\" content=\"https:\/\/dolphinshowpattaya.com\/fr\/billets\/dolphins-bay-phuket-swimming-with-dolphin-ticket-foreigners\/\" \/>\n<meta property=\"og:site_name\" content=\"Dolphin Show Pattaya\" \/>\n<meta property=\"article:modified_time\" content=\"2025-06-07T17:56:16+00:00\" \/>\n<meta property=\"og:image\" content=\"https:\/\/dolphinshowpattaya.com\/wp-content\/uploads\/2024\/10\/Dolphin-Show-Tickets-Phuket.jpg\" \/>\n\t<meta property=\"og:image:width\" content=\"1567\" \/>\n\t<meta property=\"og:image:height\" content=\"1045\" \/>\n\t<meta property=\"og:image:type\" content=\"image\/jpeg\" \/>\n<meta name=\"twitter:card\" content=\"summary_large_image\" \/>\n<meta name=\"twitter:label1\" content=\"Dur\u00e9e de lecture estim\u00e9e\" \/>\n\t<meta name=\"twitter:data1\" content=\"4 minutes\" \/>\n<script type=\"application\/ld+json\" class=\"yoast-schema-graph\">{\"@context\":\"https:\/\/schema.org\",\"@graph\":[{\"@type\":\"WebPage\",\"@id\":\"https:\/\/dolphinshowpattaya.com\/tickets\/dolphins-bay-phuket-swimming-with-dolphin-ticket-foreigners\/\",\"url\":\"https:\/\/dolphinshowpattaya.com\/tickets\/dolphins-bay-phuket-swimming-with-dolphin-ticket-foreigners\/\",\"name\":\"Swimming With Dolphins Ticket For Foreigners | Book Now\",\"isPartOf\":{\"@id\":\"https:\/\/dolphinshowpattaya.com\/#website\"},\"primaryImageOfPage\":{\"@id\":\"https:\/\/dolphinshowpattaya.com\/tickets\/dolphins-bay-phuket-swimming-with-dolphin-ticket-foreigners\/#primaryimage\"},\"image\":{\"@id\":\"https:\/\/dolphinshowpattaya.com\/tickets\/dolphins-bay-phuket-swimming-with-dolphin-ticket-foreigners\/#primaryimage\"},\"thumbnailUrl\":\"https:\/\/dolphinshowpattaya.com\/wp-content\/uploads\/2024\/10\/Dolphin-Show-Tickets-Phuket.jpg\",\"datePublished\":\"2024-10-24T22:25:05+00:00\",\"dateModified\":\"2025-06-07T17:56:16+00:00\",\"description\":\"Experience Dolphin Magic At Dolphins Bay Phuket! Book Swimming With Dolphins Tickets For Foreigners. Safe, Fun, And Memorable. Limited Spots!\",\"breadcrumb\":{\"@id\":\"https:\/\/dolphinshowpattaya.com\/tickets\/dolphins-bay-phuket-swimming-with-dolphin-ticket-foreigners\/#breadcrumb\"},\"inLanguage\":\"fr-FR\",\"potentialAction\":[{\"@type\":\"ReadAction\",\"target\":[\"https:\/\/dolphinshowpattaya.com\/tickets\/dolphins-bay-phuket-swimming-with-dolphin-ticket-foreigners\/\"]}]},{\"@type\":\"ImageObject\",\"inLanguage\":\"fr-FR\",\"@id\":\"https:\/\/dolphinshowpattaya.com\/tickets\/dolphins-bay-phuket-swimming-with-dolphin-ticket-foreigners\/#primaryimage\",\"url\":\"https:\/\/dolphinshowpattaya.com\/wp-content\/uploads\/2024\/10\/Dolphin-Show-Tickets-Phuket.jpg\",\"contentUrl\":\"https:\/\/dolphinshowpattaya.com\/wp-content\/uploads\/2024\/10\/Dolphin-Show-Tickets-Phuket.jpg\",\"width\":1567,\"height\":1045,\"caption\":\"Dolphin Show Tickets Phuket\"},{\"@type\":\"BreadcrumbList\",\"@id\":\"https:\/\/dolphinshowpattaya.com\/tickets\/dolphins-bay-phuket-swimming-with-dolphin-ticket-foreigners\/#breadcrumb\",\"itemListElement\":[{\"@type\":\"ListItem\",\"position\":1,\"name\":\"Home\",\"item\":\"https:\/\/dolphinshowpattaya.com\/\"},{\"@type\":\"ListItem\",\"position\":2,\"name\":\"Tickets\",\"item\":\"https:\/\/dolphinshowpattaya.com\/tickets\/\"},{\"@type\":\"ListItem\",\"position\":3,\"name\":\"Dolphins Bay Phuket &#8211; Swimming With Dolphin Ticket (Foreigners)\"}]},{\"@type\":\"WebSite\",\"@id\":\"https:\/\/dolphinshowpattaya.com\/#website\",\"url\":\"https:\/\/dolphinshowpattaya.com\/\",\"name\":\"Dolphin Show Phuket\",\"description\":\"\",\"publisher\":{\"@id\":\"https:\/\/dolphinshowpattaya.com\/#organization\"},\"potentialAction\":[{\"@type\":\"SearchAction\",\"target\":{\"@type\":\"EntryPoint\",\"urlTemplate\":\"https:\/\/dolphinshowpattaya.com\/?s={search_term_string}\"},\"query-input\":{\"@type\":\"PropertyValueSpecification\",\"valueRequired\":true,\"valueName\":\"search_term_string\"}}],\"inLanguage\":\"fr-FR\"},{\"@type\":\"Organization\",\"@id\":\"https:\/\/dolphinshowpattaya.com\/#organization\",\"name\":\"Dolphin Show Phuket\",\"url\":\"https:\/\/dolphinshowpattaya.com\/\",\"logo\":{\"@type\":\"ImageObject\",\"inLanguage\":\"fr-FR\",\"@id\":\"https:\/\/dolphinshowpattaya.com\/#\/schema\/logo\/image\/\",\"url\":\"https:\/\/dolphinshowpattaya.com\/wp-content\/uploads\/2024\/08\/Dophin-Show-Phuket.png\",\"contentUrl\":\"https:\/\/dolphinshowpattaya.com\/wp-content\/uploads\/2024\/08\/Dophin-Show-Phuket.png\",\"width\":350,\"height\":100,\"caption\":\"Dolphin Show Phuket\"},\"image\":{\"@id\":\"https:\/\/dolphinshowpattaya.com\/#\/schema\/logo\/image\/\"}}]}<\/script>\n<!-- \/ Yoast SEO plugin. -->","yoast_head_json":{"title":"Swimming With Dolphins Ticket For Foreigners | Book Now","description":"Experience Dolphin Magic At Dolphins Bay Phuket! Book Swimming With Dolphins Tickets For Foreigners. Safe, Fun, And Memorable. Limited Spots!","robots":{"index":"noindex","follow":"follow","max-snippet":"max-snippet:-1","max-image-preview":"max-image-preview:large","max-video-preview":"max-video-preview:-1"},"og_locale":"fr_FR","og_type":"article","og_title":"Swimming With Dolphins Ticket For Foreigners | Book Now","og_description":"Experience Dolphin Magic At Dolphins Bay Phuket! Book Swimming With Dolphins Tickets For Foreigners. Safe, Fun, And Memorable. Limited Spots!","og_url":"https:\/\/dolphinshowpattaya.com\/fr\/billets\/dolphins-bay-phuket-swimming-with-dolphin-ticket-foreigners\/","og_site_name":"Dolphin Show Pattaya","article_modified_time":"2025-06-07T17:56:16+00:00","og_image":[{"width":1567,"height":1045,"url":"https:\/\/dolphinshowpattaya.com\/wp-content\/uploads\/2024\/10\/Dolphin-Show-Tickets-Phuket.jpg","type":"image\/jpeg"}],"twitter_card":"summary_large_image","twitter_misc":{"Dur\u00e9e de lecture estim\u00e9e":"4 minutes"},"schema":{"@context":"https:\/\/schema.org","@graph":[{"@type":"WebPage","@id":"https:\/\/dolphinshowpattaya.com\/tickets\/dolphins-bay-phuket-swimming-with-dolphin-ticket-foreigners\/","url":"https:\/\/dolphinshowpattaya.com\/tickets\/dolphins-bay-phuket-swimming-with-dolphin-ticket-foreigners\/","name":"Swimming With Dolphins Ticket For Foreigners | Book Now","isPartOf":{"@id":"https:\/\/dolphinshowpattaya.com\/#website"},"primaryImageOfPage":{"@id":"https:\/\/dolphinshowpattaya.com\/tickets\/dolphins-bay-phuket-swimming-with-dolphin-ticket-foreigners\/#primaryimage"},"image":{"@id":"https:\/\/dolphinshowpattaya.com\/tickets\/dolphins-bay-phuket-swimming-with-dolphin-ticket-foreigners\/#primaryimage"},"thumbnailUrl":"https:\/\/dolphinshowpattaya.com\/wp-content\/uploads\/2024\/10\/Dolphin-Show-Tickets-Phuket.jpg","datePublished":"2024-10-24T22:25:05+00:00","dateModified":"2025-06-07T17:56:16+00:00","description":"Experience Dolphin Magic At Dolphins Bay Phuket! Book Swimming With Dolphins Tickets For Foreigners. Safe, Fun, And Memorable. Limited Spots!","breadcrumb":{"@id":"https:\/\/dolphinshowpattaya.com\/tickets\/dolphins-bay-phuket-swimming-with-dolphin-ticket-foreigners\/#breadcrumb"},"inLanguage":"fr-FR","potentialAction":[{"@type":"ReadAction","target":["https:\/\/dolphinshowpattaya.com\/tickets\/dolphins-bay-phuket-swimming-with-dolphin-ticket-foreigners\/"]}]},{"@type":"ImageObject","inLanguage":"fr-FR","@id":"https:\/\/dolphinshowpattaya.com\/tickets\/dolphins-bay-phuket-swimming-with-dolphin-ticket-foreigners\/#primaryimage","url":"https:\/\/dolphinshowpattaya.com\/wp-content\/uploads\/2024\/10\/Dolphin-Show-Tickets-Phuket.jpg","contentUrl":"https:\/\/dolphinshowpattaya.com\/wp-content\/uploads\/2024\/10\/Dolphin-Show-Tickets-Phuket.jpg","width":1567,"height":1045,"caption":"Dolphin Show Tickets Phuket"},{"@type":"BreadcrumbList","@id":"https:\/\/dolphinshowpattaya.com\/tickets\/dolphins-bay-phuket-swimming-with-dolphin-ticket-foreigners\/#breadcrumb","itemListElement":[{"@type":"ListItem","position":1,"name":"Home","item":"https:\/\/dolphinshowpattaya.com\/"},{"@type":"ListItem","position":2,"name":"Tickets","item":"https:\/\/dolphinshowpattaya.com\/tickets\/"},{"@type":"ListItem","position":3,"name":"Dolphins Bay Phuket &#8211; Swimming With Dolphin Ticket (Foreigners)"}]},{"@type":"WebSite","@id":"https:\/\/dolphinshowpattaya.com\/#website","url":"https:\/\/dolphinshowpattaya.com\/","name":"Dolphin Show Phuket","description":"","publisher":{"@id":"https:\/\/dolphinshowpattaya.com\/#organization"},"potentialAction":[{"@type":"SearchAction","target":{"@type":"EntryPoint","urlTemplate":"https:\/\/dolphinshowpattaya.com\/?s={search_term_string}"},"query-input":{"@type":"PropertyValueSpecification","valueRequired":true,"valueName":"search_term_string"}}],"inLanguage":"fr-FR"},{"@type":"Organization","@id":"https:\/\/dolphinshowpattaya.com\/#organization","name":"Dolphin Show Phuket","url":"https:\/\/dolphinshowpattaya.com\/","logo":{"@type":"ImageObject","inLanguage":"fr-FR","@id":"https:\/\/dolphinshowpattaya.com\/#\/schema\/logo\/image\/","url":"https:\/\/dolphinshowpattaya.com\/wp-content\/uploads\/2024\/08\/Dophin-Show-Phuket.png","contentUrl":"https:\/\/dolphinshowpattaya.com\/wp-content\/uploads\/2024\/08\/Dophin-Show-Phuket.png","width":350,"height":100,"caption":"Dolphin Show Phuket"},"image":{"@id":"https:\/\/dolphinshowpattaya.com\/#\/schema\/logo\/image\/"}}]}},"jetpack_sharing_enabled":true,"_links":{"self":[{"href":"https:\/\/dolphinshowpattaya.com\/fr\/wp-json\/wp\/v2\/product\/2917","targetHints":{"allow":["GET"]}}],"collection":[{"href":"https:\/\/dolphinshowpattaya.com\/fr\/wp-json\/wp\/v2\/product"}],"about":[{"href":"https:\/\/dolphinshowpattaya.com\/fr\/wp-json\/wp\/v2\/types\/product"}],"replies":[{"embeddable":true,"href":"https:\/\/dolphinshowpattaya.com\/fr\/wp-json\/wp\/v2\/comments?post=2917"}],"wp:featuredmedia":[{"embeddable":true,"href":"https:\/\/dolphinshowpattaya.com\/fr\/wp-json\/wp\/v2\/media\/2851"}],"wp:attachment":[{"href":"https:\/\/dolphinshowpattaya.com\/fr\/wp-json\/wp\/v2\/media?parent=2917"}],"wp:term":[{"taxonomy":"product_brand","embeddable":true,"href":"https:\/\/dolphinshowpattaya.com\/fr\/wp-json\/wp\/v2\/product_brand?post=2917"},{"taxonomy":"product_cat","embeddable":true,"href":"https:\/\/dolphinshowpattaya.com\/fr\/wp-json\/wp\/v2\/product_cat?post=2917"},{"taxonomy":"product_tag","embeddable":true,"href":"https:\/\/dolphinshowpattaya.com\/fr\/wp-json\/wp\/v2\/product_tag?post=2917"}],"curies":[{"name":"wp","href":"https:\/\/api.w.org\/{rel}","templated":true}]}}