{"id":2916,"date":"2024-10-25T03:54:13","date_gmt":"2024-10-24T22:24:13","guid":{"rendered":"https:\/\/dolphinshowpattaya.com\/?post_type=product&#038;p=2916"},"modified":"2025-07-16T02:38:54","modified_gmt":"2025-07-15T21:08:54","slug":"billet-siege-vip-dolphins-bay-phuket-pour-etrangers","status":"publish","type":"product","link":"https:\/\/dolphinshowpattaya.com\/fr\/billets\/billet-siege-vip-dolphins-bay-phuket-pour-etrangers\/","title":{"rendered":"Dolphins Bay Phuket \u2013 Billet pour si\u00e8ge VVIP (\u00e9trangers)"},"content":{"rendered":"<h2>\u00c0 propos du spectacle de dauphins de Phuket \u2013 Billet pour si\u00e8ge VVIP (\u00e9trangers)<\/h2>\n<p>D\u00e9couvrez le summum du luxe et du confort chez <a href=\"https:\/\/dolphinshowpattaya.com\/fr\">Baie des Dauphins \u00e0 Phuket<\/a> avec notre billet VVIP Seat. Situ\u00e9s dans la rang\u00e9e A, ces si\u00e8ges premium offrent la meilleure vue sur les spectacles spectaculaires des dauphins et des phoques. Dolphins Bay Phuket est le plus grand delphinarium de Tha\u00eflande, promettant une exp\u00e9rience inoubliable avec nos animaux marins amicaux et talentueux.<\/p>\n<h3>Afficher l&#039;heure<\/h3>\n<ul>\n<li><strong>Ouvert tous les jours (sauf le lundi)<\/strong><\/li>\n<li><strong>Horaires des spectacles :<\/strong>\n<ul>\n<li>11h00 (ouverture des portes \u00e0 10h45)<\/li>\n<li>14h00 (Ouverture des portes \u00e0 13h45)<\/li>\n<li>17h00 (Ouverture des portes \u00e0 16h45)<\/li>\n<\/ul>\n<\/li>\n<\/ul>\n<h3>Politique relative \u00e0 l&#039;enfance<\/h3>\n<ul>\n<li><strong>Enfants de moins de 90 cm :<\/strong> Gratuit sans si\u00e8ge s\u00e9par\u00e9.<\/li>\n<li><strong>Enfants entre 90 \u2013 130 cm :<\/strong> Factur\u00e9 au tarif enfant.<\/li>\n<li><strong>Nager avec les dauphins :<\/strong> Accessible aux adultes et aux enfants \u00e0 partir de 6 ans. Les enfants de 4 \u00e0 5 ans doivent \u00eatre accompagn\u00e9s d&#039;un parent moyennant un suppl\u00e9ment.<\/li>\n<\/ul>\n<h3>Ce qui est inclus<\/h3>\n<ul>\n<li>Si\u00e8ge VVIP dans <strong>Rang\u00e9e A<\/strong> pour la meilleure vue du spectacle.<\/li>\n<li><strong>Spectacle de dauphins et de phoques<\/strong> repr\u00e9sentations.<\/li>\n<li><strong>Opportunit\u00e9s de photos<\/strong> avec les dauphins.<\/li>\n<li>Des s\u00e9ances d&#039;interaction telles que <strong>Toucher magique<\/strong> et <strong>Jeune Entra\u00eeneur<\/strong> programmes.<\/li>\n<li>Acc\u00e8s \u00e0 <strong>nager avec les dauphins<\/strong> activit\u00e9 (des frais suppl\u00e9mentaires peuvent s&#039;appliquer).<\/li>\n<\/ul>\n<h3>Points forts<\/h3>\n<ul>\n<li>Places assises de choix dans la rang\u00e9e A pour un <strong>vue parfaite<\/strong> des dauphins et des phoques.<\/li>\n<li><strong>Des exp\u00e9riences exclusives<\/strong> comme les s\u00e9ances Magic Touch et Young Trainer.<\/li>\n<li>Possibilit\u00e9s de photos avec des dauphins et des phoques.<\/li>\n<li><strong>Nager avec les dauphins<\/strong> disponible (en suppl\u00e9ment).<\/li>\n<\/ul>\n<h3>Inclusions<\/h3>\n<ul>\n<li>Entr\u00e9e \u00e0 Dolphins Bay Phuket.<\/li>\n<li>Si\u00e8ge VVIP pour le spectacle des dauphins et des phoques.<\/li>\n<li>Possibilit\u00e9 de prendre des photos avec les dauphins (payant).<\/li>\n<li>Activit\u00e9 de nage avec les dauphins (payant).<\/li>\n<\/ul>\n<h3>Exclusions<\/h3>\n<ul>\n<li>Transport vers et depuis Dolphins Bay Phuket.<\/li>\n<li>Nourriture et boissons.<\/li>\n<li>Activit\u00e9s suppl\u00e9mentaires non incluses dans le prix du billet, telles que nager avec les dauphins (frais suppl\u00e9mentaires).<\/li>\n<\/ul>\n<h3>Politique de remboursement et d&#039;annulation<\/h3>\n<ul>\n<li><strong>Politique d&#039;annulation :<\/strong> Aucune annulation ni remboursement n&#039;est autoris\u00e9 apr\u00e8s la r\u00e9servation.<\/li>\n<li><strong>Politique de reprogrammation :<\/strong> Les demandes de report doivent \u00eatre effectu\u00e9es au moins 48 heures avant la date de visite initiale et sont sous r\u00e9serve de disponibilit\u00e9.<\/li>\n<\/ul>\n<h3>Quoi de plus ?<\/h3>\n<ul>\n<li><strong>Rapprochez-vous de nous et soyez personnel<\/strong> avec les dauphins dans notre exp\u00e9rience exclusive Magic Touch.<\/li>\n<li>Apprenez aupr\u00e8s de formateurs professionnels dans le <strong>Jeune Entra\u00eeneur<\/strong> programme.<\/li>\n<\/ul>\n<h3>Conseils d&#039;initi\u00e9s<\/h3>\n<ul>\n<li>Arrivez 30 minutes \u00e0 l&#039;avance pour \u00e9viter tout retard.<\/li>\n<li>Apportez votre appareil photo pour capturer les moments parfaits avec les dauphins et les phoques.<\/li>\n<li>Portez des chaussures confortables car vous devrez peut-\u00eatre vous d\u00e9placer dans l\u2019\u00e9tablissement.<\/li>\n<\/ul>\n<h3>\u00c0 faire et \u00e0 ne pas faire<\/h3>\n<p><strong>\u00c0 faire :<\/strong><\/p>\n<ul>\n<li>Respectez la disposition des si\u00e8ges telle que mentionn\u00e9e sur votre billet.<\/li>\n<li>Faites attention aux enfants, surtout \u00e0 proximit\u00e9 de la piscine.<\/li>\n<li>Assurez-vous de suivre les r\u00e8gles pour nager avec les dauphins, y compris les pr\u00e9cautions d\u2019hygi\u00e8ne et de s\u00e9curit\u00e9.<\/li>\n<\/ul>\n<p><strong>\u00c0 ne pas faire :<\/strong><\/p>\n<ul>\n<li>N&#039;apportez pas de verre ni de bouteille dans la zone des places assises.<\/li>\n<li>\u00c9vitez de vous tenir debout ou de vous asseoir pr\u00e8s du bord de la piscine.<\/li>\n<li>Les animaux ne sont pas admis \u00e0 l&#039;int\u00e9rieur de l&#039;\u00e9tablissement.<\/li>\n<\/ul>\n<h3>\u00c0 savoir avant de partir<\/h3>\n<ul>\n<li>Les portes ouvrent 15 minutes avant chaque spectacle.<\/li>\n<li>Soyez attentif aux sols glissants \u00e0 proximit\u00e9 de la piscine.<\/li>\n<li>Pr\u00e9parez-vous au temps chaud et apportez de la cr\u00e8me solaire.<\/li>\n<\/ul>\n<h3>Adresse<\/h3>\n<p><strong>Baie des Dauphins \u00e0 Phuket<\/strong><br \/>\n33\/50, Chalong, District de Mueang Phuket, Phuket 83130, Tha\u00eflande<\/p>\n<h3>Cartes et localisation<\/h3>\n<p><a href=\"https:\/\/maps.app.goo.gl\/iKaEd3g2Nr1B9YJD8\" target=\"_new\" rel=\"noopener\"><strong>Localisation sur Google Maps<\/strong><\/a><\/p>\n<h3>Comment se rendre \u00e0 Dolphins Bay Phuket<\/h3>\n<ul>\n<li><strong>En voiture:<\/strong> Dolphins Bay est facilement accessible en voiture et situ\u00e9 \u00e0 environ 20 minutes de la ville de Phuket.<\/li>\n<li><strong>En taxi :<\/strong> Les taxis et les services de voitures priv\u00e9es sont largement disponibles autour de Phuket.<\/li>\n<li><strong>En transports en commun :<\/strong> Les bus locaux et les tuk-tuks sont des options abordables pour se rendre sur le lieu.<\/li>\n<\/ul>\n<h3>Questions fr\u00e9quemment pos\u00e9es (FAQ)<\/h3>\n<p><strong>1. Quelle est la dur\u00e9e du spectacle des dauphins ?<\/strong><br \/>\nLe spectacle des dauphins dure environ 45 minutes, suivi d&#039;activit\u00e9s suppl\u00e9mentaires telles que la nage avec les dauphins.<\/p>\n<p><strong>2. Puis-je prendre des photos pendant le spectacle ?<\/strong><br \/>\nOui, les photos sont autoris\u00e9es. Cependant, l&#039;utilisation du flash est d\u00e9conseill\u00e9e pendant le spectacle afin de ne pas d\u00e9ranger les animaux.<\/p>\n<p><strong>3. Comment puis-je r\u00e9server un billet pour un si\u00e8ge VVIP ?<\/strong><br \/>\nVous pouvez r\u00e9server votre billet si\u00e8ge VVIP directement sur notre site Web : <a href=\"https:\/\/dolphinshowpattaya.com\/fr\/\" target=\"_new\" rel=\"noopener\">dolphinshowpattaya.com<\/a>.<\/p>\n<p><strong>4. Y a-t-il un parking disponible sur place ?<\/strong><br \/>\nOui, un parking gratuit est disponible pour tous les clients visitant Dolphins Bay Phuket.<\/p>\n<p><strong>5. Puis-je nager avec les dauphins ?<\/strong><br \/>\nOui, il est possible de nager avec les dauphins moyennant un suppl\u00e9ment. Il est recommand\u00e9 de r\u00e9server \u00e0 l&#039;avance.<\/p>","protected":false},"excerpt":{"rendered":"<table class=\"short-description\">\n<tbody class=\"tabel364\">\n<tr class=\"short-description-tr32r\">\n<th class=\"short-description-th\"><span class=\"description-h23\"><strong class=\"description-strong67\">Toutes les r\u00e9servations doivent \u00eatre effectu\u00e9es 1 jour avant le spectacle (avant 18h00, heure de Tha\u00eflande).<\/strong><\/span><\/th>\n<\/tr>\n<\/tbody>\n<\/table>","protected":false},"featured_media":2851,"comment_status":"open","ping_status":"closed","template":"","meta":{"ocean_post_layout":"","ocean_both_sidebars_style":"","ocean_both_sidebars_content_width":0,"ocean_both_sidebars_sidebars_width":0,"ocean_sidebar":"0","ocean_second_sidebar":"0","ocean_disable_margins":"enable","ocean_add_body_class":"","ocean_shortcode_before_top_bar":"","ocean_shortcode_after_top_bar":"","ocean_shortcode_before_header":"","ocean_shortcode_after_header":"","ocean_has_shortcode":"","ocean_shortcode_after_title":"","ocean_shortcode_before_footer_widgets":"","ocean_shortcode_after_footer_widgets":"","ocean_shortcode_before_footer_bottom":"","ocean_shortcode_after_footer_bottom":"","ocean_display_top_bar":"default","ocean_display_header":"default","ocean_header_style":"","ocean_center_header_left_menu":"0","ocean_custom_header_template":"0","ocean_custom_logo":0,"ocean_custom_retina_logo":0,"ocean_custom_logo_max_width":0,"ocean_custom_logo_tablet_max_width":0,"ocean_custom_logo_mobile_max_width":0,"ocean_custom_logo_max_height":0,"ocean_custom_logo_tablet_max_height":0,"ocean_custom_logo_mobile_max_height":0,"ocean_header_custom_menu":"0","ocean_menu_typo_font_family":"0","ocean_menu_typo_font_subset":"","ocean_menu_typo_font_size":0,"ocean_menu_typo_font_size_tablet":0,"ocean_menu_typo_font_size_mobile":0,"ocean_menu_typo_font_size_unit":"px","ocean_menu_typo_font_weight":"","ocean_menu_typo_font_weight_tablet":"","ocean_menu_typo_font_weight_mobile":"","ocean_menu_typo_transform":"","ocean_menu_typo_transform_tablet":"","ocean_menu_typo_transform_mobile":"","ocean_menu_typo_line_height":0,"ocean_menu_typo_line_height_tablet":0,"ocean_menu_typo_line_height_mobile":0,"ocean_menu_typo_line_height_unit":"","ocean_menu_typo_spacing":0,"ocean_menu_typo_spacing_tablet":0,"ocean_menu_typo_spacing_mobile":0,"ocean_menu_typo_spacing_unit":"","ocean_menu_link_color":"","ocean_menu_link_color_hover":"","ocean_menu_link_color_active":"","ocean_menu_link_background":"","ocean_menu_link_hover_background":"","ocean_menu_link_active_background":"","ocean_menu_social_links_bg":"","ocean_menu_social_hover_links_bg":"","ocean_menu_social_links_color":"","ocean_menu_social_hover_links_color":"","ocean_disable_title":"default","ocean_disable_heading":"default","ocean_post_title":"","ocean_post_subheading":"","ocean_post_title_style":"","ocean_post_title_background_color":"","ocean_post_title_background":0,"ocean_post_title_bg_image_position":"","ocean_post_title_bg_image_attachment":"","ocean_post_title_bg_image_repeat":"","ocean_post_title_bg_image_size":"","ocean_post_title_height":0,"ocean_post_title_bg_overlay":0.5,"ocean_post_title_bg_overlay_color":"","ocean_disable_breadcrumbs":"default","ocean_breadcrumbs_color":"","ocean_breadcrumbs_separator_color":"","ocean_breadcrumbs_links_color":"","ocean_breadcrumbs_links_hover_color":"","ocean_display_footer_widgets":"default","ocean_display_footer_bottom":"default","ocean_custom_footer_template":"0"},"product_brand":[],"product_cat":[20],"product_tag":[238,282,279,276,232,283,285,230,254,281,275,280,274,284,277,278],"class_list":{"0":"post-2916","1":"product","2":"type-product","3":"status-publish","4":"has-post-thumbnail","6":"product_cat-tickets","7":"product_tag-best-dolphin-show-phuket","8":"product_tag-buy-vvip-tickets-dolphins-bay","9":"product_tag-dolphin-bay-phuket-best-seats","10":"product_tag-dolphin-show-phuket-booking","11":"product_tag-dolphins-bay-phuket-tickets","12":"product_tag-dolphins-bay-premium-seats","13":"product_tag-dolphins-bay-ticket-booking","14":"product_tag-phuket","15":"product_tag-phuket-dolphin-experience","16":"product_tag-phuket-dolphin-show-vvip","17":"product_tag-vvip-dolphin-show-phuket","18":"product_tag-vvip-row-a-dolphins-bay","19":"product_tag-vvip-seat-ticket-dolphins-bay","20":"product_tag-vvip-seats-dolphins-bay-phuket","21":"product_tag-vvip-seats-phuket-dolphin","22":"product_tag-vvip-tickets-foreigners-dolphins-bay","23":"tm-has-options","25":"entry","26":"has-media","28":"first","29":"instock","30":"virtual","31":"purchasable","32":"product-type-simple","33":"has-product-nav","34":"col","35":"span_1_of_3","36":"owp-content-center","37":"owp-thumbs-layout-horizontal","38":"owp-btn-normal","39":"owp-tabs-layout-horizontal"},"yoast_head":"<!-- This site is optimized with the Yoast SEO plugin v25.3 - https:\/\/yoast.com\/wordpress\/plugins\/seo\/ -->\n<title>Book VVIP Seat Tickets For Dolphins Bay Phuket Show Today!<\/title>\n<meta name=\"description\" content=\"Enjoy The Best View With VVIP Seat Tickets At Dolphins Bay Phuket. Book Now For An Unforgettable Dolphin Show Experience! Limited Seats Available.\" \/>\n<meta name=\"robots\" content=\"noindex, follow, max-snippet:-1, max-image-preview:large, max-video-preview:-1\" \/>\n<meta property=\"og:locale\" content=\"fr_FR\" \/>\n<meta property=\"og:type\" content=\"article\" \/>\n<meta property=\"og:title\" content=\"Book VVIP Seat Tickets For Dolphins Bay Phuket Show Today!\" \/>\n<meta property=\"og:description\" content=\"Enjoy The Best View With VVIP Seat Tickets At Dolphins Bay Phuket. Book Now For An Unforgettable Dolphin Show Experience! Limited Seats Available.\" \/>\n<meta property=\"og:url\" content=\"https:\/\/dolphinshowpattaya.com\/fr\/billets\/billet-siege-vip-dolphins-bay-phuket-pour-etrangers\/\" \/>\n<meta property=\"og:site_name\" content=\"Dolphin Show Pattaya\" \/>\n<meta property=\"article:modified_time\" content=\"2025-07-15T21:08:54+00:00\" \/>\n<meta property=\"og:image\" content=\"https:\/\/dolphinshowpattaya.com\/wp-content\/uploads\/2024\/10\/Dolphin-Show-Tickets-Phuket.jpg\" \/>\n\t<meta property=\"og:image:width\" content=\"1567\" \/>\n\t<meta property=\"og:image:height\" content=\"1045\" \/>\n\t<meta property=\"og:image:type\" content=\"image\/jpeg\" \/>\n<meta name=\"twitter:card\" content=\"summary_large_image\" \/>\n<meta name=\"twitter:label1\" content=\"Dur\u00e9e de lecture estim\u00e9e\" \/>\n\t<meta name=\"twitter:data1\" content=\"4 minutes\" \/>\n<script type=\"application\/ld+json\" class=\"yoast-schema-graph\">{\"@context\":\"https:\/\/schema.org\",\"@graph\":[{\"@type\":\"WebPage\",\"@id\":\"https:\/\/dolphinshowpattaya.com\/tickets\/dolphins-bay-phuket-vvip-seat-ticket-foreigners\/\",\"url\":\"https:\/\/dolphinshowpattaya.com\/tickets\/dolphins-bay-phuket-vvip-seat-ticket-foreigners\/\",\"name\":\"Book VVIP Seat Tickets For Dolphins Bay Phuket Show Today!\",\"isPartOf\":{\"@id\":\"https:\/\/dolphinshowpattaya.com\/#website\"},\"primaryImageOfPage\":{\"@id\":\"https:\/\/dolphinshowpattaya.com\/tickets\/dolphins-bay-phuket-vvip-seat-ticket-foreigners\/#primaryimage\"},\"image\":{\"@id\":\"https:\/\/dolphinshowpattaya.com\/tickets\/dolphins-bay-phuket-vvip-seat-ticket-foreigners\/#primaryimage\"},\"thumbnailUrl\":\"https:\/\/dolphinshowpattaya.com\/wp-content\/uploads\/2024\/10\/Dolphin-Show-Tickets-Phuket.jpg\",\"datePublished\":\"2024-10-24T22:24:13+00:00\",\"dateModified\":\"2025-07-15T21:08:54+00:00\",\"description\":\"Enjoy The Best View With VVIP Seat Tickets At Dolphins Bay Phuket. Book Now For An Unforgettable Dolphin Show Experience! Limited Seats Available.\",\"breadcrumb\":{\"@id\":\"https:\/\/dolphinshowpattaya.com\/tickets\/dolphins-bay-phuket-vvip-seat-ticket-foreigners\/#breadcrumb\"},\"inLanguage\":\"fr-FR\",\"potentialAction\":[{\"@type\":\"ReadAction\",\"target\":[\"https:\/\/dolphinshowpattaya.com\/tickets\/dolphins-bay-phuket-vvip-seat-ticket-foreigners\/\"]}]},{\"@type\":\"ImageObject\",\"inLanguage\":\"fr-FR\",\"@id\":\"https:\/\/dolphinshowpattaya.com\/tickets\/dolphins-bay-phuket-vvip-seat-ticket-foreigners\/#primaryimage\",\"url\":\"https:\/\/dolphinshowpattaya.com\/wp-content\/uploads\/2024\/10\/Dolphin-Show-Tickets-Phuket.jpg\",\"contentUrl\":\"https:\/\/dolphinshowpattaya.com\/wp-content\/uploads\/2024\/10\/Dolphin-Show-Tickets-Phuket.jpg\",\"width\":1567,\"height\":1045,\"caption\":\"Dolphin Show Tickets Phuket\"},{\"@type\":\"BreadcrumbList\",\"@id\":\"https:\/\/dolphinshowpattaya.com\/tickets\/dolphins-bay-phuket-vvip-seat-ticket-foreigners\/#breadcrumb\",\"itemListElement\":[{\"@type\":\"ListItem\",\"position\":1,\"name\":\"Home\",\"item\":\"https:\/\/dolphinshowpattaya.com\/\"},{\"@type\":\"ListItem\",\"position\":2,\"name\":\"Tickets\",\"item\":\"https:\/\/dolphinshowpattaya.com\/tickets\/\"},{\"@type\":\"ListItem\",\"position\":3,\"name\":\"Dolphins Bay Phuket &#8211; VVIP Seat Ticket (Foreigners)\"}]},{\"@type\":\"WebSite\",\"@id\":\"https:\/\/dolphinshowpattaya.com\/#website\",\"url\":\"https:\/\/dolphinshowpattaya.com\/\",\"name\":\"Dolphin Show Phuket\",\"description\":\"\",\"publisher\":{\"@id\":\"https:\/\/dolphinshowpattaya.com\/#organization\"},\"potentialAction\":[{\"@type\":\"SearchAction\",\"target\":{\"@type\":\"EntryPoint\",\"urlTemplate\":\"https:\/\/dolphinshowpattaya.com\/?s={search_term_string}\"},\"query-input\":{\"@type\":\"PropertyValueSpecification\",\"valueRequired\":true,\"valueName\":\"search_term_string\"}}],\"inLanguage\":\"fr-FR\"},{\"@type\":\"Organization\",\"@id\":\"https:\/\/dolphinshowpattaya.com\/#organization\",\"name\":\"Dolphin Show Phuket\",\"url\":\"https:\/\/dolphinshowpattaya.com\/\",\"logo\":{\"@type\":\"ImageObject\",\"inLanguage\":\"fr-FR\",\"@id\":\"https:\/\/dolphinshowpattaya.com\/#\/schema\/logo\/image\/\",\"url\":\"https:\/\/dolphinshowpattaya.com\/wp-content\/uploads\/2024\/08\/Dophin-Show-Phuket.png\",\"contentUrl\":\"https:\/\/dolphinshowpattaya.com\/wp-content\/uploads\/2024\/08\/Dophin-Show-Phuket.png\",\"width\":350,\"height\":100,\"caption\":\"Dolphin Show Phuket\"},\"image\":{\"@id\":\"https:\/\/dolphinshowpattaya.com\/#\/schema\/logo\/image\/\"}}]}<\/script>\n<!-- \/ Yoast SEO plugin. -->","yoast_head_json":{"title":"Book VVIP Seat Tickets For Dolphins Bay Phuket Show Today!","description":"Enjoy The Best View With VVIP Seat Tickets At Dolphins Bay Phuket. Book Now For An Unforgettable Dolphin Show Experience! Limited Seats Available.","robots":{"index":"noindex","follow":"follow","max-snippet":"max-snippet:-1","max-image-preview":"max-image-preview:large","max-video-preview":"max-video-preview:-1"},"og_locale":"fr_FR","og_type":"article","og_title":"Book VVIP Seat Tickets For Dolphins Bay Phuket Show Today!","og_description":"Enjoy The Best View With VVIP Seat Tickets At Dolphins Bay Phuket. Book Now For An Unforgettable Dolphin Show Experience! Limited Seats Available.","og_url":"https:\/\/dolphinshowpattaya.com\/fr\/billets\/billet-siege-vip-dolphins-bay-phuket-pour-etrangers\/","og_site_name":"Dolphin Show Pattaya","article_modified_time":"2025-07-15T21:08:54+00:00","og_image":[{"width":1567,"height":1045,"url":"https:\/\/dolphinshowpattaya.com\/wp-content\/uploads\/2024\/10\/Dolphin-Show-Tickets-Phuket.jpg","type":"image\/jpeg"}],"twitter_card":"summary_large_image","twitter_misc":{"Dur\u00e9e de lecture estim\u00e9e":"4 minutes"},"schema":{"@context":"https:\/\/schema.org","@graph":[{"@type":"WebPage","@id":"https:\/\/dolphinshowpattaya.com\/tickets\/dolphins-bay-phuket-vvip-seat-ticket-foreigners\/","url":"https:\/\/dolphinshowpattaya.com\/tickets\/dolphins-bay-phuket-vvip-seat-ticket-foreigners\/","name":"Book VVIP Seat Tickets For Dolphins Bay Phuket Show Today!","isPartOf":{"@id":"https:\/\/dolphinshowpattaya.com\/#website"},"primaryImageOfPage":{"@id":"https:\/\/dolphinshowpattaya.com\/tickets\/dolphins-bay-phuket-vvip-seat-ticket-foreigners\/#primaryimage"},"image":{"@id":"https:\/\/dolphinshowpattaya.com\/tickets\/dolphins-bay-phuket-vvip-seat-ticket-foreigners\/#primaryimage"},"thumbnailUrl":"https:\/\/dolphinshowpattaya.com\/wp-content\/uploads\/2024\/10\/Dolphin-Show-Tickets-Phuket.jpg","datePublished":"2024-10-24T22:24:13+00:00","dateModified":"2025-07-15T21:08:54+00:00","description":"Enjoy The Best View With VVIP Seat Tickets At Dolphins Bay Phuket. Book Now For An Unforgettable Dolphin Show Experience! Limited Seats Available.","breadcrumb":{"@id":"https:\/\/dolphinshowpattaya.com\/tickets\/dolphins-bay-phuket-vvip-seat-ticket-foreigners\/#breadcrumb"},"inLanguage":"fr-FR","potentialAction":[{"@type":"ReadAction","target":["https:\/\/dolphinshowpattaya.com\/tickets\/dolphins-bay-phuket-vvip-seat-ticket-foreigners\/"]}]},{"@type":"ImageObject","inLanguage":"fr-FR","@id":"https:\/\/dolphinshowpattaya.com\/tickets\/dolphins-bay-phuket-vvip-seat-ticket-foreigners\/#primaryimage","url":"https:\/\/dolphinshowpattaya.com\/wp-content\/uploads\/2024\/10\/Dolphin-Show-Tickets-Phuket.jpg","contentUrl":"https:\/\/dolphinshowpattaya.com\/wp-content\/uploads\/2024\/10\/Dolphin-Show-Tickets-Phuket.jpg","width":1567,"height":1045,"caption":"Dolphin Show Tickets Phuket"},{"@type":"BreadcrumbList","@id":"https:\/\/dolphinshowpattaya.com\/tickets\/dolphins-bay-phuket-vvip-seat-ticket-foreigners\/#breadcrumb","itemListElement":[{"@type":"ListItem","position":1,"name":"Home","item":"https:\/\/dolphinshowpattaya.com\/"},{"@type":"ListItem","position":2,"name":"Tickets","item":"https:\/\/dolphinshowpattaya.com\/tickets\/"},{"@type":"ListItem","position":3,"name":"Dolphins Bay Phuket &#8211; VVIP Seat Ticket (Foreigners)"}]},{"@type":"WebSite","@id":"https:\/\/dolphinshowpattaya.com\/#website","url":"https:\/\/dolphinshowpattaya.com\/","name":"Dolphin Show Phuket","description":"","publisher":{"@id":"https:\/\/dolphinshowpattaya.com\/#organization"},"potentialAction":[{"@type":"SearchAction","target":{"@type":"EntryPoint","urlTemplate":"https:\/\/dolphinshowpattaya.com\/?s={search_term_string}"},"query-input":{"@type":"PropertyValueSpecification","valueRequired":true,"valueName":"search_term_string"}}],"inLanguage":"fr-FR"},{"@type":"Organization","@id":"https:\/\/dolphinshowpattaya.com\/#organization","name":"Dolphin Show Phuket","url":"https:\/\/dolphinshowpattaya.com\/","logo":{"@type":"ImageObject","inLanguage":"fr-FR","@id":"https:\/\/dolphinshowpattaya.com\/#\/schema\/logo\/image\/","url":"https:\/\/dolphinshowpattaya.com\/wp-content\/uploads\/2024\/08\/Dophin-Show-Phuket.png","contentUrl":"https:\/\/dolphinshowpattaya.com\/wp-content\/uploads\/2024\/08\/Dophin-Show-Phuket.png","width":350,"height":100,"caption":"Dolphin Show Phuket"},"image":{"@id":"https:\/\/dolphinshowpattaya.com\/#\/schema\/logo\/image\/"}}]}},"jetpack_sharing_enabled":true,"_links":{"self":[{"href":"https:\/\/dolphinshowpattaya.com\/fr\/wp-json\/wp\/v2\/product\/2916","targetHints":{"allow":["GET"]}}],"collection":[{"href":"https:\/\/dolphinshowpattaya.com\/fr\/wp-json\/wp\/v2\/product"}],"about":[{"href":"https:\/\/dolphinshowpattaya.com\/fr\/wp-json\/wp\/v2\/types\/product"}],"replies":[{"embeddable":true,"href":"https:\/\/dolphinshowpattaya.com\/fr\/wp-json\/wp\/v2\/comments?post=2916"}],"wp:featuredmedia":[{"embeddable":true,"href":"https:\/\/dolphinshowpattaya.com\/fr\/wp-json\/wp\/v2\/media\/2851"}],"wp:attachment":[{"href":"https:\/\/dolphinshowpattaya.com\/fr\/wp-json\/wp\/v2\/media?parent=2916"}],"wp:term":[{"taxonomy":"product_brand","embeddable":true,"href":"https:\/\/dolphinshowpattaya.com\/fr\/wp-json\/wp\/v2\/product_brand?post=2916"},{"taxonomy":"product_cat","embeddable":true,"href":"https:\/\/dolphinshowpattaya.com\/fr\/wp-json\/wp\/v2\/product_cat?post=2916"},{"taxonomy":"product_tag","embeddable":true,"href":"https:\/\/dolphinshowpattaya.com\/fr\/wp-json\/wp\/v2\/product_tag?post=2916"}],"curies":[{"name":"wp","href":"https:\/\/api.w.org\/{rel}","templated":true}]}}