{"id":2915,"date":"2024-10-25T03:43:45","date_gmt":"2024-10-24T22:13:45","guid":{"rendered":"https:\/\/dolphinshowpattaya.com\/?post_type=product&#038;p=2915"},"modified":"2025-09-25T04:36:10","modified_gmt":"2025-09-24T23:06:10","slug":"billet-siege-vip-dolphins-bay-phuket-pour-etrangers-2","status":"publish","type":"product","link":"https:\/\/dolphinshowpattaya.com\/fr\/billets\/billet-siege-vip-dolphins-bay-phuket-pour-etrangers-2\/","title":{"rendered":"Dolphins Bay Phuket \u2013 Billet si\u00e8ge VIP (\u00e9trangers)"},"content":{"rendered":"<h2><span style=\"color: #000000;\">\u00c0 propos du billet VIP (\u00e9trangers) \u2013 Dolphin Show Phuket<\/span><\/h2>\n<p><span style=\"color: #000000;\">D\u00e9couvrez le meilleur de <a href=\"https:\/\/dolphinshowpattaya.com\/fr\">Spectacle de dauphins \u00e0 Phuket<\/a> avec des si\u00e8ges VIP ! Profitez d&#039;une vue rapproch\u00e9e et personnelle des spectacles palpitants des dauphins et des phoques, avec des si\u00e8ges r\u00e9serv\u00e9s qui offrent l&#039;\u00e9quilibre parfait entre confort et exp\u00e9rience d&#039;observation exceptionnelle. Ce billet vous permet de vous immerger dans l&#039;une des meilleures activit\u00e9s familiales de Phuket, cr\u00e9ant des souvenirs inoubliables pour les visiteurs de tous \u00e2ges.<\/span><\/p>\n<h3><span style=\"color: #000000;\">Afficher l&#039;heure<\/span><\/h3>\n<p><span style=\"color: #000000;\">Dolphins Bay Phuket propose trois spectacles quotidiens pour votre confort\u00a0:<\/span><\/p>\n<ul>\n<li><span style=\"color: #000000;\"><strong>Heure du spectacle 1<\/strong>:11h00 (ouverture des portes \u00e0 10h45)<\/span><\/li>\n<li><span style=\"color: #000000;\"><strong>Spectacle 2<\/strong>:14h00 (ouverture des portes \u00e0 13h45)<\/span><\/li>\n<li><span style=\"color: #000000;\"><strong>Spectacle 3<\/strong>:17h00 (ouverture des portes \u00e0 16h45) Le spectacle commence par une performance de phoques de 15 minutes, suivie du spectacle principal des dauphins. Ensuite, les invit\u00e9s peuvent participer \u00e0 la baignade et \u00e0 d&#039;autres activit\u00e9s.<\/span><\/li>\n<\/ul>\n<h3><span style=\"color: #000000;\">Politique relative \u00e0 l&#039;enfance<\/span><\/h3>\n<ul>\n<li><span style=\"color: #000000;\"><strong>Enfants de moins de 90 cm<\/strong>:Entr\u00e9e gratuite, aucun si\u00e8ge n&#039;est pr\u00e9vu.<\/span><\/li>\n<li><span style=\"color: #000000;\"><strong>Enfants entre 90 cm \u2013 130 cm<\/strong>:Factur\u00e9 comme tarif enfant.<\/span><\/li>\n<li><span style=\"color: #000000;\"><strong>Nager avec les dauphins<\/strong>:Admis aux adultes et aux enfants de 6 ans et plus. Les enfants de 4 \u00e0 5 ans doivent \u00eatre accompagn\u00e9s d&#039;un parent, moyennant un suppl\u00e9ment.<\/span><\/li>\n<\/ul>\n<h3><span style=\"color: #000000;\">Ce qui est inclus<\/span><\/h3>\n<ul>\n<li><span style=\"color: #000000;\">Si\u00e8ge VIP pour le spectacle des dauphins<\/span><\/li>\n<li><span style=\"color: #000000;\">Spectacles de phoques et de dauphins<\/span><\/li>\n<li><span style=\"color: #000000;\">Nager avec les dauphins (facultatif)<\/span><\/li>\n<li><span style=\"color: #000000;\">Possibilit\u00e9 de prendre des photos avec des dauphins et des phoques (en suppl\u00e9ment)<\/span><\/li>\n<\/ul>\n<h3><span style=\"color: #000000;\">Points forts<\/span><\/h3>\n<ul>\n<li><span style=\"color: #000000;\">Si\u00e8ges VIP avec vue exceptionnelle<\/span><\/li>\n<li><span style=\"color: #000000;\">Spectacles passionnants de dauphins et de phoques<\/span><\/li>\n<li><span style=\"color: #000000;\">Activit\u00e9s familiales avec possibilit\u00e9s d&#039;interaction avec les dauphins<\/span><\/li>\n<li><span style=\"color: #000000;\">Opportunit\u00e9s de photos professionnelles avec les dauphins<\/span><\/li>\n<\/ul>\n<h3><span style=\"color: #000000;\">Inclusions<\/span><\/h3>\n<ul>\n<li><span style=\"color: #000000;\">Acc\u00e8s \u00e0 <a href=\"https:\/\/dolphinshowpattaya.com\/fr\">Baie des Dauphins \u00e0 Phuket<\/a> avec si\u00e8ges VIP<\/span><\/li>\n<li><span style=\"color: #000000;\">Acc\u00e8s aux spectacles de phoques et de dauphins<\/span><\/li>\n<li><span style=\"color: #000000;\">Parking gratuit<\/span><\/li>\n<li><span style=\"color: #000000;\">Des options suppl\u00e9mentaires telles que la nage avec les dauphins ou la photographie professionnelle (disponibles moyennant un co\u00fbt suppl\u00e9mentaire)<\/span><\/li>\n<\/ul>\n<h3><span style=\"color: #000000;\">Exclusions<\/span><\/h3>\n<ul>\n<li><span style=\"color: #000000;\">Nourriture et boissons<\/span><\/li>\n<li><span style=\"color: #000000;\">Transferts depuis et vers l&#039;h\u00f4tel (disponibles moyennant des frais suppl\u00e9mentaires)<\/span><\/li>\n<li><span style=\"color: #000000;\">Toute autre activit\u00e9 ou service non sp\u00e9cifi\u00e9 dans le billet<\/span><\/li>\n<\/ul>\n<h3><span style=\"color: #000000;\">Politique de remboursement et d&#039;annulation<\/span><\/h3>\n<ul>\n<li><span style=\"color: #000000;\"><strong>Annulations<\/strong>:Doit \u00eatre effectu\u00e9 au moins 1 jour avant la date du spectacle avant 18h00 (heure de Tha\u00eflande).<\/span><\/li>\n<li><span style=\"color: #000000;\"><strong>Remboursements<\/strong>:Aucun remboursement ne sera accord\u00e9 pour les annulations effectu\u00e9es moins d&#039;un jour avant la date du spectacle ou pour les non-pr\u00e9sentations.<\/span><\/li>\n<\/ul>\n<h3><span style=\"color: #000000;\">Quoi de plus ?<\/span><\/h3>\n<ul>\n<li><span style=\"color: #000000;\">Vivez des exp\u00e9riences dans les coulisses des dauphins et rencontrez les entra\u00eeneurs.<\/span><\/li>\n<li><span style=\"color: #000000;\">Produits exclusifs disponibles \u00e0 l&#039;achat sur place.<\/span><\/li>\n<\/ul>\n<h3><span style=\"color: #000000;\">Conseils d&#039;initi\u00e9s<\/span><\/h3>\n<ul>\n<li><span style=\"color: #000000;\">Arrivez au moins 15 minutes \u00e0 l\u2019avance pour r\u00e9server votre place et profiter des activit\u00e9s avant le spectacle.<\/span><\/li>\n<li><span style=\"color: #000000;\">N&#039;oubliez pas votre appareil photo pour des photos incroyables avec les dauphins.<\/span><\/li>\n<li><span style=\"color: #000000;\">Une cr\u00e8me solaire et des chapeaux sont recommand\u00e9s pour les spectacles de jour.<\/span><\/li>\n<\/ul>\n<h3><span style=\"color: #000000;\">\u00c0 faire et \u00e0 ne pas faire<\/span><\/h3>\n<p><span style=\"color: #000000;\"><strong>\u00c0 faire :<\/strong><\/span><\/p>\n<ul>\n<li><span style=\"color: #000000;\">Suivez les instructions du personnel pour une exp\u00e9rience s\u00e9curitaire et agr\u00e9able.<\/span><\/li>\n<li><span style=\"color: #000000;\">Gardez votre billet \u00e0 port\u00e9e de main pour la v\u00e9rification des si\u00e8ges.<\/span><\/li>\n<li><span style=\"color: #000000;\">Respectez les animaux et suivez les consignes d\u2019interaction.<\/span><\/li>\n<\/ul>\n<p><span style=\"color: #000000;\"><strong>\u00c0 ne pas faire :<\/strong><\/span><\/p>\n<ul>\n<li><span style=\"color: #000000;\">N&#039;apportez pas de nourriture ou de boissons dans la zone des places assises.<\/span><\/li>\n<li><span style=\"color: #000000;\">\u00c9vitez de vous tenir debout ou de vous asseoir sur le bord de la piscine.<\/span><\/li>\n<li><span style=\"color: #000000;\">N&#039;essayez pas de toucher les dauphins sans l&#039;avis d&#039;un entra\u00eeneur.<\/span><\/li>\n<\/ul>\n<h3><span style=\"color: #000000;\">\u00c0 savoir avant de partir<\/span><\/h3>\n<ul>\n<li><span style=\"color: #000000;\">Veuillez porter des v\u00eatements et des chaussures confortables.<\/span><\/li>\n<li><span style=\"color: #000000;\">Assurez-vous que tous les appareils \u00e9lectroniques sont prot\u00e9g\u00e9s des \u00e9claboussures d\u2019eau.<\/span><\/li>\n<li><span style=\"color: #000000;\">Le lieu est accessible aux personnes en fauteuil roulant.<\/span><\/li>\n<\/ul>\n<h3><span style=\"color: #000000;\">Adresse, Plans et Localisation<\/span><\/h3>\n<p><span style=\"color: #000000;\"><strong>Adresse<\/strong>: 33\/50, Chalong, district de Mueang Phuket, Phuket 83130, Tha\u00eflande<\/span><br \/>\n<span style=\"color: #000000;\"><strong>Localisation sur Google Maps<\/strong>: <a style=\"color: #000000;\" href=\"https:\/\/maps.app.goo.gl\/iKaEd3g2Nr1B9YJD8\" target=\"_new\" rel=\"noopener\">Emplacement de Dolphins Bay Phuket<\/a><\/span><\/p>\n<h3><span style=\"color: #000000;\">Comment se rendre \u00e0 Dolphins Bay Phuket<\/span><\/h3>\n<ul>\n<li><span style=\"color: #000000;\"><strong>En taxi<\/strong>:Des taxis sont facilement disponibles partout \u00e0 Phuket. Demandez au chauffeur de vous emmener au Dolphins Bay Phuket \u00e0 Chalong.<\/span><\/li>\n<li><span style=\"color: #000000;\"><strong>En voiture<\/strong>:Si vous conduisez, un parking gratuit est disponible sur place.<\/span><\/li>\n<li><span style=\"color: #000000;\"><strong>Transports en commun<\/strong>:Des bus locaux et des tuk-tuks sont disponibles pour vous emmener \u00e0 Dolphins Bay depuis les principales zones touristiques comme Patong et Karon Beach.<\/span><\/li>\n<\/ul>\n<h3><span style=\"color: #000000;\">Questions fr\u00e9quemment pos\u00e9es (FAQ)<\/span><\/h3>\n<p><span style=\"color: #000000;\"><strong>1. Combien de temps dure le spectacle des dauphins ?<\/strong><\/span><br \/>\n<span style=\"color: #000000;\">Le spectacle des dauphins dure environ 25 minutes, pr\u00e9c\u00e9d\u00e9 d&#039;un spectacle de phoques de 15 minutes.<\/span><\/p>\n<p><span style=\"color: #000000;\"><strong>2. Puis-je prendre des photos avec les dauphins ?<\/strong><\/span><br \/>\n<span style=\"color: #000000;\">Oui, des s\u00e9ances de photos professionnelles avec des dauphins sont disponibles moyennant un co\u00fbt suppl\u00e9mentaire.<\/span><\/p>\n<p><span style=\"color: #000000;\"><strong>3. Y a-t-il un parking disponible ?<\/strong><\/span><br \/>\n<span style=\"color: #000000;\">Oui, un parking gratuit est disponible sur place.<\/span><\/p>\n<p><span style=\"color: #000000;\"><strong>4. Puis-je nager avec les dauphins ?<\/strong><\/span><br \/>\n<span style=\"color: #000000;\">Oui, il existe une option pour nager avec les dauphins moyennant un suppl\u00e9ment, sous r\u00e9serve de disponibilit\u00e9.<\/span><\/p>\n<p><span style=\"color: #000000;\"><strong>5. Le spectacle est-il adapt\u00e9 \u00e0 tous les \u00e2ges ?<\/strong><\/span><br \/>\n<span style=\"color: #000000;\">Oui, le spectacle est une exp\u00e9rience familiale adapt\u00e9e \u00e0 tous les \u00e2ges.<\/span><\/p>\n<p><span style=\"color: #000000;\"><strong>6. Quelles sont les options de si\u00e8ges ?<\/strong><\/span><br \/>\n<span style=\"color: #000000;\">Les options de si\u00e8ges comprennent les cat\u00e9gories VVIP, VIP, Deluxe et Regular. Les si\u00e8ges VIP se trouvent dans la rang\u00e9e B et offrent une excellente vue sur le spectacle.<\/span><\/p>\n<p><span style=\"color: #000000;\"><strong>7. Y a-t-il un code vestimentaire ?<\/strong><\/span><br \/>\n<span style=\"color: #000000;\">Il n&#039;y a pas de code vestimentaire sp\u00e9cifique, mais une tenue confortable est recommand\u00e9e.<\/span><\/p>\n<p><span style=\"color: #000000;\">En r\u00e9servant un <strong>Billet si\u00e8ge VIP (\u00e9trangers)<\/strong> \u00e0 <a href=\"https:\/\/dolphinshowpattaya.com\/fr\"><strong>Spectacle de dauphins \u00e0 Phuket<\/strong><\/a>, vous vivrez une exp\u00e9rience inoubliable avec des interactions rapproch\u00e9es avec les dauphins, une vue fantastique et une journ\u00e9e pleine de plaisir adapt\u00e9e \u00e0 toute la famille !<\/span><\/p>","protected":false},"excerpt":{"rendered":"<table class=\"short-description\">\n<tbody class=\"tabel364\">\n<tr class=\"short-description-tr32r\">\n<th class=\"short-description-th\"><span class=\"description-h23\"><strong class=\"description-strong67\">Toutes les r\u00e9servations doivent \u00eatre effectu\u00e9es 1 jour avant le spectacle (avant 18h00, heure de Tha\u00eflande).<\/strong><\/span><\/th>\n<\/tr>\n<\/tbody>\n<\/table>","protected":false},"featured_media":2858,"comment_status":"open","ping_status":"closed","template":"","meta":{"ocean_post_layout":"","ocean_both_sidebars_style":"","ocean_both_sidebars_content_width":0,"ocean_both_sidebars_sidebars_width":0,"ocean_sidebar":"0","ocean_second_sidebar":"0","ocean_disable_margins":"enable","ocean_add_body_class":"","ocean_shortcode_before_top_bar":"","ocean_shortcode_after_top_bar":"","ocean_shortcode_before_header":"","ocean_shortcode_after_header":"","ocean_has_shortcode":"","ocean_shortcode_after_title":"","ocean_shortcode_before_footer_widgets":"","ocean_shortcode_after_footer_widgets":"","ocean_shortcode_before_footer_bottom":"","ocean_shortcode_after_footer_bottom":"","ocean_display_top_bar":"default","ocean_display_header":"default","ocean_header_style":"","ocean_center_header_left_menu":"0","ocean_custom_header_template":"0","ocean_custom_logo":0,"ocean_custom_retina_logo":0,"ocean_custom_logo_max_width":0,"ocean_custom_logo_tablet_max_width":0,"ocean_custom_logo_mobile_max_width":0,"ocean_custom_logo_max_height":0,"ocean_custom_logo_tablet_max_height":0,"ocean_custom_logo_mobile_max_height":0,"ocean_header_custom_menu":"0","ocean_menu_typo_font_family":"0","ocean_menu_typo_font_subset":"","ocean_menu_typo_font_size":0,"ocean_menu_typo_font_size_tablet":0,"ocean_menu_typo_font_size_mobile":0,"ocean_menu_typo_font_size_unit":"px","ocean_menu_typo_font_weight":"","ocean_menu_typo_font_weight_tablet":"","ocean_menu_typo_font_weight_mobile":"","ocean_menu_typo_transform":"","ocean_menu_typo_transform_tablet":"","ocean_menu_typo_transform_mobile":"","ocean_menu_typo_line_height":0,"ocean_menu_typo_line_height_tablet":0,"ocean_menu_typo_line_height_mobile":0,"ocean_menu_typo_line_height_unit":"","ocean_menu_typo_spacing":0,"ocean_menu_typo_spacing_tablet":0,"ocean_menu_typo_spacing_mobile":0,"ocean_menu_typo_spacing_unit":"","ocean_menu_link_color":"","ocean_menu_link_color_hover":"","ocean_menu_link_color_active":"","ocean_menu_link_background":"","ocean_menu_link_hover_background":"","ocean_menu_link_active_background":"","ocean_menu_social_links_bg":"","ocean_menu_social_hover_links_bg":"","ocean_menu_social_links_color":"","ocean_menu_social_hover_links_color":"","ocean_disable_title":"default","ocean_disable_heading":"default","ocean_post_title":"","ocean_post_subheading":"","ocean_post_title_style":"","ocean_post_title_background_color":"","ocean_post_title_background":0,"ocean_post_title_bg_image_position":"","ocean_post_title_bg_image_attachment":"","ocean_post_title_bg_image_repeat":"","ocean_post_title_bg_image_size":"","ocean_post_title_height":0,"ocean_post_title_bg_overlay":0.5,"ocean_post_title_bg_overlay_color":"","ocean_disable_breadcrumbs":"default","ocean_breadcrumbs_color":"","ocean_breadcrumbs_separator_color":"","ocean_breadcrumbs_links_color":"","ocean_breadcrumbs_links_hover_color":"","ocean_display_footer_widgets":"default","ocean_display_footer_bottom":"default","ocean_custom_footer_template":"0"},"product_brand":[],"product_cat":[20],"product_tag":[265,270,261,260,263,268,230,266,272,259,273,271,269,267,262,264],"class_list":{"0":"post-2915","1":"product","2":"type-product","3":"status-publish","4":"has-post-thumbnail","6":"product_cat-tickets","7":"product_tag-best-price-dolphin-show-phuket-vip","8":"product_tag-best-view-dolphin-show-phuket","9":"product_tag-book-dolphin-show-tickets-phuket","10":"product_tag-dolphin-bay-phuket-vip-seats","11":"product_tag-dolphin-bay-phuket-vip-tickets","12":"product_tag-dolphin-show-phuket-seats-foreigners","13":"product_tag-phuket","14":"product_tag-phuket-dolphin-show-booking","15":"product_tag-phuket-dolphin-show-for-tourists","16":"product_tag-vip-dolphin-show-phuket-tickets","17":"product_tag-vip-experience-dolphin-bay-phuket","18":"product_tag-vip-row-b-dolphin-bay-tickets","19":"product_tag-vip-row-b-tickets-dolphin-show","20":"product_tag-vip-seats-dolphin-show-booking","21":"product_tag-vip-seats-foreigners-dolphin-show","22":"product_tag-vip-tickets-phuket-dolphin-show","23":"tm-has-options","25":"entry","26":"has-media","28":"first","29":"instock","30":"virtual","31":"purchasable","32":"product-type-simple","33":"has-product-nav","34":"col","35":"span_1_of_3","36":"owp-content-center","37":"owp-thumbs-layout-horizontal","38":"owp-btn-normal","39":"owp-tabs-layout-horizontal"},"yoast_head":"<!-- This site is optimized with the Yoast SEO plugin v25.3 - https:\/\/yoast.com\/wordpress\/plugins\/seo\/ -->\n<title>Book VIP Seat Ticket For Foreigners | Dolphin Show Phuket<\/title>\n<meta name=\"description\" content=\"Book VIP Seat Tickets For Dolphin Show Phuket! Enjoy Prime Views, Seal &amp; Dolphin Performances, And More. Best Prices For Foreigners, Limited Availability.\" \/>\n<meta name=\"robots\" content=\"noindex, follow, max-snippet:-1, max-image-preview:large, max-video-preview:-1\" \/>\n<meta property=\"og:locale\" content=\"fr_FR\" \/>\n<meta property=\"og:type\" content=\"article\" \/>\n<meta property=\"og:title\" content=\"Book VIP Seat Ticket For Foreigners | Dolphin Show Phuket\" \/>\n<meta property=\"og:description\" content=\"Book VIP Seat Tickets For Dolphin Show Phuket! Enjoy Prime Views, Seal &amp; Dolphin Performances, And More. Best Prices For Foreigners, Limited Availability.\" \/>\n<meta property=\"og:url\" content=\"https:\/\/dolphinshowpattaya.com\/fr\/billets\/billet-siege-vip-dolphins-bay-phuket-pour-etrangers-2\/\" \/>\n<meta property=\"og:site_name\" content=\"Dolphin Show Pattaya\" \/>\n<meta property=\"article:modified_time\" content=\"2025-09-24T23:06:10+00:00\" \/>\n<meta property=\"og:image\" content=\"https:\/\/dolphinshowpattaya.com\/wp-content\/uploads\/2024\/10\/Show-Dolphins-Bay-scaled.jpg\" \/>\n\t<meta property=\"og:image:width\" content=\"2560\" \/>\n\t<meta property=\"og:image:height\" content=\"1707\" \/>\n\t<meta property=\"og:image:type\" content=\"image\/jpeg\" \/>\n<meta name=\"twitter:card\" content=\"summary_large_image\" \/>\n<meta name=\"twitter:label1\" content=\"Dur\u00e9e de lecture estim\u00e9e\" \/>\n\t<meta name=\"twitter:data1\" content=\"4 minutes\" \/>\n<script type=\"application\/ld+json\" class=\"yoast-schema-graph\">{\"@context\":\"https:\/\/schema.org\",\"@graph\":[{\"@type\":\"WebPage\",\"@id\":\"https:\/\/dolphinshowpattaya.com\/tickets\/dolphins-bay-phuket-vip-seat-ticket-foreigners\/\",\"url\":\"https:\/\/dolphinshowpattaya.com\/tickets\/dolphins-bay-phuket-vip-seat-ticket-foreigners\/\",\"name\":\"Book VIP Seat Ticket For Foreigners | Dolphin Show Phuket\",\"isPartOf\":{\"@id\":\"https:\/\/dolphinshowpattaya.com\/#website\"},\"primaryImageOfPage\":{\"@id\":\"https:\/\/dolphinshowpattaya.com\/tickets\/dolphins-bay-phuket-vip-seat-ticket-foreigners\/#primaryimage\"},\"image\":{\"@id\":\"https:\/\/dolphinshowpattaya.com\/tickets\/dolphins-bay-phuket-vip-seat-ticket-foreigners\/#primaryimage\"},\"thumbnailUrl\":\"https:\/\/dolphinshowpattaya.com\/wp-content\/uploads\/2024\/10\/Show-Dolphins-Bay-scaled.jpg\",\"datePublished\":\"2024-10-24T22:13:45+00:00\",\"dateModified\":\"2025-09-24T23:06:10+00:00\",\"description\":\"Book VIP Seat Tickets For Dolphin Show Phuket! Enjoy Prime Views, Seal & Dolphin Performances, And More. Best Prices For Foreigners, Limited Availability.\",\"breadcrumb\":{\"@id\":\"https:\/\/dolphinshowpattaya.com\/tickets\/dolphins-bay-phuket-vip-seat-ticket-foreigners\/#breadcrumb\"},\"inLanguage\":\"fr-FR\",\"potentialAction\":[{\"@type\":\"ReadAction\",\"target\":[\"https:\/\/dolphinshowpattaya.com\/tickets\/dolphins-bay-phuket-vip-seat-ticket-foreigners\/\"]}]},{\"@type\":\"ImageObject\",\"inLanguage\":\"fr-FR\",\"@id\":\"https:\/\/dolphinshowpattaya.com\/tickets\/dolphins-bay-phuket-vip-seat-ticket-foreigners\/#primaryimage\",\"url\":\"https:\/\/dolphinshowpattaya.com\/wp-content\/uploads\/2024\/10\/Show-Dolphins-Bay-scaled.jpg\",\"contentUrl\":\"https:\/\/dolphinshowpattaya.com\/wp-content\/uploads\/2024\/10\/Show-Dolphins-Bay-scaled.jpg\",\"width\":2560,\"height\":1707,\"caption\":\"Show Dolphins Bay\"},{\"@type\":\"BreadcrumbList\",\"@id\":\"https:\/\/dolphinshowpattaya.com\/tickets\/dolphins-bay-phuket-vip-seat-ticket-foreigners\/#breadcrumb\",\"itemListElement\":[{\"@type\":\"ListItem\",\"position\":1,\"name\":\"Home\",\"item\":\"https:\/\/dolphinshowpattaya.com\/\"},{\"@type\":\"ListItem\",\"position\":2,\"name\":\"Tickets\",\"item\":\"https:\/\/dolphinshowpattaya.com\/tickets\/\"},{\"@type\":\"ListItem\",\"position\":3,\"name\":\"Dolphins Bay Phuket &#8211; VIP Seat Ticket (Foreigners)\"}]},{\"@type\":\"WebSite\",\"@id\":\"https:\/\/dolphinshowpattaya.com\/#website\",\"url\":\"https:\/\/dolphinshowpattaya.com\/\",\"name\":\"Dolphin Show Phuket\",\"description\":\"\",\"publisher\":{\"@id\":\"https:\/\/dolphinshowpattaya.com\/#organization\"},\"potentialAction\":[{\"@type\":\"SearchAction\",\"target\":{\"@type\":\"EntryPoint\",\"urlTemplate\":\"https:\/\/dolphinshowpattaya.com\/?s={search_term_string}\"},\"query-input\":{\"@type\":\"PropertyValueSpecification\",\"valueRequired\":true,\"valueName\":\"search_term_string\"}}],\"inLanguage\":\"fr-FR\"},{\"@type\":\"Organization\",\"@id\":\"https:\/\/dolphinshowpattaya.com\/#organization\",\"name\":\"Dolphin Show Phuket\",\"url\":\"https:\/\/dolphinshowpattaya.com\/\",\"logo\":{\"@type\":\"ImageObject\",\"inLanguage\":\"fr-FR\",\"@id\":\"https:\/\/dolphinshowpattaya.com\/#\/schema\/logo\/image\/\",\"url\":\"https:\/\/dolphinshowpattaya.com\/wp-content\/uploads\/2024\/08\/Dophin-Show-Phuket.png\",\"contentUrl\":\"https:\/\/dolphinshowpattaya.com\/wp-content\/uploads\/2024\/08\/Dophin-Show-Phuket.png\",\"width\":350,\"height\":100,\"caption\":\"Dolphin Show Phuket\"},\"image\":{\"@id\":\"https:\/\/dolphinshowpattaya.com\/#\/schema\/logo\/image\/\"}}]}<\/script>\n<!-- \/ Yoast SEO plugin. -->","yoast_head_json":{"title":"Book VIP Seat Ticket For Foreigners | Dolphin Show Phuket","description":"Book VIP Seat Tickets For Dolphin Show Phuket! Enjoy Prime Views, Seal & Dolphin Performances, And More. Best Prices For Foreigners, Limited Availability.","robots":{"index":"noindex","follow":"follow","max-snippet":"max-snippet:-1","max-image-preview":"max-image-preview:large","max-video-preview":"max-video-preview:-1"},"og_locale":"fr_FR","og_type":"article","og_title":"Book VIP Seat Ticket For Foreigners | Dolphin Show Phuket","og_description":"Book VIP Seat Tickets For Dolphin Show Phuket! Enjoy Prime Views, Seal & Dolphin Performances, And More. Best Prices For Foreigners, Limited Availability.","og_url":"https:\/\/dolphinshowpattaya.com\/fr\/billets\/billet-siege-vip-dolphins-bay-phuket-pour-etrangers-2\/","og_site_name":"Dolphin Show Pattaya","article_modified_time":"2025-09-24T23:06:10+00:00","og_image":[{"width":2560,"height":1707,"url":"https:\/\/dolphinshowpattaya.com\/wp-content\/uploads\/2024\/10\/Show-Dolphins-Bay-scaled.jpg","type":"image\/jpeg"}],"twitter_card":"summary_large_image","twitter_misc":{"Dur\u00e9e de lecture estim\u00e9e":"4 minutes"},"schema":{"@context":"https:\/\/schema.org","@graph":[{"@type":"WebPage","@id":"https:\/\/dolphinshowpattaya.com\/tickets\/dolphins-bay-phuket-vip-seat-ticket-foreigners\/","url":"https:\/\/dolphinshowpattaya.com\/tickets\/dolphins-bay-phuket-vip-seat-ticket-foreigners\/","name":"Book VIP Seat Ticket For Foreigners | Dolphin Show Phuket","isPartOf":{"@id":"https:\/\/dolphinshowpattaya.com\/#website"},"primaryImageOfPage":{"@id":"https:\/\/dolphinshowpattaya.com\/tickets\/dolphins-bay-phuket-vip-seat-ticket-foreigners\/#primaryimage"},"image":{"@id":"https:\/\/dolphinshowpattaya.com\/tickets\/dolphins-bay-phuket-vip-seat-ticket-foreigners\/#primaryimage"},"thumbnailUrl":"https:\/\/dolphinshowpattaya.com\/wp-content\/uploads\/2024\/10\/Show-Dolphins-Bay-scaled.jpg","datePublished":"2024-10-24T22:13:45+00:00","dateModified":"2025-09-24T23:06:10+00:00","description":"Book VIP Seat Tickets For Dolphin Show Phuket! Enjoy Prime Views, Seal & Dolphin Performances, And More. Best Prices For Foreigners, Limited Availability.","breadcrumb":{"@id":"https:\/\/dolphinshowpattaya.com\/tickets\/dolphins-bay-phuket-vip-seat-ticket-foreigners\/#breadcrumb"},"inLanguage":"fr-FR","potentialAction":[{"@type":"ReadAction","target":["https:\/\/dolphinshowpattaya.com\/tickets\/dolphins-bay-phuket-vip-seat-ticket-foreigners\/"]}]},{"@type":"ImageObject","inLanguage":"fr-FR","@id":"https:\/\/dolphinshowpattaya.com\/tickets\/dolphins-bay-phuket-vip-seat-ticket-foreigners\/#primaryimage","url":"https:\/\/dolphinshowpattaya.com\/wp-content\/uploads\/2024\/10\/Show-Dolphins-Bay-scaled.jpg","contentUrl":"https:\/\/dolphinshowpattaya.com\/wp-content\/uploads\/2024\/10\/Show-Dolphins-Bay-scaled.jpg","width":2560,"height":1707,"caption":"Show Dolphins Bay"},{"@type":"BreadcrumbList","@id":"https:\/\/dolphinshowpattaya.com\/tickets\/dolphins-bay-phuket-vip-seat-ticket-foreigners\/#breadcrumb","itemListElement":[{"@type":"ListItem","position":1,"name":"Home","item":"https:\/\/dolphinshowpattaya.com\/"},{"@type":"ListItem","position":2,"name":"Tickets","item":"https:\/\/dolphinshowpattaya.com\/tickets\/"},{"@type":"ListItem","position":3,"name":"Dolphins Bay Phuket &#8211; VIP Seat Ticket (Foreigners)"}]},{"@type":"WebSite","@id":"https:\/\/dolphinshowpattaya.com\/#website","url":"https:\/\/dolphinshowpattaya.com\/","name":"Dolphin Show Phuket","description":"","publisher":{"@id":"https:\/\/dolphinshowpattaya.com\/#organization"},"potentialAction":[{"@type":"SearchAction","target":{"@type":"EntryPoint","urlTemplate":"https:\/\/dolphinshowpattaya.com\/?s={search_term_string}"},"query-input":{"@type":"PropertyValueSpecification","valueRequired":true,"valueName":"search_term_string"}}],"inLanguage":"fr-FR"},{"@type":"Organization","@id":"https:\/\/dolphinshowpattaya.com\/#organization","name":"Dolphin Show Phuket","url":"https:\/\/dolphinshowpattaya.com\/","logo":{"@type":"ImageObject","inLanguage":"fr-FR","@id":"https:\/\/dolphinshowpattaya.com\/#\/schema\/logo\/image\/","url":"https:\/\/dolphinshowpattaya.com\/wp-content\/uploads\/2024\/08\/Dophin-Show-Phuket.png","contentUrl":"https:\/\/dolphinshowpattaya.com\/wp-content\/uploads\/2024\/08\/Dophin-Show-Phuket.png","width":350,"height":100,"caption":"Dolphin Show Phuket"},"image":{"@id":"https:\/\/dolphinshowpattaya.com\/#\/schema\/logo\/image\/"}}]}},"jetpack_sharing_enabled":true,"_links":{"self":[{"href":"https:\/\/dolphinshowpattaya.com\/fr\/wp-json\/wp\/v2\/product\/2915","targetHints":{"allow":["GET"]}}],"collection":[{"href":"https:\/\/dolphinshowpattaya.com\/fr\/wp-json\/wp\/v2\/product"}],"about":[{"href":"https:\/\/dolphinshowpattaya.com\/fr\/wp-json\/wp\/v2\/types\/product"}],"replies":[{"embeddable":true,"href":"https:\/\/dolphinshowpattaya.com\/fr\/wp-json\/wp\/v2\/comments?post=2915"}],"wp:featuredmedia":[{"embeddable":true,"href":"https:\/\/dolphinshowpattaya.com\/fr\/wp-json\/wp\/v2\/media\/2858"}],"wp:attachment":[{"href":"https:\/\/dolphinshowpattaya.com\/fr\/wp-json\/wp\/v2\/media?parent=2915"}],"wp:term":[{"taxonomy":"product_brand","embeddable":true,"href":"https:\/\/dolphinshowpattaya.com\/fr\/wp-json\/wp\/v2\/product_brand?post=2915"},{"taxonomy":"product_cat","embeddable":true,"href":"https:\/\/dolphinshowpattaya.com\/fr\/wp-json\/wp\/v2\/product_cat?post=2915"},{"taxonomy":"product_tag","embeddable":true,"href":"https:\/\/dolphinshowpattaya.com\/fr\/wp-json\/wp\/v2\/product_tag?post=2915"}],"curies":[{"name":"wp","href":"https:\/\/api.w.org\/{rel}","templated":true}]}}