{"id":2911,"date":"2024-10-25T02:40:53","date_gmt":"2024-10-24T21:10:53","guid":{"rendered":"https:\/\/dolphinshowpattaya.com\/?post_type=product&#038;p=2911"},"modified":"2025-09-25T04:35:15","modified_gmt":"2025-09-24T23:05:15","slug":"billet-pour-siege-regulier-au-dolphins-bay-phuket-pour-residents-thailandais","status":"publish","type":"product","link":"https:\/\/dolphinshowpattaya.com\/fr\/billets\/billet-pour-siege-regulier-au-dolphins-bay-phuket-pour-residents-thailandais\/","title":{"rendered":"Dolphins Bay Phuket \u2013 Billet pour si\u00e8ge standard (r\u00e9sidents tha\u00eflandais)"},"content":{"rendered":"<h2>\u00c0 propos du spectacle de dauphins de Phuket (billet de si\u00e8ge normal pour les r\u00e9sidents tha\u00eflandais)<\/h2>\n<p>\u00c0 <a href=\"https:\/\/dolphinshowpattaya.com\/fr\"><strong>Spectacle de dauphins \u00e0 Phuket<\/strong><\/a>, les visiteurs sont invit\u00e9s \u00e0 profiter des performances fascinantes de <strong>Baie des Dauphins \u00e0 Phuket<\/strong>, pr\u00e9sentant une vari\u00e9t\u00e9 d&#039;animaux marins, notamment des phoques et des dauphins. Con\u00e7u sur mesure pour les r\u00e9sidents tha\u00eflandais, le <strong>Billet pour si\u00e8ge r\u00e9gulier<\/strong> offre un moyen abordable de vivre la magie de pr\u00e8s tout en \u00e9tant assis confortablement dans la section r\u00e9guli\u00e8re de l&#039;ar\u00e8ne.<\/p>\n<hr \/>\n<h3>Afficher l&#039;heure<\/h3>\n<p>Les spectacles de dauphins sont programm\u00e9s quotidiennement (sauf le lundi) aux horaires suivants :<\/p>\n<ul>\n<li><strong>11h00<\/strong>:Les portes ouvrent \u00e0 10h45<\/li>\n<li><strong>14h00<\/strong>:Les portes ouvrent \u00e0 13h45<\/li>\n<li><strong>17h00<\/strong>:Les portes ouvrent \u00e0 16h45<\/li>\n<\/ul>\n<p>Chaque spectacle comprend une performance de phoques de 15 minutes, suivie d&#039;un spectacle de dauphins et d&#039;activit\u00e9s de natation.<\/p>\n<hr \/>\n<h3>Politique relative \u00e0 l&#039;enfance<\/h3>\n<ul>\n<li><strong>Enfants de moins de 90 cm<\/strong> en hauteur peuvent y assister gratuitement sans si\u00e8ge d\u00e9sign\u00e9.<\/li>\n<li><strong>Enfants entre 90 cm et 130 cm<\/strong> sont \u00e9ligibles \u00e0 un tarif r\u00e9duit pour les billets enfants.<\/li>\n<li><strong>Nager avec les dauphins<\/strong> est r\u00e9serv\u00e9 aux enfants de 6 ans et plus. Les enfants de 4 \u00e0 5 ans doivent \u00eatre accompagn\u00e9s d&#039;un parent (des frais suppl\u00e9mentaires s&#039;appliquent).<\/li>\n<\/ul>\n<hr \/>\n<h3>Ce qui est inclus<\/h3>\n<ul>\n<li>Acc\u00e8s \u00e0 <strong>Si\u00e8ges r\u00e9guliers<\/strong> pour les r\u00e9sidents tha\u00eflandais.<\/li>\n<li>Acc\u00e8s complet \u00e0 la <strong>spectacles de phoques et de dauphins<\/strong>.<\/li>\n<li>Opportunit\u00e9s pour <strong>s\u00e9ances photos<\/strong> avec des dauphins et des phoques (des frais suppl\u00e9mentaires s&#039;appliquent).<\/li>\n<\/ul>\n<hr \/>\n<h3>Points forts<\/h3>\n<ul>\n<li>Soyez t\u00e9moin d&#039;une exp\u00e9rience palpitante <strong>spectacle de dauphins<\/strong> avec des figures et des acrobaties synchronis\u00e9es.<\/li>\n<li>Profitez d&#039;un moment amusant <strong>spectacle de phoques<\/strong>, mettant en vedette des phoques joueurs et habiles.<\/li>\n<li>\u00c9merveillez-vous devant le lien entre les entra\u00eeneurs et les dauphins dans une d\u00e9monstration passionnante de talent aquatique.<\/li>\n<\/ul>\n<hr \/>\n<h3>Inclusions<\/h3>\n<ul>\n<li>Admission \u00e0 <a href=\"https:\/\/dolphinshowpattaya.com\/fr\"><strong>Baie des Dauphins \u00e0 Phuket<\/strong><\/a>.<\/li>\n<li>Acc\u00e8s \u00e0 la <strong>spectacle de phoques<\/strong> et <strong>spectacle de dauphins<\/strong>.<\/li>\n<li>Places assises r\u00e9guli\u00e8res (rang\u00e9es E, F, G).<\/li>\n<\/ul>\n<hr \/>\n<h3>Exclusions<\/h3>\n<ul>\n<li><strong>Nourriture et boissons<\/strong> (disponible \u00e0 l&#039;achat sur place).<\/li>\n<li><strong>S\u00e9ances photos<\/strong> avec des dauphins et des phoques (facultatif, des frais suppl\u00e9mentaires s&#039;appliquent).<\/li>\n<li><strong>Transport<\/strong> vers et depuis le lieu de l&#039;\u00e9v\u00e9nement.<\/li>\n<\/ul>\n<hr \/>\n<h3>Politique de remboursement et d&#039;annulation<\/h3>\n<ul>\n<li><strong>Aucune annulation ni remboursement<\/strong> sont disponibles une fois la r\u00e9servation confirm\u00e9e.<\/li>\n<li>Une reprogrammation peut \u00eatre possible jusqu&#039;\u00e0 24 heures avant la visite pr\u00e9vue, sous r\u00e9serve de disponibilit\u00e9.<\/li>\n<\/ul>\n<hr \/>\n<h3>Quoi de plus ?<\/h3>\n<p>Le spectacle des dauphins est parfait pour tous les \u00e2ges et est con\u00e7u pour divertir et inspirer l&#039;admiration des amoureux de la vie marine. Vous pouvez \u00e9galement profiter d&#039;opportunit\u00e9s de photos et d&#039;exp\u00e9riences interactives.<\/p>\n<hr \/>\n<h3>Conseils d&#039;initi\u00e9s<\/h3>\n<ul>\n<li><strong>Arriver t\u00f4t<\/strong> pour r\u00e9server votre place et profiter des activit\u00e9s d&#039;avant-spectacle.<\/li>\n<li>Assurez-vous d&#039;apporter <strong>cr\u00e8me solaire<\/strong> et <strong>chapeaux<\/strong> pour les journ\u00e9es ensoleill\u00e9es car le coin salon peut devenir chaud.<\/li>\n<\/ul>\n<hr \/>\n<h3>\u00c0 faire et \u00e0 ne pas faire<\/h3>\n<p><strong>\u00c0 faire :<\/strong><\/p>\n<ul>\n<li>Arrivez au moins 15 minutes avant le d\u00e9but du spectacle.<\/li>\n<li>Restez assis et profitez du spectacle.<\/li>\n<\/ul>\n<p><strong>\u00c0 ne pas faire :<\/strong><\/p>\n<ul>\n<li>N&#039;apportez pas de nourriture ou de boissons de l&#039;ext\u00e9rieur.<\/li>\n<li>Ne vous approchez pas du bord de la piscine et ne vous penchez pas trop pr\u00e8s de l\u2019eau.<\/li>\n<\/ul>\n<hr \/>\n<h3>\u00c0 savoir avant de partir<\/h3>\n<ul>\n<li>Assurez-vous de <strong>r\u00e9server des billets \u00e0 l&#039;avance<\/strong> pour s\u00e9curiser votre si\u00e8ge.<\/li>\n<li>La photographie est autoris\u00e9e pendant le spectacle, mais la photographie au flash n&#039;est pas autoris\u00e9e.<\/li>\n<li>Des si\u00e8ges confortables sont disponibles dans les rang\u00e9es E, F et G pour les d\u00e9tenteurs de billets r\u00e9guliers.<\/li>\n<\/ul>\n<hr \/>\n<h3>Adresse<\/h3>\n<p><strong>Baie des Dauphins \u00e0 Phuket<\/strong><br \/>\n33\/50, Chalong, district de Mueang Phuket, Phuket 83130, Tha\u00eflande.<\/p>\n<hr \/>\n<h3>Cartes et localisation<\/h3>\n<p>Trouver le lieu sur <a href=\"https:\/\/maps.app.goo.gl\/iKaEd3g2Nr1B9YJD8\" target=\"_new\" rel=\"noopener\">Google Maps<\/a>.<\/p>\n<hr \/>\n<h3>Comment se rendre \u00e0 Dolphins Bay Phuket<\/h3>\n<ul>\n<li><strong>En voiture:<\/strong> Le Dolphins Bay Phuket est situ\u00e9 \u00e0 Chalong. Un parking est disponible sur place.<\/li>\n<li><strong>En taxi :<\/strong> La plupart des services de taxi locaux et des applications de covoiturage peuvent vous emmener directement \u00e0 Dolphins Bay.<\/li>\n<li><strong>En transports en commun :<\/strong> Vous pouvez \u00e9galement utiliser les bus locaux ou les tuk-tuks pour rejoindre le lieu.<\/li>\n<\/ul>\n<hr \/>\n<h3>Questions fr\u00e9quemment pos\u00e9es (FAQ)<\/h3>\n<p><strong>1. Est-il permis de prendre des photos pendant le spectacle ?<\/strong><br \/>\nOui, mais \u00e9vitez d&#039;utiliser le flash.<\/p>\n<p><strong>2. Puis-je nager avec les dauphins ?<\/strong><br \/>\nNager avec les dauphins est disponible, mais n\u00e9cessite un billet suppl\u00e9mentaire.<\/p>\n<p><strong>3. Que dois-je porter au Dolphins Bay Phuket ?<\/strong><br \/>\nUne tenue d\u00e9contract\u00e9e et confortable est recommand\u00e9e. Des chapeaux et de la cr\u00e8me solaire sont recommand\u00e9s pour les activit\u00e9s en ext\u00e9rieur.<\/p>\n<p><strong>4. Existe-t-il une r\u00e9duction pour les r\u00e9servations de groupe ?<\/strong><br \/>\nOui, des r\u00e9ductions de groupe peuvent \u00eatre disponibles. Contactez-nous au <strong><a href=\"mailto:contact@dolphinshowpattaya.com\" rel=\"noopener\">contact@dolphinshowpattaya.com<\/a><\/strong> pour plus de d\u00e9tails.<\/p>\n<p><strong>5. Est-ce que de la nourriture et des boissons sont disponibles sur place ?<\/strong><br \/>\nOui, de la nourriture et des boissons peuvent \u00eatre achet\u00e9es sur place.<\/p>","protected":false},"excerpt":{"rendered":"<table class=\"short-description\">\n<tbody class=\"tabel364\">\n<tr class=\"short-description-tr32r\">\n<th class=\"short-description-th\"><span class=\"description-h23\"><strong class=\"description-strong67\">Toutes les r\u00e9servations doivent \u00eatre effectu\u00e9es 1 jour avant le spectacle (avant 18h00, heure de Tha\u00eflande).<\/strong><\/span><\/th>\n<\/tr>\n<\/tbody>\n<\/table>","protected":false},"featured_media":2849,"comment_status":"open","ping_status":"closed","template":"","meta":{"ocean_post_layout":"","ocean_both_sidebars_style":"","ocean_both_sidebars_content_width":0,"ocean_both_sidebars_sidebars_width":0,"ocean_sidebar":"0","ocean_second_sidebar":"0","ocean_disable_margins":"enable","ocean_add_body_class":"","ocean_shortcode_before_top_bar":"","ocean_shortcode_after_top_bar":"","ocean_shortcode_before_header":"","ocean_shortcode_after_header":"","ocean_has_shortcode":"","ocean_shortcode_after_title":"","ocean_shortcode_before_footer_widgets":"","ocean_shortcode_after_footer_widgets":"","ocean_shortcode_before_footer_bottom":"","ocean_shortcode_after_footer_bottom":"","ocean_display_top_bar":"default","ocean_display_header":"default","ocean_header_style":"","ocean_center_header_left_menu":"0","ocean_custom_header_template":"0","ocean_custom_logo":0,"ocean_custom_retina_logo":0,"ocean_custom_logo_max_width":0,"ocean_custom_logo_tablet_max_width":0,"ocean_custom_logo_mobile_max_width":0,"ocean_custom_logo_max_height":0,"ocean_custom_logo_tablet_max_height":0,"ocean_custom_logo_mobile_max_height":0,"ocean_header_custom_menu":"0","ocean_menu_typo_font_family":"0","ocean_menu_typo_font_subset":"","ocean_menu_typo_font_size":0,"ocean_menu_typo_font_size_tablet":0,"ocean_menu_typo_font_size_mobile":0,"ocean_menu_typo_font_size_unit":"px","ocean_menu_typo_font_weight":"","ocean_menu_typo_font_weight_tablet":"","ocean_menu_typo_font_weight_mobile":"","ocean_menu_typo_transform":"","ocean_menu_typo_transform_tablet":"","ocean_menu_typo_transform_mobile":"","ocean_menu_typo_line_height":0,"ocean_menu_typo_line_height_tablet":0,"ocean_menu_typo_line_height_mobile":0,"ocean_menu_typo_line_height_unit":"","ocean_menu_typo_spacing":0,"ocean_menu_typo_spacing_tablet":0,"ocean_menu_typo_spacing_mobile":0,"ocean_menu_typo_spacing_unit":"","ocean_menu_link_color":"","ocean_menu_link_color_hover":"","ocean_menu_link_color_active":"","ocean_menu_link_background":"","ocean_menu_link_hover_background":"","ocean_menu_link_active_background":"","ocean_menu_social_links_bg":"","ocean_menu_social_hover_links_bg":"","ocean_menu_social_links_color":"","ocean_menu_social_hover_links_color":"","ocean_disable_title":"default","ocean_disable_heading":"default","ocean_post_title":"","ocean_post_subheading":"","ocean_post_title_style":"","ocean_post_title_background_color":"","ocean_post_title_background":0,"ocean_post_title_bg_image_position":"","ocean_post_title_bg_image_attachment":"","ocean_post_title_bg_image_repeat":"","ocean_post_title_bg_image_size":"","ocean_post_title_height":0,"ocean_post_title_bg_overlay":0.5,"ocean_post_title_bg_overlay_color":"","ocean_disable_breadcrumbs":"default","ocean_breadcrumbs_color":"","ocean_breadcrumbs_separator_color":"","ocean_breadcrumbs_links_color":"","ocean_breadcrumbs_links_hover_color":"","ocean_display_footer_widgets":"default","ocean_display_footer_bottom":"default","ocean_custom_footer_template":"0"},"product_brand":[],"product_cat":[20],"product_tag":[301,299,306,231,255,304,232,305,303,230,256,300,233,302,249,298],"class_list":{"0":"post-2911","1":"product","2":"type-product","3":"status-publish","4":"has-post-thumbnail","6":"product_cat-tickets","7":"product_tag-affordable-tickets","8":"product_tag-dolphin-performance","9":"product_tag-dolphin-show-deals","10":"product_tag-dolphin-show-phuket","11":"product_tag-dolphin-show-thailand","12":"product_tag-dolphin-show-times","13":"product_tag-dolphins-bay-phuket-tickets","14":"product_tag-dolphins-bay-ticket-prices","15":"product_tag-family-entertainment-phuket","16":"product_tag-phuket","17":"product_tag-phuket-attractions","18":"product_tag-phuket-ticket-booking","19":"product_tag-regular-seat-ticket","20":"product_tag-regular-seating","21":"product_tag-seal-show-phuket","22":"product_tag-thai-residents","23":"tm-has-options","25":"entry","26":"has-media","28":"first","29":"instock","30":"virtual","31":"purchasable","32":"product-type-simple","33":"has-product-nav","34":"col","35":"span_1_of_3","36":"owp-content-center","37":"owp-thumbs-layout-horizontal","38":"owp-btn-normal","39":"owp-tabs-layout-horizontal"},"yoast_head":"<!-- This site is optimized with the Yoast SEO plugin v25.3 - https:\/\/yoast.com\/wordpress\/plugins\/seo\/ -->\n<title>Book Regular Seat Ticket - Thai Residents | Dolphin Show Phuket<\/title>\n<meta name=\"description\" content=\"Enjoy Exclusive Dolphin Performances At Dolphins Bay Phuket. Book Your Regular Seat Ticket For Thai Residents Now! Affordable Prices, Daily Shows Available.\" \/>\n<meta name=\"robots\" content=\"noindex, follow, max-snippet:-1, max-image-preview:large, max-video-preview:-1\" \/>\n<meta property=\"og:locale\" content=\"fr_FR\" \/>\n<meta property=\"og:type\" content=\"article\" \/>\n<meta property=\"og:title\" content=\"Book Regular Seat Ticket - Thai Residents | Dolphin Show Phuket\" \/>\n<meta property=\"og:description\" content=\"Enjoy Exclusive Dolphin Performances At Dolphins Bay Phuket. Book Your Regular Seat Ticket For Thai Residents Now! Affordable Prices, Daily Shows Available.\" \/>\n<meta property=\"og:url\" content=\"https:\/\/dolphinshowpattaya.com\/fr\/billets\/billet-pour-siege-regulier-au-dolphins-bay-phuket-pour-residents-thailandais\/\" \/>\n<meta property=\"og:site_name\" content=\"Dolphin Show Pattaya\" \/>\n<meta property=\"article:modified_time\" content=\"2025-09-24T23:05:15+00:00\" \/>\n<meta property=\"og:image\" content=\"https:\/\/dolphinshowpattaya.com\/wp-content\/uploads\/2024\/10\/Dolphins-Bay-Phuket-Price.jpg\" \/>\n\t<meta property=\"og:image:width\" content=\"2048\" \/>\n\t<meta property=\"og:image:height\" content=\"1365\" \/>\n\t<meta property=\"og:image:type\" content=\"image\/jpeg\" \/>\n<meta name=\"twitter:card\" content=\"summary_large_image\" \/>\n<meta name=\"twitter:label1\" content=\"Dur\u00e9e de lecture estim\u00e9e\" \/>\n\t<meta name=\"twitter:data1\" content=\"3 minutes\" \/>\n<script type=\"application\/ld+json\" class=\"yoast-schema-graph\">{\"@context\":\"https:\/\/schema.org\",\"@graph\":[{\"@type\":\"WebPage\",\"@id\":\"https:\/\/dolphinshowpattaya.com\/tickets\/dolphins-bay-phuket-regular-seat-ticket-thai-residents\/\",\"url\":\"https:\/\/dolphinshowpattaya.com\/tickets\/dolphins-bay-phuket-regular-seat-ticket-thai-residents\/\",\"name\":\"Book Regular Seat Ticket - Thai Residents | Dolphin Show Phuket\",\"isPartOf\":{\"@id\":\"https:\/\/dolphinshowpattaya.com\/#website\"},\"primaryImageOfPage\":{\"@id\":\"https:\/\/dolphinshowpattaya.com\/tickets\/dolphins-bay-phuket-regular-seat-ticket-thai-residents\/#primaryimage\"},\"image\":{\"@id\":\"https:\/\/dolphinshowpattaya.com\/tickets\/dolphins-bay-phuket-regular-seat-ticket-thai-residents\/#primaryimage\"},\"thumbnailUrl\":\"https:\/\/dolphinshowpattaya.com\/wp-content\/uploads\/2024\/10\/Dolphins-Bay-Phuket-Price.jpg\",\"datePublished\":\"2024-10-24T21:10:53+00:00\",\"dateModified\":\"2025-09-24T23:05:15+00:00\",\"description\":\"Enjoy Exclusive Dolphin Performances At Dolphins Bay Phuket. Book Your Regular Seat Ticket For Thai Residents Now! Affordable Prices, Daily Shows Available.\",\"breadcrumb\":{\"@id\":\"https:\/\/dolphinshowpattaya.com\/tickets\/dolphins-bay-phuket-regular-seat-ticket-thai-residents\/#breadcrumb\"},\"inLanguage\":\"fr-FR\",\"potentialAction\":[{\"@type\":\"ReadAction\",\"target\":[\"https:\/\/dolphinshowpattaya.com\/tickets\/dolphins-bay-phuket-regular-seat-ticket-thai-residents\/\"]}]},{\"@type\":\"ImageObject\",\"inLanguage\":\"fr-FR\",\"@id\":\"https:\/\/dolphinshowpattaya.com\/tickets\/dolphins-bay-phuket-regular-seat-ticket-thai-residents\/#primaryimage\",\"url\":\"https:\/\/dolphinshowpattaya.com\/wp-content\/uploads\/2024\/10\/Dolphins-Bay-Phuket-Price.jpg\",\"contentUrl\":\"https:\/\/dolphinshowpattaya.com\/wp-content\/uploads\/2024\/10\/Dolphins-Bay-Phuket-Price.jpg\",\"width\":2048,\"height\":1365,\"caption\":\"Dolphins Bay Phuket Price\"},{\"@type\":\"BreadcrumbList\",\"@id\":\"https:\/\/dolphinshowpattaya.com\/tickets\/dolphins-bay-phuket-regular-seat-ticket-thai-residents\/#breadcrumb\",\"itemListElement\":[{\"@type\":\"ListItem\",\"position\":1,\"name\":\"Home\",\"item\":\"https:\/\/dolphinshowpattaya.com\/\"},{\"@type\":\"ListItem\",\"position\":2,\"name\":\"Tickets\",\"item\":\"https:\/\/dolphinshowpattaya.com\/tickets\/\"},{\"@type\":\"ListItem\",\"position\":3,\"name\":\"Dolphins Bay Phuket &#8211; Regular Seat Ticket (Thai Residents)\"}]},{\"@type\":\"WebSite\",\"@id\":\"https:\/\/dolphinshowpattaya.com\/#website\",\"url\":\"https:\/\/dolphinshowpattaya.com\/\",\"name\":\"Dolphin Show Phuket\",\"description\":\"\",\"publisher\":{\"@id\":\"https:\/\/dolphinshowpattaya.com\/#organization\"},\"potentialAction\":[{\"@type\":\"SearchAction\",\"target\":{\"@type\":\"EntryPoint\",\"urlTemplate\":\"https:\/\/dolphinshowpattaya.com\/?s={search_term_string}\"},\"query-input\":{\"@type\":\"PropertyValueSpecification\",\"valueRequired\":true,\"valueName\":\"search_term_string\"}}],\"inLanguage\":\"fr-FR\"},{\"@type\":\"Organization\",\"@id\":\"https:\/\/dolphinshowpattaya.com\/#organization\",\"name\":\"Dolphin Show Phuket\",\"url\":\"https:\/\/dolphinshowpattaya.com\/\",\"logo\":{\"@type\":\"ImageObject\",\"inLanguage\":\"fr-FR\",\"@id\":\"https:\/\/dolphinshowpattaya.com\/#\/schema\/logo\/image\/\",\"url\":\"https:\/\/dolphinshowpattaya.com\/wp-content\/uploads\/2024\/08\/Dophin-Show-Phuket.png\",\"contentUrl\":\"https:\/\/dolphinshowpattaya.com\/wp-content\/uploads\/2024\/08\/Dophin-Show-Phuket.png\",\"width\":350,\"height\":100,\"caption\":\"Dolphin Show Phuket\"},\"image\":{\"@id\":\"https:\/\/dolphinshowpattaya.com\/#\/schema\/logo\/image\/\"}}]}<\/script>\n<!-- \/ Yoast SEO plugin. -->","yoast_head_json":{"title":"Book Regular Seat Ticket - Thai Residents | Dolphin Show Phuket","description":"Enjoy Exclusive Dolphin Performances At Dolphins Bay Phuket. Book Your Regular Seat Ticket For Thai Residents Now! Affordable Prices, Daily Shows Available.","robots":{"index":"noindex","follow":"follow","max-snippet":"max-snippet:-1","max-image-preview":"max-image-preview:large","max-video-preview":"max-video-preview:-1"},"og_locale":"fr_FR","og_type":"article","og_title":"Book Regular Seat Ticket - Thai Residents | Dolphin Show Phuket","og_description":"Enjoy Exclusive Dolphin Performances At Dolphins Bay Phuket. Book Your Regular Seat Ticket For Thai Residents Now! Affordable Prices, Daily Shows Available.","og_url":"https:\/\/dolphinshowpattaya.com\/fr\/billets\/billet-pour-siege-regulier-au-dolphins-bay-phuket-pour-residents-thailandais\/","og_site_name":"Dolphin Show Pattaya","article_modified_time":"2025-09-24T23:05:15+00:00","og_image":[{"width":2048,"height":1365,"url":"https:\/\/dolphinshowpattaya.com\/wp-content\/uploads\/2024\/10\/Dolphins-Bay-Phuket-Price.jpg","type":"image\/jpeg"}],"twitter_card":"summary_large_image","twitter_misc":{"Dur\u00e9e de lecture estim\u00e9e":"3 minutes"},"schema":{"@context":"https:\/\/schema.org","@graph":[{"@type":"WebPage","@id":"https:\/\/dolphinshowpattaya.com\/tickets\/dolphins-bay-phuket-regular-seat-ticket-thai-residents\/","url":"https:\/\/dolphinshowpattaya.com\/tickets\/dolphins-bay-phuket-regular-seat-ticket-thai-residents\/","name":"Book Regular Seat Ticket - Thai Residents | Dolphin Show Phuket","isPartOf":{"@id":"https:\/\/dolphinshowpattaya.com\/#website"},"primaryImageOfPage":{"@id":"https:\/\/dolphinshowpattaya.com\/tickets\/dolphins-bay-phuket-regular-seat-ticket-thai-residents\/#primaryimage"},"image":{"@id":"https:\/\/dolphinshowpattaya.com\/tickets\/dolphins-bay-phuket-regular-seat-ticket-thai-residents\/#primaryimage"},"thumbnailUrl":"https:\/\/dolphinshowpattaya.com\/wp-content\/uploads\/2024\/10\/Dolphins-Bay-Phuket-Price.jpg","datePublished":"2024-10-24T21:10:53+00:00","dateModified":"2025-09-24T23:05:15+00:00","description":"Enjoy Exclusive Dolphin Performances At Dolphins Bay Phuket. Book Your Regular Seat Ticket For Thai Residents Now! Affordable Prices, Daily Shows Available.","breadcrumb":{"@id":"https:\/\/dolphinshowpattaya.com\/tickets\/dolphins-bay-phuket-regular-seat-ticket-thai-residents\/#breadcrumb"},"inLanguage":"fr-FR","potentialAction":[{"@type":"ReadAction","target":["https:\/\/dolphinshowpattaya.com\/tickets\/dolphins-bay-phuket-regular-seat-ticket-thai-residents\/"]}]},{"@type":"ImageObject","inLanguage":"fr-FR","@id":"https:\/\/dolphinshowpattaya.com\/tickets\/dolphins-bay-phuket-regular-seat-ticket-thai-residents\/#primaryimage","url":"https:\/\/dolphinshowpattaya.com\/wp-content\/uploads\/2024\/10\/Dolphins-Bay-Phuket-Price.jpg","contentUrl":"https:\/\/dolphinshowpattaya.com\/wp-content\/uploads\/2024\/10\/Dolphins-Bay-Phuket-Price.jpg","width":2048,"height":1365,"caption":"Dolphins Bay Phuket Price"},{"@type":"BreadcrumbList","@id":"https:\/\/dolphinshowpattaya.com\/tickets\/dolphins-bay-phuket-regular-seat-ticket-thai-residents\/#breadcrumb","itemListElement":[{"@type":"ListItem","position":1,"name":"Home","item":"https:\/\/dolphinshowpattaya.com\/"},{"@type":"ListItem","position":2,"name":"Tickets","item":"https:\/\/dolphinshowpattaya.com\/tickets\/"},{"@type":"ListItem","position":3,"name":"Dolphins Bay Phuket &#8211; Regular Seat Ticket (Thai Residents)"}]},{"@type":"WebSite","@id":"https:\/\/dolphinshowpattaya.com\/#website","url":"https:\/\/dolphinshowpattaya.com\/","name":"Dolphin Show Phuket","description":"","publisher":{"@id":"https:\/\/dolphinshowpattaya.com\/#organization"},"potentialAction":[{"@type":"SearchAction","target":{"@type":"EntryPoint","urlTemplate":"https:\/\/dolphinshowpattaya.com\/?s={search_term_string}"},"query-input":{"@type":"PropertyValueSpecification","valueRequired":true,"valueName":"search_term_string"}}],"inLanguage":"fr-FR"},{"@type":"Organization","@id":"https:\/\/dolphinshowpattaya.com\/#organization","name":"Dolphin Show Phuket","url":"https:\/\/dolphinshowpattaya.com\/","logo":{"@type":"ImageObject","inLanguage":"fr-FR","@id":"https:\/\/dolphinshowpattaya.com\/#\/schema\/logo\/image\/","url":"https:\/\/dolphinshowpattaya.com\/wp-content\/uploads\/2024\/08\/Dophin-Show-Phuket.png","contentUrl":"https:\/\/dolphinshowpattaya.com\/wp-content\/uploads\/2024\/08\/Dophin-Show-Phuket.png","width":350,"height":100,"caption":"Dolphin Show Phuket"},"image":{"@id":"https:\/\/dolphinshowpattaya.com\/#\/schema\/logo\/image\/"}}]}},"jetpack_sharing_enabled":true,"_links":{"self":[{"href":"https:\/\/dolphinshowpattaya.com\/fr\/wp-json\/wp\/v2\/product\/2911","targetHints":{"allow":["GET"]}}],"collection":[{"href":"https:\/\/dolphinshowpattaya.com\/fr\/wp-json\/wp\/v2\/product"}],"about":[{"href":"https:\/\/dolphinshowpattaya.com\/fr\/wp-json\/wp\/v2\/types\/product"}],"replies":[{"embeddable":true,"href":"https:\/\/dolphinshowpattaya.com\/fr\/wp-json\/wp\/v2\/comments?post=2911"}],"wp:featuredmedia":[{"embeddable":true,"href":"https:\/\/dolphinshowpattaya.com\/fr\/wp-json\/wp\/v2\/media\/2849"}],"wp:attachment":[{"href":"https:\/\/dolphinshowpattaya.com\/fr\/wp-json\/wp\/v2\/media?parent=2911"}],"wp:term":[{"taxonomy":"product_brand","embeddable":true,"href":"https:\/\/dolphinshowpattaya.com\/fr\/wp-json\/wp\/v2\/product_brand?post=2911"},{"taxonomy":"product_cat","embeddable":true,"href":"https:\/\/dolphinshowpattaya.com\/fr\/wp-json\/wp\/v2\/product_cat?post=2911"},{"taxonomy":"product_tag","embeddable":true,"href":"https:\/\/dolphinshowpattaya.com\/fr\/wp-json\/wp\/v2\/product_tag?post=2911"}],"curies":[{"name":"wp","href":"https:\/\/api.w.org\/{rel}","templated":true}]}}