{"id":619,"date":"2024-09-04T16:25:37","date_gmt":"2024-09-04T10:55:37","guid":{"rendered":"https:\/\/dolphinshowpattaya.com\/?page_id=619"},"modified":"2024-10-25T02:13:35","modified_gmt":"2024-10-24T20:43:35","slug":"conditions-dutilisation","status":"publish","type":"page","link":"https:\/\/dolphinshowpattaya.com\/fr\/conditions-dutilisation\/","title":{"rendered":"Conditions d&#039;utilisation"},"content":{"rendered":"<div data-elementor-type=\"wp-page\" data-elementor-id=\"619\" class=\"elementor elementor-619\" data-elementor-post-type=\"page\">\n\t\t\t\t\t\t<section data-particle_enable=\"false\" data-particle-mobile-disabled=\"false\" class=\"elementor-section elementor-top-section elementor-element elementor-element-3a299ee elementor-section-boxed elementor-section-height-default elementor-section-height-default\" data-id=\"3a299ee\" data-element_type=\"section\">\n\t\t\t\t\t\t<div class=\"elementor-container elementor-column-gap-default\">\n\t\t\t\t\t<div class=\"elementor-column elementor-col-100 elementor-top-column elementor-element elementor-element-f1119a4\" data-id=\"f1119a4\" data-element_type=\"column\">\n\t\t\t<div class=\"elementor-widget-wrap elementor-element-populated\">\n\t\t\t\t\t\t<div class=\"elementor-element elementor-element-2ec04fa elementor-widget elementor-widget-text-editor\" data-id=\"2ec04fa\" data-element_type=\"widget\" data-widget_type=\"text-editor.default\">\n\t\t\t\t<div class=\"elementor-widget-container\">\n\t\t\t\t\t\t\t\t\t<h2 style=\"text-align: center;\"><span style=\"color: #000000;\">Conditions d&#039;utilisation<\/span><\/h2><p><span style=\"color: #000000;\">Bienvenue \u00e0 <a href=\"https:\/\/dolphinshowpattaya.com\/fr\"><strong>Spectacle de dauphins \u00e0 Phuket<\/strong><\/a>, exploit\u00e9 par <strong>Vacances \u00e0 Triplyn<\/strong>. En acc\u00e9dant \u00e0 notre site Web et en l&#039;utilisant, <a style=\"color: #000000;\" href=\"https:\/\/dolphinshowpattaya.com\/fr\/\" target=\"_new\" rel=\"noopener\">https:\/\/dolphinshowpattaya.com<\/a>, vous acceptez de vous conformer aux conditions g\u00e9n\u00e9rales suivantes. Veuillez lire attentivement ces conditions avant d&#039;utiliser notre site Web.<\/span><\/p><h3><span style=\"color: #000000;\">1. Conditions g\u00e9n\u00e9rales<\/span><\/h3><p><span style=\"color: #000000;\">Tous les services, contenus et produits fournis sur ce site Web sont propos\u00e9s par <strong>Vacances \u00e0 Triplyn<\/strong>En utilisant ce site Web, vous acceptez de vous conformer \u00e0 tous les termes, conditions et politiques \u00e9nonc\u00e9s ici. Si vous n&#039;\u00eates pas d&#039;accord avec une partie de ces conditions, veuillez cesser d&#039;utiliser le site.<\/span><\/p><h3><span style=\"color: #000000;\">2. Propri\u00e9t\u00e9 intellectuelle<\/span><\/h3><p><span style=\"color: #000000;\">Tout le contenu de ce site Web, y compris les textes, images, logos et autres \u00e9l\u00e9ments, est la propri\u00e9t\u00e9 intellectuelle de <strong>Vacances \u00e0 Triplyn<\/strong>. Ce contenu est prot\u00e9g\u00e9 par les lois sur le droit d&#039;auteur, les marques d\u00e9pos\u00e9es et d&#039;autres lois sur la propri\u00e9t\u00e9 intellectuelle. Vous ne pouvez pas reproduire, modifier ou distribuer ce contenu sans l&#039;autorisation explicite de <strong>Vacances \u00e0 Triplyn<\/strong>.<\/span><\/p><h3><span style=\"color: #000000;\">3. Utilisation du site Web<\/span><\/h3><p><span style=\"color: #000000;\">En utilisant le <strong>Spectacle de dauphins \u00e0 Phuket<\/strong> En utilisant ce site Web, vous acceptez que :<\/span><\/p><ul><li><span style=\"color: #000000;\">Vous n\u2019utiliserez pas le site Web pour des activit\u00e9s ill\u00e9gales.<\/span><\/li><li><span style=\"color: #000000;\">Vous n&#039;interf\u00e9rerez pas avec le fonctionnement du site Web.<\/span><\/li><li><span style=\"color: #000000;\">Vous ne tenterez pas d\u2019acc\u00e9der sans autorisation aux zones restreintes.<\/span><\/li><li><span style=\"color: #000000;\">Vous ne distribuerez pas de virus ou d\u2019autres logiciels nuisibles.<\/span><\/li><\/ul><h3><span style=\"color: #000000;\">4. Comptes d&#039;utilisateurs<\/span><\/h3><p><span style=\"color: #000000;\">Vous devrez peut-\u00eatre cr\u00e9er un compte pour r\u00e9server des billets ou utiliser certaines fonctionnalit\u00e9s de notre site Web. Vous \u00eates responsable du maintien de la s\u00e9curit\u00e9 de votre compte et acceptez d&#039;assumer la responsabilit\u00e9 de toutes les activit\u00e9s sous votre compte. Pour tout acc\u00e8s non autoris\u00e9, veuillez nous contacter \u00e0 <strong><a style=\"color: #000000;\" href=\"mailto:contact@dolphinshowpattaya.com\" rel=\"noopener\">contact@dolphinshowpattaya.com<\/a><\/strong>.<\/span><\/p><h3><span style=\"color: #000000;\">5. Conditions de r\u00e9servation<\/span><\/h3><p><span style=\"color: #000000;\">En r\u00e9servant des billets via notre site Web, vous acceptez :<\/span><\/p><ul><li><span style=\"color: #000000;\">Toutes les r\u00e9servations sont soumises \u00e0 disponibilit\u00e9.<\/span><\/li><li><span style=\"color: #000000;\">Les prix sont sujets \u00e0 changement sans pr\u00e9avis.<\/span><\/li><li><span style=\"color: #000000;\">Fournissez des informations pr\u00e9cises pour les r\u00e9servations, y compris les d\u00e9tails de paiement.<\/span><\/li><li><span style=\"color: #000000;\">Nous nous r\u00e9servons le droit de modifier ou d&#039;annuler les r\u00e9servations en raison de circonstances impr\u00e9vues.<\/span><\/li><\/ul><h3><span style=\"color: #000000;\">6. Paiement<\/span><\/h3><p><span style=\"color: #000000;\">Les paiements pour les r\u00e9servations de billets doivent \u00eatre effectu\u00e9s via des passerelles de paiement s\u00e9curis\u00e9es fournies sur notre site Web. En effectuant le paiement, vous confirmez que vos informations de paiement sont exactes et que vous \u00eates autoris\u00e9 \u00e0 utiliser le mode de paiement choisi. Nous accordons la priorit\u00e9 \u00e0 la s\u00e9curit\u00e9 de votre paiement gr\u00e2ce au cryptage et \u00e0 une technologie s\u00e9curis\u00e9e.<\/span><\/p><h3><span style=\"color: #000000;\">7. Remboursements et annulations<\/span><\/h3><p><span style=\"color: #000000;\">Nos politiques d&#039;annulation et de remboursement sont les suivantes :<\/span><\/p><ul><li><span style=\"color: #000000;\"><strong>Annulations<\/strong>:Vous pouvez annuler vos r\u00e9servations en nous contactant au <strong><a style=\"color: #000000;\" href=\"mailto:contact@dolphinshowpattaya.com\" rel=\"noopener\">contact@dolphinshowpattaya.com<\/a><\/strong>Les annulations sont soumises \u00e0 des conditions sp\u00e9cifiques.<\/span><\/li><li><span style=\"color: #000000;\"><strong>Remboursements<\/strong>:Les remboursements ne sont \u00e9mis que pour les annulations qui r\u00e9pondent aux conditions d\u00e9crites dans notre politique de remboursement et seront trait\u00e9s via le mode de paiement d&#039;origine.<\/span><\/li><\/ul><p><span style=\"color: #000000;\">Consultez notre <a href=\"https:\/\/dolphinshowpattaya.com\/fr\/cancellation-refund-policy\/\"><strong>Politique de remboursement<\/strong><\/a> pour plus de d\u00e9tails.<\/span><\/p><h3><span style=\"color: #000000;\">8. Limitation de responsabilit\u00e9<\/span><\/h3><p><span style=\"color: #000000;\"><strong>Vacances \u00e0 Triplyn<\/strong> n&#039;est pas responsable de :<\/span><\/p><ul><li><span style=\"color: #000000;\">Inexactitudes ou omissions dans le contenu ou les informations fournies sur le site Web.<\/span><\/li><li><span style=\"color: #000000;\">Retards ou \u00e9checs dus \u00e0 des facteurs externes ind\u00e9pendants de notre volont\u00e9, tels que des probl\u00e8mes techniques ou des actions de tiers.<\/span><\/li><li><span style=\"color: #000000;\">Perte de donn\u00e9es, de b\u00e9n\u00e9fices ou de r\u00e9putation r\u00e9sultant de l\u2019utilisation de notre site Web.<\/span><\/li><\/ul><p><span style=\"color: #000000;\">L&#039;utilisation du site Web se fait \u00e0 vos propres risques.<\/span><\/p><h3><span style=\"color: #000000;\">9. Liens vers des sites tiers<\/span><\/h3><p><span style=\"color: #000000;\">Notre site Web peut contenir des liens vers des sites Web tiers. Ces liens sont fournis pour des raisons de commodit\u00e9 et <strong>Vacances \u00e0 Triplyn<\/strong> n&#039;approuve ni n&#039;assume la responsabilit\u00e9 du contenu ou des pratiques de confidentialit\u00e9 de ces sites externes.<\/span><\/p><h3><span style=\"color: #000000;\">10. Politique de confidentialit\u00e9<\/span><\/h3><p><span style=\"color: #000000;\">En utilisant notre site Web, vous acceptez la collecte et l&#039;utilisation de vos donn\u00e9es personnelles comme d\u00e9crit dans notre <a href=\"https:\/\/dolphinshowpattaya.com\/fr\/politique-de-confidentialite\/\"><strong>politique de confidentialit\u00e9<\/strong><\/a>Veuillez le consulter pour comprendre comment nous g\u00e9rons vos donn\u00e9es.<\/span><\/p><h3><span style=\"color: #000000;\">11. Modifications des conditions d&#039;utilisation<\/span><\/h3><p><span style=\"color: #000000;\">Nous nous r\u00e9servons le droit de modifier ou de mettre \u00e0 jour ces conditions \u00e0 tout moment. Les modifications seront publi\u00e9es sur cette page et nous vous encourageons \u00e0 les consulter r\u00e9guli\u00e8rement. L&#039;utilisation continue du site Web apr\u00e8s que des modifications ont \u00e9t\u00e9 apport\u00e9es signifie que vous acceptez les conditions mises \u00e0 jour.<\/span><\/p><h3><span style=\"color: #000000;\">12. Loi applicable<\/span><\/h3><p><span style=\"color: #000000;\">Les pr\u00e9sentes conditions g\u00e9n\u00e9rales sont r\u00e9gies par les lois de l&#039;Inde. Tout litige relatif aux pr\u00e9sentes conditions g\u00e9n\u00e9rales ou \u00e0 l&#039;utilisation du site Web sera soumis \u00e0 la juridiction des tribunaux de New Delhi, en Inde.<\/span><\/p><h3><span style=\"color: #000000;\">13. Contactez-nous<\/span><\/h3><p><span style=\"color: #000000;\">Si vous avez des questions sur ces conditions, veuillez nous contacter :<\/span><\/p><ul><li><span style=\"color: #000000;\"><strong>Nom de l&#039;entreprise<\/strong>: <strong>Vacances \u00e0 Triplyn<\/strong><\/span><\/li><li><span style=\"color: #000000;\"><strong>Adresse<\/strong>: A-54, zone industrielle de Keshopur, Vikaspuri, New Delhi 110018, Inde<\/span><\/li><li><span style=\"color: #000000;\"><strong>E-mail<\/strong>: <strong><a style=\"color: #000000;\" href=\"mailto:contact@dolphinshowpattaya.com\" rel=\"noopener\">contact@dolphinshowpattaya.com<\/a><\/strong><\/span><\/li><\/ul><h3><span style=\"color: #000000;\">14. R\u00e9siliation de l&#039;acc\u00e8s<\/span><\/h3><p><span style=\"color: #000000;\">Nous nous r\u00e9servons le droit de r\u00e9silier ou de suspendre votre acc\u00e8s au site Web sans pr\u00e9avis si vous ne respectez pas ces conditions. Dans de tels cas, votre droit d&#039;utiliser le site Web sera imm\u00e9diatement r\u00e9voqu\u00e9.<\/span><\/p><h3><span style=\"color: #000000;\">15. Indemnisation<\/span><\/h3><p><span style=\"color: #000000;\">Vous acceptez d&#039;indemniser <strong>Vacances \u00e0 Triplyn<\/strong> et son \u00e9quipe contre toute r\u00e9clamation, dommage ou responsabilit\u00e9 d\u00e9coulant de votre utilisation du site Web ou de la violation de ces conditions.<\/span><\/p><h3><span style=\"color: #000000;\">16. Int\u00e9gralit\u00e9 de l&#039;accord<\/span><\/h3><p><span style=\"color: #000000;\">Ces <strong>Conditions d&#039;utilisation<\/strong>, ainsi que tous les avis juridiques sur le site Web, constituent l&#039;int\u00e9gralit\u00e9 de l&#039;accord entre vous et <strong>Vacances \u00e0 Triplyn<\/strong>Le pr\u00e9sent accord remplace tout accord ant\u00e9rieur relatif \u00e0 l\u2019objet trait\u00e9.<\/span><\/p><h3><span style=\"color: #000000;\">17. Divisibilit\u00e9<\/span><\/h3><p><span style=\"color: #000000;\">Si une partie quelconque de ces conditions est jug\u00e9e invalide ou inapplicable, les conditions restantes continueront d&#039;\u00eatre valables et en vigueur.<\/span><\/p><h3><span style=\"color: #000000;\">18. Renonciation<\/span><\/h3><p><span style=\"color: #000000;\">\u00c9chec par <strong>Vacances \u00e0 Triplyn<\/strong> le fait de faire respecter une disposition quelconque des pr\u00e9sentes conditions ne constitue pas une renonciation \u00e0 cette disposition ni \u00e0 toute violation future.<\/span><\/p><h3><span style=\"color: #000000;\">19. Force majeure<\/span><\/h3><p><span style=\"color: #000000;\"><strong>Vacances \u00e0 Triplyn<\/strong> n&#039;est pas responsable de toute d\u00e9faillance ou retard d&#039;ex\u00e9cution d\u00fb \u00e0 des \u00e9v\u00e9nements ind\u00e9pendants de notre volont\u00e9, tels que des catastrophes naturelles, des gr\u00e8ves ou d&#039;autres circonstances impr\u00e9vues.<\/span><\/p><p><span style=\"color: #000000;\">En utilisant <a href=\"https:\/\/dolphinshowpattaya.com\/fr\"><strong>Spectacle de dauphins \u00e0 Phuket<\/strong><\/a>En utilisant le site Web de , vous acceptez ces termes et conditions pour une exp\u00e9rience s\u00fbre et agr\u00e9able.<\/span><\/p>\t\t\t\t\t\t\t\t<\/div>\n\t\t\t\t<\/div>\n\t\t\t\t\t<\/div>\n\t\t<\/div>\n\t\t\t\t\t<\/div>\n\t\t<\/section>\n\t\t\t\t<\/div>","protected":false},"excerpt":{"rendered":"<p>Terms of Usage Welcome to Dolphin Show Phuket, operated by Triplyn Holidays. By accessing and using our website, https:\/\/dolphinshowpattaya.com, you agree to comply with the following terms and conditions. Please carefully read these terms before using our website. 1. General Terms All services, content, and products provided on this website are offered by Triplyn Holidays. [&hellip;]<\/p>","protected":false},"author":1,"featured_media":0,"parent":0,"menu_order":0,"comment_status":"closed","ping_status":"closed","template":"","meta":{"ocean_post_layout":"","ocean_both_sidebars_style":"","ocean_both_sidebars_content_width":0,"ocean_both_sidebars_sidebars_width":0,"ocean_sidebar":"","ocean_second_sidebar":"","ocean_disable_margins":"enable","ocean_add_body_class":"","ocean_shortcode_before_top_bar":"","ocean_shortcode_after_top_bar":"","ocean_shortcode_before_header":"","ocean_shortcode_after_header":"","ocean_has_shortcode":"","ocean_shortcode_after_title":"","ocean_shortcode_before_footer_widgets":"","ocean_shortcode_after_footer_widgets":"","ocean_shortcode_before_footer_bottom":"","ocean_shortcode_after_footer_bottom":"","ocean_display_top_bar":"default","ocean_display_header":"default","ocean_header_style":"","ocean_center_header_left_menu":"","ocean_custom_header_template":"","ocean_custom_logo":0,"ocean_custom_retina_logo":0,"ocean_custom_logo_max_width":0,"ocean_custom_logo_tablet_max_width":0,"ocean_custom_logo_mobile_max_width":0,"ocean_custom_logo_max_height":0,"ocean_custom_logo_tablet_max_height":0,"ocean_custom_logo_mobile_max_height":0,"ocean_header_custom_menu":"","ocean_menu_typo_font_family":"","ocean_menu_typo_font_subset":"","ocean_menu_typo_font_size":0,"ocean_menu_typo_font_size_tablet":0,"ocean_menu_typo_font_size_mobile":0,"ocean_menu_typo_font_size_unit":"px","ocean_menu_typo_font_weight":"","ocean_menu_typo_font_weight_tablet":"","ocean_menu_typo_font_weight_mobile":"","ocean_menu_typo_transform":"","ocean_menu_typo_transform_tablet":"","ocean_menu_typo_transform_mobile":"","ocean_menu_typo_line_height":0,"ocean_menu_typo_line_height_tablet":0,"ocean_menu_typo_line_height_mobile":0,"ocean_menu_typo_line_height_unit":"","ocean_menu_typo_spacing":0,"ocean_menu_typo_spacing_tablet":0,"ocean_menu_typo_spacing_mobile":0,"ocean_menu_typo_spacing_unit":"","ocean_menu_link_color":"","ocean_menu_link_color_hover":"","ocean_menu_link_color_active":"","ocean_menu_link_background":"","ocean_menu_link_hover_background":"","ocean_menu_link_active_background":"","ocean_menu_social_links_bg":"","ocean_menu_social_hover_links_bg":"","ocean_menu_social_links_color":"","ocean_menu_social_hover_links_color":"","ocean_disable_title":"default","ocean_disable_heading":"default","ocean_post_title":"","ocean_post_subheading":"","ocean_post_title_style":"","ocean_post_title_background_color":"","ocean_post_title_background":0,"ocean_post_title_bg_image_position":"","ocean_post_title_bg_image_attachment":"","ocean_post_title_bg_image_repeat":"","ocean_post_title_bg_image_size":"","ocean_post_title_height":0,"ocean_post_title_bg_overlay":0.5,"ocean_post_title_bg_overlay_color":"","ocean_disable_breadcrumbs":"default","ocean_breadcrumbs_color":"","ocean_breadcrumbs_separator_color":"","ocean_breadcrumbs_links_color":"","ocean_breadcrumbs_links_hover_color":"","ocean_display_footer_widgets":"default","ocean_display_footer_bottom":"default","ocean_custom_footer_template":"","footnotes":""},"class_list":["post-619","page","type-page","status-publish","hentry","entry","owp-thumbs-layout-horizontal","owp-btn-normal","owp-tabs-layout-horizontal","has-no-thumbnails","has-product-nav"],"yoast_head":"<!-- This site is optimized with the Yoast SEO plugin v25.3 - https:\/\/yoast.com\/wordpress\/plugins\/seo\/ -->\n<title>Dolphin Show Phuket Terms Of Usage - Important Guidelines<\/title>\n<meta name=\"description\" content=\"Review The Terms Of Usage For Dolphin Show Phuket. Know The Rules Before Booking Tickets For Dolphins Bay Phuket.\" \/>\n<meta name=\"robots\" content=\"noindex, follow\" \/>\n<meta property=\"og:locale\" content=\"fr_FR\" \/>\n<meta property=\"og:type\" content=\"article\" \/>\n<meta property=\"og:title\" content=\"Dolphin Show Phuket Terms Of Usage - Important Guidelines\" \/>\n<meta property=\"og:description\" content=\"Review The Terms Of Usage For Dolphin Show Phuket. Know The Rules Before Booking Tickets For Dolphins Bay Phuket.\" \/>\n<meta property=\"og:url\" content=\"https:\/\/dolphinshowpattaya.com\/fr\/conditions-dutilisation\/\" \/>\n<meta property=\"og:site_name\" content=\"Dolphin Show Pattaya\" \/>\n<meta property=\"article:modified_time\" content=\"2024-10-24T20:43:35+00:00\" \/>\n<meta name=\"twitter:card\" content=\"summary_large_image\" \/>\n<meta name=\"twitter:label1\" content=\"Dur\u00e9e de lecture estim\u00e9e\" \/>\n\t<meta name=\"twitter:data1\" content=\"4 minutes\" \/>\n<script type=\"application\/ld+json\" class=\"yoast-schema-graph\">{\"@context\":\"https:\/\/schema.org\",\"@graph\":[{\"@type\":\"WebPage\",\"@id\":\"https:\/\/dolphinshowpattaya.com\/terms-of-usage\/\",\"url\":\"https:\/\/dolphinshowpattaya.com\/terms-of-usage\/\",\"name\":\"Dolphin Show Phuket Terms Of Usage - Important Guidelines\",\"isPartOf\":{\"@id\":\"https:\/\/dolphinshowpattaya.com\/#website\"},\"datePublished\":\"2024-09-04T10:55:37+00:00\",\"dateModified\":\"2024-10-24T20:43:35+00:00\",\"description\":\"Review The Terms Of Usage For Dolphin Show Phuket. Know The Rules Before Booking Tickets For Dolphins Bay Phuket.\",\"breadcrumb\":{\"@id\":\"https:\/\/dolphinshowpattaya.com\/terms-of-usage\/#breadcrumb\"},\"inLanguage\":\"fr-FR\",\"potentialAction\":[{\"@type\":\"ReadAction\",\"target\":[\"https:\/\/dolphinshowpattaya.com\/terms-of-usage\/\"]}]},{\"@type\":\"BreadcrumbList\",\"@id\":\"https:\/\/dolphinshowpattaya.com\/terms-of-usage\/#breadcrumb\",\"itemListElement\":[{\"@type\":\"ListItem\",\"position\":1,\"name\":\"Home\",\"item\":\"https:\/\/dolphinshowpattaya.com\/\"},{\"@type\":\"ListItem\",\"position\":2,\"name\":\"Terms Of Usage\"}]},{\"@type\":\"WebSite\",\"@id\":\"https:\/\/dolphinshowpattaya.com\/#website\",\"url\":\"https:\/\/dolphinshowpattaya.com\/\",\"name\":\"Dolphin Show Phuket\",\"description\":\"\",\"publisher\":{\"@id\":\"https:\/\/dolphinshowpattaya.com\/#organization\"},\"potentialAction\":[{\"@type\":\"SearchAction\",\"target\":{\"@type\":\"EntryPoint\",\"urlTemplate\":\"https:\/\/dolphinshowpattaya.com\/?s={search_term_string}\"},\"query-input\":{\"@type\":\"PropertyValueSpecification\",\"valueRequired\":true,\"valueName\":\"search_term_string\"}}],\"inLanguage\":\"fr-FR\"},{\"@type\":\"Organization\",\"@id\":\"https:\/\/dolphinshowpattaya.com\/#organization\",\"name\":\"Dolphin Show Phuket\",\"url\":\"https:\/\/dolphinshowpattaya.com\/\",\"logo\":{\"@type\":\"ImageObject\",\"inLanguage\":\"fr-FR\",\"@id\":\"https:\/\/dolphinshowpattaya.com\/#\/schema\/logo\/image\/\",\"url\":\"https:\/\/dolphinshowpattaya.com\/wp-content\/uploads\/2024\/08\/Dophin-Show-Phuket.png\",\"contentUrl\":\"https:\/\/dolphinshowpattaya.com\/wp-content\/uploads\/2024\/08\/Dophin-Show-Phuket.png\",\"width\":350,\"height\":100,\"caption\":\"Dolphin Show Phuket\"},\"image\":{\"@id\":\"https:\/\/dolphinshowpattaya.com\/#\/schema\/logo\/image\/\"}}]}<\/script>\n<!-- \/ Yoast SEO plugin. -->","yoast_head_json":{"title":"Dolphin Show Phuket Terms Of Usage - Important Guidelines","description":"Review The Terms Of Usage For Dolphin Show Phuket. Know The Rules Before Booking Tickets For Dolphins Bay Phuket.","robots":{"index":"noindex","follow":"follow"},"og_locale":"fr_FR","og_type":"article","og_title":"Dolphin Show Phuket Terms Of Usage - Important Guidelines","og_description":"Review The Terms Of Usage For Dolphin Show Phuket. Know The Rules Before Booking Tickets For Dolphins Bay Phuket.","og_url":"https:\/\/dolphinshowpattaya.com\/fr\/conditions-dutilisation\/","og_site_name":"Dolphin Show Pattaya","article_modified_time":"2024-10-24T20:43:35+00:00","twitter_card":"summary_large_image","twitter_misc":{"Dur\u00e9e de lecture estim\u00e9e":"4 minutes"},"schema":{"@context":"https:\/\/schema.org","@graph":[{"@type":"WebPage","@id":"https:\/\/dolphinshowpattaya.com\/terms-of-usage\/","url":"https:\/\/dolphinshowpattaya.com\/terms-of-usage\/","name":"Dolphin Show Phuket Terms Of Usage - Important Guidelines","isPartOf":{"@id":"https:\/\/dolphinshowpattaya.com\/#website"},"datePublished":"2024-09-04T10:55:37+00:00","dateModified":"2024-10-24T20:43:35+00:00","description":"Review The Terms Of Usage For Dolphin Show Phuket. Know The Rules Before Booking Tickets For Dolphins Bay Phuket.","breadcrumb":{"@id":"https:\/\/dolphinshowpattaya.com\/terms-of-usage\/#breadcrumb"},"inLanguage":"fr-FR","potentialAction":[{"@type":"ReadAction","target":["https:\/\/dolphinshowpattaya.com\/terms-of-usage\/"]}]},{"@type":"BreadcrumbList","@id":"https:\/\/dolphinshowpattaya.com\/terms-of-usage\/#breadcrumb","itemListElement":[{"@type":"ListItem","position":1,"name":"Home","item":"https:\/\/dolphinshowpattaya.com\/"},{"@type":"ListItem","position":2,"name":"Terms Of Usage"}]},{"@type":"WebSite","@id":"https:\/\/dolphinshowpattaya.com\/#website","url":"https:\/\/dolphinshowpattaya.com\/","name":"Dolphin Show Phuket","description":"","publisher":{"@id":"https:\/\/dolphinshowpattaya.com\/#organization"},"potentialAction":[{"@type":"SearchAction","target":{"@type":"EntryPoint","urlTemplate":"https:\/\/dolphinshowpattaya.com\/?s={search_term_string}"},"query-input":{"@type":"PropertyValueSpecification","valueRequired":true,"valueName":"search_term_string"}}],"inLanguage":"fr-FR"},{"@type":"Organization","@id":"https:\/\/dolphinshowpattaya.com\/#organization","name":"Dolphin Show Phuket","url":"https:\/\/dolphinshowpattaya.com\/","logo":{"@type":"ImageObject","inLanguage":"fr-FR","@id":"https:\/\/dolphinshowpattaya.com\/#\/schema\/logo\/image\/","url":"https:\/\/dolphinshowpattaya.com\/wp-content\/uploads\/2024\/08\/Dophin-Show-Phuket.png","contentUrl":"https:\/\/dolphinshowpattaya.com\/wp-content\/uploads\/2024\/08\/Dophin-Show-Phuket.png","width":350,"height":100,"caption":"Dolphin Show Phuket"},"image":{"@id":"https:\/\/dolphinshowpattaya.com\/#\/schema\/logo\/image\/"}}]}},"jetpack_sharing_enabled":true,"_links":{"self":[{"href":"https:\/\/dolphinshowpattaya.com\/fr\/wp-json\/wp\/v2\/pages\/619","targetHints":{"allow":["GET"]}}],"collection":[{"href":"https:\/\/dolphinshowpattaya.com\/fr\/wp-json\/wp\/v2\/pages"}],"about":[{"href":"https:\/\/dolphinshowpattaya.com\/fr\/wp-json\/wp\/v2\/types\/page"}],"author":[{"embeddable":true,"href":"https:\/\/dolphinshowpattaya.com\/fr\/wp-json\/wp\/v2\/users\/1"}],"replies":[{"embeddable":true,"href":"https:\/\/dolphinshowpattaya.com\/fr\/wp-json\/wp\/v2\/comments?post=619"}],"version-history":[{"count":11,"href":"https:\/\/dolphinshowpattaya.com\/fr\/wp-json\/wp\/v2\/pages\/619\/revisions"}],"predecessor-version":[{"id":2904,"href":"https:\/\/dolphinshowpattaya.com\/fr\/wp-json\/wp\/v2\/pages\/619\/revisions\/2904"}],"wp:attachment":[{"href":"https:\/\/dolphinshowpattaya.com\/fr\/wp-json\/wp\/v2\/media?parent=619"}],"curies":[{"name":"wp","href":"https:\/\/api.w.org\/{rel}","templated":true}]}}