{"id":2914,"date":"2024-10-25T03:34:54","date_gmt":"2024-10-24T22:04:54","guid":{"rendered":"https:\/\/dolphinshowpattaya.com\/?post_type=product&#038;p=2914"},"modified":"2025-09-25T04:34:27","modified_gmt":"2025-09-24T23:04:27","slug":"billete-de-lujo-para-extranjeros-en-dolphins-bay-phuket","status":"publish","type":"product","link":"https:\/\/dolphinshowpattaya.com\/es\/entradas\/billete-de-lujo-para-extranjeros-en-dolphins-bay-phuket\/","title":{"rendered":"Billete de lujo para Dolphins Bay Phuket (extranjeros)"},"content":{"rendered":"<h2><span style=\"color: #000000;\">Acerca del espect\u00e1culo de delfines en Phuket (entrada de lujo para extranjeros)<\/span><\/h2>\n<p><span style=\"color: #000000;\"><a href=\"https:\/\/dolphinshowpattaya.com\/es\">Espect\u00e1culo de delfines en Phuket<\/a>, tambi\u00e9n conocido como <a href=\"https:\/\/dolphinshowpattaya.com\/es\">Bah\u00eda de los delfines de Phuket<\/a>, ofrece una experiencia extraordinaria para visitantes de todas las edades. Con emocionantes espect\u00e1culos con delfines y focas, actividades interactivas e instalaciones de \u00faltima generaci\u00f3n, este es el destino definitivo para la diversi\u00f3n y el entretenimiento. El boleto de asiento Deluxe ofrece una vista excelente en las filas C y D, lo que le brinda una experiencia inmersiva a un precio asequible. Ofrecemos servicios de reserva de boletos sin inconvenientes a trav\u00e9s de nuestra plataforma.<\/span><\/p>\n<h3><span style=\"color: #000000;\">Horarios del espect\u00e1culo<\/span><\/h3>\n<ul>\n<li><span style=\"color: #000000;\"><strong>Abierto todos los d\u00edas (excepto los lunes)<\/strong><\/span><\/li>\n<li><span style=\"color: #000000;\">Horarios del espect\u00e1culo: <strong>11:00 a. m. \/ 2:00 p. m. \/ 5:00 p. m.<\/strong><\/span><\/li>\n<li><span style=\"color: #000000;\"><strong>Apertura de la puerta<\/strong>:15 minutos antes del espect\u00e1culo<\/span>\n<ul>\n<li><span style=\"color: #000000;\">Hora del espect\u00e1culo 11:00 a. m.: la puerta se abre a las 10:45 a. m.<\/span><\/li>\n<li><span style=\"color: #000000;\">Hora del espect\u00e1culo 2:00 p. m.: la puerta se abre a la 1:45 p. m.<\/span><\/li>\n<li><span style=\"color: #000000;\">Hora del espect\u00e1culo 5:00 p. m.: la puerta se abre a las 4:45 p. m.<\/span><\/li>\n<\/ul>\n<\/li>\n<\/ul>\n<h3><span style=\"color: #000000;\">Pol\u00edtica infantil<\/span><\/h3>\n<ul>\n<li><span style=\"color: #000000;\"><strong>Entrada libre<\/strong>: Ni\u00f1os de menos de 90 cm de altura (sin asiento)<\/span><\/li>\n<li><span style=\"color: #000000;\"><strong>Tarifa para ni\u00f1os<\/strong>:Aplicable para ni\u00f1os de entre 90 cm y 130 cm de altura.<\/span><\/li>\n<li><span style=\"color: #000000;\"><strong>Nadar con delfines<\/strong>: Permitido para ni\u00f1os de 6 a\u00f1os en adelante. Los ni\u00f1os de entre 4 y 5 a\u00f1os deben estar acompa\u00f1ados por un adulto (pueden aplicarse cargos adicionales).<\/span><\/li>\n<\/ul>\n<h3><span style=\"color: #000000;\">Qu\u00e9 incluye<\/span><\/h3>\n<ul>\n<li><span style=\"color: #000000;\"><strong>Asientos de lujo<\/strong> (Filas C y D)<\/span><\/li>\n<li><span style=\"color: #000000;\">Espect\u00e1culo de delfines y focas<\/span><\/li>\n<li><span style=\"color: #000000;\">Oportunidades para tomar fotograf\u00edas<\/span><\/li>\n<li><span style=\"color: #000000;\">Acceso gratuito a otras actividades interactivas.<\/span><\/li>\n<\/ul>\n<h3><span style=\"color: #000000;\">Reflejos<\/span><\/h3>\n<ul>\n<li><span style=\"color: #000000;\">Emocionantes espect\u00e1culos con delfines y focas<\/span><\/li>\n<li><span style=\"color: #000000;\">Asientos de lujo con una vista excelente<\/span><\/li>\n<li><span style=\"color: #000000;\">Experiencias interactivas como nadar con delfines<\/span><\/li>\n<li><span style=\"color: #000000;\">C\u00f3moda reserva de entradas online<\/span><\/li>\n<\/ul>\n<h3><span style=\"color: #000000;\">Inclusiones<\/span><\/h3>\n<ul>\n<li><span style=\"color: #000000;\">Acceso a <strong>Espect\u00e1culo de delfines y focas<\/strong><\/span><\/li>\n<li><span style=\"color: #000000;\"><strong>Asiento de lujo<\/strong> en las filas C y D<\/span><\/li>\n<li><span style=\"color: #000000;\">Oportunidad para <strong>Fotograf\u00eda con delfines y focas<\/strong> (pueden aplicarse cargos adicionales)<\/span><\/li>\n<li><span style=\"color: #000000;\">Actividades interactivas y atracciones despu\u00e9s del espect\u00e1culo.<\/span><\/li>\n<\/ul>\n<h3><span style=\"color: #000000;\">Exclusiones<\/span><\/h3>\n<ul>\n<li><span style=\"color: #000000;\">Alimentos y bebidas<\/span><\/li>\n<li><span style=\"color: #000000;\">Transporte desde\/hacia el lugar del evento<\/span><\/li>\n<li><span style=\"color: #000000;\">Gastos personales y souvenirs<\/span><\/li>\n<li><span style=\"color: #000000;\">Cargos adicionales por <strong>Nadar con delfines<\/strong> y <strong>Fotos<\/strong><\/span><\/li>\n<\/ul>\n<h3><span style=\"color: #000000;\">Pol\u00edtica de reembolso y cancelaci\u00f3n<\/span><\/h3>\n<ul>\n<li><span style=\"color: #000000;\"><strong>Sin reembolsos<\/strong>:Las cancelaciones o no presentaciones no son reembolsables.<\/span><\/li>\n<li><span style=\"color: #000000;\"><strong>Cambios de reserva<\/strong>:Los cambios en las reservas deben realizarse 24 horas antes de la fecha del espect\u00e1culo.<\/span><\/li>\n<li><span style=\"color: #000000;\"><strong>Contacto<\/strong>:Env\u00edenos un correo electr\u00f3nico a <a style=\"color: #000000;\" href=\"mailto:contact@dolphinshowpattaya.com\" rel=\"noopener\">contact@dolphinshowpattaya.com<\/a> Para cualquier consulta.<\/span><\/li>\n<\/ul>\n<h3><span style=\"color: #000000;\">\u00bfQu\u00e9 hay m\u00e1s?<\/span><\/h3>\n<p><span style=\"color: #000000;\">En Dolphins Bay Phuket, despu\u00e9s del espect\u00e1culo, los hu\u00e9spedes pueden disfrutar de actividades interactivas adicionales, lo que lo convierte en un d\u00eda perfecto para familias y viajeros que buscan una experiencia \u00fanica en Phuket.<\/span><\/p>\n<h3><span style=\"color: #000000;\">Consejos de expertos<\/span><\/h3>\n<ul>\n<li><span style=\"color: #000000;\"><strong>Llegar temprano<\/strong>:Llegue al lugar 15 minutos antes de que se abran las puertas para asegurar las mejores opciones de estacionamiento y asientos.<\/span><\/li>\n<li><span style=\"color: #000000;\"><strong>Trae una c\u00e1mara<\/strong>Querr\u00e1s capturar las incre\u00edbles actuaciones de los delfines y los trucos de las focas.<\/span><\/li>\n<li><span style=\"color: #000000;\"><strong>V\u00edstete c\u00f3modamente<\/strong>:La zona de estar puede calentarse, por lo que se recomienda ropa ligera y c\u00f3moda.<\/span><\/li>\n<\/ul>\n<h3><span style=\"color: #000000;\">Qu\u00e9 hacer y qu\u00e9 no hacer<\/span><\/h3>\n<p><span style=\"color: #000000;\"><strong>Qu\u00e9 hacer<\/strong>:<\/span><\/p>\n<ul>\n<li><span style=\"color: #000000;\">Siga las instrucciones de los organizadores del espect\u00e1culo.<\/span><\/li>\n<li><span style=\"color: #000000;\">Lleva protector solar y gafas de sol si vas a estar sentado al aire libre.<\/span><\/li>\n<li><span style=\"color: #000000;\">Reserva tus entradas con antelaci\u00f3n para evitar problemas de \u00faltima hora.<\/span><\/li>\n<\/ul>\n<p><span style=\"color: #000000;\"><strong>Qu\u00e9 no hacer<\/strong>:<\/span><\/p>\n<ul>\n<li><span style=\"color: #000000;\">No se incline ni coloque las manos m\u00e1s all\u00e1 del borde de la piscina.<\/span><\/li>\n<li><span style=\"color: #000000;\">Abstenerse de traer alimentos, bebidas o mascotas al recinto.<\/span><\/li>\n<li><span style=\"color: #000000;\">Evite sentarse cerca del borde de la piscina sin supervisi\u00f3n.<\/span><\/li>\n<\/ul>\n<h3><span style=\"color: #000000;\">Lo que debes saber antes de ir<\/span><\/h3>\n<ul>\n<li><span style=\"color: #000000;\"><strong>Mostrar duraci\u00f3n<\/strong>:Aproximadamente 45 minutos para cada espect\u00e1culo de delfines.<\/span><\/li>\n<li><span style=\"color: #000000;\"><strong>Condiciones clim\u00e1ticas<\/strong>:El lugar funciona en todas las condiciones clim\u00e1ticas, excepto en casos extremos en los que la seguridad podr\u00eda estar en riesgo.<\/span><\/li>\n<li><span style=\"color: #000000;\"><strong>Fotos<\/strong>:Se pueden realizar fotograf\u00edas profesionales con delfines y focas pagando una tarifa adicional.<\/span><\/li>\n<\/ul>\n<h3><span style=\"color: #000000;\">Direcci\u00f3n, Mapas y Ubicaci\u00f3n<\/span><\/h3>\n<ul>\n<li><span style=\"color: #000000;\"><strong>DIRECCI\u00d3N<\/strong>: 33\/50, Chalong, Distrito de Mueang Phuket, Phuket 83130, Tailandia<\/span><\/li>\n<li><span style=\"color: #000000;\"><strong>Ubicaci\u00f3n de Google Maps<\/strong>: <a style=\"color: #000000;\" href=\"https:\/\/maps.app.goo.gl\/iKaEd3g2Nr1B9YJD8\" target=\"_new\" rel=\"noopener\">Ubicaci\u00f3n de Dolphins Bay Phuket<\/a><\/span><\/li>\n<\/ul>\n<h3><span style=\"color: #000000;\">C\u00f3mo llegar a Dolphins Bay Phuket<\/span><\/h3>\n<ul>\n<li><span style=\"color: #000000;\"><strong>En taxi<\/strong>:Los taxis son una opci\u00f3n conveniente para llegar a Dolphins Bay Phuket desde cualquier lugar de Phuket. Utilice una aplicaci\u00f3n de transporte o reserve un taxi con anticipaci\u00f3n para mayor comodidad.<\/span><\/li>\n<li><span style=\"color: #000000;\"><strong>En transporte p\u00fablico<\/strong>:Los autobuses locales circulan regularmente desde los principales lugares tur\u00edsticos de Phuket hasta el \u00e1rea de Chalong.<\/span><\/li>\n<li><span style=\"color: #000000;\"><strong>En veh\u00edculo privado<\/strong>:Hay estacionamiento disponible en el lugar para los visitantes que lleguen en coche.<\/span><\/li>\n<\/ul>\n<h3><span style=\"color: #000000;\">Preguntas frecuentes (FAQ)<\/span><\/h3>\n<ol>\n<li><span style=\"color: #000000;\"><strong>\u00bfQu\u00e9 incluye el billete de asiento Deluxe?<br \/>\n<\/strong>El boleto de asiento Deluxe incluye acceso al espect\u00e1culo de delfines y focas con asientos ubicados en las filas C y D, que brindan una excelente vista del escenario.<\/span><\/li>\n<li><span style=\"color: #000000;\"><strong>\u00bfSe permite tomar fotograf\u00edas durante el espect\u00e1culo?<br \/>\n<\/strong>S\u00ed, se permite la fotograf\u00eda, pero se ofrecen sesiones fotogr\u00e1ficas profesionales con delfines y focas por un coste adicional.<\/span><\/li>\n<li><span style=\"color: #000000;\"><strong>\u00bfPueden los ni\u00f1os participar en las actividades?<br \/>\n<\/strong>S\u00ed, los ni\u00f1os mayores de 6 a\u00f1os pueden nadar con delfines. Los ni\u00f1os de entre 4 y 5 a\u00f1os deben estar acompa\u00f1ados por un adulto y se aplican cargos adicionales.<\/span><\/li>\n<li><span style=\"color: #000000;\"><strong>\u00bfHay comida y bebidas disponibles en el establecimiento?<br \/>\n<\/strong>Hay bares disponibles, pero la comida y la bebida no est\u00e1n incluidas en el precio de la entrada.<\/span><\/li>\n<li><span style=\"color: #000000;\"><strong>\u00bfC\u00f3mo reservo entradas para Dolphins Bay Phuket?<br \/>\n<\/strong>Las entradas se pueden reservar f\u00e1cilmente en nuestro sitio web, <a style=\"color: #000000;\" href=\"https:\/\/dolphinshowpattaya.com\/es\/\" target=\"_new\" rel=\"noopener\">espect\u00e1culo de delfines en phuket.com<\/a>, o enviando un correo electr\u00f3nico <a style=\"color: #000000;\" href=\"mailto:contact@dolphinshowpattaya.com\" rel=\"noopener\">contact@dolphinshowpattaya.com<\/a>.<\/span><\/li>\n<\/ol>","protected":false},"excerpt":{"rendered":"<table class=\"short-description\">\n<tbody class=\"tabel364\">\n<tr class=\"short-description-tr32r\">\n<th class=\"short-description-th\"><span class=\"description-h23\"><strong class=\"description-strong67\">Todas las reservas deben realizarse 1 d\u00eda antes del espect\u00e1culo (antes de las 06:00 p.m. hora de Tailandia).<\/strong><\/span><\/th>\n<\/tr>\n<\/tbody>\n<\/table>","protected":false},"featured_media":2850,"comment_status":"open","ping_status":"closed","template":"","meta":{"ocean_post_layout":"","ocean_both_sidebars_style":"","ocean_both_sidebars_content_width":0,"ocean_both_sidebars_sidebars_width":0,"ocean_sidebar":"0","ocean_second_sidebar":"0","ocean_disable_margins":"enable","ocean_add_body_class":"","ocean_shortcode_before_top_bar":"","ocean_shortcode_after_top_bar":"","ocean_shortcode_before_header":"","ocean_shortcode_after_header":"","ocean_has_shortcode":"","ocean_shortcode_after_title":"","ocean_shortcode_before_footer_widgets":"","ocean_shortcode_after_footer_widgets":"","ocean_shortcode_before_footer_bottom":"","ocean_shortcode_after_footer_bottom":"","ocean_display_top_bar":"default","ocean_display_header":"default","ocean_header_style":"","ocean_center_header_left_menu":"0","ocean_custom_header_template":"0","ocean_custom_logo":0,"ocean_custom_retina_logo":0,"ocean_custom_logo_max_width":0,"ocean_custom_logo_tablet_max_width":0,"ocean_custom_logo_mobile_max_width":0,"ocean_custom_logo_max_height":0,"ocean_custom_logo_tablet_max_height":0,"ocean_custom_logo_mobile_max_height":0,"ocean_header_custom_menu":"0","ocean_menu_typo_font_family":"0","ocean_menu_typo_font_subset":"","ocean_menu_typo_font_size":0,"ocean_menu_typo_font_size_tablet":0,"ocean_menu_typo_font_size_mobile":0,"ocean_menu_typo_font_size_unit":"px","ocean_menu_typo_font_weight":"","ocean_menu_typo_font_weight_tablet":"","ocean_menu_typo_font_weight_mobile":"","ocean_menu_typo_transform":"","ocean_menu_typo_transform_tablet":"","ocean_menu_typo_transform_mobile":"","ocean_menu_typo_line_height":0,"ocean_menu_typo_line_height_tablet":0,"ocean_menu_typo_line_height_mobile":0,"ocean_menu_typo_line_height_unit":"","ocean_menu_typo_spacing":0,"ocean_menu_typo_spacing_tablet":0,"ocean_menu_typo_spacing_mobile":0,"ocean_menu_typo_spacing_unit":"","ocean_menu_link_color":"","ocean_menu_link_color_hover":"","ocean_menu_link_color_active":"","ocean_menu_link_background":"","ocean_menu_link_hover_background":"","ocean_menu_link_active_background":"","ocean_menu_social_links_bg":"","ocean_menu_social_hover_links_bg":"","ocean_menu_social_links_color":"","ocean_menu_social_hover_links_color":"","ocean_disable_title":"default","ocean_disable_heading":"default","ocean_post_title":"","ocean_post_subheading":"","ocean_post_title_style":"","ocean_post_title_background_color":"","ocean_post_title_background":0,"ocean_post_title_bg_image_position":"","ocean_post_title_bg_image_attachment":"","ocean_post_title_bg_image_repeat":"","ocean_post_title_bg_image_size":"","ocean_post_title_height":0,"ocean_post_title_bg_overlay":0.5,"ocean_post_title_bg_overlay_color":"","ocean_disable_breadcrumbs":"default","ocean_breadcrumbs_color":"","ocean_breadcrumbs_separator_color":"","ocean_breadcrumbs_links_color":"","ocean_breadcrumbs_links_hover_color":"","ocean_display_footer_widgets":"default","ocean_display_footer_bottom":"default","ocean_custom_footer_template":"0"},"product_brand":[],"product_cat":[20],"product_tag":[248,257,246,252,231,255,250,245,253,230,256,258,254,247,251,249],"class_list":{"0":"post-2914","1":"product","2":"type-product","3":"status-publish","4":"has-post-thumbnail","6":"product_cat-tickets","7":"product_tag-best-seat-dolphin-show","8":"product_tag-deluxe-seat-booking-phuket","9":"product_tag-deluxe-seat-ticket","10":"product_tag-deluxe-tickets-phuket","11":"product_tag-dolphin-show-phuket","12":"product_tag-dolphin-show-thailand","13":"product_tag-dolphin-tickets-foreigners","14":"product_tag-dolphins-bay-phuket","15":"product_tag-online-ticket-booking-dolphin-show","16":"product_tag-phuket","17":"product_tag-phuket-attractions","18":"product_tag-phuket-day-tour-experience","19":"product_tag-phuket-dolphin-experience","20":"product_tag-phuket-dolphin-show-tickets","21":"product_tag-phuket-family-fun","22":"product_tag-seal-show-phuket","23":"tm-has-options","25":"entry","26":"has-media","28":"first","29":"instock","30":"virtual","31":"purchasable","32":"product-type-simple","33":"has-product-nav","34":"col","35":"span_1_of_3","36":"owp-content-center","37":"owp-thumbs-layout-horizontal","38":"owp-btn-normal","39":"owp-tabs-layout-horizontal"},"yoast_head":"<!-- This site is optimized with the Yoast SEO plugin v25.3 - https:\/\/yoast.com\/wordpress\/plugins\/seo\/ -->\n<title>Book Deluxe Seat Ticket For Foreigners | Dolphin Show Phuket<\/title>\n<meta name=\"description\" content=\"Experience The Best Dolphin And Seal Show With Deluxe Seating At Dolphins Bay Phuket. Book Your Tickets Online Now For An Unforgettable Day Of Fun!\" \/>\n<meta name=\"robots\" content=\"noindex, follow, max-snippet:-1, max-image-preview:large, max-video-preview:-1\" \/>\n<meta property=\"og:locale\" content=\"es_ES\" \/>\n<meta property=\"og:type\" content=\"article\" \/>\n<meta property=\"og:title\" content=\"Book Deluxe Seat Ticket For Foreigners | Dolphin Show Phuket\" \/>\n<meta property=\"og:description\" content=\"Experience The Best Dolphin And Seal Show With Deluxe Seating At Dolphins Bay Phuket. Book Your Tickets Online Now For An Unforgettable Day Of Fun!\" \/>\n<meta property=\"og:url\" content=\"https:\/\/dolphinshowpattaya.com\/es\/entradas\/billete-de-lujo-para-extranjeros-en-dolphins-bay-phuket\/\" \/>\n<meta property=\"og:site_name\" content=\"Dolphin Show Pattaya\" \/>\n<meta property=\"article:modified_time\" content=\"2025-09-24T23:04:27+00:00\" \/>\n<meta property=\"og:image\" content=\"https:\/\/dolphinshowpattaya.com\/wp-content\/uploads\/2024\/10\/Dolphin-Show-Phuket.jpg\" \/>\n\t<meta property=\"og:image:width\" content=\"1616\" \/>\n\t<meta property=\"og:image:height\" content=\"1080\" \/>\n\t<meta property=\"og:image:type\" content=\"image\/jpeg\" \/>\n<meta name=\"twitter:card\" content=\"summary_large_image\" \/>\n<meta name=\"twitter:label1\" content=\"Tiempo de lectura\" \/>\n\t<meta name=\"twitter:data1\" content=\"4 minutos\" \/>\n<script type=\"application\/ld+json\" class=\"yoast-schema-graph\">{\"@context\":\"https:\/\/schema.org\",\"@graph\":[{\"@type\":\"WebPage\",\"@id\":\"https:\/\/dolphinshowpattaya.com\/tickets\/dolphins-bay-phuket-deluxe-seat-ticket-foreigners\/\",\"url\":\"https:\/\/dolphinshowpattaya.com\/tickets\/dolphins-bay-phuket-deluxe-seat-ticket-foreigners\/\",\"name\":\"Book Deluxe Seat Ticket For Foreigners | Dolphin Show Phuket\",\"isPartOf\":{\"@id\":\"https:\/\/dolphinshowpattaya.com\/#website\"},\"primaryImageOfPage\":{\"@id\":\"https:\/\/dolphinshowpattaya.com\/tickets\/dolphins-bay-phuket-deluxe-seat-ticket-foreigners\/#primaryimage\"},\"image\":{\"@id\":\"https:\/\/dolphinshowpattaya.com\/tickets\/dolphins-bay-phuket-deluxe-seat-ticket-foreigners\/#primaryimage\"},\"thumbnailUrl\":\"https:\/\/dolphinshowpattaya.com\/wp-content\/uploads\/2024\/10\/Dolphin-Show-Phuket.jpg\",\"datePublished\":\"2024-10-24T22:04:54+00:00\",\"dateModified\":\"2025-09-24T23:04:27+00:00\",\"description\":\"Experience The Best Dolphin And Seal Show With Deluxe Seating At Dolphins Bay Phuket. Book Your Tickets Online Now For An Unforgettable Day Of Fun!\",\"breadcrumb\":{\"@id\":\"https:\/\/dolphinshowpattaya.com\/tickets\/dolphins-bay-phuket-deluxe-seat-ticket-foreigners\/#breadcrumb\"},\"inLanguage\":\"es\",\"potentialAction\":[{\"@type\":\"ReadAction\",\"target\":[\"https:\/\/dolphinshowpattaya.com\/tickets\/dolphins-bay-phuket-deluxe-seat-ticket-foreigners\/\"]}]},{\"@type\":\"ImageObject\",\"inLanguage\":\"es\",\"@id\":\"https:\/\/dolphinshowpattaya.com\/tickets\/dolphins-bay-phuket-deluxe-seat-ticket-foreigners\/#primaryimage\",\"url\":\"https:\/\/dolphinshowpattaya.com\/wp-content\/uploads\/2024\/10\/Dolphin-Show-Phuket.jpg\",\"contentUrl\":\"https:\/\/dolphinshowpattaya.com\/wp-content\/uploads\/2024\/10\/Dolphin-Show-Phuket.jpg\",\"width\":1616,\"height\":1080,\"caption\":\"Dolphin Show Phuket\"},{\"@type\":\"BreadcrumbList\",\"@id\":\"https:\/\/dolphinshowpattaya.com\/tickets\/dolphins-bay-phuket-deluxe-seat-ticket-foreigners\/#breadcrumb\",\"itemListElement\":[{\"@type\":\"ListItem\",\"position\":1,\"name\":\"Home\",\"item\":\"https:\/\/dolphinshowpattaya.com\/\"},{\"@type\":\"ListItem\",\"position\":2,\"name\":\"Tickets\",\"item\":\"https:\/\/dolphinshowpattaya.com\/tickets\/\"},{\"@type\":\"ListItem\",\"position\":3,\"name\":\"Dolphins Bay Phuket &#8211; Deluxe Seat Ticket (Foreigners)\"}]},{\"@type\":\"WebSite\",\"@id\":\"https:\/\/dolphinshowpattaya.com\/#website\",\"url\":\"https:\/\/dolphinshowpattaya.com\/\",\"name\":\"Dolphin Show Phuket\",\"description\":\"\",\"publisher\":{\"@id\":\"https:\/\/dolphinshowpattaya.com\/#organization\"},\"potentialAction\":[{\"@type\":\"SearchAction\",\"target\":{\"@type\":\"EntryPoint\",\"urlTemplate\":\"https:\/\/dolphinshowpattaya.com\/?s={search_term_string}\"},\"query-input\":{\"@type\":\"PropertyValueSpecification\",\"valueRequired\":true,\"valueName\":\"search_term_string\"}}],\"inLanguage\":\"es\"},{\"@type\":\"Organization\",\"@id\":\"https:\/\/dolphinshowpattaya.com\/#organization\",\"name\":\"Dolphin Show Phuket\",\"url\":\"https:\/\/dolphinshowpattaya.com\/\",\"logo\":{\"@type\":\"ImageObject\",\"inLanguage\":\"es\",\"@id\":\"https:\/\/dolphinshowpattaya.com\/#\/schema\/logo\/image\/\",\"url\":\"https:\/\/dolphinshowpattaya.com\/wp-content\/uploads\/2024\/08\/Dophin-Show-Phuket.png\",\"contentUrl\":\"https:\/\/dolphinshowpattaya.com\/wp-content\/uploads\/2024\/08\/Dophin-Show-Phuket.png\",\"width\":350,\"height\":100,\"caption\":\"Dolphin Show Phuket\"},\"image\":{\"@id\":\"https:\/\/dolphinshowpattaya.com\/#\/schema\/logo\/image\/\"}}]}<\/script>\n<!-- \/ Yoast SEO plugin. -->","yoast_head_json":{"title":"Book Deluxe Seat Ticket For Foreigners | Dolphin Show Phuket","description":"Experience The Best Dolphin And Seal Show With Deluxe Seating At Dolphins Bay Phuket. Book Your Tickets Online Now For An Unforgettable Day Of Fun!","robots":{"index":"noindex","follow":"follow","max-snippet":"max-snippet:-1","max-image-preview":"max-image-preview:large","max-video-preview":"max-video-preview:-1"},"og_locale":"es_ES","og_type":"article","og_title":"Book Deluxe Seat Ticket For Foreigners | Dolphin Show Phuket","og_description":"Experience The Best Dolphin And Seal Show With Deluxe Seating At Dolphins Bay Phuket. Book Your Tickets Online Now For An Unforgettable Day Of Fun!","og_url":"https:\/\/dolphinshowpattaya.com\/es\/entradas\/billete-de-lujo-para-extranjeros-en-dolphins-bay-phuket\/","og_site_name":"Dolphin Show Pattaya","article_modified_time":"2025-09-24T23:04:27+00:00","og_image":[{"width":1616,"height":1080,"url":"https:\/\/dolphinshowpattaya.com\/wp-content\/uploads\/2024\/10\/Dolphin-Show-Phuket.jpg","type":"image\/jpeg"}],"twitter_card":"summary_large_image","twitter_misc":{"Tiempo de lectura":"4 minutos"},"schema":{"@context":"https:\/\/schema.org","@graph":[{"@type":"WebPage","@id":"https:\/\/dolphinshowpattaya.com\/tickets\/dolphins-bay-phuket-deluxe-seat-ticket-foreigners\/","url":"https:\/\/dolphinshowpattaya.com\/tickets\/dolphins-bay-phuket-deluxe-seat-ticket-foreigners\/","name":"Book Deluxe Seat Ticket For Foreigners | Dolphin Show Phuket","isPartOf":{"@id":"https:\/\/dolphinshowpattaya.com\/#website"},"primaryImageOfPage":{"@id":"https:\/\/dolphinshowpattaya.com\/tickets\/dolphins-bay-phuket-deluxe-seat-ticket-foreigners\/#primaryimage"},"image":{"@id":"https:\/\/dolphinshowpattaya.com\/tickets\/dolphins-bay-phuket-deluxe-seat-ticket-foreigners\/#primaryimage"},"thumbnailUrl":"https:\/\/dolphinshowpattaya.com\/wp-content\/uploads\/2024\/10\/Dolphin-Show-Phuket.jpg","datePublished":"2024-10-24T22:04:54+00:00","dateModified":"2025-09-24T23:04:27+00:00","description":"Experience The Best Dolphin And Seal Show With Deluxe Seating At Dolphins Bay Phuket. Book Your Tickets Online Now For An Unforgettable Day Of Fun!","breadcrumb":{"@id":"https:\/\/dolphinshowpattaya.com\/tickets\/dolphins-bay-phuket-deluxe-seat-ticket-foreigners\/#breadcrumb"},"inLanguage":"es","potentialAction":[{"@type":"ReadAction","target":["https:\/\/dolphinshowpattaya.com\/tickets\/dolphins-bay-phuket-deluxe-seat-ticket-foreigners\/"]}]},{"@type":"ImageObject","inLanguage":"es","@id":"https:\/\/dolphinshowpattaya.com\/tickets\/dolphins-bay-phuket-deluxe-seat-ticket-foreigners\/#primaryimage","url":"https:\/\/dolphinshowpattaya.com\/wp-content\/uploads\/2024\/10\/Dolphin-Show-Phuket.jpg","contentUrl":"https:\/\/dolphinshowpattaya.com\/wp-content\/uploads\/2024\/10\/Dolphin-Show-Phuket.jpg","width":1616,"height":1080,"caption":"Dolphin Show Phuket"},{"@type":"BreadcrumbList","@id":"https:\/\/dolphinshowpattaya.com\/tickets\/dolphins-bay-phuket-deluxe-seat-ticket-foreigners\/#breadcrumb","itemListElement":[{"@type":"ListItem","position":1,"name":"Home","item":"https:\/\/dolphinshowpattaya.com\/"},{"@type":"ListItem","position":2,"name":"Tickets","item":"https:\/\/dolphinshowpattaya.com\/tickets\/"},{"@type":"ListItem","position":3,"name":"Dolphins Bay Phuket &#8211; Deluxe Seat Ticket (Foreigners)"}]},{"@type":"WebSite","@id":"https:\/\/dolphinshowpattaya.com\/#website","url":"https:\/\/dolphinshowpattaya.com\/","name":"Dolphin Show Phuket","description":"","publisher":{"@id":"https:\/\/dolphinshowpattaya.com\/#organization"},"potentialAction":[{"@type":"SearchAction","target":{"@type":"EntryPoint","urlTemplate":"https:\/\/dolphinshowpattaya.com\/?s={search_term_string}"},"query-input":{"@type":"PropertyValueSpecification","valueRequired":true,"valueName":"search_term_string"}}],"inLanguage":"es"},{"@type":"Organization","@id":"https:\/\/dolphinshowpattaya.com\/#organization","name":"Dolphin Show Phuket","url":"https:\/\/dolphinshowpattaya.com\/","logo":{"@type":"ImageObject","inLanguage":"es","@id":"https:\/\/dolphinshowpattaya.com\/#\/schema\/logo\/image\/","url":"https:\/\/dolphinshowpattaya.com\/wp-content\/uploads\/2024\/08\/Dophin-Show-Phuket.png","contentUrl":"https:\/\/dolphinshowpattaya.com\/wp-content\/uploads\/2024\/08\/Dophin-Show-Phuket.png","width":350,"height":100,"caption":"Dolphin Show Phuket"},"image":{"@id":"https:\/\/dolphinshowpattaya.com\/#\/schema\/logo\/image\/"}}]}},"jetpack_sharing_enabled":true,"_links":{"self":[{"href":"https:\/\/dolphinshowpattaya.com\/es\/wp-json\/wp\/v2\/product\/2914","targetHints":{"allow":["GET"]}}],"collection":[{"href":"https:\/\/dolphinshowpattaya.com\/es\/wp-json\/wp\/v2\/product"}],"about":[{"href":"https:\/\/dolphinshowpattaya.com\/es\/wp-json\/wp\/v2\/types\/product"}],"replies":[{"embeddable":true,"href":"https:\/\/dolphinshowpattaya.com\/es\/wp-json\/wp\/v2\/comments?post=2914"}],"wp:featuredmedia":[{"embeddable":true,"href":"https:\/\/dolphinshowpattaya.com\/es\/wp-json\/wp\/v2\/media\/2850"}],"wp:attachment":[{"href":"https:\/\/dolphinshowpattaya.com\/es\/wp-json\/wp\/v2\/media?parent=2914"}],"wp:term":[{"taxonomy":"product_brand","embeddable":true,"href":"https:\/\/dolphinshowpattaya.com\/es\/wp-json\/wp\/v2\/product_brand?post=2914"},{"taxonomy":"product_cat","embeddable":true,"href":"https:\/\/dolphinshowpattaya.com\/es\/wp-json\/wp\/v2\/product_cat?post=2914"},{"taxonomy":"product_tag","embeddable":true,"href":"https:\/\/dolphinshowpattaya.com\/es\/wp-json\/wp\/v2\/product_tag?post=2914"}],"curies":[{"name":"wp","href":"https:\/\/api.w.org\/{rel}","templated":true}]}}