{"id":619,"date":"2024-09-04T16:25:37","date_gmt":"2024-09-04T10:55:37","guid":{"rendered":"https:\/\/dolphinshowpattaya.com\/?page_id=619"},"modified":"2024-10-25T02:13:35","modified_gmt":"2024-10-24T20:43:35","slug":"condiciones-de-uso","status":"publish","type":"page","link":"https:\/\/dolphinshowpattaya.com\/es\/condiciones-de-uso\/","title":{"rendered":"Condiciones de uso"},"content":{"rendered":"<div data-elementor-type=\"wp-page\" data-elementor-id=\"619\" class=\"elementor elementor-619\" data-elementor-post-type=\"page\">\n\t\t\t\t\t\t<section data-particle_enable=\"false\" data-particle-mobile-disabled=\"false\" class=\"elementor-section elementor-top-section elementor-element elementor-element-3a299ee elementor-section-boxed elementor-section-height-default elementor-section-height-default\" data-id=\"3a299ee\" data-element_type=\"section\">\n\t\t\t\t\t\t<div class=\"elementor-container elementor-column-gap-default\">\n\t\t\t\t\t<div class=\"elementor-column elementor-col-100 elementor-top-column elementor-element elementor-element-f1119a4\" data-id=\"f1119a4\" data-element_type=\"column\">\n\t\t\t<div class=\"elementor-widget-wrap elementor-element-populated\">\n\t\t\t\t\t\t<div class=\"elementor-element elementor-element-2ec04fa elementor-widget elementor-widget-text-editor\" data-id=\"2ec04fa\" data-element_type=\"widget\" data-widget_type=\"text-editor.default\">\n\t\t\t\t<div class=\"elementor-widget-container\">\n\t\t\t\t\t\t\t\t\t<h2 style=\"text-align: center;\"><span style=\"color: #000000;\">Condiciones de uso<\/span><\/h2><p><span style=\"color: #000000;\">Bienvenido a <a href=\"https:\/\/dolphinshowpattaya.com\/es\"><strong>Espect\u00e1culo de delfines en Phuket<\/strong><\/a>, operado por <strong>Vacaciones en Triplyn<\/strong>Al acceder y utilizar nuestro sitio web, <a style=\"color: #000000;\" href=\"https:\/\/dolphinshowpattaya.com\/es\/\" target=\"_new\" rel=\"noopener\">https:\/\/dolphinshowpattaya.com<\/a>, usted acepta cumplir con los siguientes t\u00e9rminos y condiciones. Lea atentamente estos t\u00e9rminos antes de utilizar nuestro sitio web.<\/span><\/p><h3><span style=\"color: #000000;\">1. Condiciones generales<\/span><\/h3><p><span style=\"color: #000000;\">Todos los servicios, contenidos y productos proporcionados en este sitio web son ofrecidos por <strong>Vacaciones en Triplyn<\/strong>Al utilizar este sitio web, usted acepta cumplir con todos los t\u00e9rminos, condiciones y pol\u00edticas aqu\u00ed establecidos. Si no est\u00e1 de acuerdo con alguna parte de estos t\u00e9rminos, deje de utilizar el sitio.<\/span><\/p><h3><span style=\"color: #000000;\">2. Propiedad intelectual<\/span><\/h3><p><span style=\"color: #000000;\">Todo el contenido de este sitio web, incluidos textos, im\u00e1genes, logotipos y otros materiales, es propiedad intelectual de <strong>Vacaciones en Triplyn<\/strong>Este contenido est\u00e1 protegido por derechos de autor, marcas registradas y otras leyes de propiedad intelectual. No puede reproducir, modificar ni distribuir este contenido sin el permiso expl\u00edcito de <strong>Vacaciones en Triplyn<\/strong>.<\/span><\/p><h3><span style=\"color: #000000;\">3. Uso del sitio web<\/span><\/h3><p><span style=\"color: #000000;\">Mediante el uso de la <strong>Espect\u00e1culo de delfines en Phuket<\/strong> sitio web, usted acepta que:<\/span><\/p><ul><li><span style=\"color: #000000;\">No utilizar\u00e1s el sitio web para actividades ilegales.<\/span><\/li><li><span style=\"color: #000000;\">No interferir\u00e1 con las operaciones del sitio web.<\/span><\/li><li><span style=\"color: #000000;\">No intentar\u00e1 acceder sin autorizaci\u00f3n a \u00e1reas restringidas.<\/span><\/li><li><span style=\"color: #000000;\">No distribuir\u00e1 virus ni otro software da\u00f1ino.<\/span><\/li><\/ul><h3><span style=\"color: #000000;\">4. Cuentas de usuario<\/span><\/h3><p><span style=\"color: #000000;\">Es posible que necesite crear una cuenta para reservar entradas o utilizar determinadas funciones de nuestro sitio web. Usted es responsable de mantener la seguridad de su cuenta y acepta la responsabilidad de todas las actividades que se realicen en su cuenta. En caso de acceso no autorizado, p\u00f3ngase en contacto con nosotros en <strong><a style=\"color: #000000;\" href=\"mailto:contact@dolphinshowpattaya.com\" rel=\"noopener\">contact@dolphinshowpattaya.com<\/a><\/strong>.<\/span><\/p><h3><span style=\"color: #000000;\">5. Condiciones de reserva<\/span><\/h3><p><span style=\"color: #000000;\">Al reservar entradas a trav\u00e9s de nuestro sitio web, usted acepta:<\/span><\/p><ul><li><span style=\"color: #000000;\">Todas las reservas est\u00e1n sujetas a disponibilidad.<\/span><\/li><li><span style=\"color: #000000;\">Los precios est\u00e1n sujetos a cambios sin previo aviso.<\/span><\/li><li><span style=\"color: #000000;\">Proporcionar informaci\u00f3n precisa para las reservas, incluidos los detalles de pago.<\/span><\/li><li><span style=\"color: #000000;\">Nos reservamos el derecho de modificar o cancelar reservas debido a circunstancias imprevistas.<\/span><\/li><\/ul><h3><span style=\"color: #000000;\">6. Pago<\/span><\/h3><p><span style=\"color: #000000;\">Los pagos de reservas de entradas deben realizarse a trav\u00e9s de pasarelas de pago seguras que se ofrecen en nuestro sitio web. Al completar el pago, confirma que sus datos de pago son correctos y que est\u00e1 autorizado a utilizar el m\u00e9todo de pago elegido. Priorizamos la seguridad de sus pagos mediante encriptaci\u00f3n y tecnolog\u00eda segura.<\/span><\/p><h3><span style=\"color: #000000;\">7. Reembolsos y cancelaciones<\/span><\/h3><p><span style=\"color: #000000;\">Nuestras pol\u00edticas de cancelaci\u00f3n y reembolso son las siguientes:<\/span><\/p><ul><li><span style=\"color: #000000;\"><strong>Cancelaciones<\/strong>:Puede cancelar reservas contact\u00e1ndonos a <strong><a style=\"color: #000000;\" href=\"mailto:contact@dolphinshowpattaya.com\" rel=\"noopener\">contact@dolphinshowpattaya.com<\/a><\/strong>Las cancelaciones est\u00e1n sujetas a t\u00e9rminos espec\u00edficos.<\/span><\/li><li><span style=\"color: #000000;\"><strong>Reembolsos<\/strong>:Los reembolsos solo se emiten por cancelaciones que cumplan con las condiciones descritas en nuestra pol\u00edtica de reembolso y se procesar\u00e1n a trav\u00e9s del m\u00e9todo de pago original.<\/span><\/li><\/ul><p><span style=\"color: #000000;\">Consulte nuestro <a href=\"https:\/\/dolphinshowpattaya.com\/es\/cancellation-refund-policy\/\"><strong>Pol\u00edtica de reembolso<\/strong><\/a> Para m\u00e1s detalles.<\/span><\/p><h3><span style=\"color: #000000;\">8. Limitaci\u00f3n de responsabilidad<\/span><\/h3><p><span style=\"color: #000000;\"><strong>Vacaciones en Triplyn<\/strong> no es responsable de:<\/span><\/p><ul><li><span style=\"color: #000000;\">Inexactitudes u omisiones en el contenido o informaci\u00f3n proporcionada en el sitio web.<\/span><\/li><li><span style=\"color: #000000;\">Retrasos o fallos debidos a factores externos fuera de nuestro control, como problemas t\u00e9cnicos o acciones de terceros.<\/span><\/li><li><span style=\"color: #000000;\">P\u00e9rdida de datos, beneficios o reputaci\u00f3n resultante del uso de nuestro sitio web.<\/span><\/li><\/ul><p><span style=\"color: #000000;\">El uso del sitio web se realiza bajo su propio riesgo.<\/span><\/p><h3><span style=\"color: #000000;\">9. Enlaces de terceros<\/span><\/h3><p><span style=\"color: #000000;\">Nuestro sitio web puede contener enlaces a sitios web de terceros. Estos enlaces se proporcionan para su conveniencia y <strong>Vacaciones en Triplyn<\/strong> no respalda ni asume responsabilidad por el contenido o las pr\u00e1cticas de privacidad de estos sitios externos.<\/span><\/p><h3><span style=\"color: #000000;\">10. Pol\u00edtica de privacidad<\/span><\/h3><p><span style=\"color: #000000;\">Al utilizar nuestro sitio web, usted acepta la recopilaci\u00f3n y el uso de sus datos personales como se describe en nuestra <a href=\"https:\/\/dolphinshowpattaya.com\/es\/politica-de-privacidad\/\"><strong>pol\u00edtica de privacidad<\/strong><\/a>Por favor, rev\u00edselo para entender c\u00f3mo gestionamos sus datos.<\/span><\/p><h3><span style=\"color: #000000;\">11. Cambios en los T\u00e9rminos de Uso<\/span><\/h3><p><span style=\"color: #000000;\">Nos reservamos el derecho de modificar o actualizar estos t\u00e9rminos en cualquier momento. Los cambios se publicar\u00e1n en esta p\u00e1gina y se recomienda revisarlos peri\u00f3dicamente. El uso continuo del sitio web despu\u00e9s de que se hayan realizado los cambios significa que acepta los t\u00e9rminos actualizados.<\/span><\/p><h3><span style=\"color: #000000;\">12. Ley aplicable<\/span><\/h3><p><span style=\"color: #000000;\">Estos t\u00e9rminos se rigen por las leyes de la India. Cualquier disputa relacionada con estos t\u00e9rminos o el uso del sitio web estar\u00e1 sujeta a la jurisdicci\u00f3n de los tribunales de Nueva Delhi, India.<\/span><\/p><h3><span style=\"color: #000000;\">13. Cont\u00e1ctenos<\/span><\/h3><p><span style=\"color: #000000;\">Si tiene alguna pregunta sobre estos t\u00e9rminos, comun\u00edquese con nosotros:<\/span><\/p><ul><li><span style=\"color: #000000;\"><strong>nombre de empresa<\/strong>: <strong>Vacaciones en Triplyn<\/strong><\/span><\/li><li><span style=\"color: #000000;\"><strong>DIRECCI\u00d3N<\/strong>: A-54, zona industrial de Keshopur, Vikaspuri, Nueva Delhi 110018, India<\/span><\/li><li><span style=\"color: #000000;\"><strong>Correo electr\u00f3nico<\/strong>: <strong><a style=\"color: #000000;\" href=\"mailto:contact@dolphinshowpattaya.com\" rel=\"noopener\">contact@dolphinshowpattaya.com<\/a><\/strong><\/span><\/li><\/ul><h3><span style=\"color: #000000;\">14. Terminaci\u00f3n del acceso<\/span><\/h3><p><span style=\"color: #000000;\">Nos reservamos el derecho de cancelar o suspender su acceso al sitio web sin previo aviso si usted viola estos t\u00e9rminos. En tales casos, su derecho a utilizar el sitio web ser\u00e1 revocado de inmediato.<\/span><\/p><h3><span style=\"color: #000000;\">15. Indemnizaci\u00f3n<\/span><\/h3><p><span style=\"color: #000000;\">Usted acepta indemnizar <strong>Vacaciones en Triplyn<\/strong> y su equipo contra cualquier reclamo, da\u00f1o o responsabilidad que surja de su uso del sitio web o de la violaci\u00f3n de estos t\u00e9rminos.<\/span><\/p><h3><span style=\"color: #000000;\">16. Acuerdo completo<\/span><\/h3><p><span style=\"color: #000000;\">Estos <strong>Condiciones de uso<\/strong>, junto con cualquier aviso legal en el sitio web, constituyen el acuerdo completo entre usted y <strong>Vacaciones en Triplyn<\/strong>Este acuerdo reemplaza cualquier acuerdo previo relacionado con el tema.<\/span><\/p><h3><span style=\"color: #000000;\">17. Divisibilidad<\/span><\/h3><p><span style=\"color: #000000;\">Si alguna parte de estos t\u00e9rminos se considera inv\u00e1lida o inaplicable, los t\u00e9rminos restantes seguir\u00e1n siendo v\u00e1lidos y en vigor.<\/span><\/p><h3><span style=\"color: #000000;\">18. Renuncia<\/span><\/h3><p><span style=\"color: #000000;\">Fracaso por <strong>Vacaciones en Triplyn<\/strong> Hacer cumplir cualquier disposici\u00f3n de estos t\u00e9rminos no constituye una renuncia a dicha disposici\u00f3n ni a cualquier incumplimiento futuro.<\/span><\/p><h3><span style=\"color: #000000;\">19. Fuerza mayor<\/span><\/h3><p><span style=\"color: #000000;\"><strong>Vacaciones en Triplyn<\/strong> no es responsable de ninguna falla o retraso en el desempe\u00f1o debido a eventos fuera de nuestro control, como desastres naturales, huelgas u otras circunstancias imprevistas.<\/span><\/p><p><span style=\"color: #000000;\">Mediante el uso <a href=\"https:\/\/dolphinshowpattaya.com\/es\"><strong>Espect\u00e1culo de delfines en Phuket<\/strong><\/a>Al utilizar el sitio web de, usted acepta estos t\u00e9rminos y condiciones para disfrutar de una experiencia segura y placentera.<\/span><\/p>\t\t\t\t\t\t\t\t<\/div>\n\t\t\t\t<\/div>\n\t\t\t\t\t<\/div>\n\t\t<\/div>\n\t\t\t\t\t<\/div>\n\t\t<\/section>\n\t\t\t\t<\/div>","protected":false},"excerpt":{"rendered":"<p>Terms of Usage Welcome to Dolphin Show Phuket, operated by Triplyn Holidays. By accessing and using our website, https:\/\/dolphinshowpattaya.com, you agree to comply with the following terms and conditions. Please carefully read these terms before using our website. 1. General Terms All services, content, and products provided on this website are offered by Triplyn Holidays. [&hellip;]<\/p>","protected":false},"author":1,"featured_media":0,"parent":0,"menu_order":0,"comment_status":"closed","ping_status":"closed","template":"","meta":{"ocean_post_layout":"","ocean_both_sidebars_style":"","ocean_both_sidebars_content_width":0,"ocean_both_sidebars_sidebars_width":0,"ocean_sidebar":"","ocean_second_sidebar":"","ocean_disable_margins":"enable","ocean_add_body_class":"","ocean_shortcode_before_top_bar":"","ocean_shortcode_after_top_bar":"","ocean_shortcode_before_header":"","ocean_shortcode_after_header":"","ocean_has_shortcode":"","ocean_shortcode_after_title":"","ocean_shortcode_before_footer_widgets":"","ocean_shortcode_after_footer_widgets":"","ocean_shortcode_before_footer_bottom":"","ocean_shortcode_after_footer_bottom":"","ocean_display_top_bar":"default","ocean_display_header":"default","ocean_header_style":"","ocean_center_header_left_menu":"","ocean_custom_header_template":"","ocean_custom_logo":0,"ocean_custom_retina_logo":0,"ocean_custom_logo_max_width":0,"ocean_custom_logo_tablet_max_width":0,"ocean_custom_logo_mobile_max_width":0,"ocean_custom_logo_max_height":0,"ocean_custom_logo_tablet_max_height":0,"ocean_custom_logo_mobile_max_height":0,"ocean_header_custom_menu":"","ocean_menu_typo_font_family":"","ocean_menu_typo_font_subset":"","ocean_menu_typo_font_size":0,"ocean_menu_typo_font_size_tablet":0,"ocean_menu_typo_font_size_mobile":0,"ocean_menu_typo_font_size_unit":"px","ocean_menu_typo_font_weight":"","ocean_menu_typo_font_weight_tablet":"","ocean_menu_typo_font_weight_mobile":"","ocean_menu_typo_transform":"","ocean_menu_typo_transform_tablet":"","ocean_menu_typo_transform_mobile":"","ocean_menu_typo_line_height":0,"ocean_menu_typo_line_height_tablet":0,"ocean_menu_typo_line_height_mobile":0,"ocean_menu_typo_line_height_unit":"","ocean_menu_typo_spacing":0,"ocean_menu_typo_spacing_tablet":0,"ocean_menu_typo_spacing_mobile":0,"ocean_menu_typo_spacing_unit":"","ocean_menu_link_color":"","ocean_menu_link_color_hover":"","ocean_menu_link_color_active":"","ocean_menu_link_background":"","ocean_menu_link_hover_background":"","ocean_menu_link_active_background":"","ocean_menu_social_links_bg":"","ocean_menu_social_hover_links_bg":"","ocean_menu_social_links_color":"","ocean_menu_social_hover_links_color":"","ocean_disable_title":"default","ocean_disable_heading":"default","ocean_post_title":"","ocean_post_subheading":"","ocean_post_title_style":"","ocean_post_title_background_color":"","ocean_post_title_background":0,"ocean_post_title_bg_image_position":"","ocean_post_title_bg_image_attachment":"","ocean_post_title_bg_image_repeat":"","ocean_post_title_bg_image_size":"","ocean_post_title_height":0,"ocean_post_title_bg_overlay":0.5,"ocean_post_title_bg_overlay_color":"","ocean_disable_breadcrumbs":"default","ocean_breadcrumbs_color":"","ocean_breadcrumbs_separator_color":"","ocean_breadcrumbs_links_color":"","ocean_breadcrumbs_links_hover_color":"","ocean_display_footer_widgets":"default","ocean_display_footer_bottom":"default","ocean_custom_footer_template":"","footnotes":""},"class_list":["post-619","page","type-page","status-publish","hentry","entry","owp-thumbs-layout-horizontal","owp-btn-normal","owp-tabs-layout-horizontal","has-no-thumbnails","has-product-nav"],"yoast_head":"<!-- This site is optimized with the Yoast SEO plugin v25.3 - https:\/\/yoast.com\/wordpress\/plugins\/seo\/ -->\n<title>Dolphin Show Phuket Terms Of Usage - Important Guidelines<\/title>\n<meta name=\"description\" content=\"Review The Terms Of Usage For Dolphin Show Phuket. Know The Rules Before Booking Tickets For Dolphins Bay Phuket.\" \/>\n<meta name=\"robots\" content=\"noindex, follow\" \/>\n<meta property=\"og:locale\" content=\"es_ES\" \/>\n<meta property=\"og:type\" content=\"article\" \/>\n<meta property=\"og:title\" content=\"Dolphin Show Phuket Terms Of Usage - Important Guidelines\" \/>\n<meta property=\"og:description\" content=\"Review The Terms Of Usage For Dolphin Show Phuket. Know The Rules Before Booking Tickets For Dolphins Bay Phuket.\" \/>\n<meta property=\"og:url\" content=\"https:\/\/dolphinshowpattaya.com\/es\/condiciones-de-uso\/\" \/>\n<meta property=\"og:site_name\" content=\"Dolphin Show Pattaya\" \/>\n<meta property=\"article:modified_time\" content=\"2024-10-24T20:43:35+00:00\" \/>\n<meta name=\"twitter:card\" content=\"summary_large_image\" \/>\n<meta name=\"twitter:label1\" content=\"Tiempo de lectura\" \/>\n\t<meta name=\"twitter:data1\" content=\"4 minutos\" \/>\n<script type=\"application\/ld+json\" class=\"yoast-schema-graph\">{\"@context\":\"https:\/\/schema.org\",\"@graph\":[{\"@type\":\"WebPage\",\"@id\":\"https:\/\/dolphinshowpattaya.com\/terms-of-usage\/\",\"url\":\"https:\/\/dolphinshowpattaya.com\/terms-of-usage\/\",\"name\":\"Dolphin Show Phuket Terms Of Usage - Important Guidelines\",\"isPartOf\":{\"@id\":\"https:\/\/dolphinshowpattaya.com\/#website\"},\"datePublished\":\"2024-09-04T10:55:37+00:00\",\"dateModified\":\"2024-10-24T20:43:35+00:00\",\"description\":\"Review The Terms Of Usage For Dolphin Show Phuket. Know The Rules Before Booking Tickets For Dolphins Bay Phuket.\",\"breadcrumb\":{\"@id\":\"https:\/\/dolphinshowpattaya.com\/terms-of-usage\/#breadcrumb\"},\"inLanguage\":\"es\",\"potentialAction\":[{\"@type\":\"ReadAction\",\"target\":[\"https:\/\/dolphinshowpattaya.com\/terms-of-usage\/\"]}]},{\"@type\":\"BreadcrumbList\",\"@id\":\"https:\/\/dolphinshowpattaya.com\/terms-of-usage\/#breadcrumb\",\"itemListElement\":[{\"@type\":\"ListItem\",\"position\":1,\"name\":\"Home\",\"item\":\"https:\/\/dolphinshowpattaya.com\/\"},{\"@type\":\"ListItem\",\"position\":2,\"name\":\"Terms Of Usage\"}]},{\"@type\":\"WebSite\",\"@id\":\"https:\/\/dolphinshowpattaya.com\/#website\",\"url\":\"https:\/\/dolphinshowpattaya.com\/\",\"name\":\"Dolphin Show Phuket\",\"description\":\"\",\"publisher\":{\"@id\":\"https:\/\/dolphinshowpattaya.com\/#organization\"},\"potentialAction\":[{\"@type\":\"SearchAction\",\"target\":{\"@type\":\"EntryPoint\",\"urlTemplate\":\"https:\/\/dolphinshowpattaya.com\/?s={search_term_string}\"},\"query-input\":{\"@type\":\"PropertyValueSpecification\",\"valueRequired\":true,\"valueName\":\"search_term_string\"}}],\"inLanguage\":\"es\"},{\"@type\":\"Organization\",\"@id\":\"https:\/\/dolphinshowpattaya.com\/#organization\",\"name\":\"Dolphin Show Phuket\",\"url\":\"https:\/\/dolphinshowpattaya.com\/\",\"logo\":{\"@type\":\"ImageObject\",\"inLanguage\":\"es\",\"@id\":\"https:\/\/dolphinshowpattaya.com\/#\/schema\/logo\/image\/\",\"url\":\"https:\/\/dolphinshowpattaya.com\/wp-content\/uploads\/2024\/08\/Dophin-Show-Phuket.png\",\"contentUrl\":\"https:\/\/dolphinshowpattaya.com\/wp-content\/uploads\/2024\/08\/Dophin-Show-Phuket.png\",\"width\":350,\"height\":100,\"caption\":\"Dolphin Show Phuket\"},\"image\":{\"@id\":\"https:\/\/dolphinshowpattaya.com\/#\/schema\/logo\/image\/\"}}]}<\/script>\n<!-- \/ Yoast SEO plugin. -->","yoast_head_json":{"title":"Dolphin Show Phuket Terms Of Usage - Important Guidelines","description":"Review The Terms Of Usage For Dolphin Show Phuket. Know The Rules Before Booking Tickets For Dolphins Bay Phuket.","robots":{"index":"noindex","follow":"follow"},"og_locale":"es_ES","og_type":"article","og_title":"Dolphin Show Phuket Terms Of Usage - Important Guidelines","og_description":"Review The Terms Of Usage For Dolphin Show Phuket. Know The Rules Before Booking Tickets For Dolphins Bay Phuket.","og_url":"https:\/\/dolphinshowpattaya.com\/es\/condiciones-de-uso\/","og_site_name":"Dolphin Show Pattaya","article_modified_time":"2024-10-24T20:43:35+00:00","twitter_card":"summary_large_image","twitter_misc":{"Tiempo de lectura":"4 minutos"},"schema":{"@context":"https:\/\/schema.org","@graph":[{"@type":"WebPage","@id":"https:\/\/dolphinshowpattaya.com\/terms-of-usage\/","url":"https:\/\/dolphinshowpattaya.com\/terms-of-usage\/","name":"Dolphin Show Phuket Terms Of Usage - Important Guidelines","isPartOf":{"@id":"https:\/\/dolphinshowpattaya.com\/#website"},"datePublished":"2024-09-04T10:55:37+00:00","dateModified":"2024-10-24T20:43:35+00:00","description":"Review The Terms Of Usage For Dolphin Show Phuket. Know The Rules Before Booking Tickets For Dolphins Bay Phuket.","breadcrumb":{"@id":"https:\/\/dolphinshowpattaya.com\/terms-of-usage\/#breadcrumb"},"inLanguage":"es","potentialAction":[{"@type":"ReadAction","target":["https:\/\/dolphinshowpattaya.com\/terms-of-usage\/"]}]},{"@type":"BreadcrumbList","@id":"https:\/\/dolphinshowpattaya.com\/terms-of-usage\/#breadcrumb","itemListElement":[{"@type":"ListItem","position":1,"name":"Home","item":"https:\/\/dolphinshowpattaya.com\/"},{"@type":"ListItem","position":2,"name":"Terms Of Usage"}]},{"@type":"WebSite","@id":"https:\/\/dolphinshowpattaya.com\/#website","url":"https:\/\/dolphinshowpattaya.com\/","name":"Dolphin Show Phuket","description":"","publisher":{"@id":"https:\/\/dolphinshowpattaya.com\/#organization"},"potentialAction":[{"@type":"SearchAction","target":{"@type":"EntryPoint","urlTemplate":"https:\/\/dolphinshowpattaya.com\/?s={search_term_string}"},"query-input":{"@type":"PropertyValueSpecification","valueRequired":true,"valueName":"search_term_string"}}],"inLanguage":"es"},{"@type":"Organization","@id":"https:\/\/dolphinshowpattaya.com\/#organization","name":"Dolphin Show Phuket","url":"https:\/\/dolphinshowpattaya.com\/","logo":{"@type":"ImageObject","inLanguage":"es","@id":"https:\/\/dolphinshowpattaya.com\/#\/schema\/logo\/image\/","url":"https:\/\/dolphinshowpattaya.com\/wp-content\/uploads\/2024\/08\/Dophin-Show-Phuket.png","contentUrl":"https:\/\/dolphinshowpattaya.com\/wp-content\/uploads\/2024\/08\/Dophin-Show-Phuket.png","width":350,"height":100,"caption":"Dolphin Show Phuket"},"image":{"@id":"https:\/\/dolphinshowpattaya.com\/#\/schema\/logo\/image\/"}}]}},"jetpack_sharing_enabled":true,"_links":{"self":[{"href":"https:\/\/dolphinshowpattaya.com\/es\/wp-json\/wp\/v2\/pages\/619","targetHints":{"allow":["GET"]}}],"collection":[{"href":"https:\/\/dolphinshowpattaya.com\/es\/wp-json\/wp\/v2\/pages"}],"about":[{"href":"https:\/\/dolphinshowpattaya.com\/es\/wp-json\/wp\/v2\/types\/page"}],"author":[{"embeddable":true,"href":"https:\/\/dolphinshowpattaya.com\/es\/wp-json\/wp\/v2\/users\/1"}],"replies":[{"embeddable":true,"href":"https:\/\/dolphinshowpattaya.com\/es\/wp-json\/wp\/v2\/comments?post=619"}],"version-history":[{"count":11,"href":"https:\/\/dolphinshowpattaya.com\/es\/wp-json\/wp\/v2\/pages\/619\/revisions"}],"predecessor-version":[{"id":2904,"href":"https:\/\/dolphinshowpattaya.com\/es\/wp-json\/wp\/v2\/pages\/619\/revisions\/2904"}],"wp:attachment":[{"href":"https:\/\/dolphinshowpattaya.com\/es\/wp-json\/wp\/v2\/media?parent=619"}],"curies":[{"name":"wp","href":"https:\/\/api.w.org\/{rel}","templated":true}]}}