{"id":2921,"date":"2024-10-25T04:31:40","date_gmt":"2024-10-24T23:01:40","guid":{"rendered":"https:\/\/dolphinshowpattaya.com\/?post_type=product&#038;p=2921"},"modified":"2025-06-07T23:26:30","modified_gmt":"2025-06-07T17:56:30","slug":"dolphins-bay-phuket-swimming-with-dolphin-ticket-thai-residents","status":"publish","type":"product","link":"https:\/\/dolphinshowpattaya.com\/de\/tickets\/dolphins-bay-phuket-swimming-with-dolphin-ticket-thai-residents\/","title":{"rendered":"Dolphins Bay Phuket &#8211; Swimming With Dolphin Ticket (Thai Residents)"},"content":{"rendered":"<h2>\u00dcber das Ticket zum Schwimmen mit Delfinen (f\u00fcr Einwohner Thailands)<\/h2>\n<p>Erleben Sie die Magie des Schwimmens mit Delfinen in Dolphins Bay Phuket und erleben Sie eine unvergessliche Begegnung mit diesen intelligenten und freundlichen Gesch\u00f6pfen. Diese einzigartige Aktivit\u00e4t ist speziell f\u00fcr Einwohner Thailands konzipiert und gibt Ihnen die M\u00f6glichkeit, mehr \u00fcber Delfine zu erfahren, spielerisch mit ihnen zu interagieren und ein unvergessliches Erlebnis zu genie\u00dfen.<\/p>\n<h3>Show Time<\/h3>\n<p><a href=\"https:\/\/dolphinshowpattaya.com\/de\">Dolphins Bay Phuket<\/a> ist t\u00e4glich au\u00dfer montags in Betrieb. Die Showzeiten sind:<\/p>\n<ul>\n<li><strong>11:00 Uhr<\/strong> (Robbenshow: 10:45\u201311:00 Uhr | Delfinshow: 11:15\u201311:40 Uhr)<\/li>\n<li><strong>14:00 Uhr<\/strong> (Robbenshow: 13:45\u201314:00 Uhr | Delfinshow: 14:15\u201314:40 Uhr)<\/li>\n<li><strong>17:00 Uhr<\/strong> (Robbenshow: 16:45\u201317:00 Uhr | Delfinshow: 17:15\u201317:40 Uhr)<\/li>\n<li><span style=\"color: #000000;\">Swimming &amp; Activities: 11:45 AM | 2:45 PM | 5:45 PM<\/span><\/li>\n<\/ul>\n<h3>Richtlinien zu Kindern<\/h3>\n<ul>\n<li><strong>Freier Eintritt<\/strong> f\u00fcr Kinder unter 90 cm, ohne Sitz.<\/li>\n<li><strong>Kinderticket<\/strong> wird f\u00fcr Kinder zwischen 90 \u2013 130 cm ben\u00f6tigt.<\/li>\n<li><strong>Schwimmen mit einem Delphin<\/strong> ist f\u00fcr Erwachsene oder Kinder ab 6 Jahren verf\u00fcgbar. Kinder im Alter von 4\u20135 Jahren m\u00fcssen von einem Elternteil begleitet werden und es f\u00e4llt eine zus\u00e4tzliche Geb\u00fchr an.<\/li>\n<\/ul>\n<h3>Im Leistungsumfang enthalten<\/h3>\n<ul>\n<li>Schwimmstunde mit einem Delphin.<\/li>\n<li>Eintritt zur Robben- und Delfinshow.<\/li>\n<li>Erinnerungsfotos mit Delfinen (optional).<\/li>\n<li>Zugang zu Umkleider\u00e4umen und Badeausr\u00fcstung.<\/li>\n<\/ul>\n<h3>Highlights<\/h3>\n<ul>\n<li>Schwimmen Sie neben verspielten Delfinen in einer sicheren, kontrollierten Umgebung.<\/li>\n<li>Professionelle Trainer leiten das Erlebnis.<\/li>\n<li>Erfahren Sie mehr \u00fcber das Verhalten und den Schutz von Delfinen.<\/li>\n<li>Perfekt f\u00fcr Familien und Tierliebhaber.<\/li>\n<\/ul>\n<h3>Einschl\u00fcsse<\/h3>\n<ul>\n<li>Eintrittskarte zu den Delfin- und Robbenshows.<\/li>\n<li>Schwimmstunde mit einem Delphin.<\/li>\n<li>Sicherheitsausr\u00fcstung (Rettungswesten etc.).<\/li>\n<li>Zugang zu Umkleider\u00e4umen.<\/li>\n<\/ul>\n<h3>Ausschl\u00fcsse<\/h3>\n<ul>\n<li>Fotos mit Delfinen (gegen Aufpreis).<\/li>\n<li>Hoteltransfers (k\u00f6nnen gegen eine zus\u00e4tzliche Geb\u00fchr arrangiert werden).<\/li>\n<li>Speisen und Getr\u00e4nke.<\/li>\n<\/ul>\n<h3>R\u00fcckerstattungs- und Stornierungsbedingungen<\/h3>\n<ul>\n<li><strong>Keine R\u00fcckerstattung<\/strong>: Nach der Buchung sind die Tickets nicht erstattungsf\u00e4hig.<\/li>\n<li><strong>Umplanung<\/strong>: Bis 24 Stunden vorher erlaubt, je nach Verf\u00fcgbarkeit.<\/li>\n<li><strong>Stornierung<\/strong>: Keine R\u00fcckerstattung bei Nichterscheinen oder kurzfristiger Stornierung.<\/li>\n<\/ul>\n<h3>Was gibt es noch?<\/h3>\n<ul>\n<li>Treffen und Begr\u00fc\u00dfen Sie professionelle Delfintrainer.<\/li>\n<li>Genie\u00dfen Sie exklusive Rabatte auf Familienpakete.<\/li>\n<\/ul>\n<h3>Insider-Tipps<\/h3>\n<ul>\n<li>Kommen Sie mindestens 30 Minuten vor Beginn der Show, um sich gute Pl\u00e4tze zu sichern.<\/li>\n<li>Bringen Sie Badebekleidung f\u00fcr die Interaktion mit Delfinen mit.<\/li>\n<li>Kameras sind beim Schwimmen nicht erlaubt, professionelle Fotos k\u00f6nnen jedoch k\u00e4uflich erworben werden.<\/li>\n<\/ul>\n<h3>Was man tun und lassen sollte<\/h3>\n<p><strong>DOS<\/strong>:<\/p>\n<ul>\n<li>Befolgen Sie aus Sicherheitsgr\u00fcnden die Anweisungen des Trainers.<\/li>\n<li>Bringen Sie Ihre eigenen Handt\u00fccher und Badebekleidung mit.<\/li>\n<li>Bewahren Sie Ihre Wertsachen in den bereitgestellten Schlie\u00dff\u00e4chern auf.<\/li>\n<\/ul>\n<p><strong>Was Sie nicht tun sollten<\/strong>:<\/p>\n<ul>\n<li>Stehen Sie nicht in der N\u00e4he des Beckenrands.<\/li>\n<li>Keine Speisen oder Getr\u00e4nke in der N\u00e4he des Delphinbeckens.<\/li>\n<li>Vermeiden Sie pl\u00f6tzliche Bewegungen, die die Delfine erschrecken k\u00f6nnten.<\/li>\n<\/ul>\n<h3>Wissenswertes vor der Reise<\/h3>\n<ul>\n<li>Eine Voranmeldung wird empfohlen.<\/li>\n<li>Vergessen Sie Ihre Kamera f\u00fcr Fotos nach der Show nicht.<\/li>\n<li>Beachten Sie w\u00e4hrend der Interaktion alle Gesundheits- und Sicherheitsregeln.<\/li>\n<\/ul>\n<h3>Adresse<\/h3>\n<p>33\/50, Chalong, Bezirk Mueang Phuket, Phuket 83130, Thailand<\/p>\n<h3>Karten &amp; Standort<\/h3>\n<p>Den genauen Standort finden Sie auf <a href=\"https:\/\/maps.app.goo.gl\/iKaEd3g2Nr1B9YJD8\" target=\"_new\" rel=\"noopener\">Google Maps<\/a>.<\/p>\n<h3>So erreichen Sie Dolphins Bay Phuket<\/h3>\n<ul>\n<li><strong>Mit dem Auto<\/strong>: Von Phuket-Stadt aus sind es 20 Autominuten nach Chalong.<\/li>\n<li><strong>Mit dem Taxi<\/strong>: In ganz Phuket stehen Taxis zur Verf\u00fcgung. Nach Dolphins Bay gelten Festpreise.<\/li>\n<li><strong>\u00d6ffentliche Verkehrsmittel<\/strong>: Tuk-Tuks und lokale Busse sind eine erschwingliche Option.<\/li>\n<\/ul>\n<h3>H\u00e4ufig gestellte Fragen (FAQs)<\/h3>\n<p><strong>1. K\u00f6nnen Kinder mit Delfinen schwimmen?<\/strong><br \/>\nJa, Kinder ab 6 Jahren k\u00f6nnen schwimmen. Kinder im Alter von 4 bis 5 Jahren m\u00fcssen von einem Elternteil begleitet werden.<\/p>\n<p><strong>2. Ist es sicher, mit Delfinen zu schwimmen?<\/strong><br \/>\nJa, das Erlebnis wird von ausgebildeten Fachkr\u00e4ften beaufsichtigt und s\u00e4mtliche Sicherheitsma\u00dfnahmen werden eingehalten.<\/p>\n<p><strong>3. Was soll ich mitbringen?<\/strong><br \/>\nBadebekleidung, Handt\u00fccher und Wechselkleidung.<\/p>\n<p><strong>4. Sind Fotos im Ticket enthalten?<\/strong><br \/>\nNein, Fotos mit Delfinen sind gegen Aufpreis erh\u00e4ltlich.<\/p>\n<p><strong>5. Kann ich meine Buchung verschieben?<\/strong><br \/>\nJa, aber Sie m\u00fcssen mindestens 24 Stunden im Voraus Bescheid geben und eine Umbuchung ist von der Verf\u00fcgbarkeit abh\u00e4ngig.<\/p>","protected":false},"excerpt":{"rendered":"<table class=\"short-description\">\n<tbody class=\"tabel364\">\n<tr class=\"short-description-tr32r\">\n<th class=\"short-description-th\"><span class=\"description-h23\"><strong class=\"description-strong67\">Alle Buchungen m\u00fcssen einen Tag vor der Show erfolgen (bis 18:00 Uhr thail\u00e4ndischer Zeit).<\/strong><\/span><\/th>\n<\/tr>\n<\/tbody>\n<\/table>","protected":false},"featured_media":2851,"comment_status":"open","ping_status":"closed","template":"","meta":{"ocean_post_layout":"","ocean_both_sidebars_style":"","ocean_both_sidebars_content_width":0,"ocean_both_sidebars_sidebars_width":0,"ocean_sidebar":"0","ocean_second_sidebar":"0","ocean_disable_margins":"enable","ocean_add_body_class":"","ocean_shortcode_before_top_bar":"","ocean_shortcode_after_top_bar":"","ocean_shortcode_before_header":"","ocean_shortcode_after_header":"","ocean_has_shortcode":"","ocean_shortcode_after_title":"","ocean_shortcode_before_footer_widgets":"","ocean_shortcode_after_footer_widgets":"","ocean_shortcode_before_footer_bottom":"","ocean_shortcode_after_footer_bottom":"","ocean_display_top_bar":"default","ocean_display_header":"default","ocean_header_style":"","ocean_center_header_left_menu":"0","ocean_custom_header_template":"0","ocean_custom_logo":0,"ocean_custom_retina_logo":0,"ocean_custom_logo_max_width":0,"ocean_custom_logo_tablet_max_width":0,"ocean_custom_logo_mobile_max_width":0,"ocean_custom_logo_max_height":0,"ocean_custom_logo_tablet_max_height":0,"ocean_custom_logo_mobile_max_height":0,"ocean_header_custom_menu":"0","ocean_menu_typo_font_family":"0","ocean_menu_typo_font_subset":"","ocean_menu_typo_font_size":0,"ocean_menu_typo_font_size_tablet":0,"ocean_menu_typo_font_size_mobile":0,"ocean_menu_typo_font_size_unit":"px","ocean_menu_typo_font_weight":"","ocean_menu_typo_font_weight_tablet":"","ocean_menu_typo_font_weight_mobile":"","ocean_menu_typo_transform":"","ocean_menu_typo_transform_tablet":"","ocean_menu_typo_transform_mobile":"","ocean_menu_typo_line_height":0,"ocean_menu_typo_line_height_tablet":0,"ocean_menu_typo_line_height_mobile":0,"ocean_menu_typo_line_height_unit":"","ocean_menu_typo_spacing":0,"ocean_menu_typo_spacing_tablet":0,"ocean_menu_typo_spacing_mobile":0,"ocean_menu_typo_spacing_unit":"","ocean_menu_link_color":"","ocean_menu_link_color_hover":"","ocean_menu_link_color_active":"","ocean_menu_link_background":"","ocean_menu_link_hover_background":"","ocean_menu_link_active_background":"","ocean_menu_social_links_bg":"","ocean_menu_social_hover_links_bg":"","ocean_menu_social_links_color":"","ocean_menu_social_hover_links_color":"","ocean_disable_title":"default","ocean_disable_heading":"default","ocean_post_title":"","ocean_post_subheading":"","ocean_post_title_style":"","ocean_post_title_background_color":"","ocean_post_title_background":0,"ocean_post_title_bg_image_position":"","ocean_post_title_bg_image_attachment":"","ocean_post_title_bg_image_repeat":"","ocean_post_title_bg_image_size":"","ocean_post_title_height":0,"ocean_post_title_bg_overlay":0.5,"ocean_post_title_bg_overlay_color":"","ocean_disable_breadcrumbs":"default","ocean_breadcrumbs_color":"","ocean_breadcrumbs_separator_color":"","ocean_breadcrumbs_links_color":"","ocean_breadcrumbs_links_hover_color":"","ocean_display_footer_widgets":"default","ocean_display_footer_bottom":"default","ocean_custom_footer_template":"0"},"product_brand":[],"product_cat":[20],"product_tag":[348,355,356,353,347,350,345,294,308,352,349,346,230,344,351,354],"class_list":{"0":"post-2921","1":"product","2":"type-product","3":"status-publish","4":"has-post-thumbnail","6":"product_cat-tickets","7":"product_tag-best-dolphin-experience-phuket","8":"product_tag-book-dolphin-tickets-thailand","9":"product_tag-dolphin-bay-phuket-discount","10":"product_tag-dolphin-bay-show-tickets-thai","11":"product_tag-dolphin-bay-thai-resident-tickets","12":"product_tag-dolphin-bay-thailand-tickets","13":"product_tag-dolphin-bay-tickets-thai","14":"product_tag-dolphin-interaction-phuket","15":"product_tag-dolphin-show-phuket-tickets","16":"product_tag-dolphin-show-thai-discount","17":"product_tag-dolphin-swim-deals-phuket","18":"product_tag-dolphin-swim-for-thai-residents","19":"product_tag-phuket","20":"product_tag-swimming-with-dolphins-phuket","21":"product_tag-swimming-with-dolphins-thailand","22":"product_tag-thai-resident-dolphin-experience","23":"tm-has-options","25":"entry","26":"has-media","28":"first","29":"instock","30":"virtual","31":"taxable","32":"purchasable","33":"product-type-simple","34":"has-product-nav","35":"col","36":"span_1_of_3","37":"owp-content-center","38":"owp-thumbs-layout-horizontal","39":"owp-btn-normal","40":"owp-tabs-layout-horizontal"},"yoast_head":"<!-- This site is optimized with the Yoast SEO plugin v25.3 - https:\/\/yoast.com\/wordpress\/plugins\/seo\/ -->\n<title>Swimming With Dolphins Ticket For Thai Residents | Book Now<\/title>\n<meta name=\"description\" content=\"Experience An Unforgettable Dolphin Swim At Dolphins Bay Phuket. Special Discounted Tickets For Thai Residents Available Now. Book Your Adventure Today!\" \/>\n<meta name=\"robots\" content=\"noindex, follow, max-snippet:-1, max-image-preview:large, max-video-preview:-1\" \/>\n<meta property=\"og:locale\" content=\"de_DE\" \/>\n<meta property=\"og:type\" content=\"article\" \/>\n<meta property=\"og:title\" content=\"Swimming With Dolphins Ticket For Thai Residents | Book Now\" \/>\n<meta property=\"og:description\" content=\"Experience An Unforgettable Dolphin Swim At Dolphins Bay Phuket. Special Discounted Tickets For Thai Residents Available Now. Book Your Adventure Today!\" \/>\n<meta property=\"og:url\" content=\"https:\/\/dolphinshowpattaya.com\/de\/tickets\/dolphins-bay-phuket-swimming-with-dolphin-ticket-thai-residents\/\" \/>\n<meta property=\"og:site_name\" content=\"Dolphin Show Pattaya\" \/>\n<meta property=\"article:modified_time\" content=\"2025-06-07T17:56:30+00:00\" \/>\n<meta property=\"og:image\" content=\"https:\/\/dolphinshowpattaya.com\/wp-content\/uploads\/2024\/10\/Dolphin-Show-Tickets-Phuket.jpg\" \/>\n\t<meta property=\"og:image:width\" content=\"1567\" \/>\n\t<meta property=\"og:image:height\" content=\"1045\" \/>\n\t<meta property=\"og:image:type\" content=\"image\/jpeg\" \/>\n<meta name=\"twitter:card\" content=\"summary_large_image\" \/>\n<meta name=\"twitter:label1\" content=\"Gesch\u00e4tzte Lesezeit\" \/>\n\t<meta name=\"twitter:data1\" content=\"3\u00a0Minuten\" \/>\n<script type=\"application\/ld+json\" class=\"yoast-schema-graph\">{\"@context\":\"https:\/\/schema.org\",\"@graph\":[{\"@type\":\"WebPage\",\"@id\":\"https:\/\/dolphinshowpattaya.com\/tickets\/dolphins-bay-phuket-swimming-with-dolphin-ticket-thai-residents\/\",\"url\":\"https:\/\/dolphinshowpattaya.com\/tickets\/dolphins-bay-phuket-swimming-with-dolphin-ticket-thai-residents\/\",\"name\":\"Swimming With Dolphins Ticket For Thai Residents | Book Now\",\"isPartOf\":{\"@id\":\"https:\/\/dolphinshowpattaya.com\/#website\"},\"primaryImageOfPage\":{\"@id\":\"https:\/\/dolphinshowpattaya.com\/tickets\/dolphins-bay-phuket-swimming-with-dolphin-ticket-thai-residents\/#primaryimage\"},\"image\":{\"@id\":\"https:\/\/dolphinshowpattaya.com\/tickets\/dolphins-bay-phuket-swimming-with-dolphin-ticket-thai-residents\/#primaryimage\"},\"thumbnailUrl\":\"https:\/\/dolphinshowpattaya.com\/wp-content\/uploads\/2024\/10\/Dolphin-Show-Tickets-Phuket.jpg\",\"datePublished\":\"2024-10-24T23:01:40+00:00\",\"dateModified\":\"2025-06-07T17:56:30+00:00\",\"description\":\"Experience An Unforgettable Dolphin Swim At Dolphins Bay Phuket. Special Discounted Tickets For Thai Residents Available Now. Book Your Adventure Today!\",\"breadcrumb\":{\"@id\":\"https:\/\/dolphinshowpattaya.com\/tickets\/dolphins-bay-phuket-swimming-with-dolphin-ticket-thai-residents\/#breadcrumb\"},\"inLanguage\":\"de\",\"potentialAction\":[{\"@type\":\"ReadAction\",\"target\":[\"https:\/\/dolphinshowpattaya.com\/tickets\/dolphins-bay-phuket-swimming-with-dolphin-ticket-thai-residents\/\"]}]},{\"@type\":\"ImageObject\",\"inLanguage\":\"de\",\"@id\":\"https:\/\/dolphinshowpattaya.com\/tickets\/dolphins-bay-phuket-swimming-with-dolphin-ticket-thai-residents\/#primaryimage\",\"url\":\"https:\/\/dolphinshowpattaya.com\/wp-content\/uploads\/2024\/10\/Dolphin-Show-Tickets-Phuket.jpg\",\"contentUrl\":\"https:\/\/dolphinshowpattaya.com\/wp-content\/uploads\/2024\/10\/Dolphin-Show-Tickets-Phuket.jpg\",\"width\":1567,\"height\":1045,\"caption\":\"Dolphin Show Tickets Phuket\"},{\"@type\":\"BreadcrumbList\",\"@id\":\"https:\/\/dolphinshowpattaya.com\/tickets\/dolphins-bay-phuket-swimming-with-dolphin-ticket-thai-residents\/#breadcrumb\",\"itemListElement\":[{\"@type\":\"ListItem\",\"position\":1,\"name\":\"Home\",\"item\":\"https:\/\/dolphinshowpattaya.com\/\"},{\"@type\":\"ListItem\",\"position\":2,\"name\":\"Tickets\",\"item\":\"https:\/\/dolphinshowpattaya.com\/tickets\/\"},{\"@type\":\"ListItem\",\"position\":3,\"name\":\"Dolphins Bay Phuket &#8211; Swimming With Dolphin Ticket (Thai Residents)\"}]},{\"@type\":\"WebSite\",\"@id\":\"https:\/\/dolphinshowpattaya.com\/#website\",\"url\":\"https:\/\/dolphinshowpattaya.com\/\",\"name\":\"Dolphin Show Phuket\",\"description\":\"\",\"publisher\":{\"@id\":\"https:\/\/dolphinshowpattaya.com\/#organization\"},\"potentialAction\":[{\"@type\":\"SearchAction\",\"target\":{\"@type\":\"EntryPoint\",\"urlTemplate\":\"https:\/\/dolphinshowpattaya.com\/?s={search_term_string}\"},\"query-input\":{\"@type\":\"PropertyValueSpecification\",\"valueRequired\":true,\"valueName\":\"search_term_string\"}}],\"inLanguage\":\"de\"},{\"@type\":\"Organization\",\"@id\":\"https:\/\/dolphinshowpattaya.com\/#organization\",\"name\":\"Dolphin Show Phuket\",\"url\":\"https:\/\/dolphinshowpattaya.com\/\",\"logo\":{\"@type\":\"ImageObject\",\"inLanguage\":\"de\",\"@id\":\"https:\/\/dolphinshowpattaya.com\/#\/schema\/logo\/image\/\",\"url\":\"https:\/\/dolphinshowpattaya.com\/wp-content\/uploads\/2024\/08\/Dophin-Show-Phuket.png\",\"contentUrl\":\"https:\/\/dolphinshowpattaya.com\/wp-content\/uploads\/2024\/08\/Dophin-Show-Phuket.png\",\"width\":350,\"height\":100,\"caption\":\"Dolphin Show Phuket\"},\"image\":{\"@id\":\"https:\/\/dolphinshowpattaya.com\/#\/schema\/logo\/image\/\"}}]}<\/script>\n<!-- \/ Yoast SEO plugin. -->","yoast_head_json":{"title":"Swimming With Dolphins Ticket For Thai Residents | Book Now","description":"Experience An Unforgettable Dolphin Swim At Dolphins Bay Phuket. Special Discounted Tickets For Thai Residents Available Now. Book Your Adventure Today!","robots":{"index":"noindex","follow":"follow","max-snippet":"max-snippet:-1","max-image-preview":"max-image-preview:large","max-video-preview":"max-video-preview:-1"},"og_locale":"de_DE","og_type":"article","og_title":"Swimming With Dolphins Ticket For Thai Residents | Book Now","og_description":"Experience An Unforgettable Dolphin Swim At Dolphins Bay Phuket. Special Discounted Tickets For Thai Residents Available Now. Book Your Adventure Today!","og_url":"https:\/\/dolphinshowpattaya.com\/de\/tickets\/dolphins-bay-phuket-swimming-with-dolphin-ticket-thai-residents\/","og_site_name":"Dolphin Show Pattaya","article_modified_time":"2025-06-07T17:56:30+00:00","og_image":[{"width":1567,"height":1045,"url":"https:\/\/dolphinshowpattaya.com\/wp-content\/uploads\/2024\/10\/Dolphin-Show-Tickets-Phuket.jpg","type":"image\/jpeg"}],"twitter_card":"summary_large_image","twitter_misc":{"Gesch\u00e4tzte Lesezeit":"3\u00a0Minuten"},"schema":{"@context":"https:\/\/schema.org","@graph":[{"@type":"WebPage","@id":"https:\/\/dolphinshowpattaya.com\/tickets\/dolphins-bay-phuket-swimming-with-dolphin-ticket-thai-residents\/","url":"https:\/\/dolphinshowpattaya.com\/tickets\/dolphins-bay-phuket-swimming-with-dolphin-ticket-thai-residents\/","name":"Swimming With Dolphins Ticket For Thai Residents | Book Now","isPartOf":{"@id":"https:\/\/dolphinshowpattaya.com\/#website"},"primaryImageOfPage":{"@id":"https:\/\/dolphinshowpattaya.com\/tickets\/dolphins-bay-phuket-swimming-with-dolphin-ticket-thai-residents\/#primaryimage"},"image":{"@id":"https:\/\/dolphinshowpattaya.com\/tickets\/dolphins-bay-phuket-swimming-with-dolphin-ticket-thai-residents\/#primaryimage"},"thumbnailUrl":"https:\/\/dolphinshowpattaya.com\/wp-content\/uploads\/2024\/10\/Dolphin-Show-Tickets-Phuket.jpg","datePublished":"2024-10-24T23:01:40+00:00","dateModified":"2025-06-07T17:56:30+00:00","description":"Experience An Unforgettable Dolphin Swim At Dolphins Bay Phuket. Special Discounted Tickets For Thai Residents Available Now. Book Your Adventure Today!","breadcrumb":{"@id":"https:\/\/dolphinshowpattaya.com\/tickets\/dolphins-bay-phuket-swimming-with-dolphin-ticket-thai-residents\/#breadcrumb"},"inLanguage":"de","potentialAction":[{"@type":"ReadAction","target":["https:\/\/dolphinshowpattaya.com\/tickets\/dolphins-bay-phuket-swimming-with-dolphin-ticket-thai-residents\/"]}]},{"@type":"ImageObject","inLanguage":"de","@id":"https:\/\/dolphinshowpattaya.com\/tickets\/dolphins-bay-phuket-swimming-with-dolphin-ticket-thai-residents\/#primaryimage","url":"https:\/\/dolphinshowpattaya.com\/wp-content\/uploads\/2024\/10\/Dolphin-Show-Tickets-Phuket.jpg","contentUrl":"https:\/\/dolphinshowpattaya.com\/wp-content\/uploads\/2024\/10\/Dolphin-Show-Tickets-Phuket.jpg","width":1567,"height":1045,"caption":"Dolphin Show Tickets Phuket"},{"@type":"BreadcrumbList","@id":"https:\/\/dolphinshowpattaya.com\/tickets\/dolphins-bay-phuket-swimming-with-dolphin-ticket-thai-residents\/#breadcrumb","itemListElement":[{"@type":"ListItem","position":1,"name":"Home","item":"https:\/\/dolphinshowpattaya.com\/"},{"@type":"ListItem","position":2,"name":"Tickets","item":"https:\/\/dolphinshowpattaya.com\/tickets\/"},{"@type":"ListItem","position":3,"name":"Dolphins Bay Phuket &#8211; Swimming With Dolphin Ticket (Thai Residents)"}]},{"@type":"WebSite","@id":"https:\/\/dolphinshowpattaya.com\/#website","url":"https:\/\/dolphinshowpattaya.com\/","name":"Dolphin Show Phuket","description":"","publisher":{"@id":"https:\/\/dolphinshowpattaya.com\/#organization"},"potentialAction":[{"@type":"SearchAction","target":{"@type":"EntryPoint","urlTemplate":"https:\/\/dolphinshowpattaya.com\/?s={search_term_string}"},"query-input":{"@type":"PropertyValueSpecification","valueRequired":true,"valueName":"search_term_string"}}],"inLanguage":"de"},{"@type":"Organization","@id":"https:\/\/dolphinshowpattaya.com\/#organization","name":"Dolphin Show Phuket","url":"https:\/\/dolphinshowpattaya.com\/","logo":{"@type":"ImageObject","inLanguage":"de","@id":"https:\/\/dolphinshowpattaya.com\/#\/schema\/logo\/image\/","url":"https:\/\/dolphinshowpattaya.com\/wp-content\/uploads\/2024\/08\/Dophin-Show-Phuket.png","contentUrl":"https:\/\/dolphinshowpattaya.com\/wp-content\/uploads\/2024\/08\/Dophin-Show-Phuket.png","width":350,"height":100,"caption":"Dolphin Show Phuket"},"image":{"@id":"https:\/\/dolphinshowpattaya.com\/#\/schema\/logo\/image\/"}}]}},"jetpack_sharing_enabled":true,"_links":{"self":[{"href":"https:\/\/dolphinshowpattaya.com\/de\/wp-json\/wp\/v2\/product\/2921","targetHints":{"allow":["GET"]}}],"collection":[{"href":"https:\/\/dolphinshowpattaya.com\/de\/wp-json\/wp\/v2\/product"}],"about":[{"href":"https:\/\/dolphinshowpattaya.com\/de\/wp-json\/wp\/v2\/types\/product"}],"replies":[{"embeddable":true,"href":"https:\/\/dolphinshowpattaya.com\/de\/wp-json\/wp\/v2\/comments?post=2921"}],"wp:featuredmedia":[{"embeddable":true,"href":"https:\/\/dolphinshowpattaya.com\/de\/wp-json\/wp\/v2\/media\/2851"}],"wp:attachment":[{"href":"https:\/\/dolphinshowpattaya.com\/de\/wp-json\/wp\/v2\/media?parent=2921"}],"wp:term":[{"taxonomy":"product_brand","embeddable":true,"href":"https:\/\/dolphinshowpattaya.com\/de\/wp-json\/wp\/v2\/product_brand?post=2921"},{"taxonomy":"product_cat","embeddable":true,"href":"https:\/\/dolphinshowpattaya.com\/de\/wp-json\/wp\/v2\/product_cat?post=2921"},{"taxonomy":"product_tag","embeddable":true,"href":"https:\/\/dolphinshowpattaya.com\/de\/wp-json\/wp\/v2\/product_tag?post=2921"}],"curies":[{"name":"wp","href":"https:\/\/api.w.org\/{rel}","templated":true}]}}