{"id":2919,"date":"2024-10-25T04:21:38","date_gmt":"2024-10-24T22:51:38","guid":{"rendered":"https:\/\/dolphinshowpattaya.com\/?post_type=product&#038;p=2919"},"modified":"2025-09-25T04:36:33","modified_gmt":"2025-09-24T23:06:33","slug":"dolphins-bay-phuket-vip-sitzticket-fur-thailandische-einwohner","status":"publish","type":"product","link":"https:\/\/dolphinshowpattaya.com\/de\/tickets\/dolphins-bay-phuket-vip-sitzticket-fur-thailandische-einwohner\/","title":{"rendered":"Dolphins Bay Phuket \u2013 VIP-Sitzplatzticket (Einwohner Thailands)"},"content":{"rendered":"<h2>\u00dcber Dolphins Bay Phuket \u2013 VIP-Sitzplatzticket (Einwohner Thailands)<\/h2>\n<p><a href=\"https:\/\/dolphinshowpattaya.com\/de\">Dolphins Bay Phuket<\/a> bietet ein aufregendes Erlebnis f\u00fcr Delfinliebhaber, bei dem Inhaber von VIP-Sitzplatzkarten (Einwohner Thailands) Premium-Sitzpl\u00e4tze in Reihe B genie\u00dfen k\u00f6nnen. Dieses magische Erlebnis bietet hautnahe Interaktionen mit Delfinen und Robben durch aufregende Shows und Aktivit\u00e4ten f\u00fcr alle Altersgruppen, was es zu einem perfekten Ausflug f\u00fcr Familien macht.<\/p>\n<h3>Show Time<\/h3>\n<p>Dolphins Bay Phuket ist t\u00e4glich au\u00dfer montags mit drei Showtime-Optionen ge\u00f6ffnet:<\/p>\n<ul>\n<li><strong>11:00 Uhr Show<\/strong> (Tor \u00f6ffnet um 10:45 Uhr)<\/li>\n<li><strong>14:00 Uhr Show<\/strong> (Tor \u00f6ffnet um 13:45 Uhr)<\/li>\n<li><strong>17:00 Uhr Show<\/strong> (Tor \u00f6ffnet um 16:45 Uhr)<\/li>\n<\/ul>\n<h3>Richtlinien zu Kindern<\/h3>\n<ul>\n<li>Kinder unter <strong>90 cm<\/strong> Personen mit einer K\u00f6rpergr\u00f6\u00dfe von \u00fcber 18 Jahren haben freien Eintritt, es werden jedoch keine Sitzpl\u00e4tze zur Verf\u00fcgung gestellt.<\/li>\n<li>Kinder zwischen <strong>90 cm \u2013 130 cm<\/strong> gelten als Kind.<\/li>\n<li>Das Schwimmen mit Delfinen ist f\u00fcr Erwachsene und Kinder ab <strong>Ab 6 Jahren<\/strong>aber Kinder zwischen <strong>4-5 Jahre<\/strong> muss von einem Elternteil begleitet werden und es wird ein Aufpreis berechnet.<\/li>\n<\/ul>\n<h3>Im Leistungsumfang enthalten<\/h3>\n<ul>\n<li><strong>VIP-Sitzpl\u00e4tze<\/strong> in Reihe B f\u00fcr eine freie Sicht auf die Shows.<\/li>\n<li>Zugang zum <strong>Robbenschau<\/strong> und die <strong>Delphinshow<\/strong>.<\/li>\n<li>Gelegenheit zur <strong>Fotos mit Delfinen<\/strong>.<\/li>\n<li>Viel Spa\u00df beim Anschauen <strong>Schwimm- und Interaktionssitzungen<\/strong> nach der Show.<\/li>\n<\/ul>\n<h3>Highlights<\/h3>\n<ul>\n<li>Exklusiv <strong>VIP-Sitzpl\u00e4tze<\/strong> in Reihe B.<\/li>\n<li>Beobachten Sie die <strong>Robbenschau<\/strong> Und <strong>Delphin-Auff\u00fchrungen<\/strong>.<\/li>\n<li>Erleben Sie eine magische Begegnung mit Delfinen mit Optionen f\u00fcr <strong>Fotos und Schwimmen<\/strong>.<\/li>\n<li>Unterhaltsame Aktivit\u00e4ten f\u00fcr Familien mit kinderfreundlichen Richtlinien.<\/li>\n<\/ul>\n<h3>Einschl\u00fcsse<\/h3>\n<ul>\n<li>Eintritt in die Dolphins Bay Phuket und Zugang zu <strong>VIP-Sitzpl\u00e4tze<\/strong>.<\/li>\n<li>Zugang zu allen Vorf\u00fchrungen (Robben- und Delfinshows).<\/li>\n<li>Zugang zur Interaktion mit Delfinen und Fotom\u00f6glichkeiten.<\/li>\n<\/ul>\n<h3>Ausschl\u00fcsse<\/h3>\n<ul>\n<li>Speisen und Getr\u00e4nke sind nicht im Preis inbegriffen.<\/li>\n<li>Der Transport von und nach Dolphins Bay Phuket ist nicht inbegriffen.<\/li>\n<li><strong>Schwimmen mit Delfinen<\/strong> ist eine zus\u00e4tzliche Geb\u00fchr.<\/li>\n<\/ul>\n<h3>R\u00fcckerstattungs- und Stornierungsbedingungen<\/h3>\n<ul>\n<li>Es erfolgt keine R\u00fcckerstattung f\u00fcr Stornierungen, die weniger als <strong>1 Tag vorher<\/strong> zum Showtermin.<\/li>\n<li>In Notf\u00e4llen k\u00f6nnen nach Ermessen von Dolphins Bay Phuket Ausnahmen in Betracht gezogen werden.<\/li>\n<\/ul>\n<h3>Was gibt es noch?<\/h3>\n<p>Wer sein Erlebnis noch steigern m\u00f6chte, kann sich f\u00fcr das Schwimmen mit Delfinen und zus\u00e4tzliche Fotopakete entscheiden. Dank der VIP-Sitzpl\u00e4tze sind Sie mitten im Geschehen und die Show wird zu einer unvergesslichen Erinnerung.<\/p>\n<h3>Insider-Tipps<\/h3>\n<ul>\n<li>Ankommen <strong>15 Minuten zu fr\u00fch<\/strong> um einen reibungslosen Einreiseprozess zu gew\u00e4hrleisten.<\/li>\n<li>Halten Sie Ihre Kamera bereit, um die Momente mit den Delfinen und Robben festzuhalten.<\/li>\n<li>Bringen Sie zum Schwimmen entsprechende Badebekleidung und Handt\u00fccher mit.<\/li>\n<\/ul>\n<h3>Was man tun und lassen sollte<\/h3>\n<p><strong>DOS:<\/strong><\/p>\n<ul>\n<li>Befolgen Sie bei Interaktionen mit Delfinen die Anweisungen des Personals.<\/li>\n<li>Halten Sie Kinder zu ihrer Sicherheit vom Beckenrand fern.<\/li>\n<li>Genie\u00dfen Sie die Vorf\u00fchrungen und respektieren Sie die Tiere.<\/li>\n<\/ul>\n<p><strong>Was Sie nicht tun sollten:<\/strong><\/p>\n<ul>\n<li>Vermeiden Sie das Mitbringen von Speisen und Getr\u00e4nken von au\u00dferhalb.<\/li>\n<li>Rauchen und Glasbeh\u00e4lter sind in der Anlage nicht gestattet.<\/li>\n<li>Ber\u00fchren oder st\u00f6ren Sie die Delfine nicht, es sei denn, Sie werden dazu aufgefordert.<\/li>\n<\/ul>\n<h3>Wissenswertes vor der Reise<\/h3>\n<ul>\n<li>Stellen Sie sicher, dass Ihre Ticketbuchung mindestens best\u00e4tigt ist <strong>1 Tag vorher<\/strong>.<\/li>\n<li>Dolphins Bay ist montags geschlossen, planen Sie also entsprechend.<\/li>\n<li>Schwimmen und Fotosessions sind zus\u00e4tzlich zum Ticketpreis zu bezahlen.<\/li>\n<\/ul>\n<h3>Adresse<\/h3>\n<p>Dolphins Bay Phuket<br \/>\n<strong>Adresse:<\/strong> 33\/50, Chalong, Bezirk Mueang Phuket, Phuket 83130, Thailand<\/p>\n<h3>Karten &amp; Standort<\/h3>\n<p>Sie finden uns auch auf <a href=\"https:\/\/maps.app.goo.gl\/iKaEd3g2Nr1B9YJD8\" target=\"_new\" rel=\"noopener\">Google Maps<\/a> f\u00fcr eine einfache Wegbeschreibung.<\/p>\n<h3>So erreichen Sie Dolphins Bay Phuket<\/h3>\n<ul>\n<li><strong>Taxi\/Privatwagen<\/strong>: Dolphins Bay ist von beliebten Gegenden Phukets aus leicht mit dem Taxi oder Auto zu erreichen.<\/li>\n<li><strong>\u00d6ffentliche Verkehrsmittel<\/strong>: Busse und Tuk-Tuks k\u00f6nnen Sie zur Chalong Bay bringen, wo sich die Dolphins Bay befindet.<\/li>\n<\/ul>\n<h3>H\u00e4ufig gestellte Fragen (FAQs)<\/h3>\n<p><strong>F: Was sind die Spielzeiten?<\/strong><br \/>\nA: Shows finden um 11:00 Uhr, 14:00 Uhr und 17:00 Uhr statt. Die Einlasst\u00fcren \u00f6ffnen 15 Minuten vorher.<\/p>\n<p><strong>F: K\u00f6nnen Kinder mit Delfinen schwimmen?<\/strong><br \/>\nA: Ja, Kinder aus <strong>Ab 6 Jahren<\/strong> k\u00f6nnen mit Delfinen schwimmen. Kinder im Alter von 4\u20135 Jahren m\u00fcssen von einem Erwachsenen begleitet werden.<\/p>\n<p><strong>F: Gibt es Parkpl\u00e4tze?<\/strong><br \/>\nA: Ja, im Dolphins Bay Phuket stehen kostenlose Parkpl\u00e4tze zur Verf\u00fcgung.<\/p>\n<p><strong>F: Was ist im VIP-Sitzplatzticket enthalten?<\/strong><br \/>\nA: Das VIP-Ticket beinhaltet Sitzpl\u00e4tze in Reihe B, Zugang zu den Robben- und Delfinshows und M\u00f6glichkeiten f\u00fcr Fotos mit Delfinen.<\/p>","protected":false},"excerpt":{"rendered":"<table class=\"short-description\">\n<tbody class=\"tabel364\">\n<tr class=\"short-description-tr32r\">\n<th class=\"short-description-th\"><span class=\"description-h23\"><strong class=\"description-strong67\">Alle Buchungen m\u00fcssen einen Tag vor der Show erfolgen (bis 18:00 Uhr thail\u00e4ndischer Zeit).<\/strong><\/span><\/th>\n<\/tr>\n<\/tbody>\n<\/table>","protected":false},"featured_media":2858,"comment_status":"open","ping_status":"closed","template":"","meta":{"ocean_post_layout":"","ocean_both_sidebars_style":"","ocean_both_sidebars_content_width":0,"ocean_both_sidebars_sidebars_width":0,"ocean_sidebar":"0","ocean_second_sidebar":"0","ocean_disable_margins":"enable","ocean_add_body_class":"","ocean_shortcode_before_top_bar":"","ocean_shortcode_after_top_bar":"","ocean_shortcode_before_header":"","ocean_shortcode_after_header":"","ocean_has_shortcode":"","ocean_shortcode_after_title":"","ocean_shortcode_before_footer_widgets":"","ocean_shortcode_after_footer_widgets":"","ocean_shortcode_before_footer_bottom":"","ocean_shortcode_after_footer_bottom":"","ocean_display_top_bar":"default","ocean_display_header":"default","ocean_header_style":"","ocean_center_header_left_menu":"0","ocean_custom_header_template":"0","ocean_custom_logo":0,"ocean_custom_retina_logo":0,"ocean_custom_logo_max_width":0,"ocean_custom_logo_tablet_max_width":0,"ocean_custom_logo_mobile_max_width":0,"ocean_custom_logo_max_height":0,"ocean_custom_logo_tablet_max_height":0,"ocean_custom_logo_mobile_max_height":0,"ocean_header_custom_menu":"0","ocean_menu_typo_font_family":"0","ocean_menu_typo_font_subset":"","ocean_menu_typo_font_size":0,"ocean_menu_typo_font_size_tablet":0,"ocean_menu_typo_font_size_mobile":0,"ocean_menu_typo_font_size_unit":"px","ocean_menu_typo_font_weight":"","ocean_menu_typo_font_weight_tablet":"","ocean_menu_typo_font_weight_mobile":"","ocean_menu_typo_transform":"","ocean_menu_typo_transform_tablet":"","ocean_menu_typo_transform_mobile":"","ocean_menu_typo_line_height":0,"ocean_menu_typo_line_height_tablet":0,"ocean_menu_typo_line_height_mobile":0,"ocean_menu_typo_line_height_unit":"","ocean_menu_typo_spacing":0,"ocean_menu_typo_spacing_tablet":0,"ocean_menu_typo_spacing_mobile":0,"ocean_menu_typo_spacing_unit":"","ocean_menu_link_color":"","ocean_menu_link_color_hover":"","ocean_menu_link_color_active":"","ocean_menu_link_background":"","ocean_menu_link_hover_background":"","ocean_menu_link_active_background":"","ocean_menu_social_links_bg":"","ocean_menu_social_hover_links_bg":"","ocean_menu_social_links_color":"","ocean_menu_social_hover_links_color":"","ocean_disable_title":"default","ocean_disable_heading":"default","ocean_post_title":"","ocean_post_subheading":"","ocean_post_title_style":"","ocean_post_title_background_color":"","ocean_post_title_background":0,"ocean_post_title_bg_image_position":"","ocean_post_title_bg_image_attachment":"","ocean_post_title_bg_image_repeat":"","ocean_post_title_bg_image_size":"","ocean_post_title_height":0,"ocean_post_title_bg_overlay":0.5,"ocean_post_title_bg_overlay_color":"","ocean_disable_breadcrumbs":"default","ocean_breadcrumbs_color":"","ocean_breadcrumbs_separator_color":"","ocean_breadcrumbs_links_color":"","ocean_breadcrumbs_links_hover_color":"","ocean_display_footer_widgets":"default","ocean_display_footer_bottom":"default","ocean_custom_footer_template":"0"},"product_brand":[],"product_cat":[20],"product_tag":[324,325,323,320,327,230,247,331,328,326,321,319,329,330,322,332],"class_list":{"0":"post-2919","1":"product","2":"type-product","3":"status-publish","4":"has-post-thumbnail","6":"product_cat-tickets","7":"product_tag-best-price-vip-tickets-phuket","8":"product_tag-book-vip-dolphin-show-phuket","9":"product_tag-dolphin-show-phuket-thai-residents","10":"product_tag-dolphin-show-phuket-vip","11":"product_tag-dolphin-show-vip-experience","12":"product_tag-phuket","13":"product_tag-phuket-dolphin-show-tickets","14":"product_tag-thai-residents-vip-dolphin-show","15":"product_tag-vip-dolphin-show-tickets-phuket","16":"product_tag-vip-seat-booking-phuket","17":"product_tag-vip-seat-dolphins-bay-phuket","18":"product_tag-vip-seat-ticket-thai-residents","19":"product_tag-vip-seats-dolphin-show-discount","20":"product_tag-vip-ticket-phuket-dolphin-show","21":"product_tag-vip-tickets-dolphin-show-phuket","22":"product_tag-vip-tickets-for-thai-residents","23":"tm-has-options","25":"entry","26":"has-media","28":"first","29":"instock","30":"virtual","31":"purchasable","32":"product-type-simple","33":"has-product-nav","34":"col","35":"span_1_of_3","36":"owp-content-center","37":"owp-thumbs-layout-horizontal","38":"owp-btn-normal","39":"owp-tabs-layout-horizontal"},"yoast_head":"<!-- This site is optimized with the Yoast SEO plugin v25.3 - https:\/\/yoast.com\/wordpress\/plugins\/seo\/ -->\n<title>Book VIP Seat Ticket For Thai Residents | Dolphin Show Phuket<\/title>\n<meta name=\"description\" content=\"Enjoy VIP Seating With Exclusive Views At Dolphin Show Phuket! Book Your VIP Seat Ticket For Thai Residents Today For An Unforgettable Experience!\" \/>\n<meta name=\"robots\" content=\"noindex, follow, max-snippet:-1, max-image-preview:large, max-video-preview:-1\" \/>\n<meta property=\"og:locale\" content=\"de_DE\" \/>\n<meta property=\"og:type\" content=\"article\" \/>\n<meta property=\"og:title\" content=\"Book VIP Seat Ticket For Thai Residents | Dolphin Show Phuket\" \/>\n<meta property=\"og:description\" content=\"Enjoy VIP Seating With Exclusive Views At Dolphin Show Phuket! Book Your VIP Seat Ticket For Thai Residents Today For An Unforgettable Experience!\" \/>\n<meta property=\"og:url\" content=\"https:\/\/dolphinshowpattaya.com\/de\/tickets\/dolphins-bay-phuket-vip-sitzticket-fur-thailandische-einwohner\/\" \/>\n<meta property=\"og:site_name\" content=\"Dolphin Show Pattaya\" \/>\n<meta property=\"article:modified_time\" content=\"2025-09-24T23:06:33+00:00\" \/>\n<meta property=\"og:image\" content=\"https:\/\/dolphinshowpattaya.com\/wp-content\/uploads\/2024\/10\/Show-Dolphins-Bay-scaled.jpg\" \/>\n\t<meta property=\"og:image:width\" content=\"2560\" \/>\n\t<meta property=\"og:image:height\" content=\"1707\" \/>\n\t<meta property=\"og:image:type\" content=\"image\/jpeg\" \/>\n<meta name=\"twitter:card\" content=\"summary_large_image\" \/>\n<meta name=\"twitter:label1\" content=\"Gesch\u00e4tzte Lesezeit\" \/>\n\t<meta name=\"twitter:data1\" content=\"3\u00a0Minuten\" \/>\n<script type=\"application\/ld+json\" class=\"yoast-schema-graph\">{\"@context\":\"https:\/\/schema.org\",\"@graph\":[{\"@type\":\"WebPage\",\"@id\":\"https:\/\/dolphinshowpattaya.com\/tickets\/dolphins-bay-phuket-vip-seat-ticket-thai-residents\/\",\"url\":\"https:\/\/dolphinshowpattaya.com\/tickets\/dolphins-bay-phuket-vip-seat-ticket-thai-residents\/\",\"name\":\"Book VIP Seat Ticket For Thai Residents | Dolphin Show Phuket\",\"isPartOf\":{\"@id\":\"https:\/\/dolphinshowpattaya.com\/#website\"},\"primaryImageOfPage\":{\"@id\":\"https:\/\/dolphinshowpattaya.com\/tickets\/dolphins-bay-phuket-vip-seat-ticket-thai-residents\/#primaryimage\"},\"image\":{\"@id\":\"https:\/\/dolphinshowpattaya.com\/tickets\/dolphins-bay-phuket-vip-seat-ticket-thai-residents\/#primaryimage\"},\"thumbnailUrl\":\"https:\/\/dolphinshowpattaya.com\/wp-content\/uploads\/2024\/10\/Show-Dolphins-Bay-scaled.jpg\",\"datePublished\":\"2024-10-24T22:51:38+00:00\",\"dateModified\":\"2025-09-24T23:06:33+00:00\",\"description\":\"Enjoy VIP Seating With Exclusive Views At Dolphin Show Phuket! Book Your VIP Seat Ticket For Thai Residents Today For An Unforgettable Experience!\",\"breadcrumb\":{\"@id\":\"https:\/\/dolphinshowpattaya.com\/tickets\/dolphins-bay-phuket-vip-seat-ticket-thai-residents\/#breadcrumb\"},\"inLanguage\":\"de\",\"potentialAction\":[{\"@type\":\"ReadAction\",\"target\":[\"https:\/\/dolphinshowpattaya.com\/tickets\/dolphins-bay-phuket-vip-seat-ticket-thai-residents\/\"]}]},{\"@type\":\"ImageObject\",\"inLanguage\":\"de\",\"@id\":\"https:\/\/dolphinshowpattaya.com\/tickets\/dolphins-bay-phuket-vip-seat-ticket-thai-residents\/#primaryimage\",\"url\":\"https:\/\/dolphinshowpattaya.com\/wp-content\/uploads\/2024\/10\/Show-Dolphins-Bay-scaled.jpg\",\"contentUrl\":\"https:\/\/dolphinshowpattaya.com\/wp-content\/uploads\/2024\/10\/Show-Dolphins-Bay-scaled.jpg\",\"width\":2560,\"height\":1707,\"caption\":\"Show Dolphins Bay\"},{\"@type\":\"BreadcrumbList\",\"@id\":\"https:\/\/dolphinshowpattaya.com\/tickets\/dolphins-bay-phuket-vip-seat-ticket-thai-residents\/#breadcrumb\",\"itemListElement\":[{\"@type\":\"ListItem\",\"position\":1,\"name\":\"Home\",\"item\":\"https:\/\/dolphinshowpattaya.com\/\"},{\"@type\":\"ListItem\",\"position\":2,\"name\":\"Tickets\",\"item\":\"https:\/\/dolphinshowpattaya.com\/tickets\/\"},{\"@type\":\"ListItem\",\"position\":3,\"name\":\"Dolphins Bay Phuket &#8211; VIP Seat Ticket (Thai Residents)\"}]},{\"@type\":\"WebSite\",\"@id\":\"https:\/\/dolphinshowpattaya.com\/#website\",\"url\":\"https:\/\/dolphinshowpattaya.com\/\",\"name\":\"Dolphin Show Phuket\",\"description\":\"\",\"publisher\":{\"@id\":\"https:\/\/dolphinshowpattaya.com\/#organization\"},\"potentialAction\":[{\"@type\":\"SearchAction\",\"target\":{\"@type\":\"EntryPoint\",\"urlTemplate\":\"https:\/\/dolphinshowpattaya.com\/?s={search_term_string}\"},\"query-input\":{\"@type\":\"PropertyValueSpecification\",\"valueRequired\":true,\"valueName\":\"search_term_string\"}}],\"inLanguage\":\"de\"},{\"@type\":\"Organization\",\"@id\":\"https:\/\/dolphinshowpattaya.com\/#organization\",\"name\":\"Dolphin Show Phuket\",\"url\":\"https:\/\/dolphinshowpattaya.com\/\",\"logo\":{\"@type\":\"ImageObject\",\"inLanguage\":\"de\",\"@id\":\"https:\/\/dolphinshowpattaya.com\/#\/schema\/logo\/image\/\",\"url\":\"https:\/\/dolphinshowpattaya.com\/wp-content\/uploads\/2024\/08\/Dophin-Show-Phuket.png\",\"contentUrl\":\"https:\/\/dolphinshowpattaya.com\/wp-content\/uploads\/2024\/08\/Dophin-Show-Phuket.png\",\"width\":350,\"height\":100,\"caption\":\"Dolphin Show Phuket\"},\"image\":{\"@id\":\"https:\/\/dolphinshowpattaya.com\/#\/schema\/logo\/image\/\"}}]}<\/script>\n<!-- \/ Yoast SEO plugin. -->","yoast_head_json":{"title":"Book VIP Seat Ticket For Thai Residents | Dolphin Show Phuket","description":"Enjoy VIP Seating With Exclusive Views At Dolphin Show Phuket! Book Your VIP Seat Ticket For Thai Residents Today For An Unforgettable Experience!","robots":{"index":"noindex","follow":"follow","max-snippet":"max-snippet:-1","max-image-preview":"max-image-preview:large","max-video-preview":"max-video-preview:-1"},"og_locale":"de_DE","og_type":"article","og_title":"Book VIP Seat Ticket For Thai Residents | Dolphin Show Phuket","og_description":"Enjoy VIP Seating With Exclusive Views At Dolphin Show Phuket! Book Your VIP Seat Ticket For Thai Residents Today For An Unforgettable Experience!","og_url":"https:\/\/dolphinshowpattaya.com\/de\/tickets\/dolphins-bay-phuket-vip-sitzticket-fur-thailandische-einwohner\/","og_site_name":"Dolphin Show Pattaya","article_modified_time":"2025-09-24T23:06:33+00:00","og_image":[{"width":2560,"height":1707,"url":"https:\/\/dolphinshowpattaya.com\/wp-content\/uploads\/2024\/10\/Show-Dolphins-Bay-scaled.jpg","type":"image\/jpeg"}],"twitter_card":"summary_large_image","twitter_misc":{"Gesch\u00e4tzte Lesezeit":"3\u00a0Minuten"},"schema":{"@context":"https:\/\/schema.org","@graph":[{"@type":"WebPage","@id":"https:\/\/dolphinshowpattaya.com\/tickets\/dolphins-bay-phuket-vip-seat-ticket-thai-residents\/","url":"https:\/\/dolphinshowpattaya.com\/tickets\/dolphins-bay-phuket-vip-seat-ticket-thai-residents\/","name":"Book VIP Seat Ticket For Thai Residents | Dolphin Show Phuket","isPartOf":{"@id":"https:\/\/dolphinshowpattaya.com\/#website"},"primaryImageOfPage":{"@id":"https:\/\/dolphinshowpattaya.com\/tickets\/dolphins-bay-phuket-vip-seat-ticket-thai-residents\/#primaryimage"},"image":{"@id":"https:\/\/dolphinshowpattaya.com\/tickets\/dolphins-bay-phuket-vip-seat-ticket-thai-residents\/#primaryimage"},"thumbnailUrl":"https:\/\/dolphinshowpattaya.com\/wp-content\/uploads\/2024\/10\/Show-Dolphins-Bay-scaled.jpg","datePublished":"2024-10-24T22:51:38+00:00","dateModified":"2025-09-24T23:06:33+00:00","description":"Enjoy VIP Seating With Exclusive Views At Dolphin Show Phuket! Book Your VIP Seat Ticket For Thai Residents Today For An Unforgettable Experience!","breadcrumb":{"@id":"https:\/\/dolphinshowpattaya.com\/tickets\/dolphins-bay-phuket-vip-seat-ticket-thai-residents\/#breadcrumb"},"inLanguage":"de","potentialAction":[{"@type":"ReadAction","target":["https:\/\/dolphinshowpattaya.com\/tickets\/dolphins-bay-phuket-vip-seat-ticket-thai-residents\/"]}]},{"@type":"ImageObject","inLanguage":"de","@id":"https:\/\/dolphinshowpattaya.com\/tickets\/dolphins-bay-phuket-vip-seat-ticket-thai-residents\/#primaryimage","url":"https:\/\/dolphinshowpattaya.com\/wp-content\/uploads\/2024\/10\/Show-Dolphins-Bay-scaled.jpg","contentUrl":"https:\/\/dolphinshowpattaya.com\/wp-content\/uploads\/2024\/10\/Show-Dolphins-Bay-scaled.jpg","width":2560,"height":1707,"caption":"Show Dolphins Bay"},{"@type":"BreadcrumbList","@id":"https:\/\/dolphinshowpattaya.com\/tickets\/dolphins-bay-phuket-vip-seat-ticket-thai-residents\/#breadcrumb","itemListElement":[{"@type":"ListItem","position":1,"name":"Home","item":"https:\/\/dolphinshowpattaya.com\/"},{"@type":"ListItem","position":2,"name":"Tickets","item":"https:\/\/dolphinshowpattaya.com\/tickets\/"},{"@type":"ListItem","position":3,"name":"Dolphins Bay Phuket &#8211; VIP Seat Ticket (Thai Residents)"}]},{"@type":"WebSite","@id":"https:\/\/dolphinshowpattaya.com\/#website","url":"https:\/\/dolphinshowpattaya.com\/","name":"Dolphin Show Phuket","description":"","publisher":{"@id":"https:\/\/dolphinshowpattaya.com\/#organization"},"potentialAction":[{"@type":"SearchAction","target":{"@type":"EntryPoint","urlTemplate":"https:\/\/dolphinshowpattaya.com\/?s={search_term_string}"},"query-input":{"@type":"PropertyValueSpecification","valueRequired":true,"valueName":"search_term_string"}}],"inLanguage":"de"},{"@type":"Organization","@id":"https:\/\/dolphinshowpattaya.com\/#organization","name":"Dolphin Show Phuket","url":"https:\/\/dolphinshowpattaya.com\/","logo":{"@type":"ImageObject","inLanguage":"de","@id":"https:\/\/dolphinshowpattaya.com\/#\/schema\/logo\/image\/","url":"https:\/\/dolphinshowpattaya.com\/wp-content\/uploads\/2024\/08\/Dophin-Show-Phuket.png","contentUrl":"https:\/\/dolphinshowpattaya.com\/wp-content\/uploads\/2024\/08\/Dophin-Show-Phuket.png","width":350,"height":100,"caption":"Dolphin Show Phuket"},"image":{"@id":"https:\/\/dolphinshowpattaya.com\/#\/schema\/logo\/image\/"}}]}},"jetpack_sharing_enabled":true,"_links":{"self":[{"href":"https:\/\/dolphinshowpattaya.com\/de\/wp-json\/wp\/v2\/product\/2919","targetHints":{"allow":["GET"]}}],"collection":[{"href":"https:\/\/dolphinshowpattaya.com\/de\/wp-json\/wp\/v2\/product"}],"about":[{"href":"https:\/\/dolphinshowpattaya.com\/de\/wp-json\/wp\/v2\/types\/product"}],"replies":[{"embeddable":true,"href":"https:\/\/dolphinshowpattaya.com\/de\/wp-json\/wp\/v2\/comments?post=2919"}],"wp:featuredmedia":[{"embeddable":true,"href":"https:\/\/dolphinshowpattaya.com\/de\/wp-json\/wp\/v2\/media\/2858"}],"wp:attachment":[{"href":"https:\/\/dolphinshowpattaya.com\/de\/wp-json\/wp\/v2\/media?parent=2919"}],"wp:term":[{"taxonomy":"product_brand","embeddable":true,"href":"https:\/\/dolphinshowpattaya.com\/de\/wp-json\/wp\/v2\/product_brand?post=2919"},{"taxonomy":"product_cat","embeddable":true,"href":"https:\/\/dolphinshowpattaya.com\/de\/wp-json\/wp\/v2\/product_cat?post=2919"},{"taxonomy":"product_tag","embeddable":true,"href":"https:\/\/dolphinshowpattaya.com\/de\/wp-json\/wp\/v2\/product_tag?post=2919"}],"curies":[{"name":"wp","href":"https:\/\/api.w.org\/{rel}","templated":true}]}}