{"id":2917,"date":"2024-10-25T03:55:05","date_gmt":"2024-10-24T22:25:05","guid":{"rendered":"https:\/\/dolphinshowpattaya.com\/?post_type=product&#038;p=2917"},"modified":"2025-06-07T23:26:16","modified_gmt":"2025-06-07T17:56:16","slug":"dolphins-bay-phuket-swimming-with-dolphin-ticket-foreigners","status":"publish","type":"product","link":"https:\/\/dolphinshowpattaya.com\/de\/tickets\/dolphins-bay-phuket-swimming-with-dolphin-ticket-foreigners\/","title":{"rendered":"Dolphins Bay Phuket &#8211; Swimming With Dolphin Ticket (Foreigners)"},"content":{"rendered":"<h2><span style=\"color: #000000;\">\u00dcber das Ticket zum Schwimmen mit Delfinen (Ausl\u00e4nder) in der Dolphins Bay Phuket<\/span><\/h2>\n<p><span style=\"color: #000000;\">Erleben Sie die einmalige Gelegenheit, mit verspielten und intelligenten Delfinen zu schwimmen bei <a style=\"color: #000000;\" href=\"https:\/\/dolphinshowpattaya.com\/de\">Dolphins Bay Phuket<\/a>! Bei dieser aufregenden Aktivit\u00e4t k\u00f6nnen Sie in einer sicheren, freundlichen Umgebung mit Delfinen interagieren \u2013 perfekt, um unvergessliche Erinnerungen zu schaffen. Als einziges Delfinarium in Phuket bietet Dolphins Bay Besuchern aus aller Welt ein einzigartiges und magisches Erlebnis.<\/span><\/p>\n<hr \/>\n<h3><span style=\"color: #000000;\">Show Time<\/span><\/h3>\n<ul>\n<li><span style=\"color: #000000;\"><strong>T\u00e4glich ge\u00f6ffnet (au\u00dfer Montag)<\/strong><\/span><\/li>\n<li><span style=\"color: #000000;\"><strong>Showzeiten:<\/strong> 11:00 Uhr | 14:00 Uhr | 17:00 Uhr<\/span>\n<ul>\n<li><span style=\"color: #000000;\">Robbenshow: 11:00 \u2013 11:15 Uhr | 14:00 \u2013 14:15 Uhr | 17:00 \u2013 17:15 Uhr<\/span><\/li>\n<li><span style=\"color: #000000;\">Delfinshow: 11:15 \u2013 11:40 Uhr | 14:15 \u2013 14:40 Uhr | 17:15 \u2013 17:40 Uhr<\/span><\/li>\n<li><span style=\"color: #000000;\">Swimming &amp; Activities: 11:45 AM | 2:45 PM | 5:45 PM<\/span><\/li>\n<\/ul>\n<\/li>\n<\/ul>\n<hr \/>\n<h3><span style=\"color: #000000;\">Richtlinien zu Kindern<\/span><\/h3>\n<ul>\n<li><span style=\"color: #000000;\"><strong>Kinder unter 90 cm:<\/strong> Kostenlos (kein Sitzplatz vorhanden)<\/span><\/li>\n<li><span style=\"color: #000000;\"><strong>Kinder 90 cm \u2013 130 cm:<\/strong> Wird als Kindertarif berechnet<\/span><\/li>\n<li><span style=\"color: #000000;\"><strong>Schwimmberechtigung:<\/strong> Offen f\u00fcr Erwachsene und Kinder ab 6 Jahren; Kinder im Alter von 4\u20135 Jahren m\u00fcssen von einem Elternteil begleitet werden (gegen Aufpreis)<\/span><\/li>\n<\/ul>\n<hr \/>\n<h3><span style=\"color: #000000;\">Im Leistungsumfang enthalten<\/span><\/h3>\n<ul>\n<li><span style=\"color: #000000;\"><strong>Schwimmen mit Delfinen<\/strong> f\u00fcr 10-15 Minuten<\/span><\/li>\n<li><span style=\"color: #000000;\"><strong>Professionelle Trainersupervision<\/strong><\/span><\/li>\n<li><span style=\"color: #000000;\"><strong>Zugang zur Delfinshow<\/strong><\/span><\/li>\n<li><span style=\"color: #000000;\"><strong>Fotom\u00f6glichkeiten<\/strong> mit Delfinen und Robben (gegen Aufpreis)<\/span><\/li>\n<li><span style=\"color: #000000;\"><strong>Zugang zur Robbenschau<\/strong><\/span><\/li>\n<\/ul>\n<hr \/>\n<h3><span style=\"color: #000000;\">Highlights<\/span><\/h3>\n<ul>\n<li><span style=\"color: #000000;\">Genie\u00dfen Sie das Schwimmen mit Delfinen in einer kontrollierten, sicheren Umgebung<\/span><\/li>\n<li><span style=\"color: #000000;\">Professionelle Trainer leiten Ihre Interaktion mit den Delfinen<\/span><\/li>\n<li><span style=\"color: #000000;\">Unvergessliche Fotomotive mit Delfinen und Robben<\/span><\/li>\n<li><span style=\"color: #000000;\">Perfekt f\u00fcr Familien, Freunde und Touristen, die ein einzigartiges Erlebnis in Phuket suchen<\/span><\/li>\n<\/ul>\n<hr \/>\n<h3><span style=\"color: #000000;\">Einschl\u00fcsse<\/span><\/h3>\n<ul>\n<li><span style=\"color: #000000;\">Schwimmen mit Delfinen<\/span><\/li>\n<li><span style=\"color: #000000;\">Eintritt zur Robben- und Delfinshow<\/span><\/li>\n<li><span style=\"color: #000000;\">Betreuung durch zertifizierte Trainer<\/span><\/li>\n<li><span style=\"color: #000000;\">Umkleider\u00e4ume und Schlie\u00dff\u00e4cher<\/span><\/li>\n<\/ul>\n<hr \/>\n<h3><span style=\"color: #000000;\">Ausschl\u00fcsse<\/span><\/h3>\n<ul>\n<li><span style=\"color: #000000;\">Fotos mit Delfinen (gegen Aufpreis)<\/span><\/li>\n<li><span style=\"color: #000000;\">Speisen und Getr\u00e4nke<\/span><\/li>\n<li><span style=\"color: #000000;\">Transport zum\/vom Delphinarium<\/span><\/li>\n<\/ul>\n<hr \/>\n<h3><span style=\"color: #000000;\">R\u00fcckerstattungs- und Stornierungsbedingungen<\/span><\/h3>\n<ul>\n<li><span style=\"color: #000000;\"><strong>Stornierungen m\u00fcssen 24 Stunden vor Showbeginn erfolgen.<\/strong> um Anspruch auf eine R\u00fcckerstattung zu haben.<\/span><\/li>\n<li><span style=\"color: #000000;\"><strong>Keine R\u00fcckerstattung bei Stornierung am selben Tag<\/strong> als geplante Aktivit\u00e4t.<\/span><\/li>\n<li><span style=\"color: #000000;\"><strong>Bei Nichterscheinen erfolgt keine R\u00fcckerstattung.<\/strong><\/span><\/li>\n<\/ul>\n<hr \/>\n<h3><span style=\"color: #000000;\">Was gibt es noch?<\/span><\/h3>\n<ul>\n<li><span style=\"color: #000000;\"><strong>Magische Ber\u00fchrung:<\/strong> Kommen Sie ganz nah heran und f\u00fchlen Sie unter Anleitung unserer Trainer die Haut dieser wundersch\u00f6nen Kreaturen.<\/span><\/li>\n<li><span style=\"color: #000000;\"><strong>Erfahrung als Nachwuchstrainer:<\/strong> Erlernen Sie die Techniken zum Trainieren von Delfinen f\u00fcr diejenigen, die sich f\u00fcr eine Karriere im Meeresleben interessieren (zus\u00e4tzliche Kosten).<\/span><\/li>\n<\/ul>\n<hr \/>\n<h3><span style=\"color: #000000;\">Insider-Tipps<\/span><\/h3>\n<ul>\n<li><span style=\"color: #000000;\">Kommen Sie fr\u00fchzeitig, um die besten Pl\u00e4tze zu bekommen und den Ansturm in letzter Minute zu vermeiden.<\/span><\/li>\n<li><span style=\"color: #000000;\">Tragen Sie bequeme Badebekleidung und bringen Sie zum Schwimmen Wechselkleidung mit.<\/span><\/li>\n<li><span style=\"color: #000000;\">Buchen Sie Fotos mit Delfinen im Voraus, da dies ein beliebtes Zusatzangebot ist.<\/span><\/li>\n<\/ul>\n<hr \/>\n<h3><span style=\"color: #000000;\">Was man tun und lassen sollte<\/span><\/h3>\n<p><span style=\"color: #000000;\"><strong>DOS:<\/strong><\/span><\/p>\n<ul>\n<li><span style=\"color: #000000;\">Befolgen Sie die Anweisungen des Trainers sorgf\u00e4ltig.<\/span><\/li>\n<li><span style=\"color: #000000;\">Tragen Sie angemessene Badebekleidung und achten Sie auf Ihre pers\u00f6nlichen Gegenst\u00e4nde.<\/span><\/li>\n<li><span style=\"color: #000000;\">Respektieren Sie die Tiere und vermeiden Sie pl\u00f6tzliche Bewegungen rund um den Pool.<\/span><\/li>\n<\/ul>\n<p><span style=\"color: #000000;\"><strong>Was Sie nicht tun sollten:<\/strong><\/span><\/p>\n<ul>\n<li><span style=\"color: #000000;\">Bringen Sie keine Speisen oder Getr\u00e4nke in den Bereich mit, in dem Sie mit den Delfinen interagieren.<\/span><\/li>\n<li><span style=\"color: #000000;\">Betreten Sie den Pool nicht ohne Erlaubnis.<\/span><\/li>\n<li><span style=\"color: #000000;\">Vermeiden Sie das Tragen von Schmuck oder Accessoires, die in den Pool fallen k\u00f6nnten.<\/span><\/li>\n<\/ul>\n<hr \/>\n<h3><span style=\"color: #000000;\">Wissenswertes vor der Reise<\/span><\/h3>\n<ul>\n<li><span style=\"color: #000000;\"><strong>Altersvoraussetzung:<\/strong> Geeignet f\u00fcr Kinder ab 6 Jahren. Kinder im Alter von 4\u20135 Jahren m\u00fcssen mit einem Elternteil schwimmen.<\/span><\/li>\n<li><span style=\"color: #000000;\"><strong>Was Sie mitbringen sollten:<\/strong> Badebekleidung, Handt\u00fccher, Sonnencreme und zus\u00e4tzliche Kleidung.<\/span><\/li>\n<li><span style=\"color: #000000;\"><strong>Buchungsbedingungen:<\/strong> Buchen Sie mindestens einen Tag im Voraus vor 18:00 Uhr thail\u00e4ndischer Zeit.<\/span><\/li>\n<\/ul>\n<hr \/>\n<h3><span style=\"color: #000000;\">Adresse<\/span><\/h3>\n<p><span style=\"color: #000000;\">33\/50, Chalong, Bezirk Mueang Phuket, Phuket 83130, Thailand<\/span><\/p>\n<h3><span style=\"color: #000000;\">Karten &amp; Standort<\/span><\/h3>\n<p><span style=\"color: #000000;\"><a style=\"color: #000000;\" href=\"https:\/\/maps.app.goo.gl\/iKaEd3g2Nr1B9YJD8\" target=\"_new\" rel=\"noopener\">Klicken Sie hier f\u00fcr Google Maps<\/a><\/span><\/p>\n<hr \/>\n<h3><span style=\"color: #000000;\">So erreichen Sie Dolphins Bay Phuket<\/span><\/h3>\n<ul>\n<li><span style=\"color: #000000;\"><strong>Mit dem Auto:<\/strong> Dolphins Bay liegt 15 Autominuten von Phuket Town entfernt. Parkpl\u00e4tze stehen vor Ort zur Verf\u00fcgung.<\/span><\/li>\n<li><span style=\"color: #000000;\"><strong>Mit dem Taxi:<\/strong> Taxis und Mitfahrdienste sind in Phuket weit verbreitet.<\/span><\/li>\n<li><span style=\"color: #000000;\"><strong>Mit \u00f6ffentlichen Verkehrsmitteln:<\/strong> Sie k\u00f6nnen einen Bus nach Chalong nehmen und anschlie\u00dfend eine kurze Taxifahrt zum Delphinarium unternehmen.<\/span><\/li>\n<\/ul>\n<hr \/>\n<h3><span style=\"color: #000000;\">H\u00e4ufig gestellte Fragen (FAQs)<\/span><\/h3>\n<p><span style=\"color: #000000;\"><strong>1. Ist es sicher, mit Delfinen zu schwimmen?<\/strong><\/span><br \/>\n<span style=\"color: #000000;\">Ja, alle Interaktionen mit Delfinen werden von zertifizierten Trainern beaufsichtigt, um die Sicherheit sowohl der Besucher als auch der Delfine zu gew\u00e4hrleisten.<\/span><\/p>\n<p><span style=\"color: #000000;\"><strong>2. Kann ich Fotos mit den Delfinen machen?<\/strong><\/span><br \/>\n<span style=\"color: #000000;\">Ja, gegen eine zus\u00e4tzliche Geb\u00fchr stehen professionelle Fotografen zur Verf\u00fcgung, um Ihre Momente mit den Delfinen festzuhalten.<\/span><\/p>\n<p><span style=\"color: #000000;\"><strong>3. Wie lange dauert die Schwimmeinheit?<\/strong><\/span><br \/>\n<span style=\"color: #000000;\">Das Schwimmen dauert etwa 10\u201315 Minuten und bietet ausreichend Zeit f\u00fcr die Interaktion mit den Delfinen.<\/span><\/p>\n<p><span style=\"color: #000000;\"><strong>4. Was sollte ich zum Delfinschwimmen anziehen?<\/strong><\/span><br \/>\n<span style=\"color: #000000;\">Wir empfehlen bequeme Badebekleidung zu tragen. Schlie\u00dff\u00e4cher und Umkleider\u00e4ume sind vor Ort vorhanden.<\/span><\/p>\n<p><span style=\"color: #000000;\"><strong>5. K\u00f6nnen Kinder mit Delfinen schwimmen?<\/strong><\/span><br \/>\n<span style=\"color: #000000;\">Ja, Kinder ab 6 Jahren k\u00f6nnen mit Delfinen schwimmen. Kinder im Alter von 4-5 Jahren m\u00fcssen von einem Erwachsenen begleitet werden.<\/span><\/p>\n<p><span style=\"color: #000000;\"><strong>6. Wie buche ich Tickets?<\/strong><\/span><br \/>\n<span style=\"color: #000000;\">Sie k\u00f6nnen Tickets direkt \u00fcber unsere Website buchen <a style=\"color: #000000;\" href=\"https:\/\/dolphinshowpattaya.com\/de\/\" target=\"_new\" rel=\"noopener\">dolphinshowpattaya.com<\/a> oder kontaktieren Sie uns unter <a style=\"color: #000000;\" rel=\"noopener\">contact@dolphinshowpattaya.com<\/a>.<\/span><\/p>","protected":false},"excerpt":{"rendered":"<hr \/>\n<table class=\"short-description\">\n<tbody class=\"tabel364\">\n<tr class=\"short-description-tr32r\">\n<th class=\"short-description-th\"><span class=\"description-h23\"><strong class=\"description-strong67\">Alle Buchungen m\u00fcssen einen Tag vor der Show erfolgen (bis 18:00 Uhr thail\u00e4ndischer Zeit).<\/strong><\/span><\/th>\n<\/tr>\n<\/tbody>\n<\/table>","protected":false},"featured_media":2851,"comment_status":"open","ping_status":"closed","template":"","meta":{"ocean_post_layout":"","ocean_both_sidebars_style":"","ocean_both_sidebars_content_width":0,"ocean_both_sidebars_sidebars_width":0,"ocean_sidebar":"0","ocean_second_sidebar":"0","ocean_disable_margins":"enable","ocean_add_body_class":"","ocean_shortcode_before_top_bar":"","ocean_shortcode_after_top_bar":"","ocean_shortcode_before_header":"","ocean_shortcode_after_header":"","ocean_has_shortcode":"","ocean_shortcode_after_title":"","ocean_shortcode_before_footer_widgets":"","ocean_shortcode_after_footer_widgets":"","ocean_shortcode_before_footer_bottom":"","ocean_shortcode_after_footer_bottom":"","ocean_display_top_bar":"default","ocean_display_header":"default","ocean_header_style":"","ocean_center_header_left_menu":"0","ocean_custom_header_template":"0","ocean_custom_logo":0,"ocean_custom_retina_logo":0,"ocean_custom_logo_max_width":0,"ocean_custom_logo_tablet_max_width":0,"ocean_custom_logo_mobile_max_width":0,"ocean_custom_logo_max_height":0,"ocean_custom_logo_tablet_max_height":0,"ocean_custom_logo_mobile_max_height":0,"ocean_header_custom_menu":"0","ocean_menu_typo_font_family":"0","ocean_menu_typo_font_subset":"","ocean_menu_typo_font_size":0,"ocean_menu_typo_font_size_tablet":0,"ocean_menu_typo_font_size_mobile":0,"ocean_menu_typo_font_size_unit":"px","ocean_menu_typo_font_weight":"","ocean_menu_typo_font_weight_tablet":"","ocean_menu_typo_font_weight_mobile":"","ocean_menu_typo_transform":"","ocean_menu_typo_transform_tablet":"","ocean_menu_typo_transform_mobile":"","ocean_menu_typo_line_height":0,"ocean_menu_typo_line_height_tablet":0,"ocean_menu_typo_line_height_mobile":0,"ocean_menu_typo_line_height_unit":"","ocean_menu_typo_spacing":0,"ocean_menu_typo_spacing_tablet":0,"ocean_menu_typo_spacing_mobile":0,"ocean_menu_typo_spacing_unit":"","ocean_menu_link_color":"","ocean_menu_link_color_hover":"","ocean_menu_link_color_active":"","ocean_menu_link_background":"","ocean_menu_link_hover_background":"","ocean_menu_link_active_background":"","ocean_menu_social_links_bg":"","ocean_menu_social_hover_links_bg":"","ocean_menu_social_links_color":"","ocean_menu_social_hover_links_color":"","ocean_disable_title":"default","ocean_disable_heading":"default","ocean_post_title":"","ocean_post_subheading":"","ocean_post_title_style":"","ocean_post_title_background_color":"","ocean_post_title_background":0,"ocean_post_title_bg_image_position":"","ocean_post_title_bg_image_attachment":"","ocean_post_title_bg_image_repeat":"","ocean_post_title_bg_image_size":"","ocean_post_title_height":0,"ocean_post_title_bg_overlay":0.5,"ocean_post_title_bg_overlay_color":"","ocean_disable_breadcrumbs":"default","ocean_breadcrumbs_color":"","ocean_breadcrumbs_separator_color":"","ocean_breadcrumbs_links_color":"","ocean_breadcrumbs_links_hover_color":"","ocean_display_footer_widgets":"default","ocean_display_footer_bottom":"default","ocean_custom_footer_template":"0"},"product_brand":[],"product_cat":[20],"product_tag":[296,291,289,294,292,231,295,297,287,232,230,254,290,286,288,293],"class_list":{"0":"post-2917","1":"product","2":"type-product","3":"status-publish","4":"has-post-thumbnail","6":"product_cat-tickets","7":"product_tag-best-dolphin-show-thailand","8":"product_tag-book-dolphin-tickets","9":"product_tag-dolphin-bay-phuket","10":"product_tag-dolphin-interaction-phuket","11":"product_tag-dolphin-show-for-foreigners","12":"product_tag-dolphin-show-phuket","13":"product_tag-dolphin-swim-ticket-foreigners","14":"product_tag-dolphin-ticket-booking","15":"product_tag-dolphin-tickets-phuket","16":"product_tag-dolphins-bay-phuket-tickets","17":"product_tag-phuket","18":"product_tag-phuket-dolphin-experience","19":"product_tag-phuket-dolphin-tickets","20":"product_tag-swimming-with-dolphins","21":"product_tag-swimming-with-dolphins-foreigners","22":"product_tag-swimming-with-dolphins-in-thailand","23":"tm-has-options","25":"entry","26":"has-media","28":"first","29":"instock","30":"virtual","31":"taxable","32":"purchasable","33":"product-type-simple","34":"has-product-nav","35":"col","36":"span_1_of_3","37":"owp-content-center","38":"owp-thumbs-layout-horizontal","39":"owp-btn-normal","40":"owp-tabs-layout-horizontal"},"yoast_head":"<!-- This site is optimized with the Yoast SEO plugin v25.3 - https:\/\/yoast.com\/wordpress\/plugins\/seo\/ -->\n<title>Swimming With Dolphins Ticket For Foreigners | Book Now<\/title>\n<meta name=\"description\" content=\"Experience Dolphin Magic At Dolphins Bay Phuket! Book Swimming With Dolphins Tickets For Foreigners. Safe, Fun, And Memorable. Limited Spots!\" \/>\n<meta name=\"robots\" content=\"noindex, follow, max-snippet:-1, max-image-preview:large, max-video-preview:-1\" \/>\n<meta property=\"og:locale\" content=\"de_DE\" \/>\n<meta property=\"og:type\" content=\"article\" \/>\n<meta property=\"og:title\" content=\"Swimming With Dolphins Ticket For Foreigners | Book Now\" \/>\n<meta property=\"og:description\" content=\"Experience Dolphin Magic At Dolphins Bay Phuket! Book Swimming With Dolphins Tickets For Foreigners. Safe, Fun, And Memorable. Limited Spots!\" \/>\n<meta property=\"og:url\" content=\"https:\/\/dolphinshowpattaya.com\/de\/tickets\/dolphins-bay-phuket-swimming-with-dolphin-ticket-foreigners\/\" \/>\n<meta property=\"og:site_name\" content=\"Dolphin Show Pattaya\" \/>\n<meta property=\"article:modified_time\" content=\"2025-06-07T17:56:16+00:00\" \/>\n<meta property=\"og:image\" content=\"https:\/\/dolphinshowpattaya.com\/wp-content\/uploads\/2024\/10\/Dolphin-Show-Tickets-Phuket.jpg\" \/>\n\t<meta property=\"og:image:width\" content=\"1567\" \/>\n\t<meta property=\"og:image:height\" content=\"1045\" \/>\n\t<meta property=\"og:image:type\" content=\"image\/jpeg\" \/>\n<meta name=\"twitter:card\" content=\"summary_large_image\" \/>\n<meta name=\"twitter:label1\" content=\"Gesch\u00e4tzte Lesezeit\" \/>\n\t<meta name=\"twitter:data1\" content=\"4\u00a0Minuten\" \/>\n<script type=\"application\/ld+json\" class=\"yoast-schema-graph\">{\"@context\":\"https:\/\/schema.org\",\"@graph\":[{\"@type\":\"WebPage\",\"@id\":\"https:\/\/dolphinshowpattaya.com\/tickets\/dolphins-bay-phuket-swimming-with-dolphin-ticket-foreigners\/\",\"url\":\"https:\/\/dolphinshowpattaya.com\/tickets\/dolphins-bay-phuket-swimming-with-dolphin-ticket-foreigners\/\",\"name\":\"Swimming With Dolphins Ticket For Foreigners | Book Now\",\"isPartOf\":{\"@id\":\"https:\/\/dolphinshowpattaya.com\/#website\"},\"primaryImageOfPage\":{\"@id\":\"https:\/\/dolphinshowpattaya.com\/tickets\/dolphins-bay-phuket-swimming-with-dolphin-ticket-foreigners\/#primaryimage\"},\"image\":{\"@id\":\"https:\/\/dolphinshowpattaya.com\/tickets\/dolphins-bay-phuket-swimming-with-dolphin-ticket-foreigners\/#primaryimage\"},\"thumbnailUrl\":\"https:\/\/dolphinshowpattaya.com\/wp-content\/uploads\/2024\/10\/Dolphin-Show-Tickets-Phuket.jpg\",\"datePublished\":\"2024-10-24T22:25:05+00:00\",\"dateModified\":\"2025-06-07T17:56:16+00:00\",\"description\":\"Experience Dolphin Magic At Dolphins Bay Phuket! Book Swimming With Dolphins Tickets For Foreigners. Safe, Fun, And Memorable. Limited Spots!\",\"breadcrumb\":{\"@id\":\"https:\/\/dolphinshowpattaya.com\/tickets\/dolphins-bay-phuket-swimming-with-dolphin-ticket-foreigners\/#breadcrumb\"},\"inLanguage\":\"de\",\"potentialAction\":[{\"@type\":\"ReadAction\",\"target\":[\"https:\/\/dolphinshowpattaya.com\/tickets\/dolphins-bay-phuket-swimming-with-dolphin-ticket-foreigners\/\"]}]},{\"@type\":\"ImageObject\",\"inLanguage\":\"de\",\"@id\":\"https:\/\/dolphinshowpattaya.com\/tickets\/dolphins-bay-phuket-swimming-with-dolphin-ticket-foreigners\/#primaryimage\",\"url\":\"https:\/\/dolphinshowpattaya.com\/wp-content\/uploads\/2024\/10\/Dolphin-Show-Tickets-Phuket.jpg\",\"contentUrl\":\"https:\/\/dolphinshowpattaya.com\/wp-content\/uploads\/2024\/10\/Dolphin-Show-Tickets-Phuket.jpg\",\"width\":1567,\"height\":1045,\"caption\":\"Dolphin Show Tickets Phuket\"},{\"@type\":\"BreadcrumbList\",\"@id\":\"https:\/\/dolphinshowpattaya.com\/tickets\/dolphins-bay-phuket-swimming-with-dolphin-ticket-foreigners\/#breadcrumb\",\"itemListElement\":[{\"@type\":\"ListItem\",\"position\":1,\"name\":\"Home\",\"item\":\"https:\/\/dolphinshowpattaya.com\/\"},{\"@type\":\"ListItem\",\"position\":2,\"name\":\"Tickets\",\"item\":\"https:\/\/dolphinshowpattaya.com\/tickets\/\"},{\"@type\":\"ListItem\",\"position\":3,\"name\":\"Dolphins Bay Phuket &#8211; Swimming With Dolphin Ticket (Foreigners)\"}]},{\"@type\":\"WebSite\",\"@id\":\"https:\/\/dolphinshowpattaya.com\/#website\",\"url\":\"https:\/\/dolphinshowpattaya.com\/\",\"name\":\"Dolphin Show Phuket\",\"description\":\"\",\"publisher\":{\"@id\":\"https:\/\/dolphinshowpattaya.com\/#organization\"},\"potentialAction\":[{\"@type\":\"SearchAction\",\"target\":{\"@type\":\"EntryPoint\",\"urlTemplate\":\"https:\/\/dolphinshowpattaya.com\/?s={search_term_string}\"},\"query-input\":{\"@type\":\"PropertyValueSpecification\",\"valueRequired\":true,\"valueName\":\"search_term_string\"}}],\"inLanguage\":\"de\"},{\"@type\":\"Organization\",\"@id\":\"https:\/\/dolphinshowpattaya.com\/#organization\",\"name\":\"Dolphin Show Phuket\",\"url\":\"https:\/\/dolphinshowpattaya.com\/\",\"logo\":{\"@type\":\"ImageObject\",\"inLanguage\":\"de\",\"@id\":\"https:\/\/dolphinshowpattaya.com\/#\/schema\/logo\/image\/\",\"url\":\"https:\/\/dolphinshowpattaya.com\/wp-content\/uploads\/2024\/08\/Dophin-Show-Phuket.png\",\"contentUrl\":\"https:\/\/dolphinshowpattaya.com\/wp-content\/uploads\/2024\/08\/Dophin-Show-Phuket.png\",\"width\":350,\"height\":100,\"caption\":\"Dolphin Show Phuket\"},\"image\":{\"@id\":\"https:\/\/dolphinshowpattaya.com\/#\/schema\/logo\/image\/\"}}]}<\/script>\n<!-- \/ Yoast SEO plugin. -->","yoast_head_json":{"title":"Swimming With Dolphins Ticket For Foreigners | Book Now","description":"Experience Dolphin Magic At Dolphins Bay Phuket! Book Swimming With Dolphins Tickets For Foreigners. Safe, Fun, And Memorable. Limited Spots!","robots":{"index":"noindex","follow":"follow","max-snippet":"max-snippet:-1","max-image-preview":"max-image-preview:large","max-video-preview":"max-video-preview:-1"},"og_locale":"de_DE","og_type":"article","og_title":"Swimming With Dolphins Ticket For Foreigners | Book Now","og_description":"Experience Dolphin Magic At Dolphins Bay Phuket! Book Swimming With Dolphins Tickets For Foreigners. Safe, Fun, And Memorable. Limited Spots!","og_url":"https:\/\/dolphinshowpattaya.com\/de\/tickets\/dolphins-bay-phuket-swimming-with-dolphin-ticket-foreigners\/","og_site_name":"Dolphin Show Pattaya","article_modified_time":"2025-06-07T17:56:16+00:00","og_image":[{"width":1567,"height":1045,"url":"https:\/\/dolphinshowpattaya.com\/wp-content\/uploads\/2024\/10\/Dolphin-Show-Tickets-Phuket.jpg","type":"image\/jpeg"}],"twitter_card":"summary_large_image","twitter_misc":{"Gesch\u00e4tzte Lesezeit":"4\u00a0Minuten"},"schema":{"@context":"https:\/\/schema.org","@graph":[{"@type":"WebPage","@id":"https:\/\/dolphinshowpattaya.com\/tickets\/dolphins-bay-phuket-swimming-with-dolphin-ticket-foreigners\/","url":"https:\/\/dolphinshowpattaya.com\/tickets\/dolphins-bay-phuket-swimming-with-dolphin-ticket-foreigners\/","name":"Swimming With Dolphins Ticket For Foreigners | Book Now","isPartOf":{"@id":"https:\/\/dolphinshowpattaya.com\/#website"},"primaryImageOfPage":{"@id":"https:\/\/dolphinshowpattaya.com\/tickets\/dolphins-bay-phuket-swimming-with-dolphin-ticket-foreigners\/#primaryimage"},"image":{"@id":"https:\/\/dolphinshowpattaya.com\/tickets\/dolphins-bay-phuket-swimming-with-dolphin-ticket-foreigners\/#primaryimage"},"thumbnailUrl":"https:\/\/dolphinshowpattaya.com\/wp-content\/uploads\/2024\/10\/Dolphin-Show-Tickets-Phuket.jpg","datePublished":"2024-10-24T22:25:05+00:00","dateModified":"2025-06-07T17:56:16+00:00","description":"Experience Dolphin Magic At Dolphins Bay Phuket! Book Swimming With Dolphins Tickets For Foreigners. Safe, Fun, And Memorable. Limited Spots!","breadcrumb":{"@id":"https:\/\/dolphinshowpattaya.com\/tickets\/dolphins-bay-phuket-swimming-with-dolphin-ticket-foreigners\/#breadcrumb"},"inLanguage":"de","potentialAction":[{"@type":"ReadAction","target":["https:\/\/dolphinshowpattaya.com\/tickets\/dolphins-bay-phuket-swimming-with-dolphin-ticket-foreigners\/"]}]},{"@type":"ImageObject","inLanguage":"de","@id":"https:\/\/dolphinshowpattaya.com\/tickets\/dolphins-bay-phuket-swimming-with-dolphin-ticket-foreigners\/#primaryimage","url":"https:\/\/dolphinshowpattaya.com\/wp-content\/uploads\/2024\/10\/Dolphin-Show-Tickets-Phuket.jpg","contentUrl":"https:\/\/dolphinshowpattaya.com\/wp-content\/uploads\/2024\/10\/Dolphin-Show-Tickets-Phuket.jpg","width":1567,"height":1045,"caption":"Dolphin Show Tickets Phuket"},{"@type":"BreadcrumbList","@id":"https:\/\/dolphinshowpattaya.com\/tickets\/dolphins-bay-phuket-swimming-with-dolphin-ticket-foreigners\/#breadcrumb","itemListElement":[{"@type":"ListItem","position":1,"name":"Home","item":"https:\/\/dolphinshowpattaya.com\/"},{"@type":"ListItem","position":2,"name":"Tickets","item":"https:\/\/dolphinshowpattaya.com\/tickets\/"},{"@type":"ListItem","position":3,"name":"Dolphins Bay Phuket &#8211; Swimming With Dolphin Ticket (Foreigners)"}]},{"@type":"WebSite","@id":"https:\/\/dolphinshowpattaya.com\/#website","url":"https:\/\/dolphinshowpattaya.com\/","name":"Dolphin Show Phuket","description":"","publisher":{"@id":"https:\/\/dolphinshowpattaya.com\/#organization"},"potentialAction":[{"@type":"SearchAction","target":{"@type":"EntryPoint","urlTemplate":"https:\/\/dolphinshowpattaya.com\/?s={search_term_string}"},"query-input":{"@type":"PropertyValueSpecification","valueRequired":true,"valueName":"search_term_string"}}],"inLanguage":"de"},{"@type":"Organization","@id":"https:\/\/dolphinshowpattaya.com\/#organization","name":"Dolphin Show Phuket","url":"https:\/\/dolphinshowpattaya.com\/","logo":{"@type":"ImageObject","inLanguage":"de","@id":"https:\/\/dolphinshowpattaya.com\/#\/schema\/logo\/image\/","url":"https:\/\/dolphinshowpattaya.com\/wp-content\/uploads\/2024\/08\/Dophin-Show-Phuket.png","contentUrl":"https:\/\/dolphinshowpattaya.com\/wp-content\/uploads\/2024\/08\/Dophin-Show-Phuket.png","width":350,"height":100,"caption":"Dolphin Show Phuket"},"image":{"@id":"https:\/\/dolphinshowpattaya.com\/#\/schema\/logo\/image\/"}}]}},"jetpack_sharing_enabled":true,"_links":{"self":[{"href":"https:\/\/dolphinshowpattaya.com\/de\/wp-json\/wp\/v2\/product\/2917","targetHints":{"allow":["GET"]}}],"collection":[{"href":"https:\/\/dolphinshowpattaya.com\/de\/wp-json\/wp\/v2\/product"}],"about":[{"href":"https:\/\/dolphinshowpattaya.com\/de\/wp-json\/wp\/v2\/types\/product"}],"replies":[{"embeddable":true,"href":"https:\/\/dolphinshowpattaya.com\/de\/wp-json\/wp\/v2\/comments?post=2917"}],"wp:featuredmedia":[{"embeddable":true,"href":"https:\/\/dolphinshowpattaya.com\/de\/wp-json\/wp\/v2\/media\/2851"}],"wp:attachment":[{"href":"https:\/\/dolphinshowpattaya.com\/de\/wp-json\/wp\/v2\/media?parent=2917"}],"wp:term":[{"taxonomy":"product_brand","embeddable":true,"href":"https:\/\/dolphinshowpattaya.com\/de\/wp-json\/wp\/v2\/product_brand?post=2917"},{"taxonomy":"product_cat","embeddable":true,"href":"https:\/\/dolphinshowpattaya.com\/de\/wp-json\/wp\/v2\/product_cat?post=2917"},{"taxonomy":"product_tag","embeddable":true,"href":"https:\/\/dolphinshowpattaya.com\/de\/wp-json\/wp\/v2\/product_tag?post=2917"}],"curies":[{"name":"wp","href":"https:\/\/api.w.org\/{rel}","templated":true}]}}