{"id":2911,"date":"2024-10-25T02:40:53","date_gmt":"2024-10-24T21:10:53","guid":{"rendered":"https:\/\/dolphinshowpattaya.com\/?post_type=product&#038;p=2911"},"modified":"2025-09-25T04:35:15","modified_gmt":"2025-09-24T23:05:15","slug":"dolphins-bay-phuket-regulare-sitzplatzkarte-fur-thai-einwohner","status":"publish","type":"product","link":"https:\/\/dolphinshowpattaya.com\/de\/tickets\/dolphins-bay-phuket-regulare-sitzplatzkarte-fur-thai-einwohner\/","title":{"rendered":"Dolphins Bay Phuket \u2013 Normaler Sitzplatz (Einwohner Thailands)"},"content":{"rendered":"<h2>\u00dcber die Dolphin Show Phuket (regul\u00e4re Sitzplatzkarte f\u00fcr Einwohner Thailands)<\/h2>\n<p>Bei <a href=\"https:\/\/dolphinshowpattaya.com\/de\"><strong>Delfinshow Phuket<\/strong><\/a>sind die Besucher eingeladen, die faszinierenden Auff\u00fchrungen zu genie\u00dfen bei <strong>Dolphins Bay Phuket<\/strong>, mit einer Vielzahl von Meerestieren, darunter Robben und Delfine. Das auf thail\u00e4ndische Einwohner zugeschnittene <strong>Normaler Sitzplatz<\/strong> bietet eine kosteng\u00fcnstige M\u00f6glichkeit, die Magie hautnah zu erleben, w\u00e4hrend Sie bequem im regul\u00e4ren Bereich der Arena sitzen.<\/p>\n<hr \/>\n<h3>Show Time<\/h3>\n<p>Die Delfinshows finden t\u00e4glich (au\u00dfer montags) zu folgenden Zeiten statt:<\/p>\n<ul>\n<li><strong>11:00 Uhr<\/strong>: Tore \u00f6ffnen um 10:45 Uhr<\/li>\n<li><strong>14:00 Uhr<\/strong>: Tore \u00f6ffnen um 13:45 Uhr<\/li>\n<li><strong>17:00 Uhr<\/strong>: Tore \u00f6ffnen um 16:45 Uhr<\/li>\n<\/ul>\n<p>Jede Show umfasst eine 15-min\u00fctige Robbenvorf\u00fchrung, gefolgt von einer Delfinshow und Schwimmaktivit\u00e4ten.<\/p>\n<hr \/>\n<h3>Richtlinien zu Kindern<\/h3>\n<ul>\n<li><strong>Kinder unter 90 cm<\/strong> Personen ab einer K\u00f6rpergr\u00f6\u00dfe k\u00f6nnen ohne Sitzplatz kostenlos teilnehmen.<\/li>\n<li><strong>Kinder zwischen 90 cm und 130 cm<\/strong> haben Anspruch auf eine Erm\u00e4\u00dfigung beim Kinderticket.<\/li>\n<li><strong>Schwimmen mit Delfinen<\/strong> ist nur f\u00fcr Kinder ab 6 Jahren verf\u00fcgbar. Kinder im Alter von 4-5 Jahren m\u00fcssen von einem Elternteil begleitet werden (gegen Aufpreis).<\/li>\n<\/ul>\n<hr \/>\n<h3>Im Leistungsumfang enthalten<\/h3>\n<ul>\n<li>Zugang zu <strong>Regul\u00e4re Sitzpl\u00e4tze<\/strong> f\u00fcr Einwohner Thailands.<\/li>\n<li>Voller Zugriff auf die <strong>Robben- und Delfinshows<\/strong>.<\/li>\n<li>M\u00f6glichkeiten f\u00fcr <strong>Fotoshootings<\/strong> mit Delfinen und Robben (gegen Aufpreis).<\/li>\n<\/ul>\n<hr \/>\n<h3>Highlights<\/h3>\n<ul>\n<li>Erleben Sie eine spannende <strong>Delphin-Auff\u00fchrung<\/strong> mit synchronisierten Tricks und Akrobatik.<\/li>\n<li>Genie\u00dfen Sie einen lustigen <strong>Robbenschau<\/strong>, mit verspielten und geschickten Robben.<\/li>\n<li>Bestaunen Sie die Bindung zwischen Trainern und Delfinen bei einer aufregenden Vorf\u00fchrung aquatischer Talente.<\/li>\n<\/ul>\n<hr \/>\n<h3>Einschl\u00fcsse<\/h3>\n<ul>\n<li>Zulassung zum <a href=\"https:\/\/dolphinshowpattaya.com\/de\"><strong>Dolphins Bay Phuket<\/strong><\/a>.<\/li>\n<li>Zugang zum <strong>Robbenschau<\/strong> Und <strong>Delphinshow<\/strong>.<\/li>\n<li>Normale Bestuhlung (Reihen E, F, G).<\/li>\n<\/ul>\n<hr \/>\n<h3>Ausschl\u00fcsse<\/h3>\n<ul>\n<li><strong>Speisen und Getr\u00e4nke<\/strong> (vor Ort k\u00e4uflich zu erwerben).<\/li>\n<li><strong>Fotosessions<\/strong> mit Delfinen und Robben (optional, gegen Aufpreis).<\/li>\n<li><strong>Transport<\/strong> zum und vom Veranstaltungsort.<\/li>\n<\/ul>\n<hr \/>\n<h3>R\u00fcckerstattungs- und Stornierungsbedingungen<\/h3>\n<ul>\n<li><strong>Keine Stornierungen oder R\u00fcckerstattungen<\/strong> sind verf\u00fcgbar, sobald die Buchung best\u00e4tigt ist.<\/li>\n<li>Eine Terminverschiebung ist je nach Verf\u00fcgbarkeit bis zu 24 Stunden vor dem vereinbarten Termin m\u00f6glich.<\/li>\n<\/ul>\n<hr \/>\n<h3>Was gibt es noch?<\/h3>\n<p>Die Delfinshow ist perfekt f\u00fcr alle Altersgruppen und soll Meeresliebhaber unterhalten und in Erstaunen versetzen. Sie k\u00f6nnen auch Fotogelegenheiten und interaktive Erlebnisse genie\u00dfen.<\/p>\n<hr \/>\n<h3>Insider-Tipps<\/h3>\n<ul>\n<li><strong>Kommen Sie fr\u00fch<\/strong> um sich Ihren Platz zu sichern und die Aktivit\u00e4ten vor der Show zu genie\u00dfen.<\/li>\n<li>Bitte bringen Sie mit <strong>Sonnenschutz<\/strong> Und <strong>H\u00fcte<\/strong> f\u00fcr sonnige Tage, da der Sitzbereich warm werden kann.<\/li>\n<\/ul>\n<hr \/>\n<h3>Was man tun und lassen sollte<\/h3>\n<p><strong>DOS:<\/strong><\/p>\n<ul>\n<li>Kommen Sie mindestens 15 Minuten vor Showbeginn.<\/li>\n<li>Bleiben Sie sitzen und genie\u00dfen Sie die Vorstellung.<\/li>\n<\/ul>\n<p><strong>Was Sie nicht tun sollten:<\/strong><\/p>\n<ul>\n<li>Bringen Sie keine Speisen und Getr\u00e4nke von au\u00dferhalb mit.<\/li>\n<li>N\u00e4hern Sie sich nicht dem Beckenrand und lehnen Sie sich nicht zu nah ans Wasser.<\/li>\n<\/ul>\n<hr \/>\n<h3>Wissenswertes vor der Reise<\/h3>\n<ul>\n<li>Stellen Sie sicher, <strong>Tickets im Voraus buchen<\/strong> um Ihren Sitzplatz zu sichern.<\/li>\n<li>W\u00e4hrend der Show ist das Fotografieren gestattet, Blitzlichtaufnahmen sind jedoch nicht gestattet.<\/li>\n<li>F\u00fcr Inhaber einer regul\u00e4ren Eintrittskarte stehen in den Reihen E, F und G bequeme Sitzpl\u00e4tze zur Verf\u00fcgung.<\/li>\n<\/ul>\n<hr \/>\n<h3>Adresse<\/h3>\n<p><strong>Dolphins Bay Phuket<\/strong><br \/>\n33\/50, Chalong, Bezirk Mueang Phuket, Phuket 83130, Thailand.<\/p>\n<hr \/>\n<h3>Karten &amp; Standort<\/h3>\n<p>Den Veranstaltungsort finden Sie auf <a href=\"https:\/\/maps.app.goo.gl\/iKaEd3g2Nr1B9YJD8\" target=\"_new\" rel=\"noopener\">Google Maps<\/a>.<\/p>\n<hr \/>\n<h3>So erreichen Sie Dolphins Bay Phuket<\/h3>\n<ul>\n<li><strong>Mit dem Auto:<\/strong> Dolphins Bay Phuket liegt in Chalong. Parkpl\u00e4tze stehen vor Ort zur Verf\u00fcgung.<\/li>\n<li><strong>Mit dem Taxi:<\/strong> Die meisten lokalen Taxidienste und Mitfahr-Apps k\u00f6nnen Sie direkt nach Dolphins Bay bringen.<\/li>\n<li><strong>Mit \u00f6ffentlichen Verkehrsmitteln:<\/strong> Sie k\u00f6nnen den Veranstaltungsort auch mit lokalen Bussen oder Tuk-Tuks erreichen.<\/li>\n<\/ul>\n<hr \/>\n<h3>H\u00e4ufig gestellte Fragen (FAQs)<\/h3>\n<p><strong>1. Ist Fotografieren w\u00e4hrend der Show erlaubt?<\/strong><br \/>\nJa, aber vermeiden Sie bitte die Verwendung von Blitzlicht.<\/p>\n<p><strong>2. Kann ich mit den Delfinen schwimmen?<\/strong><br \/>\nDas Schwimmen mit Delfinen ist m\u00f6glich, erfordert jedoch ein zus\u00e4tzliches Ticket.<\/p>\n<p><strong>3. Was soll ich im Dolphins Bay Phuket anziehen?<\/strong><br \/>\nEs wird legere, bequeme Kleidung empfohlen. F\u00fcr Outdoor-Aktivit\u00e4ten werden H\u00fcte und Sonnenschutzmittel empfohlen.<\/p>\n<p><strong>4. Gibt es einen Rabatt f\u00fcr Gruppenbuchungen?<\/strong><br \/>\nJa, Gruppenrabatte sind m\u00f6glicherweise verf\u00fcgbar. Kontaktieren Sie uns unter <strong><a href=\"mailto:contact@dolphinshowpattaya.com\" rel=\"noopener\">contact@dolphinshowpattaya.com<\/a><\/strong> f\u00fcr weitere Details.<\/p>\n<p><strong>5. Gibt es Essen und Getr\u00e4nke vor Ort?<\/strong><br \/>\nJa, Speisen und Getr\u00e4nke k\u00f6nnen vor Ort erworben werden.<\/p>","protected":false},"excerpt":{"rendered":"<table class=\"short-description\">\n<tbody class=\"tabel364\">\n<tr class=\"short-description-tr32r\">\n<th class=\"short-description-th\"><span class=\"description-h23\"><strong class=\"description-strong67\">Alle Buchungen m\u00fcssen einen Tag vor der Show erfolgen (bis 18:00 Uhr thail\u00e4ndischer Zeit).<\/strong><\/span><\/th>\n<\/tr>\n<\/tbody>\n<\/table>","protected":false},"featured_media":2849,"comment_status":"open","ping_status":"closed","template":"","meta":{"ocean_post_layout":"","ocean_both_sidebars_style":"","ocean_both_sidebars_content_width":0,"ocean_both_sidebars_sidebars_width":0,"ocean_sidebar":"0","ocean_second_sidebar":"0","ocean_disable_margins":"enable","ocean_add_body_class":"","ocean_shortcode_before_top_bar":"","ocean_shortcode_after_top_bar":"","ocean_shortcode_before_header":"","ocean_shortcode_after_header":"","ocean_has_shortcode":"","ocean_shortcode_after_title":"","ocean_shortcode_before_footer_widgets":"","ocean_shortcode_after_footer_widgets":"","ocean_shortcode_before_footer_bottom":"","ocean_shortcode_after_footer_bottom":"","ocean_display_top_bar":"default","ocean_display_header":"default","ocean_header_style":"","ocean_center_header_left_menu":"0","ocean_custom_header_template":"0","ocean_custom_logo":0,"ocean_custom_retina_logo":0,"ocean_custom_logo_max_width":0,"ocean_custom_logo_tablet_max_width":0,"ocean_custom_logo_mobile_max_width":0,"ocean_custom_logo_max_height":0,"ocean_custom_logo_tablet_max_height":0,"ocean_custom_logo_mobile_max_height":0,"ocean_header_custom_menu":"0","ocean_menu_typo_font_family":"0","ocean_menu_typo_font_subset":"","ocean_menu_typo_font_size":0,"ocean_menu_typo_font_size_tablet":0,"ocean_menu_typo_font_size_mobile":0,"ocean_menu_typo_font_size_unit":"px","ocean_menu_typo_font_weight":"","ocean_menu_typo_font_weight_tablet":"","ocean_menu_typo_font_weight_mobile":"","ocean_menu_typo_transform":"","ocean_menu_typo_transform_tablet":"","ocean_menu_typo_transform_mobile":"","ocean_menu_typo_line_height":0,"ocean_menu_typo_line_height_tablet":0,"ocean_menu_typo_line_height_mobile":0,"ocean_menu_typo_line_height_unit":"","ocean_menu_typo_spacing":0,"ocean_menu_typo_spacing_tablet":0,"ocean_menu_typo_spacing_mobile":0,"ocean_menu_typo_spacing_unit":"","ocean_menu_link_color":"","ocean_menu_link_color_hover":"","ocean_menu_link_color_active":"","ocean_menu_link_background":"","ocean_menu_link_hover_background":"","ocean_menu_link_active_background":"","ocean_menu_social_links_bg":"","ocean_menu_social_hover_links_bg":"","ocean_menu_social_links_color":"","ocean_menu_social_hover_links_color":"","ocean_disable_title":"default","ocean_disable_heading":"default","ocean_post_title":"","ocean_post_subheading":"","ocean_post_title_style":"","ocean_post_title_background_color":"","ocean_post_title_background":0,"ocean_post_title_bg_image_position":"","ocean_post_title_bg_image_attachment":"","ocean_post_title_bg_image_repeat":"","ocean_post_title_bg_image_size":"","ocean_post_title_height":0,"ocean_post_title_bg_overlay":0.5,"ocean_post_title_bg_overlay_color":"","ocean_disable_breadcrumbs":"default","ocean_breadcrumbs_color":"","ocean_breadcrumbs_separator_color":"","ocean_breadcrumbs_links_color":"","ocean_breadcrumbs_links_hover_color":"","ocean_display_footer_widgets":"default","ocean_display_footer_bottom":"default","ocean_custom_footer_template":"0"},"product_brand":[],"product_cat":[20],"product_tag":[301,299,306,231,255,304,232,305,303,230,256,300,233,302,249,298],"class_list":{"0":"post-2911","1":"product","2":"type-product","3":"status-publish","4":"has-post-thumbnail","6":"product_cat-tickets","7":"product_tag-affordable-tickets","8":"product_tag-dolphin-performance","9":"product_tag-dolphin-show-deals","10":"product_tag-dolphin-show-phuket","11":"product_tag-dolphin-show-thailand","12":"product_tag-dolphin-show-times","13":"product_tag-dolphins-bay-phuket-tickets","14":"product_tag-dolphins-bay-ticket-prices","15":"product_tag-family-entertainment-phuket","16":"product_tag-phuket","17":"product_tag-phuket-attractions","18":"product_tag-phuket-ticket-booking","19":"product_tag-regular-seat-ticket","20":"product_tag-regular-seating","21":"product_tag-seal-show-phuket","22":"product_tag-thai-residents","23":"tm-has-options","25":"entry","26":"has-media","28":"first","29":"instock","30":"virtual","31":"purchasable","32":"product-type-simple","33":"has-product-nav","34":"col","35":"span_1_of_3","36":"owp-content-center","37":"owp-thumbs-layout-horizontal","38":"owp-btn-normal","39":"owp-tabs-layout-horizontal"},"yoast_head":"<!-- This site is optimized with the Yoast SEO plugin v25.3 - https:\/\/yoast.com\/wordpress\/plugins\/seo\/ -->\n<title>Book Regular Seat Ticket - Thai Residents | Dolphin Show Phuket<\/title>\n<meta name=\"description\" content=\"Enjoy Exclusive Dolphin Performances At Dolphins Bay Phuket. Book Your Regular Seat Ticket For Thai Residents Now! Affordable Prices, Daily Shows Available.\" \/>\n<meta name=\"robots\" content=\"noindex, follow, max-snippet:-1, max-image-preview:large, max-video-preview:-1\" \/>\n<meta property=\"og:locale\" content=\"de_DE\" \/>\n<meta property=\"og:type\" content=\"article\" \/>\n<meta property=\"og:title\" content=\"Book Regular Seat Ticket - Thai Residents | Dolphin Show Phuket\" \/>\n<meta property=\"og:description\" content=\"Enjoy Exclusive Dolphin Performances At Dolphins Bay Phuket. Book Your Regular Seat Ticket For Thai Residents Now! Affordable Prices, Daily Shows Available.\" \/>\n<meta property=\"og:url\" content=\"https:\/\/dolphinshowpattaya.com\/de\/tickets\/dolphins-bay-phuket-regulare-sitzplatzkarte-fur-thai-einwohner\/\" \/>\n<meta property=\"og:site_name\" content=\"Dolphin Show Pattaya\" \/>\n<meta property=\"article:modified_time\" content=\"2025-09-24T23:05:15+00:00\" \/>\n<meta property=\"og:image\" content=\"https:\/\/dolphinshowpattaya.com\/wp-content\/uploads\/2024\/10\/Dolphins-Bay-Phuket-Price.jpg\" \/>\n\t<meta property=\"og:image:width\" content=\"2048\" \/>\n\t<meta property=\"og:image:height\" content=\"1365\" \/>\n\t<meta property=\"og:image:type\" content=\"image\/jpeg\" \/>\n<meta name=\"twitter:card\" content=\"summary_large_image\" \/>\n<meta name=\"twitter:label1\" content=\"Gesch\u00e4tzte Lesezeit\" \/>\n\t<meta name=\"twitter:data1\" content=\"3\u00a0Minuten\" \/>\n<script type=\"application\/ld+json\" class=\"yoast-schema-graph\">{\"@context\":\"https:\/\/schema.org\",\"@graph\":[{\"@type\":\"WebPage\",\"@id\":\"https:\/\/dolphinshowpattaya.com\/tickets\/dolphins-bay-phuket-regular-seat-ticket-thai-residents\/\",\"url\":\"https:\/\/dolphinshowpattaya.com\/tickets\/dolphins-bay-phuket-regular-seat-ticket-thai-residents\/\",\"name\":\"Book Regular Seat Ticket - Thai Residents | Dolphin Show Phuket\",\"isPartOf\":{\"@id\":\"https:\/\/dolphinshowpattaya.com\/#website\"},\"primaryImageOfPage\":{\"@id\":\"https:\/\/dolphinshowpattaya.com\/tickets\/dolphins-bay-phuket-regular-seat-ticket-thai-residents\/#primaryimage\"},\"image\":{\"@id\":\"https:\/\/dolphinshowpattaya.com\/tickets\/dolphins-bay-phuket-regular-seat-ticket-thai-residents\/#primaryimage\"},\"thumbnailUrl\":\"https:\/\/dolphinshowpattaya.com\/wp-content\/uploads\/2024\/10\/Dolphins-Bay-Phuket-Price.jpg\",\"datePublished\":\"2024-10-24T21:10:53+00:00\",\"dateModified\":\"2025-09-24T23:05:15+00:00\",\"description\":\"Enjoy Exclusive Dolphin Performances At Dolphins Bay Phuket. Book Your Regular Seat Ticket For Thai Residents Now! Affordable Prices, Daily Shows Available.\",\"breadcrumb\":{\"@id\":\"https:\/\/dolphinshowpattaya.com\/tickets\/dolphins-bay-phuket-regular-seat-ticket-thai-residents\/#breadcrumb\"},\"inLanguage\":\"de\",\"potentialAction\":[{\"@type\":\"ReadAction\",\"target\":[\"https:\/\/dolphinshowpattaya.com\/tickets\/dolphins-bay-phuket-regular-seat-ticket-thai-residents\/\"]}]},{\"@type\":\"ImageObject\",\"inLanguage\":\"de\",\"@id\":\"https:\/\/dolphinshowpattaya.com\/tickets\/dolphins-bay-phuket-regular-seat-ticket-thai-residents\/#primaryimage\",\"url\":\"https:\/\/dolphinshowpattaya.com\/wp-content\/uploads\/2024\/10\/Dolphins-Bay-Phuket-Price.jpg\",\"contentUrl\":\"https:\/\/dolphinshowpattaya.com\/wp-content\/uploads\/2024\/10\/Dolphins-Bay-Phuket-Price.jpg\",\"width\":2048,\"height\":1365,\"caption\":\"Dolphins Bay Phuket Price\"},{\"@type\":\"BreadcrumbList\",\"@id\":\"https:\/\/dolphinshowpattaya.com\/tickets\/dolphins-bay-phuket-regular-seat-ticket-thai-residents\/#breadcrumb\",\"itemListElement\":[{\"@type\":\"ListItem\",\"position\":1,\"name\":\"Home\",\"item\":\"https:\/\/dolphinshowpattaya.com\/\"},{\"@type\":\"ListItem\",\"position\":2,\"name\":\"Tickets\",\"item\":\"https:\/\/dolphinshowpattaya.com\/tickets\/\"},{\"@type\":\"ListItem\",\"position\":3,\"name\":\"Dolphins Bay Phuket &#8211; Regular Seat Ticket (Thai Residents)\"}]},{\"@type\":\"WebSite\",\"@id\":\"https:\/\/dolphinshowpattaya.com\/#website\",\"url\":\"https:\/\/dolphinshowpattaya.com\/\",\"name\":\"Dolphin Show Phuket\",\"description\":\"\",\"publisher\":{\"@id\":\"https:\/\/dolphinshowpattaya.com\/#organization\"},\"potentialAction\":[{\"@type\":\"SearchAction\",\"target\":{\"@type\":\"EntryPoint\",\"urlTemplate\":\"https:\/\/dolphinshowpattaya.com\/?s={search_term_string}\"},\"query-input\":{\"@type\":\"PropertyValueSpecification\",\"valueRequired\":true,\"valueName\":\"search_term_string\"}}],\"inLanguage\":\"de\"},{\"@type\":\"Organization\",\"@id\":\"https:\/\/dolphinshowpattaya.com\/#organization\",\"name\":\"Dolphin Show Phuket\",\"url\":\"https:\/\/dolphinshowpattaya.com\/\",\"logo\":{\"@type\":\"ImageObject\",\"inLanguage\":\"de\",\"@id\":\"https:\/\/dolphinshowpattaya.com\/#\/schema\/logo\/image\/\",\"url\":\"https:\/\/dolphinshowpattaya.com\/wp-content\/uploads\/2024\/08\/Dophin-Show-Phuket.png\",\"contentUrl\":\"https:\/\/dolphinshowpattaya.com\/wp-content\/uploads\/2024\/08\/Dophin-Show-Phuket.png\",\"width\":350,\"height\":100,\"caption\":\"Dolphin Show Phuket\"},\"image\":{\"@id\":\"https:\/\/dolphinshowpattaya.com\/#\/schema\/logo\/image\/\"}}]}<\/script>\n<!-- \/ Yoast SEO plugin. -->","yoast_head_json":{"title":"Book Regular Seat Ticket - Thai Residents | Dolphin Show Phuket","description":"Enjoy Exclusive Dolphin Performances At Dolphins Bay Phuket. Book Your Regular Seat Ticket For Thai Residents Now! Affordable Prices, Daily Shows Available.","robots":{"index":"noindex","follow":"follow","max-snippet":"max-snippet:-1","max-image-preview":"max-image-preview:large","max-video-preview":"max-video-preview:-1"},"og_locale":"de_DE","og_type":"article","og_title":"Book Regular Seat Ticket - Thai Residents | Dolphin Show Phuket","og_description":"Enjoy Exclusive Dolphin Performances At Dolphins Bay Phuket. Book Your Regular Seat Ticket For Thai Residents Now! Affordable Prices, Daily Shows Available.","og_url":"https:\/\/dolphinshowpattaya.com\/de\/tickets\/dolphins-bay-phuket-regulare-sitzplatzkarte-fur-thai-einwohner\/","og_site_name":"Dolphin Show Pattaya","article_modified_time":"2025-09-24T23:05:15+00:00","og_image":[{"width":2048,"height":1365,"url":"https:\/\/dolphinshowpattaya.com\/wp-content\/uploads\/2024\/10\/Dolphins-Bay-Phuket-Price.jpg","type":"image\/jpeg"}],"twitter_card":"summary_large_image","twitter_misc":{"Gesch\u00e4tzte Lesezeit":"3\u00a0Minuten"},"schema":{"@context":"https:\/\/schema.org","@graph":[{"@type":"WebPage","@id":"https:\/\/dolphinshowpattaya.com\/tickets\/dolphins-bay-phuket-regular-seat-ticket-thai-residents\/","url":"https:\/\/dolphinshowpattaya.com\/tickets\/dolphins-bay-phuket-regular-seat-ticket-thai-residents\/","name":"Book Regular Seat Ticket - Thai Residents | Dolphin Show Phuket","isPartOf":{"@id":"https:\/\/dolphinshowpattaya.com\/#website"},"primaryImageOfPage":{"@id":"https:\/\/dolphinshowpattaya.com\/tickets\/dolphins-bay-phuket-regular-seat-ticket-thai-residents\/#primaryimage"},"image":{"@id":"https:\/\/dolphinshowpattaya.com\/tickets\/dolphins-bay-phuket-regular-seat-ticket-thai-residents\/#primaryimage"},"thumbnailUrl":"https:\/\/dolphinshowpattaya.com\/wp-content\/uploads\/2024\/10\/Dolphins-Bay-Phuket-Price.jpg","datePublished":"2024-10-24T21:10:53+00:00","dateModified":"2025-09-24T23:05:15+00:00","description":"Enjoy Exclusive Dolphin Performances At Dolphins Bay Phuket. Book Your Regular Seat Ticket For Thai Residents Now! Affordable Prices, Daily Shows Available.","breadcrumb":{"@id":"https:\/\/dolphinshowpattaya.com\/tickets\/dolphins-bay-phuket-regular-seat-ticket-thai-residents\/#breadcrumb"},"inLanguage":"de","potentialAction":[{"@type":"ReadAction","target":["https:\/\/dolphinshowpattaya.com\/tickets\/dolphins-bay-phuket-regular-seat-ticket-thai-residents\/"]}]},{"@type":"ImageObject","inLanguage":"de","@id":"https:\/\/dolphinshowpattaya.com\/tickets\/dolphins-bay-phuket-regular-seat-ticket-thai-residents\/#primaryimage","url":"https:\/\/dolphinshowpattaya.com\/wp-content\/uploads\/2024\/10\/Dolphins-Bay-Phuket-Price.jpg","contentUrl":"https:\/\/dolphinshowpattaya.com\/wp-content\/uploads\/2024\/10\/Dolphins-Bay-Phuket-Price.jpg","width":2048,"height":1365,"caption":"Dolphins Bay Phuket Price"},{"@type":"BreadcrumbList","@id":"https:\/\/dolphinshowpattaya.com\/tickets\/dolphins-bay-phuket-regular-seat-ticket-thai-residents\/#breadcrumb","itemListElement":[{"@type":"ListItem","position":1,"name":"Home","item":"https:\/\/dolphinshowpattaya.com\/"},{"@type":"ListItem","position":2,"name":"Tickets","item":"https:\/\/dolphinshowpattaya.com\/tickets\/"},{"@type":"ListItem","position":3,"name":"Dolphins Bay Phuket &#8211; Regular Seat Ticket (Thai Residents)"}]},{"@type":"WebSite","@id":"https:\/\/dolphinshowpattaya.com\/#website","url":"https:\/\/dolphinshowpattaya.com\/","name":"Dolphin Show Phuket","description":"","publisher":{"@id":"https:\/\/dolphinshowpattaya.com\/#organization"},"potentialAction":[{"@type":"SearchAction","target":{"@type":"EntryPoint","urlTemplate":"https:\/\/dolphinshowpattaya.com\/?s={search_term_string}"},"query-input":{"@type":"PropertyValueSpecification","valueRequired":true,"valueName":"search_term_string"}}],"inLanguage":"de"},{"@type":"Organization","@id":"https:\/\/dolphinshowpattaya.com\/#organization","name":"Dolphin Show Phuket","url":"https:\/\/dolphinshowpattaya.com\/","logo":{"@type":"ImageObject","inLanguage":"de","@id":"https:\/\/dolphinshowpattaya.com\/#\/schema\/logo\/image\/","url":"https:\/\/dolphinshowpattaya.com\/wp-content\/uploads\/2024\/08\/Dophin-Show-Phuket.png","contentUrl":"https:\/\/dolphinshowpattaya.com\/wp-content\/uploads\/2024\/08\/Dophin-Show-Phuket.png","width":350,"height":100,"caption":"Dolphin Show Phuket"},"image":{"@id":"https:\/\/dolphinshowpattaya.com\/#\/schema\/logo\/image\/"}}]}},"jetpack_sharing_enabled":true,"_links":{"self":[{"href":"https:\/\/dolphinshowpattaya.com\/de\/wp-json\/wp\/v2\/product\/2911","targetHints":{"allow":["GET"]}}],"collection":[{"href":"https:\/\/dolphinshowpattaya.com\/de\/wp-json\/wp\/v2\/product"}],"about":[{"href":"https:\/\/dolphinshowpattaya.com\/de\/wp-json\/wp\/v2\/types\/product"}],"replies":[{"embeddable":true,"href":"https:\/\/dolphinshowpattaya.com\/de\/wp-json\/wp\/v2\/comments?post=2911"}],"wp:featuredmedia":[{"embeddable":true,"href":"https:\/\/dolphinshowpattaya.com\/de\/wp-json\/wp\/v2\/media\/2849"}],"wp:attachment":[{"href":"https:\/\/dolphinshowpattaya.com\/de\/wp-json\/wp\/v2\/media?parent=2911"}],"wp:term":[{"taxonomy":"product_brand","embeddable":true,"href":"https:\/\/dolphinshowpattaya.com\/de\/wp-json\/wp\/v2\/product_brand?post=2911"},{"taxonomy":"product_cat","embeddable":true,"href":"https:\/\/dolphinshowpattaya.com\/de\/wp-json\/wp\/v2\/product_cat?post=2911"},{"taxonomy":"product_tag","embeddable":true,"href":"https:\/\/dolphinshowpattaya.com\/de\/wp-json\/wp\/v2\/product_tag?post=2911"}],"curies":[{"name":"wp","href":"https:\/\/api.w.org\/{rel}","templated":true}]}}