{"id":2602,"date":"2024-10-17T07:09:30","date_gmt":"2024-10-17T01:39:30","guid":{"rendered":"https:\/\/dolphinshowpattaya.com\/?page_id=2602"},"modified":"2024-10-25T02:14:09","modified_gmt":"2024-10-24T20:44:09","slug":"stornierungsbedingungen-fur-ruckerstattungen","status":"publish","type":"page","link":"https:\/\/dolphinshowpattaya.com\/de\/stornierungsbedingungen-fur-ruckerstattungen\/","title":{"rendered":"Stornierungs- und R\u00fcckerstattungsbedingungen"},"content":{"rendered":"<div data-elementor-type=\"wp-page\" data-elementor-id=\"2602\" class=\"elementor elementor-2602\" data-elementor-post-type=\"page\">\n\t\t\t\t\t\t<section data-particle_enable=\"false\" data-particle-mobile-disabled=\"false\" class=\"elementor-section elementor-top-section elementor-element elementor-element-dd1cff4 elementor-section-boxed elementor-section-height-default elementor-section-height-default\" data-id=\"dd1cff4\" data-element_type=\"section\">\n\t\t\t\t\t\t<div class=\"elementor-container elementor-column-gap-default\">\n\t\t\t\t\t<div class=\"elementor-column elementor-col-100 elementor-top-column elementor-element elementor-element-66f8870\" data-id=\"66f8870\" data-element_type=\"column\">\n\t\t\t<div class=\"elementor-widget-wrap elementor-element-populated\">\n\t\t\t\t\t\t<div class=\"elementor-element elementor-element-8bde37f elementor-widget elementor-widget-text-editor\" data-id=\"8bde37f\" data-element_type=\"widget\" data-widget_type=\"text-editor.default\">\n\t\t\t\t<div class=\"elementor-widget-container\">\n\t\t\t\t\t\t\t\t\t<h2 style=\"text-align: center;\"><span style=\"color: #000000;\">Stornierungs- und R\u00fcckerstattungsbedingungen \u2013 Dolphin Show Phuket<\/span><\/h2><div class=\"flex max-w-full flex-col flex-grow\"><div class=\"min-h-8 text-message flex w-full flex-col items-end gap-2 whitespace-normal break-words [.text-message+&amp;]:mt-5\" dir=\"auto\" data-message-author-role=\"assistant\" data-message-id=\"41a58980-355e-40a8-b7e2-9ca1881ea9e8\" data-message-model-slug=\"gpt-4o\"><div class=\"flex w-full flex-col gap-1 empty:hidden first:pt-[3px]\"><div class=\"markdown prose w-full break-words dark:prose-invert dark\"><p><span style=\"color: #000000;\">Bei <a href=\"https:\/\/dolphinshowpattaya.com\/de\"><strong>Delfinshow Phuket<\/strong><\/a>, wir sind bestrebt, unseren G\u00e4sten ein nahtloses Buchungserlebnis zu bieten und gleichzeitig Transparenz zu wahren. <strong>Stornierungs- und R\u00fcckerstattungsbedingungen<\/strong> beschreibt die Verfahren f\u00fcr Ticket-Stornierungen und R\u00fcckerstattungen, um Klarheit und Sicherheit bei der Buchung von Tickets \u00fcber unsere Website zu gew\u00e4hrleisten, <a style=\"color: #000000;\" href=\"https:\/\/dolphinshowpattaya.com\/de\/\" target=\"_new\" rel=\"noopener\">https:\/\/dolphinshowpattaya.com<\/a>.<\/span><\/p><h3><span style=\"color: #000000;\">1. Allgemeine Widerrufsbelehrung<\/span><\/h3><ul><li><span style=\"color: #000000;\"><strong>Vorank\u00fcndigung<\/strong>: Alle Stornierungen m\u00fcssen mindestens <strong>48 Stunden<\/strong> vor Ihrem geplanten Besuch, um Anspruch auf eine R\u00fcckerstattung zu haben.<\/span><\/li><li><span style=\"color: #000000;\"><strong>Stornierungsanfragen<\/strong>: Um Ihre Buchung zu stornieren, senden Sie bitte eine E-Mail <strong><a style=\"color: #000000;\" href=\"mailto:contact@dolphinshowpattaya.com\" rel=\"noopener\">contact@dolphinshowpattaya.com<\/a><\/strong> mit Ihren Buchungsdetails, einschlie\u00dflich vollst\u00e4ndigem Namen, Buchungsnummer und Stornierungsgrund.<\/span><\/li><li><span style=\"color: #000000;\"><strong>Sp\u00e4te Stornierungen<\/strong>: Stornierungen innerhalb von 48 Stunden vor Ihrem geplanten Besuch sind nicht erstattungsf\u00e4hig. Ausnahmen k\u00f6nnen f\u00fcr Notf\u00e4lle nach Ermessen von gemacht werden <strong>Delfinshow Phuket<\/strong>.<\/span><\/li><\/ul><h3><span style=\"color: #000000;\">2. Nicht erstattungsf\u00e4hige Tickets<\/span><\/h3><ul><li><span style=\"color: #000000;\">Einige Sonderangebote oder erm\u00e4\u00dfigte Tickets k\u00f6nnen <strong>nicht erstattungsf\u00e4hig<\/strong>. Diese werden w\u00e4hrend des Buchungsvorgangs deutlich gekennzeichnet. Bitte \u00fcberpr\u00fcfen Sie die Ticketdetails, bevor Sie Ihren Kauf best\u00e4tigen.<\/span><\/li><\/ul><h3><span style=\"color: #000000;\">3. R\u00fcckerstattungsrichtlinie<\/span><\/h3><ul><li><span style=\"color: #000000;\"><strong>R\u00fcckerstattungsberechtigung<\/strong>: Bei einer Stornierung innerhalb der Frist (48 Stunden vor dem Besuch) erhalten Sie eine <strong>100% R\u00fcckerstattung<\/strong> des Ticketpreises. Eventuelle Servicegeb\u00fchren Dritter k\u00f6nnen nicht erstattet werden.<\/span><\/li><li><span style=\"color: #000000;\"><strong>Verarbeitungszeit<\/strong>: R\u00fcckerstattungen werden bearbeitet innerhalb <strong>7-14 Werktage<\/strong> nach Best\u00e4tigung der Stornierung.<\/span><\/li><li><span style=\"color: #000000;\"><strong>R\u00fcckerstattungsmethode<\/strong>: R\u00fcckerstattungen erfolgen \u00fcber die gleiche Zahlungsmethode, die bei der Buchung verwendet wurde.<\/span><\/li><\/ul><h3><span style=\"color: #000000;\">4. Nichterscheinen und Stornierungen am selben Tag<\/span><\/h3><ul><li><span style=\"color: #000000;\">Es erfolgt keine R\u00fcckerstattung f\u00fcr <strong>Nichterscheinen<\/strong> oder Absagen am Besuchstag. Bitte benachrichtigen Sie uns rechtzeitig, wenn Sie nicht teilnehmen k\u00f6nnen.<\/span><\/li><\/ul><h3><span style=\"color: #000000;\">5. Umbuchungsrichtlinie<\/span><\/h3><ul><li><span style=\"color: #000000;\">Wenn Sie Ihren Besuch verschieben m\u00f6chten, anstatt ihn abzusagen, m\u00fcssen Umbuchungsanfragen gestellt werden <strong>mindestens 48 Stunden<\/strong> im Voraus und unterliegen der Verf\u00fcgbarkeit. F\u00fcr umgebuchte Tickets gelten die gleichen Stornierungsbedingungen wie f\u00fcr die urspr\u00fcngliche Buchung.<\/span><\/li><\/ul><h3><span style=\"color: #000000;\">6. Stornierung durch Dolphin Show Phuket<\/span><\/h3><p><span style=\"color: #000000;\">In seltenen F\u00e4llen, in denen <strong>Delfinshow Phuket<\/strong> Wenn Sie Ihre Buchung aufgrund unvorhergesehener Umst\u00e4nde stornieren m\u00fcssen, haben Sie folgende M\u00f6glichkeiten:<\/span><\/p><ul><li><span style=\"color: #000000;\"><strong>Neu planen<\/strong> Ihren Besuch auf einen anderen verf\u00fcgbaren Termin ohne zus\u00e4tzliche Kosten.<\/span><\/li><li><span style=\"color: #000000;\"><strong>Erhalten Sie eine volle R\u00fcckerstattung<\/strong>, einschlie\u00dflich aller anfallenden Geb\u00fchren.<\/span><\/li><\/ul><h3><span style=\"color: #000000;\">7. Buchungen durch Dritte<\/span><\/h3><ul><li><span style=\"color: #000000;\">Wenn Tickets \u00fcber einen Drittanbieter erworben wurden, m\u00fcssen Sie deren <strong>Stornierungs- und R\u00fcckerstattungsbedingungen<\/strong>. <strong>Delfinshow Phuket<\/strong> ist nicht f\u00fcr die Bearbeitung von Stornierungen oder R\u00fcckerstattungen \u00fcber externe Partner verantwortlich.<\/span><\/li><\/ul><h3><span style=\"color: #000000;\">8. Besondere Hinweise<\/span><\/h3><ul><li><span style=\"color: #000000;\">F\u00fcr Gruppenbuchungen, private Veranstaltungen oder Sonderaktionen gelten m\u00f6glicherweise besondere Stornierungs- und R\u00fcckerstattungsrichtlinien. Bitte beachten Sie die zum Zeitpunkt der Buchung angegebenen Gesch\u00e4ftsbedingungen oder kontaktieren Sie uns f\u00fcr weitere Informationen.<\/span><\/li><\/ul><h3><span style=\"color: #000000;\">9. Kontaktinformationen<\/span><\/h3><p><span style=\"color: #000000;\">Bei weiteren Fragen zu Stornierungen oder R\u00fcckerstattungen wenden Sie sich bitte an uns:<\/span><\/p><ul><li><span style=\"color: #000000;\"><strong>E-Mail<\/strong>: <strong><a style=\"color: #000000;\" href=\"mailto:contact@dolphinshowpattaya.com\" rel=\"noopener\">contact@dolphinshowpattaya.com<\/a><\/strong><\/span><\/li><li><span style=\"color: #000000;\"><strong>LIVE CHAT AUF ENGLISCH<\/strong>: Verf\u00fcgbar auf unserer <a style=\"color: #000000;\" href=\"https:\/\/dolphinshowpattaya.com\/de\/\" target=\"_new\" rel=\"noopener\">Webseite<\/a><\/span><\/li><\/ul><p><span style=\"color: #000000;\">Wir sind bestrebt, alle Anfragen innerhalb <strong>24 Stunden<\/strong>.<\/span><\/p><h3><span style=\"color: #000000;\">10. Richtlinien\u00e4nderungen<\/span><\/h3><p><span style=\"color: #000000;\"><strong>Delfinshow Phuket<\/strong> beh\u00e4lt sich das Recht vor, diese <strong>Stornierungs- und R\u00fcckerstattungsbedingungen<\/strong> jederzeit. Alle \u00c4nderungen werden auf unserer Website ver\u00f6ffentlicht und es liegt in Ihrer Verantwortung, die Richtlinie regelm\u00e4\u00dfig zu \u00fcberpr\u00fcfen.<\/span><\/p><p><span style=\"color: #000000;\">Bei Buchung \u00fcber <a href=\"https:\/\/dolphinshowpattaya.com\/de\"><strong>Delfinshow Phuket<\/strong><\/a>stimmen Sie den in dieser Richtlinie dargelegten Bedingungen zu.<\/span><\/p><\/div><\/div><\/div><\/div>\t\t\t\t\t\t\t\t<\/div>\n\t\t\t\t<\/div>\n\t\t\t\t\t<\/div>\n\t\t<\/div>\n\t\t\t\t\t<\/div>\n\t\t<\/section>\n\t\t\t\t<\/div>","protected":false},"excerpt":{"rendered":"<p>Cancellation &amp; Refund Policy &#8211; Dolphin Show Phuket At Dolphin Show Phuket, we strive to provide our guests with a seamless booking experience while maintaining transparency. This Cancellation &amp; Refund Policy outlines the procedures for ticket cancellations and refunds to ensure clarity and peace of mind when booking tickets through our website, https:\/\/dolphinshowpattaya.com. 1. General [&hellip;]<\/p>","protected":false},"author":1,"featured_media":0,"parent":0,"menu_order":0,"comment_status":"closed","ping_status":"closed","template":"","meta":{"ocean_post_layout":"","ocean_both_sidebars_style":"","ocean_both_sidebars_content_width":0,"ocean_both_sidebars_sidebars_width":0,"ocean_sidebar":"","ocean_second_sidebar":"","ocean_disable_margins":"enable","ocean_add_body_class":"","ocean_shortcode_before_top_bar":"","ocean_shortcode_after_top_bar":"","ocean_shortcode_before_header":"","ocean_shortcode_after_header":"","ocean_has_shortcode":"","ocean_shortcode_after_title":"","ocean_shortcode_before_footer_widgets":"","ocean_shortcode_after_footer_widgets":"","ocean_shortcode_before_footer_bottom":"","ocean_shortcode_after_footer_bottom":"","ocean_display_top_bar":"default","ocean_display_header":"default","ocean_header_style":"","ocean_center_header_left_menu":"","ocean_custom_header_template":"","ocean_custom_logo":0,"ocean_custom_retina_logo":0,"ocean_custom_logo_max_width":0,"ocean_custom_logo_tablet_max_width":0,"ocean_custom_logo_mobile_max_width":0,"ocean_custom_logo_max_height":0,"ocean_custom_logo_tablet_max_height":0,"ocean_custom_logo_mobile_max_height":0,"ocean_header_custom_menu":"","ocean_menu_typo_font_family":"","ocean_menu_typo_font_subset":"","ocean_menu_typo_font_size":0,"ocean_menu_typo_font_size_tablet":0,"ocean_menu_typo_font_size_mobile":0,"ocean_menu_typo_font_size_unit":"px","ocean_menu_typo_font_weight":"","ocean_menu_typo_font_weight_tablet":"","ocean_menu_typo_font_weight_mobile":"","ocean_menu_typo_transform":"","ocean_menu_typo_transform_tablet":"","ocean_menu_typo_transform_mobile":"","ocean_menu_typo_line_height":0,"ocean_menu_typo_line_height_tablet":0,"ocean_menu_typo_line_height_mobile":0,"ocean_menu_typo_line_height_unit":"","ocean_menu_typo_spacing":0,"ocean_menu_typo_spacing_tablet":0,"ocean_menu_typo_spacing_mobile":0,"ocean_menu_typo_spacing_unit":"","ocean_menu_link_color":"","ocean_menu_link_color_hover":"","ocean_menu_link_color_active":"","ocean_menu_link_background":"","ocean_menu_link_hover_background":"","ocean_menu_link_active_background":"","ocean_menu_social_links_bg":"","ocean_menu_social_hover_links_bg":"","ocean_menu_social_links_color":"","ocean_menu_social_hover_links_color":"","ocean_disable_title":"default","ocean_disable_heading":"default","ocean_post_title":"","ocean_post_subheading":"","ocean_post_title_style":"","ocean_post_title_background_color":"","ocean_post_title_background":0,"ocean_post_title_bg_image_position":"","ocean_post_title_bg_image_attachment":"","ocean_post_title_bg_image_repeat":"","ocean_post_title_bg_image_size":"","ocean_post_title_height":0,"ocean_post_title_bg_overlay":0.5,"ocean_post_title_bg_overlay_color":"","ocean_disable_breadcrumbs":"default","ocean_breadcrumbs_color":"","ocean_breadcrumbs_separator_color":"","ocean_breadcrumbs_links_color":"","ocean_breadcrumbs_links_hover_color":"","ocean_display_footer_widgets":"default","ocean_display_footer_bottom":"default","ocean_custom_footer_template":"","footnotes":""},"class_list":["post-2602","page","type-page","status-publish","hentry","entry","owp-thumbs-layout-horizontal","owp-btn-normal","owp-tabs-layout-horizontal","has-no-thumbnails","has-product-nav"],"yoast_head":"<!-- This site is optimized with the Yoast SEO plugin v25.3 - https:\/\/yoast.com\/wordpress\/plugins\/seo\/ -->\n<title>Cancellation &amp; Refund Policy For Dolphin Show Phuket Tickets<\/title>\n<meta name=\"description\" content=\"Check The Cancellation &amp; Refund Policy For Dolphin Show Phuket. Understand Refund Rules Before Booking Tickets. Plan Your Visit!\" \/>\n<meta name=\"robots\" content=\"noindex, follow\" \/>\n<meta property=\"og:locale\" content=\"de_DE\" \/>\n<meta property=\"og:type\" content=\"article\" \/>\n<meta property=\"og:title\" content=\"Cancellation &amp; Refund Policy For Dolphin Show Phuket Tickets\" \/>\n<meta property=\"og:description\" content=\"Check The Cancellation &amp; Refund Policy For Dolphin Show Phuket. Understand Refund Rules Before Booking Tickets. Plan Your Visit!\" \/>\n<meta property=\"og:url\" content=\"https:\/\/dolphinshowpattaya.com\/de\/stornierungsbedingungen-fur-ruckerstattungen\/\" \/>\n<meta property=\"og:site_name\" content=\"Dolphin Show Pattaya\" \/>\n<meta property=\"article:modified_time\" content=\"2024-10-24T20:44:09+00:00\" \/>\n<meta name=\"twitter:card\" content=\"summary_large_image\" \/>\n<meta name=\"twitter:label1\" content=\"Gesch\u00e4tzte Lesezeit\" \/>\n\t<meta name=\"twitter:data1\" content=\"3\u00a0Minuten\" \/>\n<script type=\"application\/ld+json\" class=\"yoast-schema-graph\">{\"@context\":\"https:\/\/schema.org\",\"@graph\":[{\"@type\":\"WebPage\",\"@id\":\"https:\/\/dolphinshowpattaya.com\/cancellation-refund-policy\/\",\"url\":\"https:\/\/dolphinshowpattaya.com\/cancellation-refund-policy\/\",\"name\":\"Cancellation & Refund Policy For Dolphin Show Phuket Tickets\",\"isPartOf\":{\"@id\":\"https:\/\/dolphinshowpattaya.com\/#website\"},\"datePublished\":\"2024-10-17T01:39:30+00:00\",\"dateModified\":\"2024-10-24T20:44:09+00:00\",\"description\":\"Check The Cancellation & Refund Policy For Dolphin Show Phuket. Understand Refund Rules Before Booking Tickets. Plan Your Visit!\",\"breadcrumb\":{\"@id\":\"https:\/\/dolphinshowpattaya.com\/cancellation-refund-policy\/#breadcrumb\"},\"inLanguage\":\"de\",\"potentialAction\":[{\"@type\":\"ReadAction\",\"target\":[\"https:\/\/dolphinshowpattaya.com\/cancellation-refund-policy\/\"]}]},{\"@type\":\"BreadcrumbList\",\"@id\":\"https:\/\/dolphinshowpattaya.com\/cancellation-refund-policy\/#breadcrumb\",\"itemListElement\":[{\"@type\":\"ListItem\",\"position\":1,\"name\":\"Home\",\"item\":\"https:\/\/dolphinshowpattaya.com\/\"},{\"@type\":\"ListItem\",\"position\":2,\"name\":\"Cancellation &amp; Refund Policy\"}]},{\"@type\":\"WebSite\",\"@id\":\"https:\/\/dolphinshowpattaya.com\/#website\",\"url\":\"https:\/\/dolphinshowpattaya.com\/\",\"name\":\"Dolphin Show Phuket\",\"description\":\"\",\"publisher\":{\"@id\":\"https:\/\/dolphinshowpattaya.com\/#organization\"},\"potentialAction\":[{\"@type\":\"SearchAction\",\"target\":{\"@type\":\"EntryPoint\",\"urlTemplate\":\"https:\/\/dolphinshowpattaya.com\/?s={search_term_string}\"},\"query-input\":{\"@type\":\"PropertyValueSpecification\",\"valueRequired\":true,\"valueName\":\"search_term_string\"}}],\"inLanguage\":\"de\"},{\"@type\":\"Organization\",\"@id\":\"https:\/\/dolphinshowpattaya.com\/#organization\",\"name\":\"Dolphin Show Phuket\",\"url\":\"https:\/\/dolphinshowpattaya.com\/\",\"logo\":{\"@type\":\"ImageObject\",\"inLanguage\":\"de\",\"@id\":\"https:\/\/dolphinshowpattaya.com\/#\/schema\/logo\/image\/\",\"url\":\"https:\/\/dolphinshowpattaya.com\/wp-content\/uploads\/2024\/08\/Dophin-Show-Phuket.png\",\"contentUrl\":\"https:\/\/dolphinshowpattaya.com\/wp-content\/uploads\/2024\/08\/Dophin-Show-Phuket.png\",\"width\":350,\"height\":100,\"caption\":\"Dolphin Show Phuket\"},\"image\":{\"@id\":\"https:\/\/dolphinshowpattaya.com\/#\/schema\/logo\/image\/\"}}]}<\/script>\n<!-- \/ Yoast SEO plugin. -->","yoast_head_json":{"title":"Cancellation & Refund Policy For Dolphin Show Phuket Tickets","description":"Check The Cancellation & Refund Policy For Dolphin Show Phuket. Understand Refund Rules Before Booking Tickets. Plan Your Visit!","robots":{"index":"noindex","follow":"follow"},"og_locale":"de_DE","og_type":"article","og_title":"Cancellation & Refund Policy For Dolphin Show Phuket Tickets","og_description":"Check The Cancellation & Refund Policy For Dolphin Show Phuket. Understand Refund Rules Before Booking Tickets. Plan Your Visit!","og_url":"https:\/\/dolphinshowpattaya.com\/de\/stornierungsbedingungen-fur-ruckerstattungen\/","og_site_name":"Dolphin Show Pattaya","article_modified_time":"2024-10-24T20:44:09+00:00","twitter_card":"summary_large_image","twitter_misc":{"Gesch\u00e4tzte Lesezeit":"3\u00a0Minuten"},"schema":{"@context":"https:\/\/schema.org","@graph":[{"@type":"WebPage","@id":"https:\/\/dolphinshowpattaya.com\/cancellation-refund-policy\/","url":"https:\/\/dolphinshowpattaya.com\/cancellation-refund-policy\/","name":"Cancellation & Refund Policy For Dolphin Show Phuket Tickets","isPartOf":{"@id":"https:\/\/dolphinshowpattaya.com\/#website"},"datePublished":"2024-10-17T01:39:30+00:00","dateModified":"2024-10-24T20:44:09+00:00","description":"Check The Cancellation & Refund Policy For Dolphin Show Phuket. Understand Refund Rules Before Booking Tickets. Plan Your Visit!","breadcrumb":{"@id":"https:\/\/dolphinshowpattaya.com\/cancellation-refund-policy\/#breadcrumb"},"inLanguage":"de","potentialAction":[{"@type":"ReadAction","target":["https:\/\/dolphinshowpattaya.com\/cancellation-refund-policy\/"]}]},{"@type":"BreadcrumbList","@id":"https:\/\/dolphinshowpattaya.com\/cancellation-refund-policy\/#breadcrumb","itemListElement":[{"@type":"ListItem","position":1,"name":"Home","item":"https:\/\/dolphinshowpattaya.com\/"},{"@type":"ListItem","position":2,"name":"Cancellation &amp; Refund Policy"}]},{"@type":"WebSite","@id":"https:\/\/dolphinshowpattaya.com\/#website","url":"https:\/\/dolphinshowpattaya.com\/","name":"Dolphin Show Phuket","description":"","publisher":{"@id":"https:\/\/dolphinshowpattaya.com\/#organization"},"potentialAction":[{"@type":"SearchAction","target":{"@type":"EntryPoint","urlTemplate":"https:\/\/dolphinshowpattaya.com\/?s={search_term_string}"},"query-input":{"@type":"PropertyValueSpecification","valueRequired":true,"valueName":"search_term_string"}}],"inLanguage":"de"},{"@type":"Organization","@id":"https:\/\/dolphinshowpattaya.com\/#organization","name":"Dolphin Show Phuket","url":"https:\/\/dolphinshowpattaya.com\/","logo":{"@type":"ImageObject","inLanguage":"de","@id":"https:\/\/dolphinshowpattaya.com\/#\/schema\/logo\/image\/","url":"https:\/\/dolphinshowpattaya.com\/wp-content\/uploads\/2024\/08\/Dophin-Show-Phuket.png","contentUrl":"https:\/\/dolphinshowpattaya.com\/wp-content\/uploads\/2024\/08\/Dophin-Show-Phuket.png","width":350,"height":100,"caption":"Dolphin Show Phuket"},"image":{"@id":"https:\/\/dolphinshowpattaya.com\/#\/schema\/logo\/image\/"}}]}},"jetpack_sharing_enabled":true,"_links":{"self":[{"href":"https:\/\/dolphinshowpattaya.com\/de\/wp-json\/wp\/v2\/pages\/2602","targetHints":{"allow":["GET"]}}],"collection":[{"href":"https:\/\/dolphinshowpattaya.com\/de\/wp-json\/wp\/v2\/pages"}],"about":[{"href":"https:\/\/dolphinshowpattaya.com\/de\/wp-json\/wp\/v2\/types\/page"}],"author":[{"embeddable":true,"href":"https:\/\/dolphinshowpattaya.com\/de\/wp-json\/wp\/v2\/users\/1"}],"replies":[{"embeddable":true,"href":"https:\/\/dolphinshowpattaya.com\/de\/wp-json\/wp\/v2\/comments?post=2602"}],"version-history":[{"count":7,"href":"https:\/\/dolphinshowpattaya.com\/de\/wp-json\/wp\/v2\/pages\/2602\/revisions"}],"predecessor-version":[{"id":2907,"href":"https:\/\/dolphinshowpattaya.com\/de\/wp-json\/wp\/v2\/pages\/2602\/revisions\/2907"}],"wp:attachment":[{"href":"https:\/\/dolphinshowpattaya.com\/de\/wp-json\/wp\/v2\/media?parent=2602"}],"curies":[{"name":"wp","href":"https:\/\/api.w.org\/{rel}","templated":true}]}}